{"id":7244,"date":"2022-02-15T15:59:28","date_gmt":"2022-02-15T14:59:28","guid":{"rendered":"https:\/\/agora.xtec.cat\/iesehtb\/?page_id=7244"},"modified":"2026-01-28T18:18:10","modified_gmt":"2026-01-28T17:18:10","slug":"qui-som","status":"publish","type":"page","link":"https:\/\/agora.xtec.cat\/iesehtb\/linstitut\/qui-som\/","title":{"rendered":"Qui som"},"content":{"rendered":"<p><b>Som una escola p\u00fablica de refer\u00e8ncia en l\u2019\u00e0mbit de l\u2019Hoteleria, el Turisme i la Ind\u00fastria Aliment\u00e0ria<\/b><span style=\"font-weight: 400;\">, compromesa amb la formaci\u00f3 integral de les persones i amb el desenvolupament del seu potencial personal i professional. Treballem per facilitar una inserci\u00f3 laboral de qualitat i per donar resposta a les necessitats formatives de l\u2019alumnat, les seves fam\u00edlies i les empreses del sector.<\/span><\/p>\n<p><span style=\"font-weight: 400;\">Oferim els diferents <\/span><b>subsistemes de Formaci\u00f3 Professional<\/b><span style=\"font-weight: 400;\"> &#8211; FP inicial, Itineraris Formatius Espec\u00edfics (IFE), formaci\u00f3 per a l\u2019ocupaci\u00f3 i formaci\u00f3 al llarg de la vida\u2014 i diverses <\/span><b>modalitats d\u2019estudi<\/b><span style=\"font-weight: 400;\">, entre les quals destaquen la <\/span><b>formaci\u00f3 dual general i la formaci\u00f3 dual intensiva<\/b><span style=\"font-weight: 400;\">, que permeten combinar l\u2019aprenentatge al centre amb l\u2019experi\u00e8ncia directa en empreses del sector.<\/span><\/p>\n<p><span style=\"font-weight: 400;\">Mantenim <\/span><b>vincles estrets amb l\u2019entorn, el barri i el teixit productiu<\/b><span style=\"font-weight: 400;\">, col\u00b7laborant amb empreses, entitats i institucions per desenvolupar projectes reals, pr\u00e0ctiques professionals i iniciatives que connecten l\u2019aprenentatge amb la realitat social i econ\u00f2mica.<\/span><\/p>\n<p><span style=\"font-weight: 400;\">Ens caracteritzem per una clara aposta per la <\/span><b>innovaci\u00f3 educativa<\/b><span style=\"font-weight: 400;\">, la renovaci\u00f3 pedag\u00f2gica, els <\/span><b>projectes internacionals<\/b><span style=\"font-weight: 400;\"> i els <\/span><b>intercanvis amb altres centres europeus<\/b><span style=\"font-weight: 400;\">, que contribueixen a una visi\u00f3 oberta i actual del m\u00f3n professional i afavoreixen l\u2019enriquiment personal i acad\u00e8mic de l\u2019alumnat i del professorat.<\/span><\/p>\n<p><span style=\"font-weight: 400;\">El centre disposa d\u2019<\/span><b>instal\u00b7lacions \u00e0mplies, modernes i lluminoses<\/b><span style=\"font-weight: 400;\">, que es <\/span><b>renoven peri\u00f2dicament<\/b><span style=\"font-weight: 400;\"> per garantir un entorn d\u2019aprenentatge alineat amb la realitat professional del sector. Comptem amb <\/span><b>dos restaurants pedag\u00f2gics oberts al p\u00fablic<\/b><span style=\"font-weight: 400;\"> \u2014un de men\u00fa del dia i un altre de men\u00fa degustaci\u00f3\u2014, aix\u00ed com amb <\/span><b>sales especialitzades, espais polivalents i una sala d\u2019actes<\/b><span style=\"font-weight: 400;\"> que permeten el desenvolupament d\u2019activitats formatives, culturals i professionals.<\/span><\/p>\n<p><span style=\"font-weight: 400;\">Des del curs 2005-2006 disposem de la certificaci\u00f3 <\/span><b>ISO 9001<\/b><span style=\"font-weight: 400;\">, fet que reflecteix el nostre <\/span><b>comprom\u00eds amb la qualitat, la transpar\u00e8ncia i la millora cont\u00ednua<\/b><span style=\"font-weight: 400;\">, possible gr\u00e0cies a la implicaci\u00f3 de l\u2019alumnat, el professorat, les empreses col\u00b7laboradores i les institucions amb les quals treballem.<\/span><\/p>\n","protected":false},"excerpt":{"rendered":"<p>Som una escola p\u00fablica de refer\u00e8ncia en l\u2019\u00e0mbit de l\u2019Hoteleria, el Turisme i la Ind\u00fastria Aliment\u00e0ria, compromesa amb la formaci\u00f3 integral de les persones i amb el desenvolupament del seu potencial personal i professional. Treballem per facilitar una inserci\u00f3 laboral de qualitat i per donar resposta a les necessitats formatives de l\u2019alumnat, les seves fam\u00edlies [&hellip;]<\/p>\n","protected":false},"author":1,"featured_media":0,"parent":19,"menu_order":5,"comment_status":"closed","ping_status":"closed","template":"page-templates\/side-menu.php","meta":{"_bbp_topic_count":0,"_bbp_reply_count":0,"_bbp_total_topic_count":0,"_bbp_total_reply_count":0,"_bbp_voice_count":0,"_bbp_anonymous_reply_count":0,"_bbp_topic_count_hidden":0,"_bbp_reply_count_hidden":0,"_bbp_forum_subforum_count":0,"site-sidebar-layout":"default","site-content-layout":"","ast-site-content-layout":"","site-content-style":"default","site-sidebar-style":"default","ast-global-header-display":"","ast-banner-title-visibility":"","ast-main-header-display":"","ast-hfb-above-header-display":"","ast-hfb-below-header-display":"","ast-hfb-mobile-header-display":"","site-post-title":"","ast-breadcrumbs-content":"","ast-featured-img":"","footer-sml-layout":"","theme-transparent-header-meta":"","adv-header-id-meta":"","stick-header-meta":"","header-above-stick-meta":"","header-main-stick-meta":"","header-below-stick-meta":"","astra-migrate-meta-layouts":"default","ast-page-background-enabled":"default","ast-page-background-meta":{"desktop":{"background-color":"var(--ast-global-color-4)","background-image":"","background-repeat":"repeat","background-position":"center center","background-size":"auto","background-attachment":"scroll","background-type":"","background-media":"","overlay-type":"","overlay-color":"","overlay-opacity":"","overlay-gradient":""},"tablet":{"background-color":"","background-image":"","background-repeat":"repeat","background-position":"center center","background-size":"auto","background-attachment":"scroll","background-type":"","background-media":"","overlay-type":"","overlay-color":"","overlay-opacity":"","overlay-gradient":""},"mobile":{"background-color":"","background-image":"","background-repeat":"repeat","background-position":"center center","background-size":"auto","background-attachment":"scroll","background-type":"","background-media":"","overlay-type":"","overlay-color":"","overlay-opacity":"","overlay-gradient":""}},"ast-content-background-meta":{"desktop":{"background-color":"var(--ast-global-color-5)","background-image":"","background-repeat":"repeat","background-position":"center center","background-size":"auto","background-attachment":"scroll","background-type":"","background-media":"","overlay-type":"","overlay-color":"","overlay-opacity":"","overlay-gradient":""},"tablet":{"background-color":"var(--ast-global-color-5)","background-image":"","background-repeat":"repeat","background-position":"center center","background-size":"auto","background-attachment":"scroll","background-type":"","background-media":"","overlay-type":"","overlay-color":"","overlay-opacity":"","overlay-gradient":""},"mobile":{"background-color":"var(--ast-global-color-5)","background-image":"","background-repeat":"repeat","background-position":"center center","background-size":"auto","background-attachment":"scroll","background-type":"","background-media":"","overlay-type":"","overlay-color":"","overlay-opacity":"","overlay-gradient":""}},"footnotes":""},"class_list":["post-7244","page","type-page","status-publish","hentry"],"post_mailing_queue_ids":[],"_links":{"self":[{"href":"https:\/\/agora.xtec.cat\/iesehtb\/wp-json\/wp\/v2\/pages\/7244","targetHints":{"allow":["GET"]}}],"collection":[{"href":"https:\/\/agora.xtec.cat\/iesehtb\/wp-json\/wp\/v2\/pages"}],"about":[{"href":"https:\/\/agora.xtec.cat\/iesehtb\/wp-json\/wp\/v2\/types\/page"}],"author":[{"embeddable":true,"href":"https:\/\/agora.xtec.cat\/iesehtb\/wp-json\/wp\/v2\/users\/1"}],"replies":[{"embeddable":true,"href":"https:\/\/agora.xtec.cat\/iesehtb\/wp-json\/wp\/v2\/comments?post=7244"}],"version-history":[{"count":3,"href":"https:\/\/agora.xtec.cat\/iesehtb\/wp-json\/wp\/v2\/pages\/7244\/revisions"}],"predecessor-version":[{"id":10578,"href":"https:\/\/agora.xtec.cat\/iesehtb\/wp-json\/wp\/v2\/pages\/7244\/revisions\/10578"}],"up":[{"embeddable":true,"href":"https:\/\/agora.xtec.cat\/iesehtb\/wp-json\/wp\/v2\/pages\/19"}],"wp:attachment":[{"href":"https:\/\/agora.xtec.cat\/iesehtb\/wp-json\/wp\/v2\/media?parent=7244"}],"curies":[{"name":"wp","href":"https:\/\/api.w.org\/{rel}","templated":true}]}}