{"id":6750,"date":"2021-06-14T10:36:35","date_gmt":"2021-06-14T08:36:35","guid":{"rendered":"https:\/\/agora.xtec.cat\/iesehtb\/?page_id=6750"},"modified":"2025-03-19T11:18:52","modified_gmt":"2025-03-19T10:18:52","slug":"uniformitat-ife","status":"publish","type":"page","link":"https:\/\/agora.xtec.cat\/iesehtb\/secretaria\/preinscripcio-ife\/uniformitat-ife\/","title":{"rendered":"Uniformitat i eines &#8211; IFE"},"content":{"rendered":"<p>&nbsp;<\/p>\n<table style=\"height: 475px; width: 68.3929%;\" width=\"1352\">\n<tbody>\n<tr style=\"height: 55px;\">\n<td style=\"background-color: #800040; width: 819px; height: 55px;\">\n<h4><span style=\"color: #ffffff;\">IFE: Auxiliar en Serveis de Restauraci\u00f3 i Elaboraci\u00f3 d\u2019\u00c0pats<\/span><\/h4>\n<\/td>\n<\/tr>\n<tr style=\"height: 25px;\">\n<td style=\"background-color: #ffa500; height: 25px; width: 819px;\">\n<h4><strong><span style=\"color: #ffffff;\"> UNIFORMITAT (1r. Curs)<br \/>\n<\/span><\/strong><\/h4>\n<\/td>\n<\/tr>\n<tr style=\"height: 297px;\">\n<td style=\"height: 137px; width: 819px;\">\n<ul>\n<li>JAQUETA CUINA BLANCA M\u00c0NIGA LLARGA AMB BRODAT<\/li>\n<li>GORRA BOLET BLANCA<\/li>\n<li>PANTAL\u00d3 DE CUINA (RATLLA FINA BLANCA)<\/li>\n<li>MOCADOR CUINA COLOR BLANC (PIC)<\/li>\n<li>DRAP DE CUINA COLOR GRIS<\/li>\n<li>DAVANTAL PETO (SENSE BUTXACA)<\/li>\n<li>SABATA NEGRE AMB PUNTERA REFOR\u00c7ADA<\/li>\n<\/ul>\n<\/td>\n<\/tr>\n<tr style=\"height: 59px;\">\n<td style=\"width: 819px; background-color: #ffa500; height: 59px;\">\n<h4><span style=\"color: #ffffff;\"><strong>UNIFORMITAT (2n. Curs)<\/strong><\/span><\/h4>\n<\/td>\n<\/tr>\n<tr style=\"height: 80px;\">\n<td style=\"width: 819px; height: 80px;\">\n<ul>\n<li>Mocador de cuina color granate (PIC)<\/li>\n<li>Samarreta m\u00e0niga curta negra amb logo<\/li>\n<\/ul>\n<\/td>\n<\/tr>\n<tr style=\"height: 60px;\">\n<td style=\"width: 819px; background-color: #ffa500; height: 60px;\">\n<h4><span style=\"color: #ffffff;\"><strong>UNIFORMITAT (3r. Curs)<\/strong><\/span><\/h4>\n<\/td>\n<\/tr>\n<tr style=\"height: 59px;\">\n<td style=\"width: 819px; height: 59px;\">\n<ul>\n<li>Camisa o brusa m\/llarga color negre coll mao<\/li>\n<li>Pantal\u00f3 color negre<\/li>\n<li>Davantal burdeus 115&#215;75 amb butxaca<\/li>\n<li>Sabata negre amb cordons sala<\/li>\n<li>Samarreta m\u00e0niga curta negra amb logo<\/li>\n<li>Mocador cuina color festuc (pic)<\/li>\n<li>Sabata negre amb cordons sala o sabata de dona color negre sal\u00f3 amb tal\u00f3<\/li>\n<\/ul>\n<\/td>\n<\/tr>\n<\/tbody>\n<\/table>\n","protected":false},"excerpt":{"rendered":"<p>&nbsp; IFE: Auxiliar en Serveis de Restauraci\u00f3 i Elaboraci\u00f3 d\u2019\u00c0pats UNIFORMITAT (1r. Curs) JAQUETA CUINA BLANCA M\u00c0NIGA LLARGA AMB BRODAT GORRA BOLET BLANCA PANTAL\u00d3 DE CUINA (RATLLA FINA BLANCA) MOCADOR CUINA COLOR BLANC (PIC) DRAP DE CUINA COLOR GRIS DAVANTAL PETO (SENSE BUTXACA) SABATA NEGRE AMB PUNTERA REFOR\u00c7ADA UNIFORMITAT (2n. Curs) Mocador de cuina color [&hellip;]<\/p>\n","protected":false},"author":1,"featured_media":0,"parent":6598,"menu_order":110,"comment_status":"closed","ping_status":"closed","template":"page-templates\/side-menu.php","meta":{"_bbp_topic_count":0,"_bbp_reply_count":0,"_bbp_total_topic_count":0,"_bbp_total_reply_count":0,"_bbp_voice_count":0,"_bbp_anonymous_reply_count":0,"_bbp_topic_count_hidden":0,"_bbp_reply_count_hidden":0,"_bbp_forum_subforum_count":0,"site-sidebar-layout":"default","site-content-layout":"","ast-site-content-layout":"","site-content-style":"default","site-sidebar-style":"default","ast-global-header-display":"","ast-banner-title-visibility":"","ast-main-header-display":"","ast-hfb-above-header-display":"","ast-hfb-below-header-display":"","ast-hfb-mobile-header-display":"","site-post-title":"","ast-breadcrumbs-content":"","ast-featured-img":"","footer-sml-layout":"","theme-transparent-header-meta":"","adv-header-id-meta":"","stick-header-meta":"","header-above-stick-meta":"","header-main-stick-meta":"","header-below-stick-meta":"","astra-migrate-meta-layouts":"default","ast-page-background-enabled":"default","ast-page-background-meta":{"desktop":{"background-color":"var(--ast-global-color-4)","background-image":"","background-repeat":"repeat","background-position":"center center","background-size":"auto","background-attachment":"scroll","background-type":"","background-media":"","overlay-type":"","overlay-color":"","overlay-opacity":"","overlay-gradient":""},"tablet":{"background-color":"","background-image":"","background-repeat":"repeat","background-position":"center center","background-size":"auto","background-attachment":"scroll","background-type":"","background-media":"","overlay-type":"","overlay-color":"","overlay-opacity":"","overlay-gradient":""},"mobile":{"background-color":"","background-image":"","background-repeat":"repeat","background-position":"center center","background-size":"auto","background-attachment":"scroll","background-type":"","background-media":"","overlay-type":"","overlay-color":"","overlay-opacity":"","overlay-gradient":""}},"ast-content-background-meta":{"desktop":{"background-color":"var(--ast-global-color-5)","background-image":"","background-repeat":"repeat","background-position":"center center","background-size":"auto","background-attachment":"scroll","background-type":"","background-media":"","overlay-type":"","overlay-color":"","overlay-opacity":"","overlay-gradient":""},"tablet":{"background-color":"var(--ast-global-color-5)","background-image":"","background-repeat":"repeat","background-position":"center center","background-size":"auto","background-attachment":"scroll","background-type":"","background-media":"","overlay-type":"","overlay-color":"","overlay-opacity":"","overlay-gradient":""},"mobile":{"background-color":"var(--ast-global-color-5)","background-image":"","background-repeat":"repeat","background-position":"center center","background-size":"auto","background-attachment":"scroll","background-type":"","background-media":"","overlay-type":"","overlay-color":"","overlay-opacity":"","overlay-gradient":""}},"footnotes":""},"class_list":["post-6750","page","type-page","status-publish","hentry"],"post_mailing_queue_ids":[],"_links":{"self":[{"href":"https:\/\/agora.xtec.cat\/iesehtb\/wp-json\/wp\/v2\/pages\/6750","targetHints":{"allow":["GET"]}}],"collection":[{"href":"https:\/\/agora.xtec.cat\/iesehtb\/wp-json\/wp\/v2\/pages"}],"about":[{"href":"https:\/\/agora.xtec.cat\/iesehtb\/wp-json\/wp\/v2\/types\/page"}],"author":[{"embeddable":true,"href":"https:\/\/agora.xtec.cat\/iesehtb\/wp-json\/wp\/v2\/users\/1"}],"replies":[{"embeddable":true,"href":"https:\/\/agora.xtec.cat\/iesehtb\/wp-json\/wp\/v2\/comments?post=6750"}],"version-history":[{"count":6,"href":"https:\/\/agora.xtec.cat\/iesehtb\/wp-json\/wp\/v2\/pages\/6750\/revisions"}],"predecessor-version":[{"id":10106,"href":"https:\/\/agora.xtec.cat\/iesehtb\/wp-json\/wp\/v2\/pages\/6750\/revisions\/10106"}],"up":[{"embeddable":true,"href":"https:\/\/agora.xtec.cat\/iesehtb\/wp-json\/wp\/v2\/pages\/6598"}],"wp:attachment":[{"href":"https:\/\/agora.xtec.cat\/iesehtb\/wp-json\/wp\/v2\/media?parent=6750"}],"curies":[{"name":"wp","href":"https:\/\/api.w.org\/{rel}","templated":true}]}}