{"id":6598,"date":"2021-05-11T09:26:55","date_gmt":"2021-05-11T07:26:55","guid":{"rendered":"https:\/\/agora.xtec.cat\/iesehtb\/?page_id=6598"},"modified":"2023-05-15T10:43:26","modified_gmt":"2023-05-15T08:43:26","slug":"preinscripcio-ife","status":"publish","type":"page","link":"https:\/\/agora.xtec.cat\/iesehtb\/secretaria\/preinscripcio-ife\/","title":{"rendered":"Preinscripci\u00f3 IFE"},"content":{"rendered":"<p style=\"text-align: justify;\"><span dir=\"ltr\" role=\"presentation\">Els itineraris formatius espec\u00edfics (IFE) s\u00f3n ensenyaments <\/span><span dir=\"ltr\" role=\"presentation\">professionals que s&#8217;adrecen a alumnes amb necessitats <\/span><span dir=\"ltr\" role=\"presentation\">educatives especials associades a una discapacitat<\/span> <span dir=\"ltr\" role=\"presentation\">intel\u00b7lectual lleu o moderada, amb l&#8217;objectiu d&#8217;oferir atenci\u00f3<\/span> <span dir=\"ltr\" role=\"presentation\">educativa, a l&#8217;etapa postobligat\u00f2ria, segons les necessitats <\/span><span dir=\"ltr\" role=\"presentation\">individuals i les capacitats i habilitats pr\u00f2pies.<\/span><br role=\"presentation\" \/><span dir=\"ltr\" role=\"presentation\">La finalitat d&#8217;aquests ensenyaments \u00e9s que els i les<\/span> <span dir=\"ltr\" role=\"presentation\">alumnes incrementin l&#8217;autonomia personal i assoleixin les <\/span><span dir=\"ltr\" role=\"presentation\">compet\u00e8ncies professionals que els facilitin la transici\u00f3 a la <\/span><span dir=\"ltr\" role=\"presentation\">vida adulta i la inclusi\u00f3 social i laboral.<\/span><\/p>\n<p style=\"text-align: justify;\"><span style=\"color: #000000;\"><span dir=\"ltr\">Aquests estudis desenvolupen compet\u00e8ncies per fer <\/span><span dir=\"ltr\">tasques auxiliars en els processos b\u00e0sics de producci\u00f3 <\/span><span dir=\"ltr\">culin\u00e0ria, preparaci\u00f3 d\u2019aliments i begudes, amb assist\u00e8ncia <\/span><span dir=\"ltr\">en els processos de servei i d\u2019atenci\u00f3 al client en els <\/span><span dir=\"ltr\">serveis de restauraci\u00f3, de preparaci\u00f3 de comandes i de <\/span><span dir=\"ltr\">venda de productes, tenint en compte les normes de <\/span><span dir=\"ltr\">prevenci\u00f3 de riscos laborals i la protecci\u00f3 mediambiental <\/span><span dir=\"ltr\">corresponents, aix\u00ed com compet\u00e8ncies de comunicaci\u00f3,<\/span><span dir=\"ltr\">autonomia personal i participaci\u00f3 en activitats comunit\u00e0ries.<\/span><span dir=\"ltr\">La durada \u00e9s de 3.360 hores, que <strong>es distribueixen en <\/strong><\/span><strong><span dir=\"ltr\">quatre cursos<\/span><\/strong><span dir=\"ltr\"><strong> acad\u00e8mics<\/strong>. El darrer curs inclou la <\/span><span dir=\"ltr\">Formaci\u00f3 en Centres de Treball.<\/span><\/span><\/p>\n<h4><strong><span dir=\"ltr\">Estructura<\/span><\/strong><\/h4>\n<ul>\n<li><span dir=\"ltr\" role=\"presentation\">Els itineraris s\u2019estructuren en m\u00f2duls professionals comuns <\/span><span dir=\"ltr\" role=\"presentation\">i m\u00f2duls espec\u00edfics:<\/span><\/li>\n<\/ul>\n<p><strong><span dir=\"ltr\" role=\"presentation\">M\u00f2duls comuns<\/span><\/strong><\/p>\n<ul>\n<li><span dir=\"ltr\" role=\"presentation\">M\u00f2duls professionals de transici\u00f3 a la vida adulta per a <\/span><span dir=\"ltr\" role=\"presentation\">l\u2019adquisici\u00f3 de les compet\u00e8ncies personals i socials que <\/span><span dir=\"ltr\" role=\"presentation\">faciliten el desenvolupament dels joves com a ciutadans <\/span><span dir=\"ltr\" role=\"presentation\">de ple dret.<\/span><\/li>\n<li><span dir=\"ltr\" role=\"presentation\">M\u00f2duls professionals de car\u00e0cter general per apropar-se a <\/span><span dir=\"ltr\" role=\"presentation\">l\u2019activitat laboral.<\/span><\/li>\n<\/ul>\n<p><strong><span dir=\"ltr\" role=\"presentation\">M\u00f2duls espec\u00edfics<\/span><\/strong><\/p>\n<ul>\n<li style=\"text-align: justify;\"><span dir=\"ltr\" role=\"presentation\">M\u00f2duls professionals pensats per a l\u2019assoliment de les <\/span><span dir=\"ltr\" role=\"presentation\">compet\u00e8ncies professionals; un d\u2019aquests \u00e9s el de <\/span><span dir=\"ltr\" role=\"presentation\">formaci\u00f3 en centres de treball. Els m\u00f2duls espec\u00edfics <\/span><span dir=\"ltr\" role=\"presentation\">poden anar associats a unitats de compet\u00e8ncia de nivell 1 <\/span><span dir=\"ltr\" role=\"presentation\">del Cat\u00e0leg de qualificacions vigent a C<\/span><span dir=\"ltr\" role=\"presentation\">atalunya i estan <\/span><span dir=\"ltr\" role=\"presentation\">inclosos en el curr\u00edculum b\u00e0sic dels cicles regulats pel <\/span><span dir=\"ltr\" role=\"presentation\">Reial decret 127\/2014, de 28 de febrer, que regula <\/span><span dir=\"ltr\" role=\"presentation\">aspectes espec\u00edfics de la formaci\u00f3 professional b\u00e0sica<\/span><\/li>\n<\/ul>\n<h4><strong><span dir=\"ltr\">Acc\u00e9s<\/span><\/strong><\/h4>\n<p style=\"text-align: justify;\"><span dir=\"ltr\" role=\"presentation\">Poden accedir als itineraris els joves amb necessitats <\/span><span dir=\"ltr\" role=\"presentation\">educatives especials associades a discapacitat intel\u00b7lectual <\/span><span dir=\"ltr\" role=\"presentation\">lleu o moderada que tenen com a m\u00ednim 16 anys d\u2019edat i <\/span><span dir=\"ltr\" role=\"presentation\">com a m\u00e0xim 20, l\u2019any natural d\u2019inici de l\u2019itinerari.<\/span><br role=\"presentation\" \/><span dir=\"ltr\" role=\"presentation\">Excepcionalment, tamb\u00e9 s\u2019hi poden acollir joves que tenen <\/span><span dir=\"ltr\" role=\"presentation\">l\u2019edat i les necessitats abans indicades i que hagin obtingut <\/span><span dir=\"ltr\" role=\"presentation\">el t\u00edtol de graduat en educaci\u00f3 secund\u00e0ria obligat\u00f2ria per\u00f2 <\/span><span dir=\"ltr\" role=\"presentation\">no puguin accedir als ensenyaments de formaci\u00f3 <\/span><span dir=\"ltr\" role=\"presentation\">professional ordinaris.<\/span><\/p>\n<h4><span dir=\"ltr\"><strong>Tr\u00e0mits<\/strong> <\/span><\/h4>\n<p><span dir=\"ltr\" role=\"presentation\">Per cursar els itineraris formatius espec\u00edfics (IFE) cal <\/span><span dir=\"ltr\" role=\"presentation\">formalitzar la sol\u00b7licitud de preinscripci\u00f3 corresponent <\/span><span dir=\"ltr\" role=\"presentation\">encara que s&#8217;estiguin cursant altres ensenyaments al <\/span><span dir=\"ltr\" role=\"presentation\">mateix centre. Aquesta sol\u00b7licitud s&#8217;ha de presentar al <\/span><span dir=\"ltr\" role=\"presentation\">centre.<\/span><\/p>\n<h4><strong><span dir=\"ltr\">Continu\u00eftat<\/span><\/strong><\/h4>\n<p><span dir=\"ltr\">La superaci\u00f3 de l\u2019itinerari comporta l\u2019obtenci\u00f3 de<\/span><span dir=\"ltr\">l certificat acad\u00e8mic i professional amb la qualificaci\u00f3 <\/span><span dir=\"ltr\">final obtinguda i l\u2019acreditaci\u00f3 de les compet\u00e8ncies <\/span><span dir=\"ltr\">professionals assolides<\/span><\/p>\n","protected":false},"excerpt":{"rendered":"<p>Els itineraris formatius espec\u00edfics (IFE) s\u00f3n ensenyaments professionals que s&#8217;adrecen a alumnes amb necessitats educatives especials associades a una discapacitat intel\u00b7lectual lleu o moderada, amb l&#8217;objectiu d&#8217;oferir atenci\u00f3 educativa, a l&#8217;etapa postobligat\u00f2ria, segons les necessitats individuals i les capacitats i habilitats pr\u00f2pies.La finalitat d&#8217;aquests ensenyaments \u00e9s que els i les alumnes incrementin l&#8217;autonomia personal i [&hellip;]<\/p>\n","protected":false},"author":1,"featured_media":0,"parent":81,"menu_order":0,"comment_status":"closed","ping_status":"closed","template":"page-templates\/side-menu.php","meta":{"_bbp_topic_count":0,"_bbp_reply_count":0,"_bbp_total_topic_count":0,"_bbp_total_reply_count":0,"_bbp_voice_count":0,"_bbp_anonymous_reply_count":0,"_bbp_topic_count_hidden":0,"_bbp_reply_count_hidden":0,"_bbp_forum_subforum_count":0,"site-sidebar-layout":"default","site-content-layout":"","ast-site-content-layout":"","site-content-style":"default","site-sidebar-style":"default","ast-global-header-display":"","ast-banner-title-visibility":"","ast-main-header-display":"","ast-hfb-above-header-display":"","ast-hfb-below-header-display":"","ast-hfb-mobile-header-display":"","site-post-title":"","ast-breadcrumbs-content":"","ast-featured-img":"","footer-sml-layout":"","theme-transparent-header-meta":"","adv-header-id-meta":"","stick-header-meta":"","header-above-stick-meta":"","header-main-stick-meta":"","header-below-stick-meta":"","astra-migrate-meta-layouts":"default","ast-page-background-enabled":"default","ast-page-background-meta":{"desktop":{"background-color":"var(--ast-global-color-4)","background-image":"","background-repeat":"repeat","background-position":"center center","background-size":"auto","background-attachment":"scroll","background-type":"","background-media":"","overlay-type":"","overlay-color":"","overlay-opacity":"","overlay-gradient":""},"tablet":{"background-color":"","background-image":"","background-repeat":"repeat","background-position":"center center","background-size":"auto","background-attachment":"scroll","background-type":"","background-media":"","overlay-type":"","overlay-color":"","overlay-opacity":"","overlay-gradient":""},"mobile":{"background-color":"","background-image":"","background-repeat":"repeat","background-position":"center center","background-size":"auto","background-attachment":"scroll","background-type":"","background-media":"","overlay-type":"","overlay-color":"","overlay-opacity":"","overlay-gradient":""}},"ast-content-background-meta":{"desktop":{"background-color":"var(--ast-global-color-5)","background-image":"","background-repeat":"repeat","background-position":"center center","background-size":"auto","background-attachment":"scroll","background-type":"","background-media":"","overlay-type":"","overlay-color":"","overlay-opacity":"","overlay-gradient":""},"tablet":{"background-color":"var(--ast-global-color-5)","background-image":"","background-repeat":"repeat","background-position":"center center","background-size":"auto","background-attachment":"scroll","background-type":"","background-media":"","overlay-type":"","overlay-color":"","overlay-opacity":"","overlay-gradient":""},"mobile":{"background-color":"var(--ast-global-color-5)","background-image":"","background-repeat":"repeat","background-position":"center center","background-size":"auto","background-attachment":"scroll","background-type":"","background-media":"","overlay-type":"","overlay-color":"","overlay-opacity":"","overlay-gradient":""}},"footnotes":""},"class_list":["post-6598","page","type-page","status-publish","hentry"],"post_mailing_queue_ids":[],"_links":{"self":[{"href":"https:\/\/agora.xtec.cat\/iesehtb\/wp-json\/wp\/v2\/pages\/6598","targetHints":{"allow":["GET"]}}],"collection":[{"href":"https:\/\/agora.xtec.cat\/iesehtb\/wp-json\/wp\/v2\/pages"}],"about":[{"href":"https:\/\/agora.xtec.cat\/iesehtb\/wp-json\/wp\/v2\/types\/page"}],"author":[{"embeddable":true,"href":"https:\/\/agora.xtec.cat\/iesehtb\/wp-json\/wp\/v2\/users\/1"}],"replies":[{"embeddable":true,"href":"https:\/\/agora.xtec.cat\/iesehtb\/wp-json\/wp\/v2\/comments?post=6598"}],"version-history":[{"count":3,"href":"https:\/\/agora.xtec.cat\/iesehtb\/wp-json\/wp\/v2\/pages\/6598\/revisions"}],"predecessor-version":[{"id":8779,"href":"https:\/\/agora.xtec.cat\/iesehtb\/wp-json\/wp\/v2\/pages\/6598\/revisions\/8779"}],"up":[{"embeddable":true,"href":"https:\/\/agora.xtec.cat\/iesehtb\/wp-json\/wp\/v2\/pages\/81"}],"wp:attachment":[{"href":"https:\/\/agora.xtec.cat\/iesehtb\/wp-json\/wp\/v2\/media?parent=6598"}],"curies":[{"name":"wp","href":"https:\/\/api.w.org\/{rel}","templated":true}]}}