{"id":6561,"date":"2021-05-07T20:30:35","date_gmt":"2021-05-07T18:30:35","guid":{"rendered":"https:\/\/agora.xtec.cat\/iesehtb\/?page_id=6561"},"modified":"2023-03-29T12:54:13","modified_gmt":"2023-03-29T10:54:13","slug":"uniformitat-cfgs-turisme","status":"publish","type":"page","link":"https:\/\/agora.xtec.cat\/iesehtb\/secretaria\/preinscripcio-cfgs\/uniformitat-cfgs-turisme\/","title":{"rendered":"Uniformitat CFGS Turisme"},"content":{"rendered":"<p><!--more--><\/p>\n<table style=\"height: 98px; width: 908px;\" width=\"1352\">\n<tbody>\n<tr style=\"height: 98px;\">\n<td style=\"width: 902px; background-color: #800040; height: 98px;\">\n<h4><span style=\"color: #ffffff;\"><strong>CFGS Gesti\u00f3 d&#8217;Allotjaments Tur\u00edstics<br \/>\n<\/strong><\/span><\/h4>\n<h4><span style=\"color: #ffffff;\"><strong>CFGS Ag\u00e8ncies de Viatges i Gesti\u00f3 d&#8217;Esdeveniments<br \/>\n<\/strong><\/span><\/h4>\n<h4><strong><span style=\"color: #ffffff;\">CFGS Guia, Informaci\u00f3 i Assist\u00e8ncies Tur\u00edstiques<\/span><br \/>\n<\/strong><\/h4>\n<\/td>\n<\/tr>\n<\/tbody>\n<\/table>\n<p>&nbsp;<\/p>\n<table style=\"height: 489px; width: 900px;\" width=\"1344\">\n<tbody>\n<tr style=\"height: 70px;\">\n<td style=\"width: 894px; background-color: #ffa500; height: 70px;\">\n<h4><strong><span style=\"color: #ffffff;\">Noies i Nois<br \/>\n<\/span><\/strong><\/h4>\n<\/td>\n<\/tr>\n<tr style=\"height: 70px;\">\n<td style=\"width: 894px; height: 70px;\">Samarreta blanca<\/td>\n<\/tr>\n<tr style=\"height: 70px;\">\n<td style=\"width: 894px; height: 70px;\">Pantalons negres de vestir<\/td>\n<\/tr>\n<tr style=\"height: 70px;\">\n<td style=\"width: 894px; height: 70px;\">Americana negra<\/td>\n<\/tr>\n<tr style=\"height: 70px;\">\n<td style=\"width: 894px; height: 70px;\">Sabata negra tancada o sabatilla esportiva negra<\/td>\n<\/tr>\n<tr style=\"height: 70px;\">\n<td style=\"width: 894px; height: 70px;\">Mitjons negres<\/td>\n<\/tr>\n<\/tbody>\n<\/table>\n<ul>\n<li>L\u2019uniforme s\u2019haur\u00e0 de fer servir en les seg\u00fcents situacions:\n<ul>\n<li>Exposicions orals a classe.<\/li>\n<li>M\u00f2dul de projecte: exposici\u00f3 oral.<\/li>\n<li>Visites guiades per l\u2019escola.<\/li>\n<li>Activitats de recepci\u00f3 a l\u2019Ins. Escola d\u2019Hoteleria i Turisme de Barcelona.<\/li>\n<li>Sortides professionalitzadores de Centre.<\/li>\n<li>Altres situacions que el professorat consideri adient.<\/li>\n<\/ul>\n<\/li>\n<li>Podeu comprar aquest material a qualsevol botiga sempre i quan sigui igual a l\u2019anteriorment assenyalat, i no modifiqui la l\u00ednia d\u2019uniformitat definida al centre pel que fa al model, disseny i colors.<\/li>\n<li>Podeu consultar els preus aproximats aproximats del cicle al seg\u00fcent enlla\u00e7: <a href=\"https:\/\/agora.xtec.cat\/iesehtb\/secretaria\/preinscripcio-cfgs\/preus-aportacions-i-taxes\/\" target=\"_blank\" rel=\"noopener noreferrer\">https:\/\/agora.xtec.cat\/iesehtb\/secretaria\/preinscripcio-cfgs\/preus-aportacions-i-taxes\/<\/a><\/li>\n<\/ul>\n","protected":false},"excerpt":{"rendered":"","protected":false},"author":1,"featured_media":0,"parent":799,"menu_order":120,"comment_status":"closed","ping_status":"closed","template":"page-templates\/side-menu.php","meta":{"_bbp_topic_count":0,"_bbp_reply_count":0,"_bbp_total_topic_count":0,"_bbp_total_reply_count":0,"_bbp_voice_count":0,"_bbp_anonymous_reply_count":0,"_bbp_topic_count_hidden":0,"_bbp_reply_count_hidden":0,"_bbp_forum_subforum_count":0,"site-sidebar-layout":"default","site-content-layout":"","ast-site-content-layout":"","site-content-style":"default","site-sidebar-style":"default","ast-global-header-display":"","ast-banner-title-visibility":"","ast-main-header-display":"","ast-hfb-above-header-display":"","ast-hfb-below-header-display":"","ast-hfb-mobile-header-display":"","site-post-title":"","ast-breadcrumbs-content":"","ast-featured-img":"","footer-sml-layout":"","theme-transparent-header-meta":"","adv-header-id-meta":"","stick-header-meta":"","header-above-stick-meta":"","header-main-stick-meta":"","header-below-stick-meta":"","astra-migrate-meta-layouts":"default","ast-page-background-enabled":"default","ast-page-background-meta":{"desktop":{"background-color":"var(--ast-global-color-4)","background-image":"","background-repeat":"repeat","background-position":"center center","background-size":"auto","background-attachment":"scroll","background-type":"","background-media":"","overlay-type":"","overlay-color":"","overlay-opacity":"","overlay-gradient":""},"tablet":{"background-color":"","background-image":"","background-repeat":"repeat","background-position":"center center","background-size":"auto","background-attachment":"scroll","background-type":"","background-media":"","overlay-type":"","overlay-color":"","overlay-opacity":"","overlay-gradient":""},"mobile":{"background-color":"","background-image":"","background-repeat":"repeat","background-position":"center center","background-size":"auto","background-attachment":"scroll","background-type":"","background-media":"","overlay-type":"","overlay-color":"","overlay-opacity":"","overlay-gradient":""}},"ast-content-background-meta":{"desktop":{"background-color":"var(--ast-global-color-5)","background-image":"","background-repeat":"repeat","background-position":"center center","background-size":"auto","background-attachment":"scroll","background-type":"","background-media":"","overlay-type":"","overlay-color":"","overlay-opacity":"","overlay-gradient":""},"tablet":{"background-color":"var(--ast-global-color-5)","background-image":"","background-repeat":"repeat","background-position":"center center","background-size":"auto","background-attachment":"scroll","background-type":"","background-media":"","overlay-type":"","overlay-color":"","overlay-opacity":"","overlay-gradient":""},"mobile":{"background-color":"var(--ast-global-color-5)","background-image":"","background-repeat":"repeat","background-position":"center center","background-size":"auto","background-attachment":"scroll","background-type":"","background-media":"","overlay-type":"","overlay-color":"","overlay-opacity":"","overlay-gradient":""}},"footnotes":""},"class_list":["post-6561","page","type-page","status-publish","hentry"],"post_mailing_queue_ids":[],"_links":{"self":[{"href":"https:\/\/agora.xtec.cat\/iesehtb\/wp-json\/wp\/v2\/pages\/6561","targetHints":{"allow":["GET"]}}],"collection":[{"href":"https:\/\/agora.xtec.cat\/iesehtb\/wp-json\/wp\/v2\/pages"}],"about":[{"href":"https:\/\/agora.xtec.cat\/iesehtb\/wp-json\/wp\/v2\/types\/page"}],"author":[{"embeddable":true,"href":"https:\/\/agora.xtec.cat\/iesehtb\/wp-json\/wp\/v2\/users\/1"}],"replies":[{"embeddable":true,"href":"https:\/\/agora.xtec.cat\/iesehtb\/wp-json\/wp\/v2\/comments?post=6561"}],"version-history":[{"count":3,"href":"https:\/\/agora.xtec.cat\/iesehtb\/wp-json\/wp\/v2\/pages\/6561\/revisions"}],"predecessor-version":[{"id":8657,"href":"https:\/\/agora.xtec.cat\/iesehtb\/wp-json\/wp\/v2\/pages\/6561\/revisions\/8657"}],"up":[{"embeddable":true,"href":"https:\/\/agora.xtec.cat\/iesehtb\/wp-json\/wp\/v2\/pages\/799"}],"wp:attachment":[{"href":"https:\/\/agora.xtec.cat\/iesehtb\/wp-json\/wp\/v2\/media?parent=6561"}],"curies":[{"name":"wp","href":"https:\/\/api.w.org\/{rel}","templated":true}]}}