{"id":6489,"date":"2021-05-04T20:24:00","date_gmt":"2021-05-04T18:24:00","guid":{"rendered":"https:\/\/agora.xtec.cat\/iesehtb\/?page_id=6489"},"modified":"2025-05-21T20:14:02","modified_gmt":"2025-05-21T18:14:02","slug":"eines-forneria-pastisseria-i-confiteria","status":"publish","type":"page","link":"https:\/\/agora.xtec.cat\/iesehtb\/secretaria\/preinscripcio-cfgm\/eines-forneria-pastisseria-i-confiteria\/","title":{"rendered":"Uniformitat i Eines CFGM Forneria, Pastisseria i Confiteria"},"content":{"rendered":"<p>&nbsp;<\/p>\n<table style=\"height: 980px; width: 825px;\" width=\"1352\">\n<tbody>\n<tr style=\"height: 58px;\">\n<td style=\"background-color: #800040; width: 819px; height: 58px;\">\n<h4><span style=\"color: #ffffff;\"><strong>CFGM FORNERIA, PASTISSERIA I CONFITERIA<\/strong><\/span><\/h4>\n<\/td>\n<\/tr>\n<tr style=\"height: 25px;\">\n<td style=\"background-color: #ffa500; height: 25px; width: 819px;\">\n<h4><strong><span style=\"color: #ffffff;\">UNIFORMITAT<\/span><\/strong><\/h4>\n<\/td>\n<\/tr>\n<tr style=\"height: 297px;\">\n<td style=\"height: 196px; width: 819px;\">\n<ul>\n<li>JAQUETA CUINA BLANCA M\u00c0NIGA LLARGA AMB BRODAT<\/li>\n<li>GORRA BOLET BLANCA<\/li>\n<li>PANTAL\u00d3 DE CUINA (RATLLA FINA BLANCA)<\/li>\n<li>MOCADOR CUINA COLOR BLANC (PIC)<\/li>\n<li>DRAP DE CUINA COLOR GRIS<\/li>\n<li>DAVANTAL PETO (SENSE BUTXACA)<\/li>\n<li>SABATA NEGRE AMB PUNTERA REFOR\u00c7ADA<\/li>\n<li>\n<div><span lang=\"CA\">SAMARRETA M\u00c0NIGA CURTA NEGRA AMB LOGO<\/span><\/div>\n<\/li>\n<\/ul>\n<\/td>\n<\/tr>\n<tr style=\"height: 60px;\">\n<td style=\"background-color: #ffa500; height: 60px; width: 819px;\">\n<h4><span style=\"color: #ffffff;\"><strong>EINES<\/strong><\/span><\/h4>\n<\/td>\n<\/tr>\n<tr style=\"height: 438px;\">\n<td style=\"height: 438px; width: 819px;\">\n<ul>\n<li>Pinzell<\/li>\n<li>Term\u00f2metre digital per a inducci\u00f3<\/li>\n<li>Tallant d\u2019acer quadrat<\/li>\n<li>Ganiveta\/fulla per tallar pa<\/li>\n<li>Esp\u00e0tula per temperar xocolata<\/li>\n<li>Esp\u00e0tula amb colze 26 cm<\/li>\n<li>Eina per ratllar pastissos (pinta)<\/li>\n<li>Sola de pl\u00e0stic<\/li>\n<li>Ganivet Serra 21,5 cm<\/li>\n<li>Ganivet Ceber 23 cm color negre.<\/li>\n<li>Ganivet serra 11 cm<\/li>\n<li>Motxilla amb manta per eines<\/li>\n<li>Rasqueta per pasta (llengua)<\/li>\n<li>Pela patates<\/li>\n<li>Ganivet Puntilla 9 cm color negre<\/li>\n<li>Tisores cuina 20 cm<\/li>\n<li>Boquilles Inox \u2013 3 llises 3 arrissades<\/li>\n<li>Balan\u00e7a de cuina digital<\/li>\n<li>Balan\u00e7a de precisi\u00f3<\/li>\n<li>Ratllador fi per c\u00edtrics<\/li>\n<li>Pinces d\u2019emplatar 21 cm<\/li>\n<li>Espatula amb colze 11,5 cm<\/li>\n<\/ul>\n<\/td>\n<\/tr>\n<tr style=\"height: 231px;\">\n<td style=\"height: 203px; width: 819px;\">A m\u00e9s del material anteriorment detallat l\u2019alumnat tamb\u00e9 haur\u00e0 de portar:<\/p>\n<ul>\n<li>Calculadora<\/li>\n<li>Bol\u00edgraf<\/li>\n<li>Encenedor llarg<\/li>\n<li>Llibreta<\/li>\n<li>Raspall per netejar ungles<\/li>\n<li>Retolador permanent<\/li>\n<li>Regle met\u00e0l\u00b7lic de 40 cm<\/li>\n<\/ul>\n<\/td>\n<\/tr>\n<\/tbody>\n<\/table>\n<p>Podeu comprar aquest material a qualsevol botiga sempre i quan sigui igual a l\u2019anteriorment assenyalat, i no modifiqui la l\u00ednia d\u2019uniformitat definida al centre pel que fa al model, disseny, colors i brodats.<\/p>\n<p>Podeu consultar els preus aproximats aproximats del cicle al seg\u00fcent enlla\u00e7: <a href=\"https:\/\/agora.xtec.cat\/iesehtb\/secretaria\/preinscripcio-cfgm\/aportacions-cfgm\/\" target=\"_blank\" rel=\"noopener noreferrer\">https:\/\/agora.xtec.cat\/iesehtb\/secretaria\/preinscripcio-cfgm\/aportacions-cfgm\/<\/a><\/p>\n","protected":false},"excerpt":{"rendered":"<p>&nbsp; CFGM FORNERIA, PASTISSERIA I CONFITERIA UNIFORMITAT JAQUETA CUINA BLANCA M\u00c0NIGA LLARGA AMB BRODAT GORRA BOLET BLANCA PANTAL\u00d3 DE CUINA (RATLLA FINA BLANCA) MOCADOR CUINA COLOR BLANC (PIC) DRAP DE CUINA COLOR GRIS DAVANTAL PETO (SENSE BUTXACA) SABATA NEGRE AMB PUNTERA REFOR\u00c7ADA SAMARRETA M\u00c0NIGA CURTA NEGRA AMB LOGO EINES Pinzell Term\u00f2metre digital per a inducci\u00f3 [&hellip;]<\/p>\n","protected":false},"author":1,"featured_media":0,"parent":735,"menu_order":110,"comment_status":"closed","ping_status":"closed","template":"page-templates\/side-menu.php","meta":{"_bbp_topic_count":0,"_bbp_reply_count":0,"_bbp_total_topic_count":0,"_bbp_total_reply_count":0,"_bbp_voice_count":0,"_bbp_anonymous_reply_count":0,"_bbp_topic_count_hidden":0,"_bbp_reply_count_hidden":0,"_bbp_forum_subforum_count":0,"site-sidebar-layout":"default","site-content-layout":"","ast-site-content-layout":"","site-content-style":"default","site-sidebar-style":"default","ast-global-header-display":"","ast-banner-title-visibility":"","ast-main-header-display":"","ast-hfb-above-header-display":"","ast-hfb-below-header-display":"","ast-hfb-mobile-header-display":"","site-post-title":"","ast-breadcrumbs-content":"","ast-featured-img":"","footer-sml-layout":"","theme-transparent-header-meta":"","adv-header-id-meta":"","stick-header-meta":"","header-above-stick-meta":"","header-main-stick-meta":"","header-below-stick-meta":"","astra-migrate-meta-layouts":"default","ast-page-background-enabled":"default","ast-page-background-meta":{"desktop":{"background-color":"var(--ast-global-color-4)","background-image":"","background-repeat":"repeat","background-position":"center center","background-size":"auto","background-attachment":"scroll","background-type":"","background-media":"","overlay-type":"","overlay-color":"","overlay-opacity":"","overlay-gradient":""},"tablet":{"background-color":"","background-image":"","background-repeat":"repeat","background-position":"center center","background-size":"auto","background-attachment":"scroll","background-type":"","background-media":"","overlay-type":"","overlay-color":"","overlay-opacity":"","overlay-gradient":""},"mobile":{"background-color":"","background-image":"","background-repeat":"repeat","background-position":"center center","background-size":"auto","background-attachment":"scroll","background-type":"","background-media":"","overlay-type":"","overlay-color":"","overlay-opacity":"","overlay-gradient":""}},"ast-content-background-meta":{"desktop":{"background-color":"var(--ast-global-color-5)","background-image":"","background-repeat":"repeat","background-position":"center center","background-size":"auto","background-attachment":"scroll","background-type":"","background-media":"","overlay-type":"","overlay-color":"","overlay-opacity":"","overlay-gradient":""},"tablet":{"background-color":"var(--ast-global-color-5)","background-image":"","background-repeat":"repeat","background-position":"center center","background-size":"auto","background-attachment":"scroll","background-type":"","background-media":"","overlay-type":"","overlay-color":"","overlay-opacity":"","overlay-gradient":""},"mobile":{"background-color":"var(--ast-global-color-5)","background-image":"","background-repeat":"repeat","background-position":"center center","background-size":"auto","background-attachment":"scroll","background-type":"","background-media":"","overlay-type":"","overlay-color":"","overlay-opacity":"","overlay-gradient":""}},"footnotes":""},"class_list":["post-6489","page","type-page","status-publish","hentry"],"post_mailing_queue_ids":[],"_links":{"self":[{"href":"https:\/\/agora.xtec.cat\/iesehtb\/wp-json\/wp\/v2\/pages\/6489","targetHints":{"allow":["GET"]}}],"collection":[{"href":"https:\/\/agora.xtec.cat\/iesehtb\/wp-json\/wp\/v2\/pages"}],"about":[{"href":"https:\/\/agora.xtec.cat\/iesehtb\/wp-json\/wp\/v2\/types\/page"}],"author":[{"embeddable":true,"href":"https:\/\/agora.xtec.cat\/iesehtb\/wp-json\/wp\/v2\/users\/1"}],"replies":[{"embeddable":true,"href":"https:\/\/agora.xtec.cat\/iesehtb\/wp-json\/wp\/v2\/comments?post=6489"}],"version-history":[{"count":6,"href":"https:\/\/agora.xtec.cat\/iesehtb\/wp-json\/wp\/v2\/pages\/6489\/revisions"}],"predecessor-version":[{"id":10285,"href":"https:\/\/agora.xtec.cat\/iesehtb\/wp-json\/wp\/v2\/pages\/6489\/revisions\/10285"}],"up":[{"embeddable":true,"href":"https:\/\/agora.xtec.cat\/iesehtb\/wp-json\/wp\/v2\/pages\/735"}],"wp:attachment":[{"href":"https:\/\/agora.xtec.cat\/iesehtb\/wp-json\/wp\/v2\/media?parent=6489"}],"curies":[{"name":"wp","href":"https:\/\/api.w.org\/{rel}","templated":true}]}}