{"id":6465,"date":"2021-05-04T18:04:09","date_gmt":"2021-05-04T16:04:09","guid":{"rendered":"https:\/\/agora.xtec.cat\/iesehtb\/?page_id=6465"},"modified":"2021-05-04T19:11:34","modified_gmt":"2021-05-04T17:11:34","slug":"itineraris-formatius-especifics-efi","status":"publish","type":"page","link":"https:\/\/agora.xtec.cat\/iesehtb\/estudis-2\/itineraris-formatius-especifics-efi\/","title":{"rendered":"Itineraris Formatius Espec\u00edfics"},"content":{"rendered":"<p><!--more--><\/p>\n<p style=\"text-align: justify;\"><span dir=\"ltr\">Aquests estudis desenvolupen compet\u00e8ncies per fer <\/span><span dir=\"ltr\">tasques auxiliars en els processos b\u00e0sics de producci\u00f3 <\/span><span dir=\"ltr\">culin\u00e0ria, preparaci\u00f3 d\u2019aliments i begudes, amb assist\u00e8ncia <\/span><span dir=\"ltr\">en els processos de servei i d\u2019atenci\u00f3 al client en els <\/span><span dir=\"ltr\">serveis de restauraci\u00f3, de preparaci\u00f3 de comandes i de <\/span><span dir=\"ltr\">venda de productes, tenint en compte les normes de <\/span><span dir=\"ltr\">prevenci\u00f3 de riscos laborals i la protecci\u00f3 mediambiental <\/span><span dir=\"ltr\">corresponents, aix\u00ed com compet\u00e8ncies de comunicaci\u00f3,<\/span><span dir=\"ltr\">autonomia personal i participaci\u00f3 en activitats comunit\u00e0ries.<\/span><span dir=\"ltr\">La durada \u00e9s de 3.360 hores, que <strong>es distribueixen en <\/strong><\/span><strong><span dir=\"ltr\">quatre cursos<\/span><\/strong><span dir=\"ltr\"><strong> acad\u00e8mics<\/strong>. El darrer curs inclou la <\/span><span dir=\"ltr\">Formaci\u00f3 en Centres de Treball.<\/span><\/p>\n<h4 style=\"text-align: justify;\"><strong><span dir=\"ltr\">Acc\u00e9s<\/span><\/strong><\/h4>\n<p style=\"text-align: justify;\"><span dir=\"ltr\">Poden accedir als itineraris els i les joves amb necessitats <\/span><span dir=\"ltr\">educatives especials associades a discapacitats <\/span><span dir=\"ltr\">intel\u00b7lectuals lleus o moderades, que tenen com a m\u00ednim 16<\/span><span dir=\"ltr\">anys d\u2019edat i com a m\u00e0xim 20 l\u2019any natural d\u2019inici de <\/span><span dir=\"ltr\">l\u2019itinerari i, preferentment, que no hagin obtingut el t\u00edtol de <\/span><span dir=\"ltr\">graduat o graduada en educaci\u00f3 secund\u00e0ria obligat\u00f2ria.<\/span><span dir=\"ltr\">Excepcionalment, tamb\u00e9 s\u2019hi poden acollir joves que tenen <\/span><span dir=\"ltr\">l\u2019edat i les necessitats abans indicades i que hagin obtingut <\/span><span dir=\"ltr\">el t\u00edtol de graduat o graduada en educaci\u00f3 secund\u00e0ria <\/span><span dir=\"ltr\">obligat\u00f2ria, per\u00f2 no puguin accedir als ensenyaments de <\/span><span dir=\"ltr\">formaci\u00f3 professional ordinaris.<\/span><\/p>\n<h4 style=\"text-align: justify;\"><span dir=\"ltr\"><strong>Tr\u00e0mits<\/strong> <\/span><\/h4>\n<p style=\"text-align: justify;\"><span dir=\"ltr\">Per cursar els itineraris formatius espec\u00edfics (IFE) cal<\/span><span dir=\"ltr\"> formalitzar la sol\u00b7licitud de preinscripci\u00f3 corresponent <\/span><span dir=\"ltr\">encara que s&#8217;estiguin cursant altres ensenyaments al <\/span><span dir=\"ltr\">mateix centre. Aquesta sol\u00b7licitud s&#8217;ha de presentar al <\/span><span dir=\"ltr\">centre.<\/span><span dir=\"ltr\">Trobareu m\u00e9s informaci\u00f3 al web <strong><a href=\"https:\/\/preinscripcio.gencat.cat\/ca\/estudis\/ife\/inici\/\" target=\"_blank\" rel=\"noopener noreferrer\">preinscripcio.gencat.cat.<\/a><\/strong><\/span><\/p>\n<h4 style=\"text-align: justify;\"><strong><span dir=\"ltr\">Continu\u00eftat<\/span><\/strong><\/h4>\n<p style=\"text-align: justify;\"><span dir=\"ltr\">La superaci\u00f3 de l\u2019itinerari comporta l\u2019obtenci\u00f3 de<\/span><span dir=\"ltr\">l certificat acad\u00e8mic i professional amb la qualificaci\u00f3 <\/span><span dir=\"ltr\">final obtinguda i l\u2019acreditaci\u00f3 de les compet\u00e8ncies <\/span><span dir=\"ltr\">professionals assolides<\/span><\/p>\n","protected":false},"excerpt":{"rendered":"","protected":false},"author":1,"featured_media":0,"parent":420,"menu_order":50,"comment_status":"closed","ping_status":"closed","template":"page-templates\/side-menu.php","meta":{"_bbp_topic_count":0,"_bbp_reply_count":0,"_bbp_total_topic_count":0,"_bbp_total_reply_count":0,"_bbp_voice_count":0,"_bbp_anonymous_reply_count":0,"_bbp_topic_count_hidden":0,"_bbp_reply_count_hidden":0,"_bbp_forum_subforum_count":0,"site-sidebar-layout":"default","site-content-layout":"","ast-site-content-layout":"","site-content-style":"default","site-sidebar-style":"default","ast-global-header-display":"","ast-banner-title-visibility":"","ast-main-header-display":"","ast-hfb-above-header-display":"","ast-hfb-below-header-display":"","ast-hfb-mobile-header-display":"","site-post-title":"","ast-breadcrumbs-content":"","ast-featured-img":"","footer-sml-layout":"","theme-transparent-header-meta":"","adv-header-id-meta":"","stick-header-meta":"","header-above-stick-meta":"","header-main-stick-meta":"","header-below-stick-meta":"","astra-migrate-meta-layouts":"default","ast-page-background-enabled":"default","ast-page-background-meta":{"desktop":{"background-color":"var(--ast-global-color-4)","background-image":"","background-repeat":"repeat","background-position":"center center","background-size":"auto","background-attachment":"scroll","background-type":"","background-media":"","overlay-type":"","overlay-color":"","overlay-opacity":"","overlay-gradient":""},"tablet":{"background-color":"","background-image":"","background-repeat":"repeat","background-position":"center center","background-size":"auto","background-attachment":"scroll","background-type":"","background-media":"","overlay-type":"","overlay-color":"","overlay-opacity":"","overlay-gradient":""},"mobile":{"background-color":"","background-image":"","background-repeat":"repeat","background-position":"center center","background-size":"auto","background-attachment":"scroll","background-type":"","background-media":"","overlay-type":"","overlay-color":"","overlay-opacity":"","overlay-gradient":""}},"ast-content-background-meta":{"desktop":{"background-color":"var(--ast-global-color-5)","background-image":"","background-repeat":"repeat","background-position":"center center","background-size":"auto","background-attachment":"scroll","background-type":"","background-media":"","overlay-type":"","overlay-color":"","overlay-opacity":"","overlay-gradient":""},"tablet":{"background-color":"var(--ast-global-color-5)","background-image":"","background-repeat":"repeat","background-position":"center center","background-size":"auto","background-attachment":"scroll","background-type":"","background-media":"","overlay-type":"","overlay-color":"","overlay-opacity":"","overlay-gradient":""},"mobile":{"background-color":"var(--ast-global-color-5)","background-image":"","background-repeat":"repeat","background-position":"center center","background-size":"auto","background-attachment":"scroll","background-type":"","background-media":"","overlay-type":"","overlay-color":"","overlay-opacity":"","overlay-gradient":""}},"footnotes":""},"class_list":["post-6465","page","type-page","status-publish","hentry"],"post_mailing_queue_ids":[],"_links":{"self":[{"href":"https:\/\/agora.xtec.cat\/iesehtb\/wp-json\/wp\/v2\/pages\/6465","targetHints":{"allow":["GET"]}}],"collection":[{"href":"https:\/\/agora.xtec.cat\/iesehtb\/wp-json\/wp\/v2\/pages"}],"about":[{"href":"https:\/\/agora.xtec.cat\/iesehtb\/wp-json\/wp\/v2\/types\/page"}],"author":[{"embeddable":true,"href":"https:\/\/agora.xtec.cat\/iesehtb\/wp-json\/wp\/v2\/users\/1"}],"replies":[{"embeddable":true,"href":"https:\/\/agora.xtec.cat\/iesehtb\/wp-json\/wp\/v2\/comments?post=6465"}],"version-history":[{"count":3,"href":"https:\/\/agora.xtec.cat\/iesehtb\/wp-json\/wp\/v2\/pages\/6465\/revisions"}],"predecessor-version":[{"id":6476,"href":"https:\/\/agora.xtec.cat\/iesehtb\/wp-json\/wp\/v2\/pages\/6465\/revisions\/6476"}],"up":[{"embeddable":true,"href":"https:\/\/agora.xtec.cat\/iesehtb\/wp-json\/wp\/v2\/pages\/420"}],"wp:attachment":[{"href":"https:\/\/agora.xtec.cat\/iesehtb\/wp-json\/wp\/v2\/media?parent=6465"}],"curies":[{"name":"wp","href":"https:\/\/api.w.org\/{rel}","templated":true}]}}