{"id":55,"date":"2014-09-17T16:59:49","date_gmt":"2014-09-17T16:59:49","guid":{"rendered":"http:\/\/agora.xtec.cat\/iesehtb\/?page_id=55"},"modified":"2026-01-28T19:14:25","modified_gmt":"2026-01-28T18:14:25","slug":"horaris","status":"publish","type":"page","link":"https:\/\/agora.xtec.cat\/iesehtb\/linstitut\/horaris\/","title":{"rendered":"Pol\u00edtica de Qualitat"},"content":{"rendered":"<p><strong>POL\u00cdTICA DE QUALITAT<\/strong><\/p>\n<p style=\"text-align: justify;\">L\u2019 Institut Escola d\u2019Hoteleria i Turisme de Barcelona t\u00e9 definida la seva missi\u00f3 com a servei p\u00fablic d\u2019educaci\u00f3, en educar i formar pedag\u00f2gicament i professional a l\u2019alumnat, perqu\u00e8 pugui desenvolupar el seu potencial, amb una adient inserci\u00f3 al m\u00f3n laboral, donant resposta a les necessitats formatives i professionals dels alumnes, les seves fam\u00edlies i les empreses dels sectors corresponents.<\/p>\n<p style=\"text-align: justify;\">L\u2019 Institut EHTB t\u00e9 com visi\u00f3 la d\u2019\u00e9sser un Centre d\u00b4Excel\u00b7l\u00e8ncia d&#8217;FP integrada, de refer\u00e8ncia, innovaci\u00f3 i prestigi dels CCFF que imparteixen en el sector serveis i industrial (Hoteleria i Turisme i Ind\u00fastries Aliment\u00e0ries) que tingui una \u00f2ptima interrelaci\u00f3 entre el centre educatiu i el m\u00f3n laboral; que finalment hi incorpori el nostre alumnat format de manera efectiva dins de la societat<\/p>\n<p style=\"text-align: justify;\">La nostra tasca d\u2019ensenyament-aprenentatge es veur\u00e0 recolzada pels seg\u00fcents eixos de funcionament: la transpar\u00e8ncia, una comunicaci\u00f3 \u00e0gil i eficient, i la participaci\u00f3 democr\u00e0tica de tots els seus integrants, amb el compliment dels requisits de la normativa vigent.<\/p>\n<p style=\"text-align: justify;\">El sistema de gesti\u00f3 de la qualitat de l\u2019INS EHTB \u00a0t\u00e9 el seg\u00fcent abast quant a servei:<\/p>\n<p style=\"text-align: justify;\"><em>Ensenyament \/ aprenentatge de l\u2019alumnat en formaci\u00f3 reglada: Formaci\u00f3 professional i Formaci\u00f3 professional Inicial.<br \/>\n<\/em><\/p>\n<p style=\"text-align: justify;\">La Pol\u00edtica de Qualitat ha estat dissenyada per la Direcci\u00f3, s&#8217;ha dif\u00f3s mitjan\u00e7ant lectura p\u00fablica al Consell Escolar i al Claustre de professors i tamb\u00e9 s\u2019inclou al sistema inform\u00e0tic vigent i a la formaci\u00f3 que s\u2019imparteix al personal nouvingut per al coneixement del sistema.<\/p>\n<p style=\"text-align: justify;\">L&#8217;objectiu de la pol\u00edtica \u00e9s fer pal\u00e8s el comprom\u00eds del centre amb la satisfacci\u00f3 dels usuaris i amb la millora cont\u00ednua del sistema de qualitat, aix\u00ed com amb la preparaci\u00f3 i motivaci\u00f3 del nostre personal.<a href=\"https:\/\/agora.xtec.cat\/iesehtb\/wp-content\/uploads\/usu88\/2026\/01\/9001-CAT-INSTITUT-ESCOLA-D-HOTELERIA-I-TURISME-DE-BARCELONA_signed_page-0001.jpg\"><img loading=\"lazy\" decoding=\"async\" class=\"aligncenter size-medium wp-image-10589\" src=\"https:\/\/agora.xtec.cat\/iesehtb\/wp-content\/uploads\/usu88\/2026\/01\/9001-CAT-INSTITUT-ESCOLA-D-HOTELERIA-I-TURISME-DE-BARCELONA_signed_page-0001-212x300.jpg\" alt=\"\" width=\"212\" height=\"300\" srcset=\"https:\/\/agora.xtec.cat\/iesehtb\/wp-content\/uploads\/usu88\/2026\/01\/9001-CAT-INSTITUT-ESCOLA-D-HOTELERIA-I-TURISME-DE-BARCELONA_signed_page-0001-212x300.jpg 212w, https:\/\/agora.xtec.cat\/iesehtb\/wp-content\/uploads\/usu88\/2026\/01\/9001-CAT-INSTITUT-ESCOLA-D-HOTELERIA-I-TURISME-DE-BARCELONA_signed_page-0001-725x1024.jpg 725w, https:\/\/agora.xtec.cat\/iesehtb\/wp-content\/uploads\/usu88\/2026\/01\/9001-CAT-INSTITUT-ESCOLA-D-HOTELERIA-I-TURISME-DE-BARCELONA_signed_page-0001-768x1085.jpg 768w, https:\/\/agora.xtec.cat\/iesehtb\/wp-content\/uploads\/usu88\/2026\/01\/9001-CAT-INSTITUT-ESCOLA-D-HOTELERIA-I-TURISME-DE-BARCELONA_signed_page-0001-1087x1536.jpg 1087w, https:\/\/agora.xtec.cat\/iesehtb\/wp-content\/uploads\/usu88\/2026\/01\/9001-CAT-INSTITUT-ESCOLA-D-HOTELERIA-I-TURISME-DE-BARCELONA_signed_page-0001.jpg 1241w\" sizes=\"auto, (max-width: 212px) 100vw, 212px\" \/><\/a><\/p>\n<p style=\"text-align: justify;\"><a href=\"http:\/\/agora.xtec.cat\/iesehtb\/wp-content\/uploads\/usu88\/2014\/09\/Homologaci\u00f3-ISO-Generalitat.jpg\"><img loading=\"lazy\" decoding=\"async\" class=\" wp-image-2370 size-thumbnail aligncenter\" src=\"http:\/\/agora.xtec.cat\/iesehtb\/wp-content\/uploads\/usu88\/2014\/09\/Homologaci\u00f3-ISO-Generalitat-150x150.jpg\" alt=\"Homologaci\u00f3 ISO Generalitat\" width=\"150\" height=\"150\" \/><\/a><\/p>\n<p style=\"text-align: justify;\"><img loading=\"lazy\" decoding=\"async\" class=\"wp-image-3519 size-thumbnail aligncenter\" src=\"http:\/\/agora.xtec.cat\/iesehtb\/wp-content\/uploads\/usu88\/2017\/06\/Uni\u00f3-Europea-150x150.png\" alt=\"Uni\u00f3 Europea\" width=\"150\" height=\"150\" \/><\/p>\n","protected":false},"excerpt":{"rendered":"<p>POL\u00cdTICA DE QUALITAT L\u2019 Institut Escola d\u2019Hoteleria i Turisme de Barcelona t\u00e9 definida la seva missi\u00f3 com a servei p\u00fablic d\u2019educaci\u00f3, en educar i formar pedag\u00f2gicament i professional a l\u2019alumnat, perqu\u00e8 pugui desenvolupar el seu potencial, amb una adient inserci\u00f3 al m\u00f3n laboral, donant resposta a les necessitats formatives i professionals dels alumnes, les seves [&hellip;]<\/p>\n","protected":false},"author":1,"featured_media":0,"parent":19,"menu_order":80,"comment_status":"closed","ping_status":"closed","template":"page-templates\/side-menu.php","meta":{"_bbp_topic_count":0,"_bbp_reply_count":0,"_bbp_total_topic_count":0,"_bbp_total_reply_count":0,"_bbp_voice_count":0,"_bbp_anonymous_reply_count":0,"_bbp_topic_count_hidden":0,"_bbp_reply_count_hidden":0,"_bbp_forum_subforum_count":0,"site-sidebar-layout":"default","site-content-layout":"","ast-site-content-layout":"","site-content-style":"default","site-sidebar-style":"default","ast-global-header-display":"","ast-banner-title-visibility":"","ast-main-header-display":"","ast-hfb-above-header-display":"","ast-hfb-below-header-display":"","ast-hfb-mobile-header-display":"","site-post-title":"","ast-breadcrumbs-content":"","ast-featured-img":"","footer-sml-layout":"","theme-transparent-header-meta":"","adv-header-id-meta":"","stick-header-meta":"","header-above-stick-meta":"","header-main-stick-meta":"","header-below-stick-meta":"","astra-migrate-meta-layouts":"default","ast-page-background-enabled":"default","ast-page-background-meta":{"desktop":{"background-color":"var(--ast-global-color-4)","background-image":"","background-repeat":"repeat","background-position":"center center","background-size":"auto","background-attachment":"scroll","background-type":"","background-media":"","overlay-type":"","overlay-color":"","overlay-opacity":"","overlay-gradient":""},"tablet":{"background-color":"","background-image":"","background-repeat":"repeat","background-position":"center center","background-size":"auto","background-attachment":"scroll","background-type":"","background-media":"","overlay-type":"","overlay-color":"","overlay-opacity":"","overlay-gradient":""},"mobile":{"background-color":"","background-image":"","background-repeat":"repeat","background-position":"center center","background-size":"auto","background-attachment":"scroll","background-type":"","background-media":"","overlay-type":"","overlay-color":"","overlay-opacity":"","overlay-gradient":""}},"ast-content-background-meta":{"desktop":{"background-color":"var(--ast-global-color-5)","background-image":"","background-repeat":"repeat","background-position":"center center","background-size":"auto","background-attachment":"scroll","background-type":"","background-media":"","overlay-type":"","overlay-color":"","overlay-opacity":"","overlay-gradient":""},"tablet":{"background-color":"var(--ast-global-color-5)","background-image":"","background-repeat":"repeat","background-position":"center center","background-size":"auto","background-attachment":"scroll","background-type":"","background-media":"","overlay-type":"","overlay-color":"","overlay-opacity":"","overlay-gradient":""},"mobile":{"background-color":"var(--ast-global-color-5)","background-image":"","background-repeat":"repeat","background-position":"center center","background-size":"auto","background-attachment":"scroll","background-type":"","background-media":"","overlay-type":"","overlay-color":"","overlay-opacity":"","overlay-gradient":""}},"footnotes":""},"class_list":["post-55","page","type-page","status-publish","hentry"],"post_mailing_queue_ids":[],"_links":{"self":[{"href":"https:\/\/agora.xtec.cat\/iesehtb\/wp-json\/wp\/v2\/pages\/55","targetHints":{"allow":["GET"]}}],"collection":[{"href":"https:\/\/agora.xtec.cat\/iesehtb\/wp-json\/wp\/v2\/pages"}],"about":[{"href":"https:\/\/agora.xtec.cat\/iesehtb\/wp-json\/wp\/v2\/types\/page"}],"author":[{"embeddable":true,"href":"https:\/\/agora.xtec.cat\/iesehtb\/wp-json\/wp\/v2\/users\/1"}],"replies":[{"embeddable":true,"href":"https:\/\/agora.xtec.cat\/iesehtb\/wp-json\/wp\/v2\/comments?post=55"}],"version-history":[{"count":6,"href":"https:\/\/agora.xtec.cat\/iesehtb\/wp-json\/wp\/v2\/pages\/55\/revisions"}],"predecessor-version":[{"id":10591,"href":"https:\/\/agora.xtec.cat\/iesehtb\/wp-json\/wp\/v2\/pages\/55\/revisions\/10591"}],"up":[{"embeddable":true,"href":"https:\/\/agora.xtec.cat\/iesehtb\/wp-json\/wp\/v2\/pages\/19"}],"wp:attachment":[{"href":"https:\/\/agora.xtec.cat\/iesehtb\/wp-json\/wp\/v2\/media?parent=55"}],"curies":[{"name":"wp","href":"https:\/\/api.w.org\/{rel}","templated":true}]}}