{"id":541,"date":"2015-02-10T10:01:05","date_gmt":"2015-02-10T09:01:05","guid":{"rendered":"http:\/\/agora.xtec.cat\/iesehtb\/?page_id=541"},"modified":"2017-09-10T13:51:36","modified_gmt":"2017-09-10T11:51:36","slug":"informacio-per-a-la-difusio-del-servei-dassessorament","status":"publish","type":"page","link":"https:\/\/agora.xtec.cat\/iesehtb\/serveis\/servei-dassessorament-i-reconeixement\/informacio-per-a-la-difusio-del-servei-dassessorament\/","title":{"rendered":"Informaci\u00f3 per a la difusi\u00f3 del Servei d&#8217;Assessorament"},"content":{"rendered":"<h4 style=\"text-align: center;\"><span style=\"color: #ff0000;\">Informaci\u00f3 per la difusi\u00f3<a href=\"http:\/\/agora.xtec.cat\/iesehtb\/wp-content\/uploads\/usu88\/2015\/02\/logo-assessorament.jpg\"><img loading=\"lazy\" decoding=\"async\" class=\"alignright wp-image-549 size-full\" src=\"http:\/\/agora.xtec.cat\/iesehtb\/wp-content\/uploads\/usu88\/2015\/02\/logo-assessorament.jpg\" alt=\"logo assessorament\" width=\"101\" height=\"103\" \/><\/a><\/span><\/h4>\n<h4 style=\"text-align: center;\"><\/h4>\n<h4 style=\"text-align: center;\"><span style=\"color: #ff0000;\">Servei d\u2019assessorament<\/span><\/h4>\n<h4 style=\"text-align: center;\"><\/h4>\n<h4 style=\"text-align: center;\"><\/h4>\n<h4 style=\"text-align: center;\"><\/h4>\n<h4><span style=\"color: #ff9900;\">Assoleix el teu objectiu professional<\/span><\/h4>\n<h4 style=\"text-align: center;\"><\/h4>\n<h4 style=\"text-align: center;\"><\/h4>\n<h4 style=\"text-align: center;\"><\/h4>\n<h4><span style=\"color: #ff9900;\">A qui s\u2019adre\u00e7a?<\/span><\/h4>\n<p style=\"text-align: justify;\">S\u2019adre\u00e7a a les persones adultes interessades en obtenir una diagnosi de les seves possibilitats formatives i de promoci\u00f3 professional i con\u00e8ixer l\u2019itinerari formatiu m\u00e9s adequat per aconseguir l\u2019objectiu de qualificaci\u00f3 proposat.<\/p>\n<h4><span style=\"color: #ff9900;\">Qu\u00e8 m\u2019ofereix?<\/span><\/h4>\n<ul>\n<li style=\"text-align: justify;\">Disposar de forma individual d\u2019un assessor especialista en una fam\u00edlia professional que m\u2019ajudar\u00e0 a identificar les meves capacitats, interessos i el meu objectiu professional al llarg de diferents sessions de treball.<\/li>\n<li style=\"text-align: justify;\">Entendre les possibilitats que m\u2019ofereix el sistema de Formaci\u00f3 Professional i com puc beneficiar-me\u2019n.<\/li>\n<li style=\"text-align: justify;\">Saber si la meva experi\u00e8ncia laboral es pot recon\u00e8ixer acad\u00e8micament per continguts d\u2019un cicle formatiu, i qu\u00e8 he de fer per aconseguir-ho.<\/li>\n<li style=\"text-align: justify;\">Con\u00e8ixer si els cursos de formaci\u00f3 que he realitzat tenen reconeixement acad\u00e8mic i en quina mesura em poden ajudar a assolir un t\u00edtol de Formaci\u00f3 Professional.<\/li>\n<li style=\"text-align: justify;\">Assessorament per decidir l\u2019estrat\u00e8gia de formaci\u00f3 que millor s\u2019adapti als meus interessos, traject\u00f2ria professional i al temps de qu\u00e8 disposo.<\/li>\n<li style=\"text-align: justify;\">Disposar d\u2019un informe d\u2019assessorament amb un pla de treball personalitzat amb les indicacions sobre les actuacions que he de fer, i informacions pr\u00e0ctiques per assolir un t\u00edtol de Formaci\u00f3 Professional.<\/li>\n<li style=\"text-align: justify;\">L\u2019informe d\u2019assessorament obtingut \u00e9s un requisit per presentar-se al servei de reconeixement de l\u2019experi\u00e8ncia laboral.<\/li>\n<\/ul>\n<h4 style=\"text-align: justify;\"><span style=\"color: #ff9900;\">Qu\u00e8 \u00e9s?<\/span><\/h4>\n<p style=\"text-align: justify;\">\u00c9s un servei personalitzat que ajuda a les persones a definir i assolir el seu objectiu professional mitjan\u00e7ant la identificaci\u00f3 de la formaci\u00f3 amb reconeixement acad\u00e8mic, l\u2019an\u00e0lisi de les possibilitats de recon\u00e8ixer acad\u00e8micament la seva experi\u00e8ncia laboral i la determinaci\u00f3 d\u2019un pla de treball per a aconseguir-ho.<\/p>\n<p style=\"text-align: justify;\">El servei d\u2019assessorament el presta un centre educatiu de forma individualitzada, i t\u00e9 un cost determinat pel <a href=\"http:\/\/agora.xtec.cat\/iesehtb\/wp-content\/uploads\/usu88\/2015\/02\/Preu-pulbic.pdf\" target=\"_blank\" rel=\"noopener noreferrer\">preu p\u00fablic de 60,00 \u20ac<\/a><\/p>\n<h4 style=\"text-align: justify;\"><span style=\"color: #ff9900;\">Sol\u00b7licitar el servei?<\/span><\/h4>\n<p style=\"text-align: justify;\">El serveis d\u2019assessorament es sol\u00b7licita als centres a trav\u00e9s de les respectives p\u00e0gines web.<\/p>\n<p style=\"text-align: justify;\">Per consultar Centres autoritzats: www.gencat.cat\/ensenyament<\/p>\n<h4 style=\"text-align: justify;\"><span style=\"color: #ff9900;\">On puc obtenir informaci\u00f3?<\/span><\/h4>\n<p style=\"text-align: justify;\">A la web del Departament d\u2019Ensenyament: <a href=\"http:\/\/queestudiar.gencat.cat\/ca\/estudis\/formacio_professional\/mesures_flexibilitzadores\/servei_assessorament\/\">http:\/\/www20.gencat.cat\/ensenyament<\/a><\/p>\n<p style=\"text-align: justify;\">Als centres que ofereixin el serveis d\u2019assessorament i de reconeixement acad\u00e8mic dels aprenentatges presencialment o al seu web.<\/p>\n<p style=\"text-align: justify;\">Al web: www.insehtb.cat<\/p>\n<h4 style=\"text-align: justify;\"><span style=\"color: #ff9900;\">Calendari del proc\u00e9s:<\/span><\/h4>\n<p style=\"text-align: justify;\">Sol\u00b7licitud del servei d\u2019assessorament ( 1\u00aa Tanda) \u00e9s realitzara el mes de setembre. Podreu veure el calendari a la web del centre.<\/p>\n<p style=\"text-align: justify;\">\u00a0www.insehtb.cat<\/p>\n","protected":false},"excerpt":{"rendered":"<p>Informaci\u00f3 per la difusi\u00f3 Servei d\u2019assessorament Assoleix el teu objectiu professional A qui s\u2019adre\u00e7a? S\u2019adre\u00e7a a les persones adultes interessades en obtenir una diagnosi de les seves possibilitats formatives i de promoci\u00f3 professional i con\u00e8ixer l\u2019itinerari formatiu m\u00e9s adequat per aconseguir l\u2019objectiu de qualificaci\u00f3 proposat. Qu\u00e8 m\u2019ofereix? Disposar de forma individual d\u2019un assessor especialista en [&hellip;]<\/p>\n","protected":false},"author":1,"featured_media":0,"parent":329,"menu_order":1,"comment_status":"closed","ping_status":"closed","template":"page-templates\/side-menu.php","meta":{"_bbp_topic_count":0,"_bbp_reply_count":0,"_bbp_total_topic_count":0,"_bbp_total_reply_count":0,"_bbp_voice_count":0,"_bbp_anonymous_reply_count":0,"_bbp_topic_count_hidden":0,"_bbp_reply_count_hidden":0,"_bbp_forum_subforum_count":0,"site-sidebar-layout":"default","site-content-layout":"","ast-site-content-layout":"","site-content-style":"default","site-sidebar-style":"default","ast-global-header-display":"","ast-banner-title-visibility":"","ast-main-header-display":"","ast-hfb-above-header-display":"","ast-hfb-below-header-display":"","ast-hfb-mobile-header-display":"","site-post-title":"","ast-breadcrumbs-content":"","ast-featured-img":"","footer-sml-layout":"","theme-transparent-header-meta":"","adv-header-id-meta":"","stick-header-meta":"","header-above-stick-meta":"","header-main-stick-meta":"","header-below-stick-meta":"","astra-migrate-meta-layouts":"default","ast-page-background-enabled":"default","ast-page-background-meta":{"desktop":{"background-color":"var(--ast-global-color-4)","background-image":"","background-repeat":"repeat","background-position":"center center","background-size":"auto","background-attachment":"scroll","background-type":"","background-media":"","overlay-type":"","overlay-color":"","overlay-opacity":"","overlay-gradient":""},"tablet":{"background-color":"","background-image":"","background-repeat":"repeat","background-position":"center center","background-size":"auto","background-attachment":"scroll","background-type":"","background-media":"","overlay-type":"","overlay-color":"","overlay-opacity":"","overlay-gradient":""},"mobile":{"background-color":"","background-image":"","background-repeat":"repeat","background-position":"center center","background-size":"auto","background-attachment":"scroll","background-type":"","background-media":"","overlay-type":"","overlay-color":"","overlay-opacity":"","overlay-gradient":""}},"ast-content-background-meta":{"desktop":{"background-color":"var(--ast-global-color-5)","background-image":"","background-repeat":"repeat","background-position":"center center","background-size":"auto","background-attachment":"scroll","background-type":"","background-media":"","overlay-type":"","overlay-color":"","overlay-opacity":"","overlay-gradient":""},"tablet":{"background-color":"var(--ast-global-color-5)","background-image":"","background-repeat":"repeat","background-position":"center center","background-size":"auto","background-attachment":"scroll","background-type":"","background-media":"","overlay-type":"","overlay-color":"","overlay-opacity":"","overlay-gradient":""},"mobile":{"background-color":"var(--ast-global-color-5)","background-image":"","background-repeat":"repeat","background-position":"center center","background-size":"auto","background-attachment":"scroll","background-type":"","background-media":"","overlay-type":"","overlay-color":"","overlay-opacity":"","overlay-gradient":""}},"footnotes":""},"class_list":["post-541","page","type-page","status-publish","hentry"],"post_mailing_queue_ids":[],"_links":{"self":[{"href":"https:\/\/agora.xtec.cat\/iesehtb\/wp-json\/wp\/v2\/pages\/541","targetHints":{"allow":["GET"]}}],"collection":[{"href":"https:\/\/agora.xtec.cat\/iesehtb\/wp-json\/wp\/v2\/pages"}],"about":[{"href":"https:\/\/agora.xtec.cat\/iesehtb\/wp-json\/wp\/v2\/types\/page"}],"author":[{"embeddable":true,"href":"https:\/\/agora.xtec.cat\/iesehtb\/wp-json\/wp\/v2\/users\/1"}],"replies":[{"embeddable":true,"href":"https:\/\/agora.xtec.cat\/iesehtb\/wp-json\/wp\/v2\/comments?post=541"}],"version-history":[{"count":3,"href":"https:\/\/agora.xtec.cat\/iesehtb\/wp-json\/wp\/v2\/pages\/541\/revisions"}],"predecessor-version":[{"id":3560,"href":"https:\/\/agora.xtec.cat\/iesehtb\/wp-json\/wp\/v2\/pages\/541\/revisions\/3560"}],"up":[{"embeddable":true,"href":"https:\/\/agora.xtec.cat\/iesehtb\/wp-json\/wp\/v2\/pages\/329"}],"wp:attachment":[{"href":"https:\/\/agora.xtec.cat\/iesehtb\/wp-json\/wp\/v2\/media?parent=541"}],"curies":[{"name":"wp","href":"https:\/\/api.w.org\/{rel}","templated":true}]}}