{"id":5374,"date":"2020-04-16T11:19:41","date_gmt":"2020-04-16T09:19:41","guid":{"rendered":"https:\/\/agora.xtec.cat\/iesehtb\/?page_id=5374"},"modified":"2022-12-05T12:18:35","modified_gmt":"2022-12-05T11:18:35","slug":"borsa-de-treball","status":"publish","type":"page","link":"https:\/\/agora.xtec.cat\/iesehtb\/linstitut\/practiques-en-empresa\/borsa-de-treball\/","title":{"rendered":"Borsa de treball."},"content":{"rendered":"<p><strong><span class=\"titols\" style=\"color: #ff6600; font-size: 12pt;\">BORSA DE TREBALL.<\/span><\/strong><\/p>\n<p>L\u2019INS ESCOLA D\u2019HOTELERIA I TURISME DE BARCELONA-EHTB disposa d\u2019un servei de Borsa de Treball per tal de facilitar la inserci\u00f3 de l\u2019alumnat i exalumnat del centre. El seu principal objectiu \u00e9s facilitar la seva inserci\u00f3 laboral en qualsevol moment o b\u00e9 implementar la seva carrera professional. Tanmateix, volem oferir i una plataforma senzilla a les empreses col\u00b7laboradores per gestionar les seves ofertes laborals entre l\u2019alumnat.<\/p>\n<p>Per accedir podeu adre\u00e7ar-vos a la nostra web o clicar en el seg\u00fcent enlla\u00e7: <a href=\"https:\/\/insehtb.ieduca.com\/borsa\">Borsa de treball<\/a>.<\/p>\n<p><strong>Es tracta nom\u00e9s d&#8217;una plataforma creada per respondre a demandes del mercat laboral. No es gestionen pr\u00e0ctiques des de la plataforma. Per ofertes de pr\u00e0ctiques cal adre\u00e7ar-se al correu electr\u00f2nic fct@insehtb.cat.<br \/>\n<\/strong><\/p>\n","protected":false},"excerpt":{"rendered":"<p>BORSA DE TREBALL. L\u2019INS ESCOLA D\u2019HOTELERIA I TURISME DE BARCELONA-EHTB disposa d\u2019un servei de Borsa de Treball per tal de facilitar la inserci\u00f3 de l\u2019alumnat i exalumnat del centre. El seu principal objectiu \u00e9s facilitar la seva inserci\u00f3 laboral en qualsevol moment o b\u00e9 implementar la seva carrera professional. Tanmateix, volem oferir i una plataforma [&hellip;]<\/p>\n","protected":false},"author":4,"featured_media":0,"parent":336,"menu_order":0,"comment_status":"closed","ping_status":"closed","template":"page-templates\/side-menu.php","meta":{"_bbp_topic_count":0,"_bbp_reply_count":0,"_bbp_total_topic_count":0,"_bbp_total_reply_count":0,"_bbp_voice_count":0,"_bbp_anonymous_reply_count":0,"_bbp_topic_count_hidden":0,"_bbp_reply_count_hidden":0,"_bbp_forum_subforum_count":0,"site-sidebar-layout":"default","site-content-layout":"","ast-site-content-layout":"","site-content-style":"default","site-sidebar-style":"default","ast-global-header-display":"","ast-banner-title-visibility":"","ast-main-header-display":"","ast-hfb-above-header-display":"","ast-hfb-below-header-display":"","ast-hfb-mobile-header-display":"","site-post-title":"","ast-breadcrumbs-content":"","ast-featured-img":"","footer-sml-layout":"","theme-transparent-header-meta":"","adv-header-id-meta":"","stick-header-meta":"","header-above-stick-meta":"","header-main-stick-meta":"","header-below-stick-meta":"","astra-migrate-meta-layouts":"default","ast-page-background-enabled":"default","ast-page-background-meta":{"desktop":{"background-color":"var(--ast-global-color-4)","background-image":"","background-repeat":"repeat","background-position":"center center","background-size":"auto","background-attachment":"scroll","background-type":"","background-media":"","overlay-type":"","overlay-color":"","overlay-opacity":"","overlay-gradient":""},"tablet":{"background-color":"","background-image":"","background-repeat":"repeat","background-position":"center center","background-size":"auto","background-attachment":"scroll","background-type":"","background-media":"","overlay-type":"","overlay-color":"","overlay-opacity":"","overlay-gradient":""},"mobile":{"background-color":"","background-image":"","background-repeat":"repeat","background-position":"center center","background-size":"auto","background-attachment":"scroll","background-type":"","background-media":"","overlay-type":"","overlay-color":"","overlay-opacity":"","overlay-gradient":""}},"ast-content-background-meta":{"desktop":{"background-color":"var(--ast-global-color-5)","background-image":"","background-repeat":"repeat","background-position":"center center","background-size":"auto","background-attachment":"scroll","background-type":"","background-media":"","overlay-type":"","overlay-color":"","overlay-opacity":"","overlay-gradient":""},"tablet":{"background-color":"var(--ast-global-color-5)","background-image":"","background-repeat":"repeat","background-position":"center center","background-size":"auto","background-attachment":"scroll","background-type":"","background-media":"","overlay-type":"","overlay-color":"","overlay-opacity":"","overlay-gradient":""},"mobile":{"background-color":"var(--ast-global-color-5)","background-image":"","background-repeat":"repeat","background-position":"center center","background-size":"auto","background-attachment":"scroll","background-type":"","background-media":"","overlay-type":"","overlay-color":"","overlay-opacity":"","overlay-gradient":""}},"footnotes":""},"class_list":["post-5374","page","type-page","status-publish","hentry"],"post_mailing_queue_ids":[],"_links":{"self":[{"href":"https:\/\/agora.xtec.cat\/iesehtb\/wp-json\/wp\/v2\/pages\/5374","targetHints":{"allow":["GET"]}}],"collection":[{"href":"https:\/\/agora.xtec.cat\/iesehtb\/wp-json\/wp\/v2\/pages"}],"about":[{"href":"https:\/\/agora.xtec.cat\/iesehtb\/wp-json\/wp\/v2\/types\/page"}],"author":[{"embeddable":true,"href":"https:\/\/agora.xtec.cat\/iesehtb\/wp-json\/wp\/v2\/users\/4"}],"replies":[{"embeddable":true,"href":"https:\/\/agora.xtec.cat\/iesehtb\/wp-json\/wp\/v2\/comments?post=5374"}],"version-history":[{"count":2,"href":"https:\/\/agora.xtec.cat\/iesehtb\/wp-json\/wp\/v2\/pages\/5374\/revisions"}],"predecessor-version":[{"id":8200,"href":"https:\/\/agora.xtec.cat\/iesehtb\/wp-json\/wp\/v2\/pages\/5374\/revisions\/8200"}],"up":[{"embeddable":true,"href":"https:\/\/agora.xtec.cat\/iesehtb\/wp-json\/wp\/v2\/pages\/336"}],"wp:attachment":[{"href":"https:\/\/agora.xtec.cat\/iesehtb\/wp-json\/wp\/v2\/media?parent=5374"}],"curies":[{"name":"wp","href":"https:\/\/api.w.org\/{rel}","templated":true}]}}