{"id":5360,"date":"2020-04-16T10:51:08","date_gmt":"2020-04-16T08:51:08","guid":{"rendered":"https:\/\/agora.xtec.cat\/iesehtb\/?page_id=5360"},"modified":"2025-12-01T16:44:54","modified_gmt":"2025-12-01T15:44:54","slug":"exempcions-a-la-fct","status":"publish","type":"page","link":"https:\/\/agora.xtec.cat\/iesehtb\/linstitut\/practiques-en-empresa\/exempcions-a-la-fct\/","title":{"rendered":"Exempcions a l&#8217;FCT o Estada en Empresa de la dual general"},"content":{"rendered":"<p><span class=\"titols\" style=\"color: #ff6600; font-size: 12pt;\"><strong>EXEMPCIONS A L&#8217;FCT<\/strong><\/span><\/p>\n<p>Com tots els m\u00f2duls professionals, l\u2019alumnat pot demanar una exempci\u00f3 parcial o total del mateix (<em>\u201cconvalidaci\u00f3\u201d)<\/em>.<\/p>\n<p>L\u2019alumnat que demostri tenir una experi\u00e8ncia laboral m\u00ednima, podran acollir-se a una exempci\u00f3 parcial o total de les hores d&#8217;FCT del curs, sempre que ho sol\u00b7liciti i aporti la documentaci\u00f3 necess\u00e0ria.<\/p>\n<p>Cal que l\u2019alumnat entengui que les exempcions <strong>no s\u00f3n acumulables entre si. L&#8217;alumnat disposar\u00e0 d\u2019un per\u00edode de gesti\u00f3 d\u2019exempcions durant el curs.<\/strong><\/p>\n<p><strong>\u00a0<\/strong><\/p>\n<p><strong>El per\u00edode de presentaci\u00f3 de les exempcions d&#8217;FCT\u00a0 o Estada en Empresa es tancar\u00e0 per aquest curs el <span style=\"text-decoration: underline;\">15 de maig<\/span> pels alumnes que estan matriculats. Nom\u00e9s s\u2019estudiar\u00e0 la resoluci\u00f3 de propostes fora d\u2019aquest termini en casos excepcionals per causes justificades i comunicats pr\u00e8viament a la Coordinaci\u00f3 d\u2019FP per part del tutor\/a de l\u2019alumnat.<\/strong><\/p>\n<p><strong>\u00a0<\/strong><\/p>\n<p><strong>El tutor\/a del cicle informar\u00e0 l&#8217;alumnat del per\u00edode i documentaci\u00f3 que cal gestionar a la Secretaria del centre per l\u2019obtenci\u00f3 de l\u2019exempci\u00f3\u00a0 i l\u2019alumnat ser\u00e0 el responsable de gestionar la documentaci\u00f3 i sol\u00b7licitar les compulses a la Secretaria del centre. Tanmateix, el tutor\/a informar\u00e0 de la resoluci\u00f3 de les exempcions cursades.<\/strong><\/p>\n<p><strong>\u00a0<\/strong><\/p>\n<table style=\"height: 1082px;\" width=\"856\">\n<tbody>\n<tr style=\"height: 11px;\">\n<td style=\"width: 409.63px; height: 11px;\"><strong>EXEMPCI\u00d3 TOTAL 100%<\/strong><\/td>\n<td style=\"width: 440px; height: 11px;\"><strong>DOCUMENTACI\u00d3 A APORTAR PER L\u2019ALUMNE PER SOL\u00b7LICITAR L\u2019EXEMPCI\u00d3 TOTAL 100%<\/strong><\/td>\n<\/tr>\n<tr style=\"height: 343px;\">\n<td style=\"width: 409.63px; height: 343px;\">\n<ul>\n<li>L\u2019exempci\u00f3 s\u2019atorga si l\u2019alumnat acredita l\u2019experi\u00e8ncia professional en el mateix camp i compet\u00e8ncies professionals del cicle formatiu que est\u00e0 cursant i un nombre d\u2019hores igual o superior a les 515h d&#8217;Estada en Empresa si es cursa Dual general o del m\u00f2dul d\u2019FCT del cicle formatiu del qual se sol\u00b7licita.<\/li>\n<li><strong>\u00c9s a dir, cal que l\u2019alumne demostri experi\u00e8ncia laboral amb el mateix perfil professional del cicle Corresponent, com a m\u00ednim a les 515h d\u2019Estada en Empresa o a les hores del m\u00f2dul FCT (383h\/416h segons CF)<\/strong><\/li>\n<\/ul>\n<\/td>\n<td style=\"width: 440px; height: 343px;\">1.\u00a0\u00a0 Sol\u00b7licitud exempci\u00f3 model oficial.<\/p>\n<p>2.\u00a0\u00a0 Informe de la vida laboral de la Tresoreria General de la Seguretat Social.<\/p>\n<p>3.\u00a0\u00a0 Certificat o informe de l\u2019entitat col\u00b7laboradora, on constin les hores d\u2019experi\u00e8ncia laboral (per\u00edode de contractaci\u00f3) i que detalli l\u2019activitat, les funcions i tasques que ha realitzat a l\u2019entitat col\u00b7laboradora. Tamb\u00e9 pot lliurar-se c\u00f2pia compulsada del contracte laboral on consti la categoria professional que correspon al perfil del cicle formatiu.<\/p>\n<p><strong>NOTA:<\/strong> en cas de treballadors per compte propi (Aut\u00f2noms) consultar amb Coordinaci\u00f3 FP<\/td>\n<\/tr>\n<tr style=\"height: 70px;\">\n<td style=\"width: 409.63px; height: 70px;\"><strong>EXEMPCI\u00d3 PARCIAL 50%<\/strong><\/td>\n<td style=\"width: 440px; height: 70px;\"><strong>DOCUMENTACI\u00d3 A APORTAR PER L\u2019ALUMNE PER SOL\u00b7LICITAR L\u2019EXEMPCI\u00d3 PARCIAL 50%<\/strong><\/td>\n<\/tr>\n<tr style=\"height: 328px;\">\n<td style=\"width: 409.63px; height: 328px;\">\n<ul>\n<li>L\u2019exempci\u00f3 s\u2019atorga si l\u2019alumnat acredita l\u2019experi\u00e8ncia professional en el mateix camp i compet\u00e8ncies professionals del cicle formatiu que est\u00e0 cursant i per un nombre d\u2019hores inferior a les 515h d&#8217;Estada en Empresa si es cursa Dual general o\u00a0 del m\u00f2dul d\u2019FCT del cicle formatiu del qual se sol\u00b7licita i com a m\u00ednim per la meitat de les hores.<\/li>\n<li><strong>\uf0fc Ex. Si l\u2019alumne fa dual general podr\u00e0 acreditar 258h.<\/strong><br \/>\n<strong>\uf0fc Ex. Si el CF t\u00e9 383h d\u2019FCT significar\u00e0 que l\u2019alumne podr\u00e0 acreditar com a m\u00ednim 191.5h treballades i com a m\u00e0xim 382h i la seva exempci\u00f3 ser\u00e0 \u00fanicament del 50% de les hores de FCT \u00e9s a dir 191.5h)<\/strong><\/li>\n<\/ul>\n<p><strong>\u00a0<\/strong><\/td>\n<td style=\"width: 440px; height: 328px;\">1.\u00a0\u00a0 Sol\u00b7licitud exempci\u00f3 model oficial.<\/p>\n<p>2.\u00a0\u00a0 Informe de la vida laboral de la Tresoreria General de la Seguretat Social.<\/p>\n<p>3.\u00a0\u00a0 Certificat o informe de l\u2019entitat col\u00b7laboradora, on constin les hores d\u2019experi\u00e8ncia laboral (per\u00edode de contractaci\u00f3) i que detalli l\u2019activitat, les funcions i tasques que ha realitzat a l\u2019entitat col\u00b7laboradora. Tamb\u00e9 pot lliurar-se c\u00f2pia compulsada del contracte laboral on consti la categoria professional que correspon al perfil del cicle formatiu.<\/p>\n<p><strong>NOTA:<\/strong> en cas de treballadors per compte propi (Aut\u00f2noms) consultar amb Coordinaci\u00f3 FP<\/td>\n<\/tr>\n<tr style=\"height: 37px;\">\n<td style=\"width: 409.63px; height: 37px;\"><strong>EXEMPCI\u00d3 PARCIAL 25%<\/strong><\/td>\n<td style=\"width: 440px; height: 37px;\"><strong>DOCUMENTACI\u00d3 A APORTAR PER L\u2019ALUMNE PER SOL\u00b7LICITAR L\u2019EXEMPCI\u00d3 PARCIAL 25%<\/strong><\/td>\n<\/tr>\n<tr style=\"height: 293px;\">\n<td style=\"width: 409.63px; height: 293px;\">\n<ul>\n<li>L\u2019exempci\u00f3 s\u2019atorga si l\u2019alumnat acredita l\u2019experi\u00e8ncia professional en qualsevol camp professional en un nombre d\u2019hores corresponents al doble de les 515h d\u2018Estada en Empresa si fa Dual general o al doble d&#8217;hores del m\u00f2dul d\u2019FCT del cicle formatiu del qual se sol\u00b7licita. En aquest cas l\u2019exempci\u00f3 ser\u00e0 del 25% de les hores d&#8217;FCT.<\/li>\n<li><strong>\uf0fc Ex. Si l\u2019alumne fa dual general podr\u00e0 acreditar 1030h.<\/strong><\/li>\n<li><strong>\uf0fc Ex.,Un cicle de 383h cal acreditar 766h de treball cotitzades. L\u2019alumne\/a haur\u00e0 de realitzar nom\u00e9s 288h de pr\u00e0ctiques un cop concedida l\u2019exempci\u00f3 del 25%).<\/strong><\/li>\n<li><strong>\uf0fc Ex per un cicle formatiu de 416 h caldr\u00e0 acreditar 832 h de treball cotitzades. L\u2019alumnat haur\u00e0 de realitzar nom\u00e9s 333 de pr\u00e0ctiques un cop concedida l\u2019exempci\u00f3 del 25%.<\/strong><\/li>\n<\/ul>\n<p>&nbsp;<\/td>\n<td style=\"width: 440px; height: 293px;\">1.\u00a0\u00a0\u00a0 Sol\u00b7licitud exempci\u00f3 model oficial.<\/p>\n<p>2.\u00a0\u00a0 Informe de la vida laboral de la Tresoreria General de la Seguretat Social.<\/p>\n<p><strong>\u00a0<\/strong><\/td>\n<\/tr>\n<\/tbody>\n<\/table>\n<p><strong>\u00a0<\/strong><\/p>\n<p><strong>Model de sol\u00b7licitud d\u2019exempci\u00f3 (<a href=\"https:\/\/agora.xtec.cat\/iesehtb\/wp-content\/uploads\/usu88\/2022\/12\/FPCT06_Sol_licitud_Exempcio_vIE1_v1.pdf\" target=\"_blank\" rel=\"noopener noreferrer\">descarregar<\/a>).<\/strong><\/p>\n","protected":false},"excerpt":{"rendered":"<p>EXEMPCIONS A L&#8217;FCT Com tots els m\u00f2duls professionals, l\u2019alumnat pot demanar una exempci\u00f3 parcial o total del mateix (\u201cconvalidaci\u00f3\u201d). L\u2019alumnat que demostri tenir una experi\u00e8ncia laboral m\u00ednima, podran acollir-se a una exempci\u00f3 parcial o total de les hores d&#8217;FCT del curs, sempre que ho sol\u00b7liciti i aporti la documentaci\u00f3 necess\u00e0ria. Cal que l\u2019alumnat entengui que [&hellip;]<\/p>\n","protected":false},"author":4,"featured_media":0,"parent":336,"menu_order":0,"comment_status":"closed","ping_status":"closed","template":"page-templates\/side-menu.php","meta":{"_bbp_topic_count":0,"_bbp_reply_count":0,"_bbp_total_topic_count":0,"_bbp_total_reply_count":0,"_bbp_voice_count":0,"_bbp_anonymous_reply_count":0,"_bbp_topic_count_hidden":0,"_bbp_reply_count_hidden":0,"_bbp_forum_subforum_count":0,"site-sidebar-layout":"default","site-content-layout":"","ast-site-content-layout":"","site-content-style":"default","site-sidebar-style":"default","ast-global-header-display":"","ast-banner-title-visibility":"","ast-main-header-display":"","ast-hfb-above-header-display":"","ast-hfb-below-header-display":"","ast-hfb-mobile-header-display":"","site-post-title":"","ast-breadcrumbs-content":"","ast-featured-img":"","footer-sml-layout":"","theme-transparent-header-meta":"","adv-header-id-meta":"","stick-header-meta":"","header-above-stick-meta":"","header-main-stick-meta":"","header-below-stick-meta":"","astra-migrate-meta-layouts":"default","ast-page-background-enabled":"default","ast-page-background-meta":{"desktop":{"background-color":"var(--ast-global-color-4)","background-image":"","background-repeat":"repeat","background-position":"center center","background-size":"auto","background-attachment":"scroll","background-type":"","background-media":"","overlay-type":"","overlay-color":"","overlay-opacity":"","overlay-gradient":""},"tablet":{"background-color":"","background-image":"","background-repeat":"repeat","background-position":"center center","background-size":"auto","background-attachment":"scroll","background-type":"","background-media":"","overlay-type":"","overlay-color":"","overlay-opacity":"","overlay-gradient":""},"mobile":{"background-color":"","background-image":"","background-repeat":"repeat","background-position":"center center","background-size":"auto","background-attachment":"scroll","background-type":"","background-media":"","overlay-type":"","overlay-color":"","overlay-opacity":"","overlay-gradient":""}},"ast-content-background-meta":{"desktop":{"background-color":"var(--ast-global-color-5)","background-image":"","background-repeat":"repeat","background-position":"center center","background-size":"auto","background-attachment":"scroll","background-type":"","background-media":"","overlay-type":"","overlay-color":"","overlay-opacity":"","overlay-gradient":""},"tablet":{"background-color":"var(--ast-global-color-5)","background-image":"","background-repeat":"repeat","background-position":"center center","background-size":"auto","background-attachment":"scroll","background-type":"","background-media":"","overlay-type":"","overlay-color":"","overlay-opacity":"","overlay-gradient":""},"mobile":{"background-color":"var(--ast-global-color-5)","background-image":"","background-repeat":"repeat","background-position":"center center","background-size":"auto","background-attachment":"scroll","background-type":"","background-media":"","overlay-type":"","overlay-color":"","overlay-opacity":"","overlay-gradient":""}},"footnotes":""},"class_list":["post-5360","page","type-page","status-publish","hentry"],"post_mailing_queue_ids":[],"_links":{"self":[{"href":"https:\/\/agora.xtec.cat\/iesehtb\/wp-json\/wp\/v2\/pages\/5360","targetHints":{"allow":["GET"]}}],"collection":[{"href":"https:\/\/agora.xtec.cat\/iesehtb\/wp-json\/wp\/v2\/pages"}],"about":[{"href":"https:\/\/agora.xtec.cat\/iesehtb\/wp-json\/wp\/v2\/types\/page"}],"author":[{"embeddable":true,"href":"https:\/\/agora.xtec.cat\/iesehtb\/wp-json\/wp\/v2\/users\/4"}],"replies":[{"embeddable":true,"href":"https:\/\/agora.xtec.cat\/iesehtb\/wp-json\/wp\/v2\/comments?post=5360"}],"version-history":[{"count":7,"href":"https:\/\/agora.xtec.cat\/iesehtb\/wp-json\/wp\/v2\/pages\/5360\/revisions"}],"predecessor-version":[{"id":9291,"href":"https:\/\/agora.xtec.cat\/iesehtb\/wp-json\/wp\/v2\/pages\/5360\/revisions\/9291"}],"up":[{"embeddable":true,"href":"https:\/\/agora.xtec.cat\/iesehtb\/wp-json\/wp\/v2\/pages\/336"}],"wp:attachment":[{"href":"https:\/\/agora.xtec.cat\/iesehtb\/wp-json\/wp\/v2\/media?parent=5360"}],"curies":[{"name":"wp","href":"https:\/\/api.w.org\/{rel}","templated":true}]}}