{"id":5358,"date":"2020-04-16T10:39:17","date_gmt":"2020-04-16T08:39:17","guid":{"rendered":"https:\/\/agora.xtec.cat\/iesehtb\/?page_id=5358"},"modified":"2024-07-04T11:47:57","modified_gmt":"2024-07-04T09:47:57","slug":"objectius-i-avantatges","status":"publish","type":"page","link":"https:\/\/agora.xtec.cat\/iesehtb\/linstitut\/practiques-en-empresa\/objectius-i-avantatges\/","title":{"rendered":"Objectius i avantatges"},"content":{"rendered":"<p><span class=\"titols\" style=\"color: #ff6600; font-size: 12pt;\"><strong>OBJECTIUS I AVANTATGES DE LES PRACTIQUES EN EMPRESA<\/strong><\/span><\/p>\n<p>Els objectius de la formaci\u00f3 pr\u00e0ctica en centres de treball o estada en empresa, en relaci\u00f3 amb l\u2019alumnat, s\u00f3n:<\/p>\n<ul>\n<li>Desenvolupar, en un context laboral, els aprenentatges curriculars adquirits.<\/li>\n<li>Contrastar les capacitats i els interessos amb un entorn real de treball com a suport de l\u2019orientaci\u00f3 professional.<\/li>\n<li>Integrar-se en les funcions i els processos de treball i en el marc de relacions socials i laborals que tenen lloc en les empreses i entitats.<\/li>\n<li>Assolir nous coneixements i capacitats relacionats amb els objectius d\u2019aprenentatge establerts en el curr\u00edculum dels ensenyaments que s\u2019estan cursant.<\/li>\n<li>Adquirir coneixements i habilitats que facilitin la transici\u00f3 a la vida activa i la inserci\u00f3 laboral.<\/li>\n<\/ul>\n<p>Un acord de col\u00b7laboraci\u00f3 no \u00e9s un contracte de treball, i l\u2019alumnat en pr\u00e0ctiques no t\u00e9 la consideraci\u00f3 de treballador per compte d\u2019altri; per tant, no pot ser aplicada cap normativa laboral que reguli les relacions laborals, aix\u00ed com el Decret de 26 de juliol de 1957, sobre treballs prohibits a menors.<\/p>\n<p><strong>\u00a0<\/strong><\/p>\n<p><strong>AVANTATGES\u00a0<\/strong><\/p>\n<p><strong>Qu\u00e8 suposen per a l\u2019alumnat?<\/strong><\/p>\n<ul>\n<li>El coneixement del m\u00f3n laboral i de l\u2019empresa.<\/li>\n<li>La possibilitat d\u2019estar en contacte amb la tecnologia m\u00e9s avan\u00e7ada.<\/li>\n<li>La compleci\u00f3 de la seva formaci\u00f3 professional, per capacitar-se per a la seva incorporaci\u00f3 al treball.<\/li>\n<li>L\u2019obtenci\u00f3 d\u2019una formaci\u00f3 adaptada a llocs de treball espec\u00edfics.<\/li>\n<li>L\u2019apropament a la cultura d\u2019empresa.<\/li>\n<li>L\u2019experi\u00e8ncia en el m\u00f3n del treball com a pas per a la primera ocupaci\u00f3.<\/li>\n<li>L\u2019inici del seu historial professional acreditat amb el quadern de pr\u00e0ctiques.<\/li>\n<li>El comprom\u00eds personal d\u2019assist\u00e8ncia i realitzaci\u00f3 de les tasques encomanades<\/li>\n<\/ul>\n<p>&nbsp;<\/p>\n<p><strong>Qu\u00e8 ofereixen a l\u2019empresa?<\/strong><\/p>\n<ul>\n<li>Captar futur personal qualificat.<\/li>\n<li>Col\u00b7laborar en la formaci\u00f3 pr\u00e0ctica del jovent aprenent.<\/li>\n<li>Oferir l\u2019acc\u00e9s dels joves a la seva primera ocupaci\u00f3.<\/li>\n<li>Relacionar-se amb els centres docents.<\/li>\n<li>No implica serveis retribu\u00efts ni vinculaci\u00f3 laboral.<\/li>\n<\/ul>\n<p>&nbsp;<\/p>\n","protected":false},"excerpt":{"rendered":"<p>OBJECTIUS I AVANTATGES DE LES PRACTIQUES EN EMPRESA Els objectius de la formaci\u00f3 pr\u00e0ctica en centres de treball o estada en empresa, en relaci\u00f3 amb l\u2019alumnat, s\u00f3n: Desenvolupar, en un context laboral, els aprenentatges curriculars adquirits. Contrastar les capacitats i els interessos amb un entorn real de treball com a suport de l\u2019orientaci\u00f3 professional. Integrar-se [&hellip;]<\/p>\n","protected":false},"author":4,"featured_media":0,"parent":336,"menu_order":0,"comment_status":"closed","ping_status":"closed","template":"page-templates\/side-menu.php","meta":{"_bbp_topic_count":0,"_bbp_reply_count":0,"_bbp_total_topic_count":0,"_bbp_total_reply_count":0,"_bbp_voice_count":0,"_bbp_anonymous_reply_count":0,"_bbp_topic_count_hidden":0,"_bbp_reply_count_hidden":0,"_bbp_forum_subforum_count":0,"site-sidebar-layout":"default","site-content-layout":"","ast-site-content-layout":"","site-content-style":"default","site-sidebar-style":"default","ast-global-header-display":"","ast-banner-title-visibility":"","ast-main-header-display":"","ast-hfb-above-header-display":"","ast-hfb-below-header-display":"","ast-hfb-mobile-header-display":"","site-post-title":"","ast-breadcrumbs-content":"","ast-featured-img":"","footer-sml-layout":"","theme-transparent-header-meta":"","adv-header-id-meta":"","stick-header-meta":"","header-above-stick-meta":"","header-main-stick-meta":"","header-below-stick-meta":"","astra-migrate-meta-layouts":"default","ast-page-background-enabled":"default","ast-page-background-meta":{"desktop":{"background-color":"var(--ast-global-color-4)","background-image":"","background-repeat":"repeat","background-position":"center center","background-size":"auto","background-attachment":"scroll","background-type":"","background-media":"","overlay-type":"","overlay-color":"","overlay-opacity":"","overlay-gradient":""},"tablet":{"background-color":"","background-image":"","background-repeat":"repeat","background-position":"center center","background-size":"auto","background-attachment":"scroll","background-type":"","background-media":"","overlay-type":"","overlay-color":"","overlay-opacity":"","overlay-gradient":""},"mobile":{"background-color":"","background-image":"","background-repeat":"repeat","background-position":"center center","background-size":"auto","background-attachment":"scroll","background-type":"","background-media":"","overlay-type":"","overlay-color":"","overlay-opacity":"","overlay-gradient":""}},"ast-content-background-meta":{"desktop":{"background-color":"var(--ast-global-color-5)","background-image":"","background-repeat":"repeat","background-position":"center center","background-size":"auto","background-attachment":"scroll","background-type":"","background-media":"","overlay-type":"","overlay-color":"","overlay-opacity":"","overlay-gradient":""},"tablet":{"background-color":"var(--ast-global-color-5)","background-image":"","background-repeat":"repeat","background-position":"center center","background-size":"auto","background-attachment":"scroll","background-type":"","background-media":"","overlay-type":"","overlay-color":"","overlay-opacity":"","overlay-gradient":""},"mobile":{"background-color":"var(--ast-global-color-5)","background-image":"","background-repeat":"repeat","background-position":"center center","background-size":"auto","background-attachment":"scroll","background-type":"","background-media":"","overlay-type":"","overlay-color":"","overlay-opacity":"","overlay-gradient":""}},"footnotes":""},"class_list":["post-5358","page","type-page","status-publish","hentry"],"post_mailing_queue_ids":[],"_links":{"self":[{"href":"https:\/\/agora.xtec.cat\/iesehtb\/wp-json\/wp\/v2\/pages\/5358","targetHints":{"allow":["GET"]}}],"collection":[{"href":"https:\/\/agora.xtec.cat\/iesehtb\/wp-json\/wp\/v2\/pages"}],"about":[{"href":"https:\/\/agora.xtec.cat\/iesehtb\/wp-json\/wp\/v2\/types\/page"}],"author":[{"embeddable":true,"href":"https:\/\/agora.xtec.cat\/iesehtb\/wp-json\/wp\/v2\/users\/4"}],"replies":[{"embeddable":true,"href":"https:\/\/agora.xtec.cat\/iesehtb\/wp-json\/wp\/v2\/comments?post=5358"}],"version-history":[{"count":3,"href":"https:\/\/agora.xtec.cat\/iesehtb\/wp-json\/wp\/v2\/pages\/5358\/revisions"}],"predecessor-version":[{"id":9752,"href":"https:\/\/agora.xtec.cat\/iesehtb\/wp-json\/wp\/v2\/pages\/5358\/revisions\/9752"}],"up":[{"embeddable":true,"href":"https:\/\/agora.xtec.cat\/iesehtb\/wp-json\/wp\/v2\/pages\/336"}],"wp:attachment":[{"href":"https:\/\/agora.xtec.cat\/iesehtb\/wp-json\/wp\/v2\/media?parent=5358"}],"curies":[{"name":"wp","href":"https:\/\/api.w.org\/{rel}","templated":true}]}}