{"id":5111,"date":"2020-03-11T09:54:23","date_gmt":"2020-03-11T08:54:23","guid":{"rendered":"https:\/\/agora.xtec.cat\/iesehtb\/?page_id=5111"},"modified":"2024-02-07T12:38:20","modified_gmt":"2024-02-07T11:38:20","slug":"ajuts-de-mobilitat-programa-erasmus-per-personal","status":"publish","type":"page","link":"https:\/\/agora.xtec.cat\/iesehtb\/linstitut\/mobilitat-internacional\/ajuts-de-mobilitat-programa-erasmus-per-personal\/","title":{"rendered":"Ajuts de mobilitat programa Erasmus+ per personal (KA121 i KA131)."},"content":{"rendered":"<p><a href=\"https:\/\/agora.xtec.cat\/iesehtb\/wp-content\/uploads\/usu88\/2022\/11\/index.png\"><img loading=\"lazy\" decoding=\"async\" class=\"size-full wp-image-8069 alignleft\" src=\"https:\/\/agora.xtec.cat\/iesehtb\/wp-content\/uploads\/usu88\/2022\/11\/index.png\" alt=\"\" width=\"481\" height=\"105\" srcset=\"https:\/\/agora.xtec.cat\/iesehtb\/wp-content\/uploads\/usu88\/2022\/11\/index.png 481w, https:\/\/agora.xtec.cat\/iesehtb\/wp-content\/uploads\/usu88\/2022\/11\/index-300x65.png 300w\" sizes=\"auto, (max-width: 481px) 100vw, 481px\" \/><\/a><\/p>\n<p>&nbsp;<\/p>\n<p>&nbsp;<\/p>\n<p>&nbsp;<\/p>\n<ol>\n<li><b> Introducci\u00f3<\/b><\/li>\n<\/ol>\n<p>Aquesta convocat\u00f2ria t\u00e9 per finalitat facilitar al personal de l\u2019INS EHTB la realitzaci\u00f3 d\u2019estades de formaci\u00f3 en empreses o institucions d\u2019ensenyament d\u2019altres pa\u00efsos europeus.<\/p>\n<p>Per a participar en una beca de mobilitat de personal docent s\u2019ha de realitzar les seg\u00fcents accions:<\/p>\n<ul>\n<li>Consultar les bases de la convocat\u00f2ria d\u2019ajuts de mobilitat amb finalitat de formaci\u00f3 dins el programa Erasmus+ per personal. Curs actual.<\/li>\n<li>Emplena el full de sol\u00b7licitud dins del termini establert en les bases de la convocat\u00f2ria.<\/li>\n<li>Lliurament dins del termini establert en les bases de la convocat\u00f2ria dels documents requerits.<\/li>\n<\/ul>\n<p>L&#8217;Ag\u00e8ncia Nacional Erasmus (SEPIE) dins del marc del programa Erasmus +\u00a0 per Docents ens ha concedit <b>diverses places<\/b> pel professorat del centre i membres del PAS.<\/p>\n<ul>\n<li>L\u2019oferta de beques \u00e9s la seg\u00fcent:<\/li>\n<li><strong>Entre 1 i 2 beques Erasmus + STT \u2013<em>Staff Mobility for Training\u00a0<\/em>(KA131) 1 o 2 beques Erasmus+ VET-STA &#8211; Staff training abroad (KA121).<\/strong><\/li>\n<li>Aquestes beques estan adre\u00e7ades al personal i professorat d&#8217;FP per fer una estada d\u2019una setmana de durada (5 dies d\u2019estada + 2 de viatge).<\/li>\n<li>L\u2019objectiu principal de l\u2019estada formativa dins de l\u2019acci\u00f3 K121 \u00e9s con\u00e8ixer com funciona el sistema educatiu a un centre de formaci\u00f3 professional d\u2019un dels nostres socis o fer un \u201c<em>jobshadowing\u201d.\u00a0 <\/em><\/li>\n<li>L\u2019INS EHTB facilitar\u00e0 el lloc per fer aquesta formaci\u00f3 entre els nostres Socis: Itali\u00e0, Fran\u00e7a, Gal\u00b7les, Alemanya i Portugal. En cas del qual el docent vulgui una altra destinaci\u00f3 o empresa diferent de les aportades per l\u2019INS EHTB, el docent haur\u00e0 de buscar i contactar directament l\u2019empresa o instituci\u00f3 on rebi la formaci\u00f3 quedant desvinculat de tot comprom\u00eds l\u2019INS EHTB.<\/li>\n<\/ul>\n<p>L\u2019INS EHTB facilitar\u00e0 el lloc per fer aquesta formaci\u00f3 entre els nostres Socis: Itali\u00e0, Fran\u00e7a, Gal\u00b7les, Alemanya i Pa\u00efsos Baixos. En cas del qual el docent vulgui una altra destinaci\u00f3 o empresa diferent de les aportades per l\u2019INS EHTB, el docent haur\u00e0 de buscar i contactar directament l\u2019empresa o instituci\u00f3 on rebi la formaci\u00f3 quedant desvinculat de tot comprom\u00eds l\u2019INS EHTB.<\/p>\n<ol>\n<li><b>2 beques Erasmus+ VET-STA &#8211; <\/b><b><i>Staff training abroad<\/i><\/b><b> (k102<\/b>). L\u2019objectiu principal de l\u2019estada formativa dins de l\u2019acci\u00f3 K102 \u00e9s con\u00e8ixer com funciona el sistema educatiu a un centre de formaci\u00f3 professional de Fran\u00e7a, concretament a Lyon.\u00a0 Aquestes beques estan adre\u00e7ades al professorat d&#8217;FP per fer una estada d\u2019una setmana de durada (5 dies d\u2019estada + 2 de viatge) per realitzar una estada formativa al Centre d\u2019acollida a <b>Lyon<\/b> o fer un \u201c<i>jobshadowing<\/i>\u201d a una empresa del sector de la regi\u00f3 (en aquest cas, el Centre homologat facilitar\u00e0 l\u2019empresa per al docent).<\/li>\n<\/ol>\n<ol start=\"2\">\n<li><b> Caracter\u00edstiques i objectius\u00a0<\/b><\/li>\n<\/ol>\n<p>Les caracter\u00edstiques d\u2019aquesta acci\u00f3 s\u00f3n les seg\u00fcents:<\/p>\n<ul>\n<li>Aprendre de les experi\u00e8ncies i les bones pr\u00e0ctiques del centre de dest\u00ed.<\/li>\n<li>Transfer\u00e8ncia de coneixements o compet\u00e8ncies de l\u2019empresa o instituci\u00f3 on es rebr\u00e0 la formaci\u00f3.<\/li>\n<li>Millorar les aptituds que requereix el seu lloc de treball actual<\/li>\n<li>Millorar les habilitats ling\u00fc\u00edstiques i multiculturals<\/li>\n<li>Contribuir a l\u2019enfortiment de les relacions amb les institucions o empreses de dest\u00ed.<\/li>\n<\/ul>\n<p>&nbsp;<\/p>\n<ol start=\"3\">\n<li><b> Destinataris i requisits de les sol\u00b7licituds\u00a0<\/b><\/li>\n<\/ol>\n<p>Aquesta convocat\u00f2ria est\u00e0 destinada al personal docent \u00a0i PAS que compleixin els seg\u00fcents requisits:<\/p>\n<ul>\n<li>Ser funcionari, inter\u00ed o especialista de l\u2019INS EHTB<\/li>\n<li>Formar part del personal del nostre Centre en el moment de presentar la sol\u00b7licitud com en el moment de realitzar la mobilitat.<\/li>\n<li>Tenir la nacionalitat d\u2019un pa\u00eds de la UE o d\u2019un pa\u00eds participant en el programa Erasmus+. En el cas de tenir nacionalitat de tercers pa\u00efsos, cal acreditar que es t\u00e9 un perm\u00eds v\u00e0lid per residir a l\u2019estat Espanyol.<\/li>\n<li>Adequaci\u00f3 de l&#8217;activitat demanada a la Beca estigui relacionada amb l&#8217;activitat que es desenvolupa a l&#8217;INS EHTB<\/li>\n<\/ul>\n<p>&nbsp;<\/p>\n<ol start=\"4\">\n<li><b> Criteris de selecci\u00f3.\u00a0<\/b><\/li>\n<\/ol>\n<p>Es valoraran les sol\u00b7licituds i es prioritzaran els candidats, segons requisits obligatoris i els criteris establerts a les bases de la convocat\u00f2ria d\u2019ajuts de mobilitat de l\u2019Ins EHTB.<\/p>\n<p>Les sol\u00b7licituds admeses seran avaluades per una Comissi\u00f3 d\u2019Avaluaci\u00f3 composta per un membre de Direcci\u00f3, un membre de Coordinaci\u00f3 de Mobilitat Internacional i dos Caps de Departament del Centre.<\/p>\n<p>&nbsp;<\/p>\n<ol start=\"5\">\n<li><b> Import de l\u2019ajut<\/b><\/li>\n<\/ol>\n<p><b>Beques Erasmus + STT (KA131)<\/b><\/p>\n<p>Les activitats de mobilitat per a formaci\u00f3 s\u00f3n finan\u00e7ades per la Comissi\u00f3 Europea, a trav\u00e9s del <i>Servicio Espa\u00f1ol para la Internacionalizaci\u00f3n de la Educaci\u00f3n<\/i> (<i>SEPIE<\/i>). L\u2019import de l\u2019ajut de mobilitat amb la finalitat de formaci\u00f3 consta de dos conceptes d\u2019acord amb la informaci\u00f3 continguda en els corresponents quadres:<\/p>\n<ol>\n<li>a) Locomoci\u00f3<\/li>\n<\/ol>\n<p>Ajuda per contribuir a les despeses de viatge dels participants des del lloc d\u2019origen fins al lloc on es desenvolupi l\u2019activitat formativa (anada i tornada).<\/p>\n<p>Per calcular el recorregut s\u2019utilitzar\u00e0 la calculadora de dist\u00e0ncies proposada per la Comissi\u00f3 Europea <a href=\"http:\/\/ec.europa.eu\/programmes\/erasmusplus\/resources\/distance-calculator_es\">http:\/\/ec.europa.eu\/programmes\/erasmusplus\/resources\/distance-calculator_es<\/a> i l\u2019import de l\u2019ajut de viatge segons la taula que s\u2019indica a continuaci\u00f3:<\/p>\n<table style=\"width: 96.3668%; height: 399px;\" width=\"624\">\n<tbody>\n<tr style=\"height: 57px;\">\n<td style=\"width: 32.4238%; height: 57px;\"><strong>Dist\u00e0ncia en quil\u00f2metres<\/strong>.<\/td>\n<td style=\"width: 35.2734%; height: 57px;\" width=\"267\"><strong>Quantitat a percebre viatge est\u00e0ndard\u00a0<\/strong><\/td>\n<td style=\"width: 61.6089%; height: 57px;\" width=\"168\"><strong>Quantitat a percebre viatge ecol\u00f2gic<\/strong><\/td>\n<\/tr>\n<tr style=\"height: 57px;\">\n<td style=\"width: 32.4238%; height: 57px;\">Entre 100 i 499 km<\/td>\n<td style=\"width: 35.2734%; height: 57px;\" width=\"267\">180 \u20ac per participant<\/td>\n<td style=\"width: 61.6089%; height: 57px;\" width=\"168\">210 \u20ac per participant<\/td>\n<\/tr>\n<tr style=\"height: 57px;\">\n<td style=\"width: 32.4238%; height: 57px;\">Entre 500 i 1.999 km<\/td>\n<td style=\"width: 35.2734%; height: 57px;\" width=\"267\">275 \u20ac per participant<\/td>\n<td style=\"width: 61.6089%; height: 57px;\" width=\"168\">320 \u20ac per participant<\/td>\n<\/tr>\n<tr style=\"height: 57px;\">\n<td style=\"width: 32.4238%; height: 57px;\">Entre 2.000 i 2.999 km<\/td>\n<td style=\"width: 35.2734%; height: 57px;\" width=\"267\">360 \u20ac per participant<\/td>\n<td style=\"width: 61.6089%; height: 57px;\" width=\"168\">410 \u20ac per participant<\/td>\n<\/tr>\n<tr style=\"height: 57px;\">\n<td style=\"width: 32.4238%; height: 57px;\">Entre 3.000 i 3.999 km<\/td>\n<td style=\"width: 35.2734%; height: 57px;\" width=\"267\">530 \u20ac per participant<\/td>\n<td style=\"width: 61.6089%; height: 57px;\" width=\"168\">610 \u20ac per participant<\/td>\n<\/tr>\n<tr style=\"height: 57px;\">\n<td style=\"width: 32.4238%; height: 57px;\">Entre 4.000 i 7.999 km<\/td>\n<td style=\"width: 35.2734%; height: 57px;\" width=\"267\">820 \u20ac per participant<\/td>\n<td style=\"width: 61.6089%; height: 57px;\" width=\"168\"><\/td>\n<\/tr>\n<tr style=\"height: 57px;\">\n<td style=\"width: 32.4238%; height: 57px;\">\u00a08.000 km o m\u00e9s<\/td>\n<td style=\"width: 35.2734%; height: 57px;\" width=\"267\">1.500 \u20ac per participant<\/td>\n<td style=\"width: 61.6089%; height: 57px;\" width=\"168\"><\/td>\n<\/tr>\n<\/tbody>\n<\/table>\n<p>&nbsp;<\/p>\n<ol>\n<li>b) Allotjament i Manutenci\u00f3.<\/li>\n<\/ol>\n<p>L\u2019import total de l\u2019ajut de manutenci\u00f3 dependr\u00e0 del pa\u00eds de dest\u00ed i la durada del per\u00edode de formaci\u00f3, els dies de viatge queden exclosos d\u2019aquest c\u00e0lcul.<\/p>\n<p>La durada es subvenciona fins a un m\u00e0xim de 5 dies lectius. L\u2019import total d\u2019aquest ajut es pot calcular segons la taula seg\u00fcent:<\/p>\n<table style=\"width: 96.0906%; height: 410px;\">\n<tbody>\n<tr>\n<td width=\"367\"><strong>Pa\u00efsos de destinaci\u00f3\u00a0<\/strong><\/td>\n<td width=\"110\"><strong>Quantitat di\u00e0ria a rebre FINS A 14 DIES \u00a0<\/strong><\/td>\n<td width=\"110\"><strong>Quantitat di\u00e0ria a rebre DEL 15 A 60 DIES<\/strong><\/td>\n<\/tr>\n<tr>\n<td width=\"367\"><strong>Grup 1 \u00a0<\/strong>Dinamarca, Finl\u00e0ndia, Irlanda, Isl\u00e0ndia, Liechtenstein, Luxemburg, Noruega, Su\u00e8cia<\/td>\n<td width=\"110\">120 \u20ac<\/td>\n<td width=\"110\">84 \u20ac<\/td>\n<\/tr>\n<tr>\n<td width=\"367\"><strong>Grup 2\u00a0\u00a0<\/strong>Alemanya, \u00c0ustria, B\u00e8lgica, Xipre, Espanya, Fran\u00e7a, Gr\u00e8cia, It\u00e0lia, Malta, Pa\u00efsos Baixos, Portugal.<\/td>\n<td width=\"110\">105 \u20ac<\/td>\n<td width=\"110\">73,5 \u20ac<\/td>\n<\/tr>\n<tr>\n<td width=\"367\"><strong>Grup 3 \u00a0<\/strong>Antigua Rep\u00fablica Iugoslava de Maced\u00f2nia, Bulg\u00e0ria, Cro\u00e0cia, Eslov\u00e0quia, Eslov\u00e8nia, Est\u00f2nia, Hongria, Let\u00f2nia, Litu\u00e0nia, Pol\u00f2nia, Rep\u00fablica Txeca, Romania, Turquia.<\/td>\n<td width=\"110\">90 \u20ac<\/td>\n<td width=\"110\">63 \u20ac<\/td>\n<\/tr>\n<\/tbody>\n<\/table>\n<p>L\u2019import m\u00e0xim de la beca pot ser complementat en els casos de <b>beneficiaris amb discapacitats i que presentin necessitats especials<\/b>, mitjan\u00e7ant la presentaci\u00f3 dels documents requerits per l\u2019Organisme Aut\u00f2nom de Programes Educatius Europeus, que ser\u00e0 l\u2019\u00f2rgan que dictaminar\u00e0 si tal ajut \u00e9s aprovat o denegat.<\/p>\n<p>M\u00e9s infomaci\u00f3: apartat b) <em>ayudas adicionales en Criterios adjudicacion <strong>K131.<\/strong><\/em><\/p>\n<p>Es pot consultar aquesta informaci\u00f3 a la p\u00e0gina web:\u00a0<a href=\"http:\/\/www.sepie.es\/\">www.sepie.es<\/a><\/p>\n<p>&nbsp;<\/p>\n<p><strong>Import de l\u2019ajut<\/strong> <strong>Beques Erasmus+\u00a0 (KA121) VET-STA<\/strong><\/p>\n<table>\n<tbody>\n<tr>\n<td colspan=\"2\" width=\"469\"><strong>Ajuda pel viatge KA121 &#8211; VET-STA &#8211; Staff training abroad<\/strong><\/td>\n<td width=\"109\"><strong>275 \u20ac<\/strong><\/td>\n<\/tr>\n<tr>\n<td width=\"360\"><strong>Pa\u00efsos de destinaci\u00f3\u00a0<\/strong><\/td>\n<td width=\"109\"><strong>Quantitat di\u00e0ria a rebre FINS A 14 DIES \u00a0<\/strong><\/td>\n<td width=\"109\"><strong>Quantitat di\u00e0ria a rebre DEL 15 A 60 DIES<\/strong><\/td>\n<\/tr>\n<tr>\n<td width=\"360\"><strong>Grup 1 \u00a0<\/strong>Dinamarca, Finl\u00e0ndia, Irlanda, Isl\u00e0ndia, Liechtenstein, Luxemburg, Noruega, Su\u00e8cia<\/td>\n<td width=\"109\">117\u20ac<\/td>\n<td width=\"109\">82 \u20ac<\/td>\n<\/tr>\n<tr>\n<td width=\"360\"><strong>Grup 2\u00a0\u00a0<\/strong>Alemanya, \u00c0ustria, B\u00e8lgica, Xipre, Espanya, Fran\u00e7a, Gr\u00e8cia, It\u00e0lia, Malta, Pa\u00efsos Baixos, Portugal<\/td>\n<td width=\"109\">104 \u20ac<\/td>\n<td width=\"109\">73 \u20ac<\/td>\n<\/tr>\n<tr>\n<td width=\"360\"><strong>Grup 3 \u00a0<\/strong>Antigua Rep\u00fablica Iugoslava de Maced\u00f2nia, Bulg\u00e0ria, Cro\u00e0cia, Eslov\u00e0quia, Eslov\u00e8nia, Est\u00f2nia, Hongria, Let\u00f2nia, Litu\u00e0nia, Pol\u00f2nia, Rep\u00fablica Txeca, Romania, Turquia<\/td>\n<td width=\"109\">91 \u20ac<\/td>\n<td width=\"109\">&nbsp;<\/p>\n<p>64 \u20ac<\/td>\n<\/tr>\n<\/tbody>\n<\/table>\n<p>&nbsp;<\/p>\n<p>El professorat interessat a participar en alguna de les beques segons acci\u00f3 KA121 \/ KA131 o participar en les dues accions hauran de seguir les instruccions de les bases convocat\u00f2ries d\u2019ajuts de mobilitat amb finalitat de formaci\u00f3 dins el programa Erasmus+ per personal publicat cada curs durant el mes de mar\u00e7 i emplenar l\u2019impr\u00e8s de sol\u00b7licitud d\u2019inscripci\u00f3 al proc\u00e9s de selecci\u00f3 de cada convocat\u00f2ria anual i enviar-lo al correu: a8044934@xtec.cat dins dels terminis establerts a les bases.<\/p>\n<p>Per qualsevol dubte: <a href=\"mailto:mobilitat.internacional@insehtb.cat\">mobilitat.internacional@insehtb.cat<\/a><\/p>\n<p><i>El presente proyecto ha sido financiado con el apoyo de la Comisi\u00f3n Europea<\/i><\/p>\n","protected":false},"excerpt":{"rendered":"<p>&nbsp; &nbsp; &nbsp; Introducci\u00f3 Aquesta convocat\u00f2ria t\u00e9 per finalitat facilitar al personal de l\u2019INS EHTB la realitzaci\u00f3 d\u2019estades de formaci\u00f3 en empreses o institucions d\u2019ensenyament d\u2019altres pa\u00efsos europeus. Per a participar en una beca de mobilitat de personal docent s\u2019ha de realitzar les seg\u00fcents accions: Consultar les bases de la convocat\u00f2ria d\u2019ajuts de mobilitat amb [&hellip;]<\/p>\n","protected":false},"author":4,"featured_media":0,"parent":338,"menu_order":4,"comment_status":"closed","ping_status":"closed","template":"page-templates\/side-menu.php","meta":{"_bbp_topic_count":0,"_bbp_reply_count":0,"_bbp_total_topic_count":0,"_bbp_total_reply_count":0,"_bbp_voice_count":0,"_bbp_anonymous_reply_count":0,"_bbp_topic_count_hidden":0,"_bbp_reply_count_hidden":0,"_bbp_forum_subforum_count":0,"site-sidebar-layout":"default","site-content-layout":"","ast-site-content-layout":"","site-content-style":"default","site-sidebar-style":"default","ast-global-header-display":"","ast-banner-title-visibility":"","ast-main-header-display":"","ast-hfb-above-header-display":"","ast-hfb-below-header-display":"","ast-hfb-mobile-header-display":"","site-post-title":"","ast-breadcrumbs-content":"","ast-featured-img":"","footer-sml-layout":"","theme-transparent-header-meta":"","adv-header-id-meta":"","stick-header-meta":"","header-above-stick-meta":"","header-main-stick-meta":"","header-below-stick-meta":"","astra-migrate-meta-layouts":"default","ast-page-background-enabled":"default","ast-page-background-meta":{"desktop":{"background-color":"var(--ast-global-color-4)","background-image":"","background-repeat":"repeat","background-position":"center center","background-size":"auto","background-attachment":"scroll","background-type":"","background-media":"","overlay-type":"","overlay-color":"","overlay-opacity":"","overlay-gradient":""},"tablet":{"background-color":"","background-image":"","background-repeat":"repeat","background-position":"center center","background-size":"auto","background-attachment":"scroll","background-type":"","background-media":"","overlay-type":"","overlay-color":"","overlay-opacity":"","overlay-gradient":""},"mobile":{"background-color":"","background-image":"","background-repeat":"repeat","background-position":"center center","background-size":"auto","background-attachment":"scroll","background-type":"","background-media":"","overlay-type":"","overlay-color":"","overlay-opacity":"","overlay-gradient":""}},"ast-content-background-meta":{"desktop":{"background-color":"var(--ast-global-color-5)","background-image":"","background-repeat":"repeat","background-position":"center center","background-size":"auto","background-attachment":"scroll","background-type":"","background-media":"","overlay-type":"","overlay-color":"","overlay-opacity":"","overlay-gradient":""},"tablet":{"background-color":"var(--ast-global-color-5)","background-image":"","background-repeat":"repeat","background-position":"center center","background-size":"auto","background-attachment":"scroll","background-type":"","background-media":"","overlay-type":"","overlay-color":"","overlay-opacity":"","overlay-gradient":""},"mobile":{"background-color":"var(--ast-global-color-5)","background-image":"","background-repeat":"repeat","background-position":"center center","background-size":"auto","background-attachment":"scroll","background-type":"","background-media":"","overlay-type":"","overlay-color":"","overlay-opacity":"","overlay-gradient":""}},"footnotes":""},"class_list":["post-5111","page","type-page","status-publish","hentry"],"post_mailing_queue_ids":[],"_links":{"self":[{"href":"https:\/\/agora.xtec.cat\/iesehtb\/wp-json\/wp\/v2\/pages\/5111","targetHints":{"allow":["GET"]}}],"collection":[{"href":"https:\/\/agora.xtec.cat\/iesehtb\/wp-json\/wp\/v2\/pages"}],"about":[{"href":"https:\/\/agora.xtec.cat\/iesehtb\/wp-json\/wp\/v2\/types\/page"}],"author":[{"embeddable":true,"href":"https:\/\/agora.xtec.cat\/iesehtb\/wp-json\/wp\/v2\/users\/4"}],"replies":[{"embeddable":true,"href":"https:\/\/agora.xtec.cat\/iesehtb\/wp-json\/wp\/v2\/comments?post=5111"}],"version-history":[{"count":2,"href":"https:\/\/agora.xtec.cat\/iesehtb\/wp-json\/wp\/v2\/pages\/5111\/revisions"}],"predecessor-version":[{"id":8174,"href":"https:\/\/agora.xtec.cat\/iesehtb\/wp-json\/wp\/v2\/pages\/5111\/revisions\/8174"}],"up":[{"embeddable":true,"href":"https:\/\/agora.xtec.cat\/iesehtb\/wp-json\/wp\/v2\/pages\/338"}],"wp:attachment":[{"href":"https:\/\/agora.xtec.cat\/iesehtb\/wp-json\/wp\/v2\/media?parent=5111"}],"curies":[{"name":"wp","href":"https:\/\/api.w.org\/{rel}","templated":true}]}}