{"id":5056,"date":"2020-02-27T14:13:12","date_gmt":"2020-02-27T13:13:12","guid":{"rendered":"https:\/\/agora.xtec.cat\/iesehtb\/?page_id=5056"},"modified":"2025-03-20T09:54:39","modified_gmt":"2025-03-20T08:54:39","slug":"eines-linguistiques","status":"publish","type":"page","link":"https:\/\/agora.xtec.cat\/iesehtb\/eines-linguistiques\/","title":{"rendered":"Eines Ling\u00fc\u00edstiques"},"content":{"rendered":"<p><strong>Eines ling\u00fc\u00edstiques de consulta en l\u00ednia al vostre abast.<\/strong><\/p>\n<p>Cliqueu a sobre\u00a0 i obtindreu\u00a0 l\u2019enlla\u00e7 corresponent:<\/p>\n<ul>\n<li><a href=\"http:\/\/optimot.gencat.cat\/\" target=\"_blank\" rel=\"noopener noreferrer\">Optimot, servei de consultes ling\u00fc\u00edstiques en l\u00ednia<\/a> ( Cercador d&#8217;informaci\u00f3 ling\u00fc\u00edstica que ajuda a resoldre dubtes sobre la llengua catalana)<\/li>\n<\/ul>\n<hr \/>\n<ul>\n<li><a href=\"http:\/\/www.rae.es\/\" target=\"_blank\" rel=\"noopener noreferrer\">Diccionaris de la Reial Acad\u00e8mia Espanyola<\/a> (Diccionario oficial de la lengua espa\u00f1ola )<\/li>\n<\/ul>\n<ul>\n<li><a href=\"https:\/\/dlc.iec.cat\/\">Diec2:<\/a> Diccionari de la llengua catalana de l&#8217;IEC<\/li>\n<\/ul>\n<hr \/>\n<ul>\n<li><a href=\"http:\/\/www.termcat.cat\/\" target=\"_blank\" rel=\"noopener noreferrer\">Cercaterm, servei de consultes terminol\u00f2giques en l\u00ednia del TERMCAT<\/a><\/li>\n<\/ul>\n<hr \/>\n<p>Diccionari\u00a0 per camps tem\u00e0tics : <a href=\"https:\/\/www.termcat.cat\/ca\/diccionaris-en-linia\" target=\"_blank\" rel=\"noopener noreferrer\"><strong>https:\/\/www.termcat.cat\/ca\/diccionaris-en-linia<\/strong><\/a><\/p>\n<p><strong>Agricultura. Ci\u00e8ncia forestal. Jardineria<\/strong><\/p>\n<p><strong>Alimentaci\u00f3. Gastronomia\u00a0 <\/strong><\/p>\n<p><strong>Arts<\/strong><\/p>\n<p><strong>Bot\u00e0nica. Zoologia<\/strong><\/p>\n<p><strong>Ci\u00e8ncies de la vida i de la salut<\/strong><\/p>\n<p><strong>Ci\u00e8ncies socials<\/strong><\/p>\n<p><strong>Dret. Administraci\u00f3. Protecci\u00f3 civil<\/strong><\/p>\n<p><strong>Economia. Empresa. Treball<\/strong><\/p>\n<p><strong>Enginyeria. Ind\u00fastria. Energia<\/strong><\/p>\n<p><strong>F\u00edsica. Qu\u00edmica<\/strong><\/p>\n<p><strong>Lleure. Turisme<\/strong><\/p>\n<p><strong>Plats a la carta <\/strong><a href=\"https:\/\/www.termcat.cat\/es\/diccionaris-en-linia\/116\" target=\"_blank\" rel=\"noopener noreferrer\"><strong>https:\/\/www.termcat.cat\/es\/diccionaris-en-linia\/116<\/strong><\/a><\/p>\n<p><strong>Tecnologies<\/strong><\/p>\n<hr \/>\n<ul>\n<li><a href=\"https:\/\/www.softcatala.org\/\" target=\"_blank\" rel=\"noopener noreferrer\">Softcatal\u00e0 | Inform\u00e0tica i programari en catal\u00e0 <\/a>(Traductor, corrector, diccionaris i programari inform\u00e0tic lliure)<\/li>\n<\/ul>\n<hr \/>\n<p>Us podeu descarregar la informaci\u00f3 en aquest <a href=\"https:\/\/agora.xtec.cat\/iesehtb\/wp-content\/uploads\/usu88\/2020\/02\/Eines-ling\u00fc\u00edstiques-.pdf\" target=\"_blank\" rel=\"noopener noreferrer\">enlla\u00e7<\/a>.<\/p>\n","protected":false},"excerpt":{"rendered":"<p>Eines ling\u00fc\u00edstiques de consulta en l\u00ednia al vostre abast. Cliqueu a sobre\u00a0 i obtindreu\u00a0 l\u2019enlla\u00e7 corresponent: Optimot, servei de consultes ling\u00fc\u00edstiques en l\u00ednia ( Cercador d&#8217;informaci\u00f3 ling\u00fc\u00edstica que ajuda a resoldre dubtes sobre la llengua catalana) Diccionaris de la Reial Acad\u00e8mia Espanyola (Diccionario oficial de la lengua espa\u00f1ola ) Diec2: Diccionari de la llengua catalana [&hellip;]<\/p>\n","protected":false},"author":4,"featured_media":0,"parent":0,"menu_order":0,"comment_status":"closed","ping_status":"closed","template":"page-templates\/side-menu.php","meta":{"_bbp_topic_count":0,"_bbp_reply_count":0,"_bbp_total_topic_count":0,"_bbp_total_reply_count":0,"_bbp_voice_count":0,"_bbp_anonymous_reply_count":0,"_bbp_topic_count_hidden":0,"_bbp_reply_count_hidden":0,"_bbp_forum_subforum_count":0,"site-sidebar-layout":"default","site-content-layout":"","ast-site-content-layout":"","site-content-style":"default","site-sidebar-style":"default","ast-global-header-display":"","ast-banner-title-visibility":"","ast-main-header-display":"","ast-hfb-above-header-display":"","ast-hfb-below-header-display":"","ast-hfb-mobile-header-display":"","site-post-title":"","ast-breadcrumbs-content":"","ast-featured-img":"","footer-sml-layout":"","theme-transparent-header-meta":"","adv-header-id-meta":"","stick-header-meta":"","header-above-stick-meta":"","header-main-stick-meta":"","header-below-stick-meta":"","astra-migrate-meta-layouts":"default","ast-page-background-enabled":"default","ast-page-background-meta":{"desktop":{"background-color":"var(--ast-global-color-4)","background-image":"","background-repeat":"repeat","background-position":"center center","background-size":"auto","background-attachment":"scroll","background-type":"","background-media":"","overlay-type":"","overlay-color":"","overlay-opacity":"","overlay-gradient":""},"tablet":{"background-color":"","background-image":"","background-repeat":"repeat","background-position":"center center","background-size":"auto","background-attachment":"scroll","background-type":"","background-media":"","overlay-type":"","overlay-color":"","overlay-opacity":"","overlay-gradient":""},"mobile":{"background-color":"","background-image":"","background-repeat":"repeat","background-position":"center center","background-size":"auto","background-attachment":"scroll","background-type":"","background-media":"","overlay-type":"","overlay-color":"","overlay-opacity":"","overlay-gradient":""}},"ast-content-background-meta":{"desktop":{"background-color":"var(--ast-global-color-5)","background-image":"","background-repeat":"repeat","background-position":"center center","background-size":"auto","background-attachment":"scroll","background-type":"","background-media":"","overlay-type":"","overlay-color":"","overlay-opacity":"","overlay-gradient":""},"tablet":{"background-color":"var(--ast-global-color-5)","background-image":"","background-repeat":"repeat","background-position":"center center","background-size":"auto","background-attachment":"scroll","background-type":"","background-media":"","overlay-type":"","overlay-color":"","overlay-opacity":"","overlay-gradient":""},"mobile":{"background-color":"var(--ast-global-color-5)","background-image":"","background-repeat":"repeat","background-position":"center center","background-size":"auto","background-attachment":"scroll","background-type":"","background-media":"","overlay-type":"","overlay-color":"","overlay-opacity":"","overlay-gradient":""}},"footnotes":""},"class_list":["post-5056","page","type-page","status-publish","hentry"],"post_mailing_queue_ids":[],"_links":{"self":[{"href":"https:\/\/agora.xtec.cat\/iesehtb\/wp-json\/wp\/v2\/pages\/5056","targetHints":{"allow":["GET"]}}],"collection":[{"href":"https:\/\/agora.xtec.cat\/iesehtb\/wp-json\/wp\/v2\/pages"}],"about":[{"href":"https:\/\/agora.xtec.cat\/iesehtb\/wp-json\/wp\/v2\/types\/page"}],"author":[{"embeddable":true,"href":"https:\/\/agora.xtec.cat\/iesehtb\/wp-json\/wp\/v2\/users\/4"}],"replies":[{"embeddable":true,"href":"https:\/\/agora.xtec.cat\/iesehtb\/wp-json\/wp\/v2\/comments?post=5056"}],"version-history":[{"count":4,"href":"https:\/\/agora.xtec.cat\/iesehtb\/wp-json\/wp\/v2\/pages\/5056\/revisions"}],"predecessor-version":[{"id":10161,"href":"https:\/\/agora.xtec.cat\/iesehtb\/wp-json\/wp\/v2\/pages\/5056\/revisions\/10161"}],"wp:attachment":[{"href":"https:\/\/agora.xtec.cat\/iesehtb\/wp-json\/wp\/v2\/media?parent=5056"}],"curies":[{"name":"wp","href":"https:\/\/api.w.org\/{rel}","templated":true}]}}