{"id":502,"date":"2015-02-10T08:52:39","date_gmt":"2015-02-10T07:52:39","guid":{"rendered":"http:\/\/agora.xtec.cat\/iesehtb\/?page_id=502"},"modified":"2015-02-10T11:08:27","modified_gmt":"2015-02-10T10:08:27","slug":"reglament-sobre-els-donatius","status":"publish","type":"page","link":"https:\/\/agora.xtec.cat\/iesehtb\/serveis\/biblioteca\/reglament-sobre-els-donatius\/","title":{"rendered":"Reglament Sobre els Donatius"},"content":{"rendered":"<p><strong>\u00a0<\/strong><\/p>\n<p>La Biblioteca agraeix i accepta donatius que s\u2019adeq\u00fcin a la seva pol\u00edtica de desenvolupament de la col\u00b7lecci\u00f3, que suposin un benefici per al seu fons, que siguin d\u2019inter\u00e8s per als seus usuaris i que compleixin els seg\u00fcents criteris :<\/p>\n<p>S\u2019accepten :<\/p>\n<ul style=\"margin-top: 0cm;\">\n<li>Obres en bon estat de conservaci\u00f3, en catal\u00e0, castell\u00e0, angl\u00e8s o franc\u00e8s, de nivell divulgatiu i editats per autors i editorials reconeguts, com a regla general.<\/li>\n<li>Obres que estiguin relacionades amb les assignatures que s\u2019imparteixen al Centre i que no superin els 3 anys d\u2019antiguitat.<\/li>\n<li>Obres de refer\u00e8ncia com diccionaris i enciclop\u00e8dies que no superin els 3 anys d\u2019antiguitat.<\/li>\n<li>Revistes i altres publicacions en s\u00e8rie d\u2019inter\u00e8s per a l\u2019escola.<\/li>\n<\/ul>\n<p>No s\u2019accepten :<\/p>\n<ul style=\"margin-top: 0cm;\">\n<li>Documents en mal estat de conservaci\u00f3 o usats, com llibres d\u2019exercicis, retallables o quaderns per acolorir.<\/li>\n<li>Obres amb continguts d\u2019un nivell massa especialitzat que no siguin del nivell dels estudis oferts al centre. La Biblioteca es reserva el dret de fixar-ne el criteri.<\/li>\n<li>Documents amb continguts que poden esdevenir obsolets amb rapidesa, com manuals d\u2019inform\u00e0tica, gram\u00e0tiques i llibres de text, o que ja hagin perdut la seva vig\u00e8ncia informativa.<\/li>\n<li>Documents que expressin opinions o continguts sancionats per la llei.<\/li>\n<li>Obres en diversos volums que no estiguin completes.<\/li>\n<li>Diaris, revistes i altres publicacions en s\u00e8rie fora de l\u2019\u00e0mbit d\u2019estudi de l\u2019escola.<\/li>\n<\/ul>\n<p>No obstant aix\u00f2, la Biblioteca pot acceptar donatius que no compleixin els requisits descrits per\u00f2 que consideri d\u2019inter\u00e8s.<br \/>\nLa persona que faci el donatiu haur\u00e0 d\u2019emplenar aquest document de donaci\u00f3 on podr\u00e0, a m\u00e9s, determinar l\u2019\u00fas del fons <a href=\"http:\/\/agora.xtec.cat\/iesehtb\/wp-content\/uploads\/usu88\/2015\/02\/DONATIUS.pdf\">DONATIUS<\/a>.<\/p>\n","protected":false},"excerpt":{"rendered":"<p>\u00a0 La Biblioteca agraeix i accepta donatius que s\u2019adeq\u00fcin a la seva pol\u00edtica de desenvolupament de la col\u00b7lecci\u00f3, que suposin un benefici per al seu fons, que siguin d\u2019inter\u00e8s per als seus usuaris i que compleixin els seg\u00fcents criteris : S\u2019accepten : Obres en bon estat de conservaci\u00f3, en catal\u00e0, castell\u00e0, angl\u00e8s o franc\u00e8s, de [&hellip;]<\/p>\n","protected":false},"author":1,"featured_media":0,"parent":323,"menu_order":3,"comment_status":"closed","ping_status":"closed","template":"page-templates\/side-menu.php","meta":{"_bbp_topic_count":0,"_bbp_reply_count":0,"_bbp_total_topic_count":0,"_bbp_total_reply_count":0,"_bbp_voice_count":0,"_bbp_anonymous_reply_count":0,"_bbp_topic_count_hidden":0,"_bbp_reply_count_hidden":0,"_bbp_forum_subforum_count":0,"site-sidebar-layout":"default","site-content-layout":"","ast-site-content-layout":"","site-content-style":"default","site-sidebar-style":"default","ast-global-header-display":"","ast-banner-title-visibility":"","ast-main-header-display":"","ast-hfb-above-header-display":"","ast-hfb-below-header-display":"","ast-hfb-mobile-header-display":"","site-post-title":"","ast-breadcrumbs-content":"","ast-featured-img":"","footer-sml-layout":"","theme-transparent-header-meta":"","adv-header-id-meta":"","stick-header-meta":"","header-above-stick-meta":"","header-main-stick-meta":"","header-below-stick-meta":"","astra-migrate-meta-layouts":"default","ast-page-background-enabled":"default","ast-page-background-meta":{"desktop":{"background-color":"var(--ast-global-color-4)","background-image":"","background-repeat":"repeat","background-position":"center center","background-size":"auto","background-attachment":"scroll","background-type":"","background-media":"","overlay-type":"","overlay-color":"","overlay-opacity":"","overlay-gradient":""},"tablet":{"background-color":"","background-image":"","background-repeat":"repeat","background-position":"center center","background-size":"auto","background-attachment":"scroll","background-type":"","background-media":"","overlay-type":"","overlay-color":"","overlay-opacity":"","overlay-gradient":""},"mobile":{"background-color":"","background-image":"","background-repeat":"repeat","background-position":"center center","background-size":"auto","background-attachment":"scroll","background-type":"","background-media":"","overlay-type":"","overlay-color":"","overlay-opacity":"","overlay-gradient":""}},"ast-content-background-meta":{"desktop":{"background-color":"var(--ast-global-color-5)","background-image":"","background-repeat":"repeat","background-position":"center center","background-size":"auto","background-attachment":"scroll","background-type":"","background-media":"","overlay-type":"","overlay-color":"","overlay-opacity":"","overlay-gradient":""},"tablet":{"background-color":"var(--ast-global-color-5)","background-image":"","background-repeat":"repeat","background-position":"center center","background-size":"auto","background-attachment":"scroll","background-type":"","background-media":"","overlay-type":"","overlay-color":"","overlay-opacity":"","overlay-gradient":""},"mobile":{"background-color":"var(--ast-global-color-5)","background-image":"","background-repeat":"repeat","background-position":"center center","background-size":"auto","background-attachment":"scroll","background-type":"","background-media":"","overlay-type":"","overlay-color":"","overlay-opacity":"","overlay-gradient":""}},"footnotes":""},"class_list":["post-502","page","type-page","status-publish","hentry"],"post_mailing_queue_ids":[],"_links":{"self":[{"href":"https:\/\/agora.xtec.cat\/iesehtb\/wp-json\/wp\/v2\/pages\/502","targetHints":{"allow":["GET"]}}],"collection":[{"href":"https:\/\/agora.xtec.cat\/iesehtb\/wp-json\/wp\/v2\/pages"}],"about":[{"href":"https:\/\/agora.xtec.cat\/iesehtb\/wp-json\/wp\/v2\/types\/page"}],"author":[{"embeddable":true,"href":"https:\/\/agora.xtec.cat\/iesehtb\/wp-json\/wp\/v2\/users\/1"}],"replies":[{"embeddable":true,"href":"https:\/\/agora.xtec.cat\/iesehtb\/wp-json\/wp\/v2\/comments?post=502"}],"version-history":[{"count":3,"href":"https:\/\/agora.xtec.cat\/iesehtb\/wp-json\/wp\/v2\/pages\/502\/revisions"}],"predecessor-version":[{"id":565,"href":"https:\/\/agora.xtec.cat\/iesehtb\/wp-json\/wp\/v2\/pages\/502\/revisions\/565"}],"up":[{"embeddable":true,"href":"https:\/\/agora.xtec.cat\/iesehtb\/wp-json\/wp\/v2\/pages\/323"}],"wp:attachment":[{"href":"https:\/\/agora.xtec.cat\/iesehtb\/wp-json\/wp\/v2\/media?parent=502"}],"curies":[{"name":"wp","href":"https:\/\/api.w.org\/{rel}","templated":true}]}}