{"id":499,"date":"2015-02-10T08:50:21","date_gmt":"2015-02-10T07:50:21","guid":{"rendered":"http:\/\/agora.xtec.cat\/iesehtb\/?page_id=499"},"modified":"2020-01-21T21:34:28","modified_gmt":"2020-01-21T20:34:28","slug":"reglament-de-prestec","status":"publish","type":"page","link":"https:\/\/agora.xtec.cat\/iesehtb\/serveis\/biblioteca\/reglament-de-prestec\/","title":{"rendered":"Reglament de Pr\u00e9stec"},"content":{"rendered":"<p><span style=\"color: #ff6600;\"><strong><span style=\"font-size: 12pt;\">Introducci\u00f3<\/span> <\/strong><br \/>\n<\/span><\/p>\n<p>El Servei de pr\u00e9stec de la Biblioteca de l\u2019Escola d\u2019Hoteleria i Turisme de Barcelona(EHTB) est\u00e0 adre\u00e7at a tota la comunitat educativa. La reglamentaci\u00f3 d\u2019aquest servei t\u00e9 com a objectiu prestar els fons bibliogr\u00e0fics i documentals dels que disposa la biblioteca sempre que estiguin disponibles i es compleixin els requisits necessaris.<\/p>\n<p>El pr\u00e9stec es fa de forma informatitzada a trav\u00e9s del programa ep\u00e8rgam que fa servir el bibliotecari.<\/p>\n<p><strong style=\"color: #ff6600; font-size: 12pt; font-family: inherit;\">Objectius<\/strong><\/p>\n<p>El servei de pr\u00e9stec t\u00e9 com a finalitat permetre que els usuaris de la biblioteca puguin treure documents, durant un per\u00edode limitat de temps.<\/p>\n<p><span style=\"font-size: 12pt; color: #ff6600;\"><strong>Usuaris<\/strong><\/span><\/p>\n<p>Es consideren usuaris de la Biblioteca tots els membres de la comunitat educativa de l\u2019Institut Escola d\u2019Hoteleria i Turisme de Barcelona. Es consideren membres de la comunitat educativa:<\/p>\n<ul>\n<li>Estudiants de PQPI, CFGM i CFGS<\/li>\n<li>Professorat<\/li>\n<li>Personal d\u2019administraci\u00f3 i serveis (PAS)<\/li>\n<\/ul>\n<p><span style=\"color: #ff6600; font-size: 12pt;\"><strong>Durada i condicions del pr\u00e9stec<\/strong><\/span><\/p>\n<p>La Biblioteca disposa de tres tipologies de pr\u00e9stec segons la seva durada per a una major comoditat i disponibilitat del fons.<\/p>\n<p>Les diferents modalitats de pr\u00e9stec s\u00f3n:<\/p>\n<ol>\n<li>Pr\u00e9stec habitual: \u00e9s per a tots els usuaris i t\u00e9 una durada de <strong>15 dies naturals<\/strong> (incl\u00f2s cap de setmana) amb possibilitat de <strong>renovaci\u00f3 per 15 dies m\u00e9s<\/strong>, sempre que es demani dins del per\u00edode de pr\u00e9stec. No es renovaran documents en que el pr\u00e9stec hagi expirat. El nombre de documents a emportar-se \u00e9s un m\u00e0xim de <strong>2 documents<\/strong> per usuari sigui quin sigui el seu suport (monografies, publicacions en s\u00e8rie, DVDs, \u2026 )<\/li>\n<li>Pr\u00e9stec per hores: el professorat i el personal d\u2019administraci\u00f3 i serveis pot retirar de la Biblioteca documents exclosos de pr\u00e9stec durant unes hores. El pr\u00e9stec tindr\u00e0 com a durada m\u00e0xima l\u2019horari de tancament de la Biblioteca.<\/li>\n<li>Pr\u00e9stec d\u2019aula: Els professors podran endur-se un nombre indeterminat de volums per a ser utilitzats a les aules, en concepte de pr\u00e9stec per a les classes. La durada m\u00e0xima d\u2019aquest pr\u00e9stec \u00e9s fins al tancament de la Biblioteca.<\/li>\n<\/ol>\n<p><strong style=\"color: #ff6600; font-size: 12pt; font-family: inherit;\">Dip\u00f2sit<\/strong><\/p>\n<p>S\u2019ent\u00e9n per dip\u00f2sit el fons documental que ha adquirit la Biblioteca i que es troba disponible a la sala de consulta de forma oberta.<\/p>\n<p>Els documents que es troben en els diferents departaments educatius estan exclosos de pr\u00e9stec excepte per al professorat del mateix departament que en podran disposar a voluntat. Cada departament t\u00e9 una persona que s\u2019encarrega de la gesti\u00f3 del seu fons i que determinar\u00e0 les condicions d\u2019acc\u00e9s al forn per part de l\u2019alumnat.<\/p>\n<p>La biblioteca no es far\u00e0 responsable del pr\u00e9stec dels fons departamentals per\u00f2 oferir\u00e0 ajuda al professorat al c\u00e0rrec sempre que ho demani.<\/p>\n<p><span style=\"font-size: 12pt; color: #ff6600;\"><strong>Documents exclosos de pr\u00e9stec<\/strong><\/span><\/p>\n<p>A part de les limitacions esmentades anteriorment del fons departamental, queden exclosos de pr\u00e9stec:<\/p>\n<ul style=\"margin-top: 0cm;\">\n<li>Obres de refer\u00e8ncia (enciclop\u00e8dies, diccionaris, cat\u00e0legs, bibliografies, etc.).<\/li>\n<li>S\u00e8ries i publicacions peri\u00f2diques (el n\u00famero en curs).<\/li>\n<li>Llibres, documents o mapes antics, rars i preciosos. Llibres, documents o mapes moderns ja exhaurits i dif\u00edcilment reempla\u00e7ables.<\/li>\n<li>Llibres, documents o mapes molt consultats dels quals les biblioteques nom\u00e9s tinguin un exemplar. En el cas de tenir-ne diverses c\u00f2pies, almenys una restar\u00e0 exclosa de pr\u00e9stec per assegurar-ne la possibilitat de la consulta a la sala de lectura.<\/li>\n<li>Fulls solts i opuscles.<\/li>\n<li>Atles.<\/li>\n<li>Documents que hagin estat donats amb aquesta condici\u00f3 (donacions, llegats, etc.)<\/li>\n<\/ul>\n<p>Tots els documents exclosos de pr\u00e9stec els trobareu marcats amb un gomet vermell. Consulteu al Taulell del bibliotecari la possibilitat d\u2019un pr\u00e9stec de cap de setmana.<\/p>\n<p><span style=\"color: #ff6600; font-size: 12pt;\"><strong>Devolucions<\/strong><\/span><\/p>\n<p>\u00c9s obligatori retornar els llibres abans de la data l\u00edmit. D&#8217;aquesta manera es podr\u00e0 garantir un bon funcionament d&#8217;aquest servei en benefici dels usuaris. Qualsevol membre vinculat a la comunitat educativa haur\u00e0 de retornar a la biblioteca els documents en pr\u00e9stec a la fi de la seva vinculaci\u00f3 amb l\u2019EHTB.<\/p>\n<p><span style=\"color: #ff6600; font-size: 12pt;\"><strong>Sancions<\/strong><\/span><\/p>\n<p>L\u2019usuari \u00e9s responsable dels materials que t\u00e9 en pr\u00e9stec, motiu pel qual vetllar\u00e0 per la seva conservaci\u00f3 durant els seu \u00fas. Si un document es retorna malm\u00e8s o deteriorat, o no es pot retornar per haver-lo perdut o abandonat, l\u2019usuari haur\u00e0 de restituir-lo per un de nou. Si l\u2019obra est\u00e0 exhaurida, l\u2019usuari haur\u00e0 d\u2019abonar a la Biblioteca un import que permeti adquirir-ne un altre de caracter\u00edstiques similars. Fins que aix\u00f2 no es compleixi l\u2019usuari quedar\u00e0 excl\u00f2s temporalment del Servei de pr\u00e9stec.<\/p>\n<p>Els retards en el retorn dels pr\u00e9stecs seran sancionats amb exclusi\u00f3 de pr\u00e9stec, a saber que cada dia de retard equivaldr\u00e0 dos dies de penalitzaci\u00f3. L\u2019acumulaci\u00f3 de m\u00e9s de 60 dies de retard suposar\u00e0 l\u2019exclusi\u00f3 total de pr\u00e9stec per aquell curs.<\/p>\n","protected":false},"excerpt":{"rendered":"<p>Introducci\u00f3 El Servei de pr\u00e9stec de la Biblioteca de l\u2019Escola d\u2019Hoteleria i Turisme de Barcelona(EHTB) est\u00e0 adre\u00e7at a tota la comunitat educativa. La reglamentaci\u00f3 d\u2019aquest servei t\u00e9 com a objectiu prestar els fons bibliogr\u00e0fics i documentals dels que disposa la biblioteca sempre que estiguin disponibles i es compleixin els requisits necessaris. El pr\u00e9stec es fa [&hellip;]<\/p>\n","protected":false},"author":1,"featured_media":0,"parent":323,"menu_order":2,"comment_status":"closed","ping_status":"closed","template":"page-templates\/side-menu.php","meta":{"_bbp_topic_count":0,"_bbp_reply_count":0,"_bbp_total_topic_count":0,"_bbp_total_reply_count":0,"_bbp_voice_count":0,"_bbp_anonymous_reply_count":0,"_bbp_topic_count_hidden":0,"_bbp_reply_count_hidden":0,"_bbp_forum_subforum_count":0,"site-sidebar-layout":"default","site-content-layout":"","ast-site-content-layout":"","site-content-style":"default","site-sidebar-style":"default","ast-global-header-display":"","ast-banner-title-visibility":"","ast-main-header-display":"","ast-hfb-above-header-display":"","ast-hfb-below-header-display":"","ast-hfb-mobile-header-display":"","site-post-title":"","ast-breadcrumbs-content":"","ast-featured-img":"","footer-sml-layout":"","theme-transparent-header-meta":"","adv-header-id-meta":"","stick-header-meta":"","header-above-stick-meta":"","header-main-stick-meta":"","header-below-stick-meta":"","astra-migrate-meta-layouts":"default","ast-page-background-enabled":"default","ast-page-background-meta":{"desktop":{"background-color":"var(--ast-global-color-4)","background-image":"","background-repeat":"repeat","background-position":"center center","background-size":"auto","background-attachment":"scroll","background-type":"","background-media":"","overlay-type":"","overlay-color":"","overlay-opacity":"","overlay-gradient":""},"tablet":{"background-color":"","background-image":"","background-repeat":"repeat","background-position":"center center","background-size":"auto","background-attachment":"scroll","background-type":"","background-media":"","overlay-type":"","overlay-color":"","overlay-opacity":"","overlay-gradient":""},"mobile":{"background-color":"","background-image":"","background-repeat":"repeat","background-position":"center center","background-size":"auto","background-attachment":"scroll","background-type":"","background-media":"","overlay-type":"","overlay-color":"","overlay-opacity":"","overlay-gradient":""}},"ast-content-background-meta":{"desktop":{"background-color":"var(--ast-global-color-5)","background-image":"","background-repeat":"repeat","background-position":"center center","background-size":"auto","background-attachment":"scroll","background-type":"","background-media":"","overlay-type":"","overlay-color":"","overlay-opacity":"","overlay-gradient":""},"tablet":{"background-color":"var(--ast-global-color-5)","background-image":"","background-repeat":"repeat","background-position":"center center","background-size":"auto","background-attachment":"scroll","background-type":"","background-media":"","overlay-type":"","overlay-color":"","overlay-opacity":"","overlay-gradient":""},"mobile":{"background-color":"var(--ast-global-color-5)","background-image":"","background-repeat":"repeat","background-position":"center center","background-size":"auto","background-attachment":"scroll","background-type":"","background-media":"","overlay-type":"","overlay-color":"","overlay-opacity":"","overlay-gradient":""}},"footnotes":""},"class_list":["post-499","page","type-page","status-publish","hentry"],"post_mailing_queue_ids":[],"_links":{"self":[{"href":"https:\/\/agora.xtec.cat\/iesehtb\/wp-json\/wp\/v2\/pages\/499","targetHints":{"allow":["GET"]}}],"collection":[{"href":"https:\/\/agora.xtec.cat\/iesehtb\/wp-json\/wp\/v2\/pages"}],"about":[{"href":"https:\/\/agora.xtec.cat\/iesehtb\/wp-json\/wp\/v2\/types\/page"}],"author":[{"embeddable":true,"href":"https:\/\/agora.xtec.cat\/iesehtb\/wp-json\/wp\/v2\/users\/1"}],"replies":[{"embeddable":true,"href":"https:\/\/agora.xtec.cat\/iesehtb\/wp-json\/wp\/v2\/comments?post=499"}],"version-history":[{"count":2,"href":"https:\/\/agora.xtec.cat\/iesehtb\/wp-json\/wp\/v2\/pages\/499\/revisions"}],"predecessor-version":[{"id":4914,"href":"https:\/\/agora.xtec.cat\/iesehtb\/wp-json\/wp\/v2\/pages\/499\/revisions\/4914"}],"up":[{"embeddable":true,"href":"https:\/\/agora.xtec.cat\/iesehtb\/wp-json\/wp\/v2\/pages\/323"}],"wp:attachment":[{"href":"https:\/\/agora.xtec.cat\/iesehtb\/wp-json\/wp\/v2\/media?parent=499"}],"curies":[{"name":"wp","href":"https:\/\/api.w.org\/{rel}","templated":true}]}}