{"id":4989,"date":"2020-02-17T12:35:12","date_gmt":"2020-02-17T11:35:12","guid":{"rendered":"https:\/\/agora.xtec.cat\/iesehtb\/?page_id=4989"},"modified":"2026-01-28T18:52:06","modified_gmt":"2026-01-28T17:52:06","slug":"xarxa-fp","status":"publish","type":"page","link":"https:\/\/agora.xtec.cat\/iesehtb\/linstitut\/mobilitat-internacional\/xarxa-fp\/","title":{"rendered":"Xarxa FP"},"content":{"rendered":"<p><span style=\"color: #ff6600;\"><a href=\"http:\/\/agora.xtec.cat\/iesehtb\/wp-content\/uploads\/usu88\/2015\/02\/image005.jpg\"><img loading=\"lazy\" decoding=\"async\" class=\"alignnone size-full wp-image-384\" src=\"http:\/\/agora.xtec.cat\/iesehtb\/wp-content\/uploads\/usu88\/2015\/02\/image005.jpg\" alt=\"image005\" width=\"218\" height=\"90\" \/><\/a> <\/span><\/p>\n<p><span style=\"color: #ff6600;\"><strong><span style=\"text-decoration: underline;\"><span style=\"font-size: 12pt;\">Fundaci\u00f3 <\/span><\/span><\/strong><\/span><span style=\"color: #ff6600;\"><strong><span style=\"text-decoration: underline;\"><span style=\"font-size: 12pt;\">BCN Formaci\u00f3 Professional<\/span><\/span><\/strong><\/span><\/p>\n<p><span style=\"color: #ff6600;\"><strong>PROJECTES DE MOBILITAT<\/strong> <strong>BEQUES ERASMUS+:\u00a0\u00a0 A TRAV\u00c9S DE LA XARXA BCN FP<\/strong> <\/span><\/p>\n<p><span style=\"color: #ff6600;\"><strong>Consorci ERASMUS+ Educaci\u00f3 Superior: <\/strong>Projecte BCN-Europa <\/span><\/p>\n<p><span style=\"color: #ff6600;\"><strong>Consorci ERASMUS+ Formaci\u00f3 Professional Grau Mitj\u00e0: <\/strong>Projecte IVET in Europe <strong>\u00a0<\/strong><\/span><\/p>\n<p><span style=\"color: #ff6600;\"><strong>INFORMACI\u00d3 GENERAL<\/strong> <\/span><\/p>\n<p style=\"text-align: justify;\"><span style=\"color: #000000;\">L\u2019Institut Escola d\u2019Hoteleria i Turisme de Barcelona, participa en dos projectes Erasmus+ coordinats per la Fundaci\u00f3 BCN Formaci\u00f3 Professional. Aquests projectes atorguen al nostre centre un nombre de beques Erasmus+ que s\u00f3n gestionades directament per la Fundaci\u00f3. Aquestes beques estan destinades a <strong>ESTUDIANTS<\/strong> i <strong>GRADUATS<\/strong> dels <strong>CICLES FORMATIUS DE GRAU SUPERIOR I GRAU MITJ\u00c0.<\/strong> La selecci\u00f3 dels alumnes es fa en el nostre centre amb els mateixos criteris que la resta d\u2019alumnes interessats en les beques Erasmus+ de pr\u00e0ctiques i les ciutats on es realitzen les estades formatives s\u00f3n les ciutats de l\u2019Associaci\u00f3 Xarxa FP.<\/span><\/p>\n<p><span style=\"color: #ff6600;\"><a href=\"http:\/\/www.xarxafp.org\/\"><strong>http:\/\/www.xarxafp.org\/<\/strong><\/a> <strong>\u00a0<\/strong><\/span><\/p>\n<ol>\n<li><span style=\"color: #ff6600;\"><strong> Consorci ERASMUS+ Educaci\u00f3 Superior: <\/strong><strong>PROJECTE BCN &#8211; EUROPA<\/strong><\/span><\/li>\n<\/ol>\n<p><strong>OBJECTIU <\/strong><\/p>\n<p><strong>BENEFICIARIS<\/strong><\/p>\n<p><strong>QU\u00c8 I COM ES FAR\u00c0 LA SELECCI\u00d3<\/strong><\/p>\n<p><strong>CALENDARI I PROC\u00c9S<br \/>\n<\/strong><\/p>\n<p><span style=\"color: #ff6600;\"><strong>OBJECTIU<\/strong> <\/span><\/p>\n<p><span style=\"color: #ff6600;\"><span style=\"color: #000000;\">Fomentar que els <strong>estudiants i graduats dels cicles formatius de grau superior <\/strong>puguin dur a terme part de la formaci\u00f3 en centres de treball\u00a0 en empreses o institucions dels diferents pa\u00efsos de la Uni\u00f3 Europea. <\/span><\/span><\/p>\n<p><span style=\"color: #ff6600;\"><strong>BENEFICIARIS<\/strong> <\/span><\/p>\n<ul>\n<li>Estudiants i graduats dels cicles formatius de grau superior dels centres socis del Consorci Erasmus.<\/li>\n<li>Estudiants majors de 18 anys.<\/li>\n<li>Estudiants amb bon nivell en alguna llengua estrangera (m\u00ednim B1).<\/li>\n<\/ul>\n<p><span style=\"color: #ff6600;\"><strong>QUI I COM ES FAR\u00c0 LA SELECCI\u00d3<\/strong><\/span><\/p>\n<ul>\n<li>Mateix proc\u00e9s que per ERASMUS + (EHTB)<\/li>\n<li>Omplir Fitxa d\u2019inscripci\u00f3 dels estudiants<\/li>\n<li>Els alumnes interessats faran una entrevista a EHTB i lliuraran el seu CV Europass en llengua estrangera.<\/li>\n<li>Els alumnes seleccionats pel centre duran a terme una entrevista personal a la Fundaci\u00f3 BCN Formaci\u00f3 Professional, lliuraran el seu CV Europass i la seva carta de presentaci\u00f3 en llengua estrangera.<\/li>\n<\/ul>\n<p><span style=\"color: #000000;\">Cap beca podr\u00e0 ser atorgada sense l\u2019entrevista pr\u00e8via.<\/span><\/p>\n<ol style=\"list-style-type: lower-alpha;\">\n<li>L\u2019elecci\u00f3 dels participants es realitzar\u00e0 seguint els criteris de <strong>m\u00e8rit acad\u00e8mic<\/strong> (10 punts), <strong>compet\u00e8ncia ling\u00fc\u00edstica <\/strong>(20 punts) i c<strong>ompet\u00e8ncies personals\u00a0\u00a0 <\/strong>(10 punts).<\/li>\n<\/ol>\n<p><span style=\"color: #ff6600;\"><strong>CALENDARI I PROC\u00c9S<\/strong> <\/span><\/p>\n<p><span style=\"color: #000000;\">Les estades Erasmus es realitzen en dos per\u00edodes diferenciats:<\/span><\/p>\n<ul>\n<li><strong>Del maig al juny <\/strong>(estudiants EHTB)<\/li>\n<li><strong>De l\u2019octubre al novembre <\/strong>(estudiants graduats)<\/li>\n<\/ul>\n<p><span style=\"color: #ff6600;\"><a href=\"http:\/\/agora.xtec.cat\/iesehtb\/wp-content\/uploads\/usu88\/2015\/02\/xarxa-fp-calendari-1.bmp\"><img loading=\"lazy\" decoding=\"async\" class=\"alignnone size-full wp-image-2309\" src=\"http:\/\/agora.xtec.cat\/iesehtb\/wp-content\/uploads\/usu88\/2015\/02\/xarxa-fp-calendari-1.bmp\" alt=\"xarxa fp -calendari 1\" width=\"579\" height=\"338\" \/><\/a><\/span><\/p>\n<ol start=\"2\">\n<li><strong>BEQUES ERASMUS+: A trav\u00e9s de la Xarxa BCN FP (ERASMUS +) GRAU MITJ\u00c0<\/strong><\/li>\n<\/ol>\n<p><span style=\"color: #ff6600;\"><strong>\u00a0Consorci ERASMUS+ (Formaci\u00f3 Professional): IVET in Europe<\/strong><\/span><\/p>\n<p><strong>OBJECTIU<\/strong><\/p>\n<p><strong>BENEFICIARIS<\/strong><\/p>\n<p><strong>QU\u00c8 I COM ES FAR\u00c0 LA SELECCI\u00d3<\/strong><\/p>\n<p><strong>CALENDARI I PROC\u00c9S<\/strong><\/p>\n<p><span style=\"color: #ff6600;\"><strong>OBJECTIU<\/strong> <\/span><\/p>\n<p style=\"text-align: justify;\"><span style=\"color: #000000;\">Fomentar que els <strong>acabats de graduar <\/strong><strong>en els cicles formatius de grau mitj\u00e0 <\/strong>puguin adquirir una major i m\u00e9s diversa experi\u00e8ncia professional a trav\u00e9s de pr\u00e0ctiques en empreses dels diferents pa\u00efsos de la Uni\u00f3 Europea. <strong>\u00a0<\/strong><\/span><\/p>\n<p><span style=\"color: #ff6600;\"><strong>BENEFICIARIS<\/strong><\/span><\/p>\n<ul>\n<li>Acabats de graduar en els cicles formatius de grau mitj\u00e0 dels centres socis del projecte.<\/li>\n<li>Graduats majors de 18 anys.<\/li>\n<li>Graduats amb bon nivell en alguna llengua estrangera (m\u00ednim B1)<\/li>\n<\/ul>\n<p><span style=\"color: #ff6600;\"><strong>\u00a0QU\u00c8 I COM ES FAR\u00c0 LA SELECCI\u00d3<\/strong><\/span><\/p>\n<ul>\n<li>Mateix proc\u00e9s que per ERASMUS + (EHTB)<\/li>\n<li>Omplir Fitxa d\u2019inscripci\u00f3 dels estudiants<\/li>\n<li>Els alumnes interessats portaran a cap una entrevista a EHTB i lliuraran el seu CV Europass en llengua estrangera.<\/li>\n<li>Els alumnes seleccionats pel centre faran una entrevista personal a la Fundaci\u00f3 BCN Formaci\u00f3 Professional, lliuraran el seu CV Europass i la seva carta de presentaci\u00f3 en llengua estrangera.<\/li>\n<\/ul>\n<p><span style=\"color: #000000;\">Cap beca podr\u00e0 ser atorgada sense l\u2019entrevista pr\u00e8via.<\/span><\/p>\n<ul>\n<li>L\u2019elecci\u00f3 dels participants es far\u00e0 seguint els criteris de <strong>m\u00e8rit acad\u00e8mic<\/strong> (10 punts), <strong>compet\u00e8ncia ling\u00fc\u00edstica <\/strong>(20 punts) i c<strong>ompet\u00e8ncies personals\u00a0\u00a0 <\/strong>(10 punts).<\/li>\n<li>Els estudiants hauran de dur a terme un curs d\u2019idiomes en l\u00ednia previ a l\u2019estada formativa.<\/li>\n<\/ul>\n<p><span style=\"color: #ff6600;\"><strong>CALENDARI I PROC\u00c9S<\/strong> <\/span><\/p>\n<p><span style=\"color: #000000;\">Les estades Erasmus es realitzen en dos per\u00edodes diferenciats:<\/span><\/p>\n<ul>\n<li>\u00a0<strong>De l\u2019octubre al novembre<\/strong><\/li>\n<li><strong>Del gener al mar\u00e7<\/strong><\/li>\n<\/ul>\n<p><span style=\"color: #ff6600;\"><strong><u>\u00a0<a href=\"http:\/\/agora.xtec.cat\/iesehtb\/wp-content\/uploads\/usu88\/2015\/02\/xarxa-fp-calendari-2.bmp\"><img loading=\"lazy\" decoding=\"async\" class=\"alignnone size-full wp-image-2311\" src=\"http:\/\/agora.xtec.cat\/iesehtb\/wp-content\/uploads\/usu88\/2015\/02\/xarxa-fp-calendari-2.bmp\" alt=\"xarxa fp -calendari 2\" width=\"597\" height=\"400\" \/><\/a><\/u><\/strong> <\/span><\/p>\n<p><span style=\"color: #ff6600;\">Per a m\u00e9s informaci\u00f3: <strong><a href=\"http:\/\/www.fundaciobcnfp.cat\/index.php\/es\/\">http:\/\/www.fundaciobcnfp.cat\/index.php\/es\/<\/a><\/strong> \u00a0 \u00a0<\/span><\/p>\n<p>&nbsp;<\/p>\n<p><span style=\"color: #ff6600;\"><strong>Formaci\u00f3 Professional B\u00e0sica, pr\u00e0ctiques professionals a Europa: PFI Hoteleria.<\/strong><\/span><\/p>\n<p>Des del curs 2021\/22\u00a0 participem amb mobilitats pel nostre <strong>alumnat de PFI d\u2019Hoteleria <\/strong>al projecte de la Xarxa FP de Fundaci\u00f3 BCN: <em>Formaci\u00f3n Profesional B\u00e1sica : Pr\u00e1cticas profesionales en Europa.<\/em><\/p>\n<p>Projecte de mobilitat de pr\u00e0ctiques laborals en grup per a estudiants d&#8217;FP B\u00e0sica.<\/p>\n<p>15 dies de mobilitat a Munic, Lisboa o Tolosa.<\/p>\n<p>3\u00a0 estudiants de Formaci\u00f3 Professional B\u00e0sica (PFI) per centre.<\/p>\n<p>2 acompanyants per dest\u00ed (Xarxa FP + professor de centre) durant tota l&#8217;estada.<\/p>\n<p>&nbsp;<\/p>\n<p><strong>Objectius del projecte:<\/strong><\/p>\n<p>O1. Facilitar desenvolupament competencial dels estudiants.<\/p>\n<p>O2. Facilitar desenvolupament de compet\u00e8ncies ling\u00fc\u00edstiques dels estudiants.<\/p>\n<p>O3. Potenciar sentiment de pertinen\u00e7a a la UE entre els estudiants.<\/p>\n<p>O4. Refor\u00e7ar autoestima i motivaci\u00f3 dels estudiants per a fomentar la seva transici\u00f3 cap a l&#8217;FP Inicial.<\/p>\n<p>O5. Acompanyar als estudiants en la presa de decisions respecte a la seva traject\u00f2ria educativa\/professional.<\/p>\n<p>O6. Empoderar als centres perqu\u00e8 comencin a desenvolupar els seus propis projectes de mobilitat d&#8217;FP B\u00e0sica.<\/p>\n<p>O7. Refor\u00e7ar capacitats de gesti\u00f3 i cooperaci\u00f3 transfronterera dels centres.<\/p>\n<p>O8. Refor\u00e7ar partenariat de Xarxa FP.<\/p>\n<p>&nbsp;<\/p>\n<p><strong>Gesti\u00f3 projecte:<\/strong><\/p>\n<p>Beca estudiants (2 pagaments): 838\u202f\u20ac manutenci\u00f3 + transporti (180-275\u202f\u20ac segons dest\u00ed).<\/p>\n<p>Beca acompanyant (1 pagament): 1.529\u202f\u20ac manutenci\u00f3 + transporti (180-275\u202f\u20ac segons dest\u00ed).<\/p>\n<p>Xarxa FP gestiona allotjament + viatge + activitats culturals.<\/p>\n<p>Centres donen suport en la preparaci\u00f3 ling\u00fc\u00edstica i la gesti\u00f3 de documents<\/p>\n<p>Calendari previ a la mobilitat:<\/p>\n<ul>\n<li>Fase de difusi\u00f3, captaci\u00f3 i selecci\u00f3 de participants: Fins al 20 de desembre<\/li>\n<li>Fase de preparaci\u00f3 (sessions informatives, tallers interculturals i preparaci\u00f3 ling\u00fc\u00edstica): De gener a abril<\/li>\n<li>Fase de mobilitat: Maig<\/li>\n<\/ul>\n<p><strong>Requisits de selecci\u00f3:<\/strong><\/p>\n<p>Tenir l&#8217;autonomia suficient per a participar en un projecte de mobilitat.<\/p>\n<ul>\n<li><strong>Criteris de selecci\u00f3:<\/strong><\/li>\n<li>Motivaci\u00f3.<\/li>\n<li>Nivell d&#8217;idiomes.<\/li>\n<li>Adequaci\u00f3 dels objectius del projecte a la traject\u00f2ria vital\/educativa.<\/li>\n<li>Factors de risc d&#8217;exclusi\u00f3 social.<\/li>\n<li>Entrevista.<\/li>\n<\/ul>\n","protected":false},"excerpt":{"rendered":"<p>Fundaci\u00f3 BCN Formaci\u00f3 Professional PROJECTES DE MOBILITAT BEQUES ERASMUS+:\u00a0\u00a0 A TRAV\u00c9S DE LA XARXA BCN FP Consorci ERASMUS+ Educaci\u00f3 Superior: Projecte BCN-Europa Consorci ERASMUS+ Formaci\u00f3 Professional Grau Mitj\u00e0: Projecte IVET in Europe \u00a0 INFORMACI\u00d3 GENERAL L\u2019Institut Escola d\u2019Hoteleria i Turisme de Barcelona, participa en dos projectes Erasmus+ coordinats per la Fundaci\u00f3 BCN Formaci\u00f3 Professional. Aquests [&hellip;]<\/p>\n","protected":false},"author":4,"featured_media":0,"parent":338,"menu_order":14,"comment_status":"closed","ping_status":"closed","template":"page-templates\/side-menu.php","meta":{"_bbp_topic_count":0,"_bbp_reply_count":0,"_bbp_total_topic_count":0,"_bbp_total_reply_count":0,"_bbp_voice_count":0,"_bbp_anonymous_reply_count":0,"_bbp_topic_count_hidden":0,"_bbp_reply_count_hidden":0,"_bbp_forum_subforum_count":0,"site-sidebar-layout":"default","site-content-layout":"","ast-site-content-layout":"","site-content-style":"default","site-sidebar-style":"default","ast-global-header-display":"","ast-banner-title-visibility":"","ast-main-header-display":"","ast-hfb-above-header-display":"","ast-hfb-below-header-display":"","ast-hfb-mobile-header-display":"","site-post-title":"","ast-breadcrumbs-content":"","ast-featured-img":"","footer-sml-layout":"","theme-transparent-header-meta":"","adv-header-id-meta":"","stick-header-meta":"","header-above-stick-meta":"","header-main-stick-meta":"","header-below-stick-meta":"","astra-migrate-meta-layouts":"default","ast-page-background-enabled":"default","ast-page-background-meta":{"desktop":{"background-color":"var(--ast-global-color-4)","background-image":"","background-repeat":"repeat","background-position":"center center","background-size":"auto","background-attachment":"scroll","background-type":"","background-media":"","overlay-type":"","overlay-color":"","overlay-opacity":"","overlay-gradient":""},"tablet":{"background-color":"","background-image":"","background-repeat":"repeat","background-position":"center center","background-size":"auto","background-attachment":"scroll","background-type":"","background-media":"","overlay-type":"","overlay-color":"","overlay-opacity":"","overlay-gradient":""},"mobile":{"background-color":"","background-image":"","background-repeat":"repeat","background-position":"center center","background-size":"auto","background-attachment":"scroll","background-type":"","background-media":"","overlay-type":"","overlay-color":"","overlay-opacity":"","overlay-gradient":""}},"ast-content-background-meta":{"desktop":{"background-color":"var(--ast-global-color-5)","background-image":"","background-repeat":"repeat","background-position":"center center","background-size":"auto","background-attachment":"scroll","background-type":"","background-media":"","overlay-type":"","overlay-color":"","overlay-opacity":"","overlay-gradient":""},"tablet":{"background-color":"var(--ast-global-color-5)","background-image":"","background-repeat":"repeat","background-position":"center center","background-size":"auto","background-attachment":"scroll","background-type":"","background-media":"","overlay-type":"","overlay-color":"","overlay-opacity":"","overlay-gradient":""},"mobile":{"background-color":"var(--ast-global-color-5)","background-image":"","background-repeat":"repeat","background-position":"center center","background-size":"auto","background-attachment":"scroll","background-type":"","background-media":"","overlay-type":"","overlay-color":"","overlay-opacity":"","overlay-gradient":""}},"footnotes":""},"class_list":["post-4989","page","type-page","status-publish","hentry"],"post_mailing_queue_ids":[],"_links":{"self":[{"href":"https:\/\/agora.xtec.cat\/iesehtb\/wp-json\/wp\/v2\/pages\/4989","targetHints":{"allow":["GET"]}}],"collection":[{"href":"https:\/\/agora.xtec.cat\/iesehtb\/wp-json\/wp\/v2\/pages"}],"about":[{"href":"https:\/\/agora.xtec.cat\/iesehtb\/wp-json\/wp\/v2\/types\/page"}],"author":[{"embeddable":true,"href":"https:\/\/agora.xtec.cat\/iesehtb\/wp-json\/wp\/v2\/users\/4"}],"replies":[{"embeddable":true,"href":"https:\/\/agora.xtec.cat\/iesehtb\/wp-json\/wp\/v2\/comments?post=4989"}],"version-history":[{"count":4,"href":"https:\/\/agora.xtec.cat\/iesehtb\/wp-json\/wp\/v2\/pages\/4989\/revisions"}],"predecessor-version":[{"id":10586,"href":"https:\/\/agora.xtec.cat\/iesehtb\/wp-json\/wp\/v2\/pages\/4989\/revisions\/10586"}],"up":[{"embeddable":true,"href":"https:\/\/agora.xtec.cat\/iesehtb\/wp-json\/wp\/v2\/pages\/338"}],"wp:attachment":[{"href":"https:\/\/agora.xtec.cat\/iesehtb\/wp-json\/wp\/v2\/media?parent=4989"}],"curies":[{"name":"wp","href":"https:\/\/api.w.org\/{rel}","templated":true}]}}