{"id":494,"date":"2015-02-10T08:43:49","date_gmt":"2015-02-10T07:43:49","guid":{"rendered":"http:\/\/agora.xtec.cat\/iesehtb\/?page_id=494"},"modified":"2025-03-20T10:37:38","modified_gmt":"2025-03-20T09:37:38","slug":"normativa-basica-de-la-biblioteca-de-lehtb","status":"publish","type":"page","link":"https:\/\/agora.xtec.cat\/iesehtb\/serveis\/biblioteca\/normativa-basica-de-la-biblioteca-de-lehtb\/","title":{"rendered":"Normativa B\u00e0sica de la Biblioteca de l\u2019EHTB"},"content":{"rendered":"<p><span style=\"color: #ff6600;\"><strong><span style=\"font-size: 12pt; line-height: 115%;\">Sobre l&#8217;\u00fas dels espais de la Biblioteca<\/span><\/strong><\/span><\/p>\n<ul>\n<li><span style=\"font-size: 12pt; line-height: 115%; font-family: 'Berlin Sans FB','sans-serif';\">Cal signar el llibre de visites nom\u00e9s entrar a la biblioteca.<\/span><\/li>\n<li><span style=\"font-size: 12pt; line-height: 115%; font-family: 'Berlin Sans FB','sans-serif';\">Cal mantenir una actitud correcte i c\u00edvica, evitar qualsevol activitat que pertorbi la lectura, la consulta o l\u2019estudi i respectar el mobiliari.<\/span>\n<ul>\n<li><span style=\"font-size: 12pt; line-height: 115%; font-family: 'Berlin Sans FB','sans-serif';\">Mantenir el silenci.<\/span><\/li>\n<li><span style=\"color: #ff6600;\"><strong><span style=\"font-size: 12pt; line-height: 115%; font-family: 'Berlin Sans FB','sans-serif';\">No <\/span><\/strong><\/span><span style=\"font-size: 12pt; line-height: 115%; font-family: 'Berlin Sans FB','sans-serif';\">es poden utilitzar els m\u00f2bils.<\/span><\/li>\n<li><span style=\"color: #ff6600;\"><strong><span style=\"font-size: 12pt; line-height: 115%; font-family: 'Berlin Sans FB','sans-serif';\">No <\/span><\/strong><\/span><span style=\"font-size: 12pt; line-height: 115%; font-family: 'Berlin Sans FB','sans-serif';\">es pot menjar ni beure.<\/span><\/li>\n<li><span style=\"font-size: 12pt; line-height: 115%; font-family: 'Berlin Sans FB','sans-serif';\">Abans de sortir de la biblioteca <span style=\"color: #ff6600;\"><strong>NO<\/strong><\/span> apagar l&#8217;ordinador i col\u00b7locar b\u00e9 la cadira.<\/span><\/li>\n<li><span style=\"font-size: 12pt; line-height: 115%; font-family: 'Berlin Sans FB','sans-serif';\">S&#8217;ha de tenir cura amb les vostres pertinences per evitar robatoris.<\/span><\/li>\n<\/ul>\n<\/li>\n<\/ul>\n<p><span style=\"color: #ff6600;\"><strong><span style=\"font-size: 12pt; line-height: 115%;\">Sobre l\u2019\u00fas del material i equipaments<\/span><\/strong><br \/>\n<\/span><\/p>\n<ul>\n<li><span style=\"font-size: 12pt; line-height: 115%; font-family: 'Berlin Sans FB','sans-serif';\">Per fer \u00fas dels serveis de la Biblioteca cal presentar el carnet d\u2019estudiant.<\/span><\/li>\n<li><span style=\"font-size: 12pt; line-height: 115%; font-family: 'Berlin Sans FB','sans-serif';\">Utilitzar amb cura els fons bibliogr\u00e0fics i els recursos d\u2019informaci\u00f3. S\u00f3n patrimoni de tots.<\/span><\/li>\n<li><span style=\"font-size: 12pt; line-height: 115%; font-family: 'Berlin Sans FB','sans-serif';\">Complir la normativa i els terminis de pr\u00e9stec, per tal de respectar els drets dels altres usuaris. En cas contrari s\u2019hauran d\u2019acceptar les sancions que es puguin aplicar en cada cas.<\/span><\/li>\n<li><span style=\"font-size: 12pt; line-height: 115%; font-family: 'Berlin Sans FB','sans-serif';\">Els ordinadors es faran servir \u00fanicament amb finalitat acad\u00e8mica. Queda per tant restringit l\u2019acc\u00e9s a xats, jocs i p\u00e0gines sense cap valor acad\u00e8mic.<\/span><\/li>\n<li><span style=\"font-size: 12pt; line-height: 115%; font-family: 'Berlin Sans FB','sans-serif';\">Si es detecta un mal funcionament d\u2019algun pc, s\u2019avisar\u00e0 el\/la responsable de la biblioteca.<\/span><\/li>\n<li><span style=\"font-size: 12pt; line-height: 115%; font-family: 'Berlin Sans FB','sans-serif';\">Un cop enllestida la consulta dels documents, no s\u2019han de recol\u00b7locar als prestatges, sin\u00f3 que s\u2019han de deixar als prestatges destinats a aquest \u00fas.<\/span><\/li>\n<\/ul>\n<p><span style=\"color: #ff6600;\"><strong><span style=\"font-size: 12pt; line-height: 115%;\">Sobre el personal de la Biblioteca<\/span><\/strong><br \/>\n<\/span><\/p>\n<ul>\n<li><span style=\"font-size: 12pt; line-height: 115%; font-family: 'Berlin Sans FB','sans-serif';\">Cal ser respectu\u00f3s amb el personal de la Biblioteca i seguir les seves indicacions en l\u2019\u00fas de les instal\u00b7lacions, els equipaments i els serveis.<\/span><\/li>\n<li><span style=\"font-size: 12pt; line-height: 115%; font-family: 'Berlin Sans FB','sans-serif';\">El bibliotecari\/a i el professorat seran els encarregats de controlar que aquesta normativa es porti a terme. <\/span><\/li>\n<li><span style=\"font-size: 12pt; line-height: 115%; font-family: 'Berlin Sans FB','sans-serif';\">L\u2019 incompliment d\u2019aquesta normativa pot comportar una expulsi\u00f3 i\/o restricci\u00f3 d\u2019\u00fas de la Biblioteca.<\/span><\/li>\n<\/ul>\n<p><span style=\"font-size: 12pt; line-height: 115%; font-family: 'Berlin Sans FB','sans-serif';\">\u00a0<\/span><\/p>\n<p style=\"margin-bottom: 0.0001pt; line-height: normal; text-align: right;\"><i>Aprovada el 21 d\u2019e gener de 2020<\/i><\/p>\n","protected":false},"excerpt":{"rendered":"<p>Sobre l&#8217;\u00fas dels espais de la Biblioteca Cal signar el llibre de visites nom\u00e9s entrar a la biblioteca. Cal mantenir una actitud correcte i c\u00edvica, evitar qualsevol activitat que pertorbi la lectura, la consulta o l\u2019estudi i respectar el mobiliari. Mantenir el silenci. No es poden utilitzar els m\u00f2bils. No es pot menjar ni beure. [&hellip;]<\/p>\n","protected":false},"author":1,"featured_media":0,"parent":323,"menu_order":0,"comment_status":"closed","ping_status":"closed","template":"page-templates\/side-menu.php","meta":{"_bbp_topic_count":0,"_bbp_reply_count":0,"_bbp_total_topic_count":0,"_bbp_total_reply_count":0,"_bbp_voice_count":0,"_bbp_anonymous_reply_count":0,"_bbp_topic_count_hidden":0,"_bbp_reply_count_hidden":0,"_bbp_forum_subforum_count":0,"site-sidebar-layout":"default","site-content-layout":"","ast-site-content-layout":"","site-content-style":"default","site-sidebar-style":"default","ast-global-header-display":"","ast-banner-title-visibility":"","ast-main-header-display":"","ast-hfb-above-header-display":"","ast-hfb-below-header-display":"","ast-hfb-mobile-header-display":"","site-post-title":"","ast-breadcrumbs-content":"","ast-featured-img":"","footer-sml-layout":"","theme-transparent-header-meta":"","adv-header-id-meta":"","stick-header-meta":"","header-above-stick-meta":"","header-main-stick-meta":"","header-below-stick-meta":"","astra-migrate-meta-layouts":"default","ast-page-background-enabled":"default","ast-page-background-meta":{"desktop":{"background-color":"var(--ast-global-color-4)","background-image":"","background-repeat":"repeat","background-position":"center center","background-size":"auto","background-attachment":"scroll","background-type":"","background-media":"","overlay-type":"","overlay-color":"","overlay-opacity":"","overlay-gradient":""},"tablet":{"background-color":"","background-image":"","background-repeat":"repeat","background-position":"center center","background-size":"auto","background-attachment":"scroll","background-type":"","background-media":"","overlay-type":"","overlay-color":"","overlay-opacity":"","overlay-gradient":""},"mobile":{"background-color":"","background-image":"","background-repeat":"repeat","background-position":"center center","background-size":"auto","background-attachment":"scroll","background-type":"","background-media":"","overlay-type":"","overlay-color":"","overlay-opacity":"","overlay-gradient":""}},"ast-content-background-meta":{"desktop":{"background-color":"var(--ast-global-color-5)","background-image":"","background-repeat":"repeat","background-position":"center center","background-size":"auto","background-attachment":"scroll","background-type":"","background-media":"","overlay-type":"","overlay-color":"","overlay-opacity":"","overlay-gradient":""},"tablet":{"background-color":"var(--ast-global-color-5)","background-image":"","background-repeat":"repeat","background-position":"center center","background-size":"auto","background-attachment":"scroll","background-type":"","background-media":"","overlay-type":"","overlay-color":"","overlay-opacity":"","overlay-gradient":""},"mobile":{"background-color":"var(--ast-global-color-5)","background-image":"","background-repeat":"repeat","background-position":"center center","background-size":"auto","background-attachment":"scroll","background-type":"","background-media":"","overlay-type":"","overlay-color":"","overlay-opacity":"","overlay-gradient":""}},"footnotes":""},"class_list":["post-494","page","type-page","status-publish","hentry"],"post_mailing_queue_ids":[],"_links":{"self":[{"href":"https:\/\/agora.xtec.cat\/iesehtb\/wp-json\/wp\/v2\/pages\/494","targetHints":{"allow":["GET"]}}],"collection":[{"href":"https:\/\/agora.xtec.cat\/iesehtb\/wp-json\/wp\/v2\/pages"}],"about":[{"href":"https:\/\/agora.xtec.cat\/iesehtb\/wp-json\/wp\/v2\/types\/page"}],"author":[{"embeddable":true,"href":"https:\/\/agora.xtec.cat\/iesehtb\/wp-json\/wp\/v2\/users\/1"}],"replies":[{"embeddable":true,"href":"https:\/\/agora.xtec.cat\/iesehtb\/wp-json\/wp\/v2\/comments?post=494"}],"version-history":[{"count":5,"href":"https:\/\/agora.xtec.cat\/iesehtb\/wp-json\/wp\/v2\/pages\/494\/revisions"}],"predecessor-version":[{"id":10167,"href":"https:\/\/agora.xtec.cat\/iesehtb\/wp-json\/wp\/v2\/pages\/494\/revisions\/10167"}],"up":[{"embeddable":true,"href":"https:\/\/agora.xtec.cat\/iesehtb\/wp-json\/wp\/v2\/pages\/323"}],"wp:attachment":[{"href":"https:\/\/agora.xtec.cat\/iesehtb\/wp-json\/wp\/v2\/media?parent=494"}],"curies":[{"name":"wp","href":"https:\/\/api.w.org\/{rel}","templated":true}]}}