{"id":43,"date":"2014-09-17T16:45:07","date_gmt":"2014-09-17T16:45:07","guid":{"rendered":"http:\/\/agora.xtec.cat\/iesehtb\/?page_id=43"},"modified":"2026-01-29T08:35:33","modified_gmt":"2026-01-29T07:35:33","slug":"consell-escolar","status":"publish","type":"page","link":"https:\/\/agora.xtec.cat\/iesehtb\/linstitut\/consell-escolar\/","title":{"rendered":"Consell escolar"},"content":{"rendered":"<p><span style=\"text-decoration: underline; color: #ff6600;\"><span style=\"font-size: 12pt;\"><strong>Consell Escolar<\/strong><\/span><span class=\"textnegreta\" style=\"font-size: 12pt;\"><strong><br \/>\n<\/strong><\/span><\/span><span style=\"font-size: 10pt;\">El consell escolar est\u00e0 format per representants de l&#8217;equip directiu, representants del sector del professorat, representats del sector alumnat, representants de l&#8217;ajuntament i representants del PAS (enguany est\u00e0 desert els representats del sector pares d&#8217;alumnes i de l&#8217;AMPA).<\/span><\/p>\n<div><\/div>\n<table style=\"width: 644px; height: 194px;\" cellspacing=\"0\">\n<tbody>\n<tr>\n<td><span style=\"text-decoration: underline;\">Representants de l&#8217;Equip Directiu<\/span><\/p>\n<p>Directora &#8211; Roser Vives<br \/>\nCap d\u2019estudis &#8211; Bibiana Sala<br \/>\nSecret\u00e0ria (membre sense vot) &#8211; Al\u00edcia de Vargas<\/td>\n<td><span style=\"text-decoration: underline;\"><span class=\"titols\">Representants de l&#8217;Ajuntament<\/span><\/span><\/p>\n<p>Montserrat Paino Lafuente<\/p>\n<p><span style=\"text-decoration: underline;\">Representant Personal d\u2019Administraci\u00f3 <\/span><br \/>\n<span style=\"text-decoration: underline;\"> i Serveis <\/span><\/p>\n<p>Rosario del Pozo Bejarano<span style=\"font-size: 10pt;\"><br \/>\n<\/span><\/td>\n<\/tr>\n<tr>\n<td>&nbsp;<\/p>\n<p><span style=\"text-decoration: underline;\">Representants del sector del professorat<\/span><\/p>\n<p>Josep de la Pezuela<br \/>\nJordi Gallart<br \/>\nJordi Salgado<br \/>\nRosa Cordero<br \/>\nJuan Figueras<\/td>\n<td>&nbsp;<\/p>\n<p><span class=\"titols\"><span style=\"text-decoration: underline;\">Representants sector alumnat<\/span> <\/span><\/p>\n<p>Saida Ballester<br \/>\nOscar Carbonell<br \/>\nNeus Garc\u00eda<br \/>\nVera Nicol\u00e1s<br \/>\nNadine-Chen Pi\u00f1ero<\/td>\n<\/tr>\n<\/tbody>\n<\/table>\n<p>&nbsp;<\/p>\n<p>Podeu trobar m\u00e9s informaci\u00f3 al seg\u00fcent <a title=\"Definici\u00f3 de consell escolar (gencat)\" href=\"http:\/\/www20.gencat.cat\/portal\/site\/ensenyament\/menuitem.75e1c94eb5dd9e184ed22010b0c0e1a0\/?vgnextoid=f6c263fddc7e9310VgnVCM1000008d0c1e0aRCRD&amp;vgnextchannel=f6c263fddc7e9310VgnVCM1000008d0c1e0aRCRD\" target=\"_blank\" rel=\"noopener noreferrer\">enlla\u00e7<\/a>.<\/p>\n","protected":false},"excerpt":{"rendered":"<p>Consell Escolar El consell escolar est\u00e0 format per representants de l&#8217;equip directiu, representants del sector del professorat, representats del sector alumnat, representants de l&#8217;ajuntament i representants del PAS (enguany est\u00e0 desert els representats del sector pares d&#8217;alumnes i de l&#8217;AMPA). Representants de l&#8217;Equip Directiu Directora &#8211; Roser Vives Cap d\u2019estudis &#8211; Bibiana Sala Secret\u00e0ria (membre [&hellip;]<\/p>\n","protected":false},"author":1,"featured_media":0,"parent":19,"menu_order":40,"comment_status":"closed","ping_status":"closed","template":"page-templates\/side-menu.php","meta":{"_bbp_topic_count":0,"_bbp_reply_count":0,"_bbp_total_topic_count":0,"_bbp_total_reply_count":0,"_bbp_voice_count":0,"_bbp_anonymous_reply_count":0,"_bbp_topic_count_hidden":0,"_bbp_reply_count_hidden":0,"_bbp_forum_subforum_count":0,"site-sidebar-layout":"default","site-content-layout":"","ast-site-content-layout":"","site-content-style":"default","site-sidebar-style":"default","ast-global-header-display":"","ast-banner-title-visibility":"","ast-main-header-display":"","ast-hfb-above-header-display":"","ast-hfb-below-header-display":"","ast-hfb-mobile-header-display":"","site-post-title":"","ast-breadcrumbs-content":"","ast-featured-img":"","footer-sml-layout":"","theme-transparent-header-meta":"","adv-header-id-meta":"","stick-header-meta":"","header-above-stick-meta":"","header-main-stick-meta":"","header-below-stick-meta":"","astra-migrate-meta-layouts":"default","ast-page-background-enabled":"default","ast-page-background-meta":{"desktop":{"background-color":"var(--ast-global-color-4)","background-image":"","background-repeat":"repeat","background-position":"center center","background-size":"auto","background-attachment":"scroll","background-type":"","background-media":"","overlay-type":"","overlay-color":"","overlay-opacity":"","overlay-gradient":""},"tablet":{"background-color":"","background-image":"","background-repeat":"repeat","background-position":"center center","background-size":"auto","background-attachment":"scroll","background-type":"","background-media":"","overlay-type":"","overlay-color":"","overlay-opacity":"","overlay-gradient":""},"mobile":{"background-color":"","background-image":"","background-repeat":"repeat","background-position":"center center","background-size":"auto","background-attachment":"scroll","background-type":"","background-media":"","overlay-type":"","overlay-color":"","overlay-opacity":"","overlay-gradient":""}},"ast-content-background-meta":{"desktop":{"background-color":"var(--ast-global-color-5)","background-image":"","background-repeat":"repeat","background-position":"center center","background-size":"auto","background-attachment":"scroll","background-type":"","background-media":"","overlay-type":"","overlay-color":"","overlay-opacity":"","overlay-gradient":""},"tablet":{"background-color":"var(--ast-global-color-5)","background-image":"","background-repeat":"repeat","background-position":"center center","background-size":"auto","background-attachment":"scroll","background-type":"","background-media":"","overlay-type":"","overlay-color":"","overlay-opacity":"","overlay-gradient":""},"mobile":{"background-color":"var(--ast-global-color-5)","background-image":"","background-repeat":"repeat","background-position":"center center","background-size":"auto","background-attachment":"scroll","background-type":"","background-media":"","overlay-type":"","overlay-color":"","overlay-opacity":"","overlay-gradient":""}},"footnotes":""},"class_list":["post-43","page","type-page","status-publish","hentry"],"post_mailing_queue_ids":[],"_links":{"self":[{"href":"https:\/\/agora.xtec.cat\/iesehtb\/wp-json\/wp\/v2\/pages\/43","targetHints":{"allow":["GET"]}}],"collection":[{"href":"https:\/\/agora.xtec.cat\/iesehtb\/wp-json\/wp\/v2\/pages"}],"about":[{"href":"https:\/\/agora.xtec.cat\/iesehtb\/wp-json\/wp\/v2\/types\/page"}],"author":[{"embeddable":true,"href":"https:\/\/agora.xtec.cat\/iesehtb\/wp-json\/wp\/v2\/users\/1"}],"replies":[{"embeddable":true,"href":"https:\/\/agora.xtec.cat\/iesehtb\/wp-json\/wp\/v2\/comments?post=43"}],"version-history":[{"count":6,"href":"https:\/\/agora.xtec.cat\/iesehtb\/wp-json\/wp\/v2\/pages\/43\/revisions"}],"predecessor-version":[{"id":10596,"href":"https:\/\/agora.xtec.cat\/iesehtb\/wp-json\/wp\/v2\/pages\/43\/revisions\/10596"}],"up":[{"embeddable":true,"href":"https:\/\/agora.xtec.cat\/iesehtb\/wp-json\/wp\/v2\/pages\/19"}],"wp:attachment":[{"href":"https:\/\/agora.xtec.cat\/iesehtb\/wp-json\/wp\/v2\/media?parent=43"}],"curies":[{"name":"wp","href":"https:\/\/api.w.org\/{rel}","templated":true}]}}