{"id":426,"date":"2015-02-09T11:52:01","date_gmt":"2015-02-09T10:52:01","guid":{"rendered":"http:\/\/agora.xtec.cat\/iesehtb\/?page_id=426"},"modified":"2026-03-18T20:53:12","modified_gmt":"2026-03-18T19:53:12","slug":"cfgs-guia-informacio-i-assistencia-turistica","status":"publish","type":"page","link":"https:\/\/agora.xtec.cat\/iesehtb\/estudis-2\/cicles-formatius-de-grau-superior\/cfgs-guia-informacio-i-assistencia-turistica\/","title":{"rendered":"CFGS Guia, Informaci\u00f3 i Assist\u00e8ncies Tur\u00edstiques"},"content":{"rendered":"<div>\n<table style=\"height: 2281px; width: 84.4824%; border-style: solid; border-color: #000000;\" width=\"84.4824%\">\n<tbody>\n<tr style=\"height: 119px;\">\n<td style=\"width: 20.5686%; height: 119px;\" width=\"123\"><strong>CFGS<\/strong><\/td>\n<td style=\"width: 50.2353%; height: 119px;\" colspan=\"4\" width=\"308\"><strong>GUIA, INFORMACI\u00d3 I ASSIST\u00c8NCIES TUR\u00cdSTIQUES<\/strong><\/p>\n<p><strong>HTF0<\/strong><\/td>\n<td style=\"width: 28.7972%; height: 198px;\" colspan=\"2\" rowspan=\"2\" width=\"165\">(2000 hores<\/p>\n<p>2 cursos acad\u00e8mics)<\/td>\n<\/tr>\n<tr style=\"height: 79px;\">\n<td style=\"width: 20.5686%; height: 79px;\" width=\"123\"><strong>Fam\u00edlia Professional<\/strong><\/td>\n<td style=\"width: 50.2353%; height: 79px;\" colspan=\"4\" width=\"308\"><strong>HOTELERIA I TURISME<\/strong><\/td>\n<\/tr>\n<tr>\n<td style=\"width: 99.6012%; height: 87px; background-color: #ffa500;\" colspan=\"7\" width=\"595\">\n<h3><span style=\"color: #000000;\">Compet\u00e8ncia General<\/span><\/h3>\n<\/td>\n<\/tr>\n<tr style=\"height: 124px;\">\n<td style=\"width: 99.6012%; height: 124px; text-align: justify;\" colspan=\"7\" width=\"595\">La compet\u00e8ncia general d&#8217;aquest t\u00edtol consisteix a planificar, promocionar i informar sobre destinacions\u00a0 tur\u00edstiques de base territorial, guiant i assistint a viatgers i clients en les mateixes, aix\u00ed com en terminals, mitjans de transport, esdeveniments i altres destinacions tur\u00edstiques.<\/td>\n<\/tr>\n<tr>\n<td style=\"width: 41.7646%; height: 124px; background-color: #ffa500;\" colspan=\"2\" width=\"274\"><strong>\u00a0<\/strong><strong>M\u00f2duls Professionals<\/strong><\/td>\n<td style=\"width: 18.804%; height: 124px; background-color: #ffa500;\" colspan=\"2\" width=\"104\"><strong>Hores a realitzar en el centre educatiu<\/strong><\/td>\n<td style=\"width: 20.4707%; height: 124px; background-color: #ffa500;\" colspan=\"2\" width=\"106\"><strong>\u00a0<\/strong><strong>Hores d\u2019estada a l\u2019empresa<\/strong><\/td>\n<td style=\"width: 18.5619%; height: 124px; background-color: #ffa500;\" width=\"111\"><strong>Hores totals<\/strong><\/td>\n<\/tr>\n<tr style=\"height: 57px;\">\n<td style=\"width: 41.7646%; height: 57px;\" colspan=\"2\" width=\"274\">0171. Estructura del mercat tur\u00edstic<\/td>\n<td style=\"width: 18.804%; height: 57px; text-align: center;\" colspan=\"2\" width=\"104\">66<\/td>\n<td style=\"width: 20.4707%; height: 57px; text-align: center;\" colspan=\"2\" width=\"106\"><\/td>\n<td style=\"width: 18.5619%; height: 57px; text-align: center;\" width=\"111\">66<\/td>\n<\/tr>\n<tr style=\"height: 57px;\">\n<td style=\"width: 41.7646%; height: 57px;\" colspan=\"2\" width=\"274\">0172. Protocol i relacions p\u00fabliques<\/td>\n<td style=\"width: 18.804%; height: 57px; text-align: center;\" colspan=\"2\" width=\"104\">66<\/td>\n<td style=\"width: 20.4707%; height: 57px; text-align: center;\" colspan=\"2\" width=\"106\">66<\/td>\n<td style=\"width: 18.5619%; height: 57px; text-align: center;\" width=\"111\">132<\/td>\n<\/tr>\n<tr style=\"height: 57px;\">\n<td style=\"width: 41.7646%; height: 57px;\" colspan=\"2\" width=\"274\">0173. M\u00e0rqueting tur\u00edstic<\/td>\n<td style=\"width: 18.804%; height: 57px; text-align: center;\" colspan=\"2\" width=\"104\">99<\/td>\n<td style=\"width: 20.4707%; height: 57px; text-align: center;\" colspan=\"2\" width=\"106\">99<\/td>\n<td style=\"width: 18.5619%; height: 57px; text-align: center;\" width=\"111\">198<\/td>\n<\/tr>\n<tr style=\"height: 57px;\">\n<td style=\"width: 41.7646%; height: 57px;\" colspan=\"2\" width=\"274\">0180 Segona llengua estrangera<\/td>\n<td style=\"width: 18.804%; height: 57px; text-align: center;\" colspan=\"2\" width=\"104\">99<\/td>\n<td style=\"width: 20.4707%; height: 57px; text-align: center;\" colspan=\"2\" width=\"106\">20<\/td>\n<td style=\"width: 18.5619%; height: 57px; text-align: center;\" width=\"111\">119<\/td>\n<\/tr>\n<tr style=\"height: 57px;\">\n<td style=\"width: 41.7646%; height: 57px;\" colspan=\"2\" width=\"274\">0383 Destinacions Tur\u00edstiques<\/td>\n<td style=\"width: 18.804%; height: 57px; text-align: center;\" colspan=\"2\" width=\"104\">132<\/td>\n<td style=\"width: 20.4707%; height: 57px; text-align: center;\" colspan=\"2\" width=\"106\"><\/td>\n<td style=\"width: 18.5619%; height: 57px; text-align: center;\" width=\"111\">132<\/td>\n<\/tr>\n<tr style=\"height: 57px;\">\n<td style=\"width: 41.7646%; height: 57px;\" colspan=\"2\" width=\"274\">0384. Recursos tur\u00edstics<\/td>\n<td style=\"width: 18.804%; height: 57px; text-align: center;\" colspan=\"2\" width=\"104\">99<\/td>\n<td style=\"width: 20.4707%; height: 57px; text-align: center;\" colspan=\"2\" width=\"106\">99<\/td>\n<td style=\"width: 18.5619%; height: 57px; text-align: center;\" width=\"111\">198<\/td>\n<\/tr>\n<tr style=\"height: 57px;\">\n<td style=\"width: 41.7646%; height: 57px;\" colspan=\"2\" width=\"274\">0385. Serveis d\u00b4informaci\u00f3 tur\u00edstica<\/td>\n<td style=\"width: 18.804%; height: 57px; text-align: center;\" colspan=\"2\" width=\"104\">66<\/td>\n<td style=\"width: 20.4707%; height: 57px; text-align: center;\" colspan=\"2\" width=\"106\">66<\/td>\n<td style=\"width: 18.5619%; height: 57px; text-align: center;\" width=\"111\">132<\/td>\n<\/tr>\n<tr style=\"height: 79px;\">\n<td style=\"width: 41.7646%; height: 79px;\" colspan=\"2\" width=\"274\">0386. Processos de guia i assist\u00e8ncia tur\u00edstica<\/td>\n<td style=\"width: 18.804%; height: 79px; text-align: center;\" colspan=\"2\" width=\"104\">132<\/td>\n<td style=\"width: 20.4707%; height: 79px; text-align: center;\" colspan=\"2\" width=\"106\">99<\/td>\n<td style=\"width: 18.5619%; height: 79px; text-align: center;\" width=\"111\">231<\/td>\n<\/tr>\n<tr style=\"height: 57px;\">\n<td style=\"width: 41.7646%; height: 57px;\" colspan=\"2\" width=\"274\">0387. Disseny de productes tur\u00edstics<\/td>\n<td style=\"width: 18.804%; height: 57px; text-align: center;\" colspan=\"2\" width=\"104\">99<\/td>\n<td style=\"width: 20.4707%; height: 57px; text-align: center;\" colspan=\"2\" width=\"106\">66<\/td>\n<td style=\"width: 18.5619%; height: 57px; text-align: center;\" width=\"111\">165<\/td>\n<\/tr>\n<tr style=\"height: 57px;\">\n<td style=\"width: 41.7646%; height: 57px;\" colspan=\"2\" width=\"274\">C076 Catal\u00e0\/Aran\u00e8s professional<\/td>\n<td style=\"width: 18.804%; height: 57px; text-align: center;\" colspan=\"2\" width=\"104\">66<\/td>\n<td style=\"width: 20.4707%; height: 57px; text-align: center;\" colspan=\"2\" width=\"106\"><\/td>\n<td style=\"width: 18.5619%; height: 57px; text-align: center;\" width=\"111\">66<\/td>\n<\/tr>\n<tr style=\"height: 57px;\">\n<td style=\"width: 41.7646%; height: 57px;\" colspan=\"2\" width=\"274\">0179. Angl\u00e8s professional<\/td>\n<td style=\"width: 18.804%; height: 57px; text-align: center;\" colspan=\"2\" width=\"104\">66<\/td>\n<td style=\"width: 20.4707%; height: 57px; text-align: center;\" colspan=\"2\" width=\"106\"><\/td>\n<td style=\"width: 18.5619%; height: 57px; text-align: center;\" width=\"111\">66<\/td>\n<\/tr>\n<tr style=\"height: 57px;\">\n<td style=\"width: 41.7646%; height: 57px;\" colspan=\"2\" width=\"274\">1154. Projecte intermodular<\/td>\n<td style=\"width: 18.804%; height: 57px; text-align: center;\" colspan=\"2\" width=\"104\">198<\/td>\n<td style=\"width: 20.4707%; height: 57px; text-align: center;\" colspan=\"2\" width=\"106\"><\/td>\n<td style=\"width: 18.5619%; height: 57px; text-align: center;\" width=\"111\">198<\/td>\n<\/tr>\n<tr style=\"height: 79px;\">\n<td style=\"width: 41.7646%; height: 79px;\" colspan=\"2\" width=\"274\">1665. Digitalitzaci\u00f3 aplicada als sectors productius.<\/td>\n<td style=\"width: 18.804%; height: 79px; text-align: center;\" colspan=\"2\" width=\"104\">33<\/td>\n<td style=\"width: 20.4707%; height: 79px; text-align: center;\" colspan=\"2\" width=\"106\"><\/td>\n<td style=\"width: 18.5619%; height: 79px; text-align: center;\" width=\"111\">33<\/td>\n<\/tr>\n<tr style=\"height: 79px;\">\n<td style=\"width: 41.7646%; height: 79px;\" colspan=\"2\" width=\"274\">1708. Sostenibilitat aplicada al sistema productiu.<\/td>\n<td style=\"width: 18.804%; height: 79px; text-align: center;\" colspan=\"2\" width=\"104\">33<\/td>\n<td style=\"width: 20.4707%; height: 79px; text-align: center;\" colspan=\"2\" width=\"106\"><\/td>\n<td style=\"width: 18.5619%; height: 79px; text-align: center;\" width=\"111\">33<\/td>\n<\/tr>\n<tr style=\"height: 79px;\">\n<td style=\"width: 41.7646%; height: 79px;\" colspan=\"2\" width=\"274\">1710. Itinerari personal per a l\u00b4ocupabilitat I<\/td>\n<td style=\"width: 18.804%; height: 79px; text-align: center;\" colspan=\"2\" width=\"104\">99<\/td>\n<td style=\"width: 20.4707%; height: 79px; text-align: center;\" colspan=\"2\" width=\"106\"><\/td>\n<td style=\"width: 18.5619%; height: 79px; text-align: center;\" width=\"111\">99<\/td>\n<\/tr>\n<tr style=\"height: 79px;\">\n<td style=\"width: 41.7646%; height: 79px;\" colspan=\"2\" width=\"274\">1710. Itinerari personal per a l\u00b4ocupabilitat II<\/td>\n<td style=\"width: 18.804%; height: 79px; text-align: center;\" colspan=\"2\" width=\"104\">66<\/td>\n<td style=\"width: 20.4707%; height: 79px; text-align: center;\" colspan=\"2\" width=\"106\"><\/td>\n<td style=\"width: 18.5619%; height: 79px; text-align: center;\" width=\"111\">66<\/td>\n<\/tr>\n<tr style=\"height: 57px;\">\n<td style=\"width: 41.7646%; height: 57px;\" colspan=\"2\" width=\"274\">M\u00f2dul professional optatiu<\/td>\n<td style=\"width: 18.804%; height: 57px; text-align: center;\" colspan=\"2\" width=\"104\">66<\/td>\n<td style=\"width: 20.4707%; height: 57px; text-align: center;\" colspan=\"2\" width=\"106\"><\/td>\n<td style=\"width: 18.5619%; height: 57px; text-align: center;\" width=\"111\">66<\/td>\n<\/tr>\n<tr>\n<td style=\"width: 99.6012%; height: 57px; background-color: #ffa500;\" colspan=\"7\" width=\"595\"><strong>\u00a0<\/strong><strong>Camp professional<\/strong><\/td>\n<\/tr>\n<tr style=\"height: 102px;\">\n<td style=\"width: 99.6012%; height: 102px; text-align: justify;\" colspan=\"7\" width=\"595\">Aquest professional exercir\u00e0 l\u2019activitat al sector tur\u00edstic, ent\u00e8s en el seu sentit m\u00e9s ampli, el qual inclou tot tipus d\u2019esdeveniments, terminals de viatgers i empreses de transport, a m\u00e9s de les \u00e0rees tur\u00edstiques tradicionals, com ara destinacions i punts d\u2019informaci\u00f3, entre d\u2019altres.<\/td>\n<\/tr>\n<tr>\n<td style=\"width: 99.6012%; height: 57px; background-color: #ffa500;\" colspan=\"7\" width=\"595\"><strong>\u00a0<\/strong><strong>Principals ocupacions i llocs de treball<\/strong><\/td>\n<\/tr>\n<tr style=\"height: 57px;\">\n<td style=\"width: 51.1666%; height: 57px;\" colspan=\"3\" width=\"297\">Guia local.<\/td>\n<td style=\"width: 48.4346%; height: 57px;\" colspan=\"4\" width=\"298\">Guia acompanyant.<\/td>\n<\/tr>\n<tr style=\"height: 79px;\">\n<td style=\"width: 51.1666%; height: 79px;\" colspan=\"3\" width=\"297\">Guia en empla\u00e7aments de b\u00e9ns d\u2019inter\u00e8s cultural.<\/td>\n<td style=\"width: 48.4346%; height: 79px;\" colspan=\"4\" width=\"298\">Personal informador tur\u00edstic.<\/td>\n<\/tr>\n<tr style=\"height: 57px;\">\n<td style=\"width: 51.1666%; height: 57px;\" colspan=\"3\" width=\"297\">Cap d\u2019oficines d\u2019informaci\u00f3.<\/td>\n<td style=\"width: 48.4346%; height: 57px;\" colspan=\"4\" width=\"298\">Personal promotor tur\u00edstic.<\/td>\n<\/tr>\n<tr style=\"height: 79px;\">\n<td style=\"width: 51.1666%; height: 79px;\" colspan=\"3\" width=\"297\">Personal t\u00e8cnic d\u2019empresa de consultoria tur\u00edstica.<\/td>\n<td style=\"width: 48.4346%; height: 79px;\" colspan=\"4\" width=\"298\">Agent de desenvolupament tur\u00edstic local.<\/td>\n<\/tr>\n<tr style=\"height: 79px;\">\n<td style=\"width: 51.1666%; height: 79px;\" colspan=\"3\" width=\"297\">Personal assistent en mitjans de transport terrestre o mar\u00edtim.<\/td>\n<td style=\"width: 48.4346%; height: 79px;\" colspan=\"4\" width=\"298\">Personal assistent en terminals (estacions, ports i aeroports).<\/td>\n<\/tr>\n<tr style=\"height: 102px;\">\n<td style=\"width: 51.1666%; height: 102px;\" colspan=\"3\" width=\"297\">Personal encarregat de facturaci\u00f3 en terminals de transport.<\/td>\n<td style=\"width: 48.4346%; height: 102px;\" colspan=\"4\" width=\"298\">Personal assistent en fires, congressos i convencions, i de serveis en esdeveniments.<\/td>\n<\/tr>\n<\/tbody>\n<\/table>\n<\/div>\n<div><a href=\"http:\/\/agora.xtec.cat\/iesehtb\/wp-content\/uploads\/usu88\/2015\/02\/DOGC_TS_guia_informa_assistencia_turistiques.pdf\" target=\"_blank\" rel=\"noopener noreferrer\">Curr\u00edculum del cicle formatiu de grau superior de guia, informaci\u00f3 i assist\u00e8ncies tur\u00edstiques<\/a><\/div>\n<div><a href=\"https:\/\/agora.xtec.cat\/iesehtb\/secretaria\/preinscripcio-cfgs\/preus-aportacions-i-taxes\/\" target=\"_blank\" rel=\"noopener\">Preus, aportacions i taxes.<\/a><\/div>\n","protected":false},"excerpt":{"rendered":"<p>CFGS GUIA, INFORMACI\u00d3 I ASSIST\u00c8NCIES TUR\u00cdSTIQUES HTF0 (2000 hores 2 cursos acad\u00e8mics) Fam\u00edlia Professional HOTELERIA I TURISME Compet\u00e8ncia General La compet\u00e8ncia general d&#8217;aquest t\u00edtol consisteix a planificar, promocionar i informar sobre destinacions\u00a0 tur\u00edstiques de base territorial, guiant i assistint a viatgers i clients en les mateixes, aix\u00ed com en terminals, mitjans de transport, esdeveniments i [&hellip;]<\/p>\n","protected":false},"author":1,"featured_media":0,"parent":397,"menu_order":3,"comment_status":"closed","ping_status":"closed","template":"","meta":{"_bbp_topic_count":0,"_bbp_reply_count":0,"_bbp_total_topic_count":0,"_bbp_total_reply_count":0,"_bbp_voice_count":0,"_bbp_anonymous_reply_count":0,"_bbp_topic_count_hidden":0,"_bbp_reply_count_hidden":0,"_bbp_forum_subforum_count":0,"site-sidebar-layout":"default","site-content-layout":"","ast-site-content-layout":"default","site-content-style":"default","site-sidebar-style":"default","ast-global-header-display":"","ast-banner-title-visibility":"","ast-main-header-display":"","ast-hfb-above-header-display":"","ast-hfb-below-header-display":"","ast-hfb-mobile-header-display":"","site-post-title":"","ast-breadcrumbs-content":"","ast-featured-img":"","footer-sml-layout":"","theme-transparent-header-meta":"default","adv-header-id-meta":"","stick-header-meta":"","header-above-stick-meta":"","header-main-stick-meta":"","header-below-stick-meta":"","astra-migrate-meta-layouts":"set","ast-page-background-enabled":"default","ast-page-background-meta":{"desktop":{"background-color":"var(--ast-global-color-4)","background-image":"","background-repeat":"repeat","background-position":"center center","background-size":"auto","background-attachment":"scroll","background-type":"","background-media":"","overlay-type":"","overlay-color":"","overlay-opacity":"","overlay-gradient":""},"tablet":{"background-color":"","background-image":"","background-repeat":"repeat","background-position":"center center","background-size":"auto","background-attachment":"scroll","background-type":"","background-media":"","overlay-type":"","overlay-color":"","overlay-opacity":"","overlay-gradient":""},"mobile":{"background-color":"","background-image":"","background-repeat":"repeat","background-position":"center center","background-size":"auto","background-attachment":"scroll","background-type":"","background-media":"","overlay-type":"","overlay-color":"","overlay-opacity":"","overlay-gradient":""}},"ast-content-background-meta":{"desktop":{"background-color":"var(--ast-global-color-5)","background-image":"","background-repeat":"repeat","background-position":"center center","background-size":"auto","background-attachment":"scroll","background-type":"","background-media":"","overlay-type":"","overlay-color":"","overlay-opacity":"","overlay-gradient":""},"tablet":{"background-color":"var(--ast-global-color-5)","background-image":"","background-repeat":"repeat","background-position":"center center","background-size":"auto","background-attachment":"scroll","background-type":"","background-media":"","overlay-type":"","overlay-color":"","overlay-opacity":"","overlay-gradient":""},"mobile":{"background-color":"var(--ast-global-color-5)","background-image":"","background-repeat":"repeat","background-position":"center center","background-size":"auto","background-attachment":"scroll","background-type":"","background-media":"","overlay-type":"","overlay-color":"","overlay-opacity":"","overlay-gradient":""}},"footnotes":""},"class_list":["post-426","page","type-page","status-publish","hentry"],"post_mailing_queue_ids":[],"_links":{"self":[{"href":"https:\/\/agora.xtec.cat\/iesehtb\/wp-json\/wp\/v2\/pages\/426","targetHints":{"allow":["GET"]}}],"collection":[{"href":"https:\/\/agora.xtec.cat\/iesehtb\/wp-json\/wp\/v2\/pages"}],"about":[{"href":"https:\/\/agora.xtec.cat\/iesehtb\/wp-json\/wp\/v2\/types\/page"}],"author":[{"embeddable":true,"href":"https:\/\/agora.xtec.cat\/iesehtb\/wp-json\/wp\/v2\/users\/1"}],"replies":[{"embeddable":true,"href":"https:\/\/agora.xtec.cat\/iesehtb\/wp-json\/wp\/v2\/comments?post=426"}],"version-history":[{"count":6,"href":"https:\/\/agora.xtec.cat\/iesehtb\/wp-json\/wp\/v2\/pages\/426\/revisions"}],"predecessor-version":[{"id":10795,"href":"https:\/\/agora.xtec.cat\/iesehtb\/wp-json\/wp\/v2\/pages\/426\/revisions\/10795"}],"up":[{"embeddable":true,"href":"https:\/\/agora.xtec.cat\/iesehtb\/wp-json\/wp\/v2\/pages\/397"}],"wp:attachment":[{"href":"https:\/\/agora.xtec.cat\/iesehtb\/wp-json\/wp\/v2\/media?parent=426"}],"curies":[{"name":"wp","href":"https:\/\/api.w.org\/{rel}","templated":true}]}}