{"id":407,"date":"2015-02-09T11:29:41","date_gmt":"2015-02-09T10:29:41","guid":{"rendered":"http:\/\/agora.xtec.cat\/iesehtb\/?page_id=407"},"modified":"2026-03-18T19:42:14","modified_gmt":"2026-03-18T18:42:14","slug":"cicle-formatiu-de-cuina-i-gastronomia","status":"publish","type":"page","link":"https:\/\/agora.xtec.cat\/iesehtb\/estudis-2\/cicles-formatius-de-grau-mitja\/cicle-formatiu-de-cuina-i-gastronomia\/","title":{"rendered":"CFGM Cuina i Gastronomia"},"content":{"rendered":"<div>\n<table style=\"height: 1910px; width: 98.2452%; border-color: #000000; border-style: solid;\" width=\"84.4824%\">\n<tbody>\n<tr style=\"height: 97px;\">\n<td style=\"height: 97px; width: 11.8467%;\" width=\"123\"><strong>CFGM<\/strong><\/td>\n<td style=\"height: 97px; width: 63.1257%;\" colspan=\"3\" width=\"308\"><strong>CUINA I GASTRONOMIA<\/strong><\/p>\n<p><strong>HT10<\/strong><\/td>\n<td style=\"height: 176px; width: 41.2021%;\" colspan=\"2\" rowspan=\"2\" width=\"165\">(2000 hores<\/p>\n<p>2 cursos acad\u00e8mics)<\/td>\n<\/tr>\n<tr style=\"height: 79px;\">\n<td style=\"height: 79px; width: 11.8467%;\" width=\"123\"><strong>Fam\u00edlia Professional<\/strong><\/td>\n<td style=\"height: 79px; width: 63.1257%;\" colspan=\"3\" width=\"308\"><strong>HOTELERIA I TURISME<\/strong><\/td>\n<\/tr>\n<tr>\n<td style=\"height: 54px; background-color: #ffa500; width: 116.175%;\" colspan=\"6\" width=\"595\">\n<h3><span style=\"color: #000000;\">Compet\u00e8ncia General<\/span><\/h3>\n<\/td>\n<\/tr>\n<tr style=\"height: 124px;\">\n<td style=\"height: 124px; width: 116.175%;\" colspan=\"6\" width=\"595\">\n<p style=\"text-align: justify;\">La compet\u00e8ncia general d&#8217;aquest t\u00edtol consisteix a executar les activitats de preelaboraci\u00f3, preparaci\u00f3, conservaci\u00f3, finalitzaci\u00f3, presentaci\u00f3 i servei de tot tipus d&#8217;elaboracions culin\u00e0ries en l&#8217;\u00e0mbit de la producci\u00f3 en cuina, seguint els protocols de qualitat establerts i actuant segons normes d&#8217;higiene, prevenci\u00f3 de riscos laborals i protecci\u00f3 ambiental.<\/p>\n<\/td>\n<\/tr>\n<tr style=\"height: 124px;\">\n<td style=\"height: 124px; background-color: #ffa500; width: 49.8984%;\" colspan=\"2\" width=\"274\"><strong>\u00a0<\/strong><\/p>\n<p><strong>M\u00f2duls Professionals<\/strong><\/td>\n<td style=\"height: 124px; background-color: #ffa500; width: 9.32056%;\" width=\"107\"><strong>Hores a realitzar en el centre educatiu<\/strong><\/td>\n<td style=\"height: 124px; background-color: #ffa500; width: 30.9974%;\" colspan=\"2\" width=\"103\"><strong>Hores d\u2019estada a l\u2019empresa<\/strong><\/td>\n<td style=\"height: 124px; background-color: #ffa500; width: 25.9582%;\" width=\"111\"><strong>Hores totals<\/strong><\/td>\n<\/tr>\n<tr style=\"height: 79px;\">\n<td style=\"height: 79px; width: 49.8984%;\" colspan=\"2\" width=\"274\">0026. Processos b\u00e0sics de pastisseria i rebosteria<\/td>\n<td style=\"height: 79px; width: 9.32056%;\" width=\"107\">132<\/td>\n<td style=\"height: 79px; width: 30.9974%;\" colspan=\"2\" width=\"103\">66<\/td>\n<td style=\"height: 79px; width: 25.9582%;\" width=\"111\">198<\/td>\n<\/tr>\n<tr style=\"height: 57px;\">\n<td style=\"height: 57px; width: 49.8984%;\" colspan=\"2\" width=\"274\">0028. Postres en restauraci\u00f3<\/td>\n<td style=\"height: 57px; width: 9.32056%;\" width=\"107\">99<\/td>\n<td style=\"height: 57px; width: 30.9974%;\" colspan=\"2\" width=\"103\">33<\/td>\n<td style=\"height: 57px; width: 25.9582%;\" width=\"111\">132<\/td>\n<\/tr>\n<tr style=\"height: 57px;\">\n<td style=\"height: 57px; width: 49.8984%;\" colspan=\"2\" width=\"274\">0031 Seguretat i higiene<\/td>\n<td style=\"height: 57px; width: 9.32056%;\" width=\"107\">66<\/td>\n<td style=\"height: 57px; width: 30.9974%;\" colspan=\"2\" width=\"103\">33<\/td>\n<td style=\"height: 57px; width: 25.9582%;\" width=\"111\">99<\/td>\n<\/tr>\n<tr style=\"height: 57px;\">\n<td style=\"height: 57px; width: 49.8984%;\" colspan=\"2\" width=\"274\">0045 ofertes gastron\u00f2miques<\/td>\n<td style=\"height: 57px; width: 9.32056%;\" width=\"107\">66<\/td>\n<td style=\"height: 57px; width: 30.9974%;\" colspan=\"2\" width=\"103\">33<\/td>\n<td style=\"height: 57px; width: 25.9582%;\" width=\"111\">99<\/td>\n<\/tr>\n<tr style=\"height: 57px;\">\n<td style=\"height: 57px; width: 49.8984%;\" colspan=\"2\" width=\"274\">0046 Preelaboraci\u00f3 i conservaci\u00f3<\/td>\n<td style=\"height: 57px; width: 9.32056%;\" width=\"107\">165<\/td>\n<td style=\"height: 57px; width: 30.9974%;\" colspan=\"2\" width=\"103\">99<\/td>\n<td style=\"height: 57px; width: 25.9582%;\" width=\"111\">264<\/td>\n<\/tr>\n<tr style=\"height: 57px;\">\n<td style=\"height: 57px; width: 49.8984%;\" colspan=\"2\" width=\"274\">0047 T\u00e8cniques culin\u00e0ries<\/td>\n<td style=\"height: 57px; width: 9.32056%;\" width=\"107\">198<\/td>\n<td style=\"height: 57px; width: 30.9974%;\" colspan=\"2\" width=\"103\">119<\/td>\n<td style=\"height: 57px; width: 25.9582%;\" width=\"111\">317<\/td>\n<\/tr>\n<tr style=\"height: 57px;\">\n<td style=\"height: 57px; width: 49.8984%;\" colspan=\"2\" width=\"274\">0048 Productes culinaris<\/td>\n<td style=\"height: 57px; width: 9.32056%;\" width=\"107\">165<\/td>\n<td style=\"height: 57px; width: 30.9974%;\" colspan=\"2\" width=\"103\">132<\/td>\n<td style=\"height: 57px; width: 25.9582%;\" width=\"111\">297<\/td>\n<\/tr>\n<tr style=\"height: 57px;\">\n<td style=\"height: 57px; width: 49.8984%;\" colspan=\"2\" width=\"274\">0179. Angl\u00e8s professional.<\/td>\n<td style=\"height: 57px; width: 9.32056%;\" width=\"107\">66<\/td>\n<td style=\"height: 57px; width: 30.9974%;\" colspan=\"2\" width=\"103\"><\/td>\n<td style=\"height: 57px; width: 25.9582%;\" width=\"111\">66<\/td>\n<\/tr>\n<tr style=\"height: 79px;\">\n<td style=\"height: 79px; width: 49.8984%;\" colspan=\"2\" width=\"274\">1665. Digitalitzaci\u00f3 aplicada als sectors productius.<\/td>\n<td style=\"height: 79px; width: 9.32056%;\" width=\"107\">33<\/td>\n<td style=\"height: 79px; width: 30.9974%;\" colspan=\"2\" width=\"103\"><\/td>\n<td style=\"height: 79px; width: 25.9582%;\" width=\"111\">33<\/td>\n<\/tr>\n<tr style=\"height: 79px;\">\n<td style=\"height: 79px; width: 49.8984%;\" colspan=\"2\" width=\"274\">1708. Sostenibilitat aplicada al sistema productiu.<\/td>\n<td style=\"height: 79px; width: 9.32056%;\" width=\"107\">33<\/td>\n<td style=\"height: 79px; width: 30.9974%;\" colspan=\"2\" width=\"103\"><\/td>\n<td style=\"height: 79px; width: 25.9582%;\" width=\"111\">33<\/td>\n<\/tr>\n<tr style=\"height: 79px;\">\n<td style=\"height: 79px; width: 49.8984%;\" colspan=\"2\" width=\"274\">1709. Itinerari personal per a l&#8217;ocupabilitat I.<\/td>\n<td style=\"height: 79px; width: 9.32056%;\" width=\"107\">99<\/td>\n<td style=\"height: 79px; width: 30.9974%;\" colspan=\"2\" width=\"103\"><\/td>\n<td style=\"height: 79px; width: 25.9582%;\" width=\"111\">99<\/td>\n<\/tr>\n<tr style=\"height: 79px;\">\n<td style=\"height: 79px; width: 49.8984%;\" colspan=\"2\" width=\"274\">1710. Itinerari personal per a l&#8217;ocupabilitat II<\/td>\n<td style=\"height: 79px; width: 9.32056%;\" width=\"107\">66<\/td>\n<td style=\"height: 79px; width: 30.9974%;\" colspan=\"2\" width=\"103\"><\/td>\n<td style=\"height: 79px; width: 25.9582%;\" width=\"111\">66<\/td>\n<\/tr>\n<tr style=\"height: 57px;\">\n<td style=\"height: 57px; width: 49.8984%;\" colspan=\"2\" width=\"274\">1713. Projecte intermodular.<\/td>\n<td style=\"height: 57px; width: 9.32056%;\" width=\"107\">198<\/td>\n<td style=\"height: 57px; width: 30.9974%;\" colspan=\"2\" width=\"103\"><\/td>\n<td style=\"height: 57px; width: 25.9582%;\" width=\"111\">198<\/td>\n<\/tr>\n<tr style=\"height: 57px;\">\n<td style=\"height: 57px; width: 49.8984%;\" colspan=\"2\" width=\"274\">M\u00f2dul professional optatiu.<\/td>\n<td style=\"height: 57px; width: 9.32056%;\" width=\"107\">99<\/td>\n<td style=\"height: 57px; width: 30.9974%;\" colspan=\"2\" width=\"103\"><\/td>\n<td style=\"height: 57px; width: 25.9582%;\" width=\"111\">99<\/td>\n<\/tr>\n<tr>\n<td style=\"height: 97px; background-color: #ffa500; width: 116.175%;\" colspan=\"6\" width=\"595\"><strong>Camp professional<\/strong><\/td>\n<\/tr>\n<tr style=\"height: 102px;\">\n<td style=\"height: 102px; width: 116.175%;\" colspan=\"6\" width=\"595\">\n<p style=\"text-align: justify;\">Aquest professional exercir\u00e0 l\u2019activitat tant en grans com en mitjanes i petites empreses, principalment del sector d\u2019hoteleria, encara que tamb\u00e9 pot treballar per compte propi a petits establiments del subsector de la restauraci\u00f3.<\/p>\n<\/td>\n<\/tr>\n<tr>\n<td style=\"height: 97px; background-color: #ffa500; width: 116.175%;\" colspan=\"6\" width=\"595\"><strong>\u00a0<\/strong><strong>Principals ocupacions i llocs de treball<\/strong><\/td>\n<\/tr>\n<tr style=\"height: 57px;\">\n<td style=\"height: 57px; width: 116.175%;\" colspan=\"6\" width=\"595\">Cuiners<\/td>\n<\/tr>\n<tr style=\"height: 57px;\">\n<td style=\"height: 57px; width: 116.175%;\" colspan=\"6\" width=\"595\">Caps de partida<\/td>\n<\/tr>\n<tr style=\"height: 57px;\">\n<td style=\"height: 57px; width: 116.175%;\" colspan=\"6\" width=\"595\">Treballadors d\u2019economat d\u2019unitats de producci\u00f3 i servei d\u2019aliments i begudes<\/td>\n<\/tr>\n<\/tbody>\n<\/table>\n<\/div>\n<div><\/div>\n<div><a href=\"http:\/\/agora.xtec.cat\/iesehtb\/wp-content\/uploads\/usu88\/2015\/02\/DOGC_T_cuina_i_gastronomia.pdf\" target=\"_blank\" rel=\"noopener noreferrer\">Curr\u00edculum del cicle formatiu de grau mitj\u00e0 de cuina i gastronomia<\/a><\/div>\n<div><a href=\"https:\/\/agora.xtec.cat\/iesehtb\/secretaria\/preinscripcio-cfgm\/aportacions-cfgm\/\" target=\"_blank\" rel=\"noopener\">Preus i aportacions<\/a><\/div>\n","protected":false},"excerpt":{"rendered":"<p>CFGM CUINA I GASTRONOMIA HT10 (2000 hores 2 cursos acad\u00e8mics) Fam\u00edlia Professional HOTELERIA I TURISME Compet\u00e8ncia General La compet\u00e8ncia general d&#8217;aquest t\u00edtol consisteix a executar les activitats de preelaboraci\u00f3, preparaci\u00f3, conservaci\u00f3, finalitzaci\u00f3, presentaci\u00f3 i servei de tot tipus d&#8217;elaboracions culin\u00e0ries en l&#8217;\u00e0mbit de la producci\u00f3 en cuina, seguint els protocols de qualitat establerts i actuant [&hellip;]<\/p>\n","protected":false},"author":1,"featured_media":0,"parent":418,"menu_order":1,"comment_status":"closed","ping_status":"closed","template":"","meta":{"_bbp_topic_count":0,"_bbp_reply_count":0,"_bbp_total_topic_count":0,"_bbp_total_reply_count":0,"_bbp_voice_count":0,"_bbp_anonymous_reply_count":0,"_bbp_topic_count_hidden":0,"_bbp_reply_count_hidden":0,"_bbp_forum_subforum_count":0,"site-sidebar-layout":"default","site-content-layout":"","ast-site-content-layout":"default","site-content-style":"default","site-sidebar-style":"default","ast-global-header-display":"","ast-banner-title-visibility":"","ast-main-header-display":"","ast-hfb-above-header-display":"","ast-hfb-below-header-display":"","ast-hfb-mobile-header-display":"","site-post-title":"","ast-breadcrumbs-content":"","ast-featured-img":"","footer-sml-layout":"","theme-transparent-header-meta":"default","adv-header-id-meta":"","stick-header-meta":"","header-above-stick-meta":"","header-main-stick-meta":"","header-below-stick-meta":"","astra-migrate-meta-layouts":"set","ast-page-background-enabled":"default","ast-page-background-meta":{"desktop":{"background-color":"var(--ast-global-color-4)","background-image":"","background-repeat":"repeat","background-position":"center center","background-size":"auto","background-attachment":"scroll","background-type":"","background-media":"","overlay-type":"","overlay-color":"","overlay-opacity":"","overlay-gradient":""},"tablet":{"background-color":"","background-image":"","background-repeat":"repeat","background-position":"center center","background-size":"auto","background-attachment":"scroll","background-type":"","background-media":"","overlay-type":"","overlay-color":"","overlay-opacity":"","overlay-gradient":""},"mobile":{"background-color":"","background-image":"","background-repeat":"repeat","background-position":"center center","background-size":"auto","background-attachment":"scroll","background-type":"","background-media":"","overlay-type":"","overlay-color":"","overlay-opacity":"","overlay-gradient":""}},"ast-content-background-meta":{"desktop":{"background-color":"var(--ast-global-color-5)","background-image":"","background-repeat":"repeat","background-position":"center center","background-size":"auto","background-attachment":"scroll","background-type":"","background-media":"","overlay-type":"","overlay-color":"","overlay-opacity":"","overlay-gradient":""},"tablet":{"background-color":"var(--ast-global-color-5)","background-image":"","background-repeat":"repeat","background-position":"center center","background-size":"auto","background-attachment":"scroll","background-type":"","background-media":"","overlay-type":"","overlay-color":"","overlay-opacity":"","overlay-gradient":""},"mobile":{"background-color":"var(--ast-global-color-5)","background-image":"","background-repeat":"repeat","background-position":"center center","background-size":"auto","background-attachment":"scroll","background-type":"","background-media":"","overlay-type":"","overlay-color":"","overlay-opacity":"","overlay-gradient":""}},"footnotes":""},"class_list":["post-407","page","type-page","status-publish","hentry"],"post_mailing_queue_ids":[],"_links":{"self":[{"href":"https:\/\/agora.xtec.cat\/iesehtb\/wp-json\/wp\/v2\/pages\/407","targetHints":{"allow":["GET"]}}],"collection":[{"href":"https:\/\/agora.xtec.cat\/iesehtb\/wp-json\/wp\/v2\/pages"}],"about":[{"href":"https:\/\/agora.xtec.cat\/iesehtb\/wp-json\/wp\/v2\/types\/page"}],"author":[{"embeddable":true,"href":"https:\/\/agora.xtec.cat\/iesehtb\/wp-json\/wp\/v2\/users\/1"}],"replies":[{"embeddable":true,"href":"https:\/\/agora.xtec.cat\/iesehtb\/wp-json\/wp\/v2\/comments?post=407"}],"version-history":[{"count":7,"href":"https:\/\/agora.xtec.cat\/iesehtb\/wp-json\/wp\/v2\/pages\/407\/revisions"}],"predecessor-version":[{"id":569,"href":"https:\/\/agora.xtec.cat\/iesehtb\/wp-json\/wp\/v2\/pages\/407\/revisions\/569"}],"up":[{"embeddable":true,"href":"https:\/\/agora.xtec.cat\/iesehtb\/wp-json\/wp\/v2\/pages\/418"}],"wp:attachment":[{"href":"https:\/\/agora.xtec.cat\/iesehtb\/wp-json\/wp\/v2\/media?parent=407"}],"curies":[{"name":"wp","href":"https:\/\/api.w.org\/{rel}","templated":true}]}}