{"id":4061,"date":"2018-04-18T10:08:30","date_gmt":"2018-04-18T08:08:30","guid":{"rendered":"http:\/\/agora.xtec.cat\/iesehtb\/?page_id=4061"},"modified":"2024-12-05T09:55:47","modified_gmt":"2024-12-05T08:55:47","slug":"lopd","status":"publish","type":"page","link":"https:\/\/agora.xtec.cat\/iesehtb\/linstitut\/lopd\/","title":{"rendered":"LOPD"},"content":{"rendered":"<p><code><\/code><\/p>\n<h5 style=\"text-align: justify;\"><strong><em>AV\u00cdS LEGAL<\/em><\/strong><\/h5>\n<p style=\"text-align: justify;\">La utilitzaci\u00f3 del contingut i\/o serveis del portal per part de l\u2019usuari suposa l\u2019acceptaci\u00f3 expressa de les condicions seg\u00fcents:<\/p>\n<h5 style=\"text-align: justify;\"><strong><em>Condicions d\u2019\u00fas del portal<\/em><\/strong><\/h5>\n<p style=\"text-align: justify;\">L\u2019INS Escola d\u2019Hoteleria i Turisme de Barcelona, que dep\u00e8n del Departament d\u2019Educaci\u00f3 de la Generalitat de Catalunya, es reserva el dret d\u2019efectuar modificacions en el contingut d\u2019aquest portal sense previ av\u00eds, aix\u00ed com de la seva configuraci\u00f3 i presentaci\u00f3.<\/p>\n<p style=\"text-align: justify;\">Aquest portal pot contenir enlla\u00e7os a p\u00e0gines externes i el Departament d\u2019Educaci\u00f3 no \u00e9s responsable del contingut de dites p\u00e0gines externes ni de qualsevol altre aspecte relacionat amb aquestes.<\/p>\n<p style=\"text-align: justify;\">Els textos, imatges, logotips i la resta de continguts inclosos en aquest portal s\u00f3n propietat de l\u2019INS Escola d\u2019Hoteleria i Turisme de Barcelona i del Departament d\u2019Educaci\u00f3 de la Generalitat de Catalunya. Queda prohibida la transmissi\u00f3, la distribuci\u00f3, la reproducci\u00f3 o l\u2019emmagatzematge, total o parcial, excepte si s\u2019obt\u00e9 pr\u00e8viament el consentiment del Departament d\u2019Ensenyament de la Generalitat de Catalunya i excepte quan s\u2019indiqui el contrari.<\/p>\n<p style=\"text-align: justify;\">Per a poder instal\u00b7lar o utilitzar qualsevol programari que es troba disponible per a ser descarregat des d\u2019aquest portal s\u2019han d\u2019acceptar pr\u00e8viament els termes del contracte de llic\u00e8ncia, si n\u2019hi ha, que acompanyi o s\u2019inclogui en el programari.<\/p>\n<p style=\"text-align: justify;\">L\u2019INS Escola d\u2019Hoteleria i Turisme de Barcelona no es fa responsable dels possibles danys que es puguin produir pel fet d\u2019utilitzar versions no actualitzades de navegadors, o de les conseq\u00fc\u00e8ncies que es puguin derivar del mal funcionament del navegador, ja sigui per configuraci\u00f3 inadequada, pres\u00e8ncia de virus inform\u00e0tics o qualsevol altra causa aliena a l\u2019INS Escola d\u2019Hoteleria i Turisme de Barcelona.<\/p>\n<h5 style=\"text-align: justify;\">Protecci\u00f3 de dades de car\u00e0cter personal<\/h5>\n<p style=\"text-align: justify;\">En compliment de la <span id=\"page4315R_mcid0\" class=\"markedContent\"><span dir=\"ltr\" role=\"presentation\">Llei Org\u00e0nica 3\/2018, de 5 de desembre<\/span><\/span>, de Protecci\u00f3 de Dades de Car\u00e0cter Personal, l\u2019INS Escola d\u2019Hoteleria i Turisme de Barcelona, l\u2019informa que les dades de car\u00e0cter personal que ens proporcionin a l\u2019emplenar algun formulari d\u2019inscripci\u00f3, sol\u00b7licitud o consulta que aparegui en la present Web, seran objecte de tractament i recollides en un fitxer de dades, el responsable del qual \u00e9s el corresponent \u00f2rgan superior o centre directiu del Departament d\u2019Educaci\u00f3.<\/p>\n<p style=\"text-align: justify;\">Per a exercir els seus drets d\u2019acc\u00e9s, rectificaci\u00f3, cancel\u00b7laci\u00f3 i oposici\u00f3 al tractament de les seves dades personals, en els termes i condicions previstos en la pr\u00f2pia normativa vigent en mat\u00e8ria de protecci\u00f3 de dades, pot comunicar-ho per escrit al centre o al Registre General del Departament d\u2019Educaci\u00f3 de la Generalitat de Catalunya (Via Augusta, 202-226, 08021 Barcelona). La recollida de les seves dades de car\u00e0cter personal es du a terme amb la finalitat principal de poder oferir i prestar-li els serveis oferts en aquesta web.<\/p>\n<p style=\"text-align: justify;\">L\u2019INS Escola d\u2019Hoteleria i Turisme de Barcelona far\u00e0 \u00fas de les dades de car\u00e0cter personal facilitades per vost\u00e8 exclusivament per a les finalitats indicades. No compartim la informaci\u00f3 subministrada amb tercers excepte exig\u00e8ncia legal o de procediments legals i, en cap cas, venem aquest tipus d\u2019informaci\u00f3.<\/p>\n<h5 style=\"text-align: justify;\">Legislaci\u00f3 aplicable i jurisdicci\u00f3<\/h5>\n<p style=\"text-align: justify;\">Aquest av\u00eds legal es regeix en tots i cada un dels seus aspectes per la <span id=\"page4315R_mcid0\" class=\"markedContent\"><span dir=\"ltr\" role=\"presentation\">Llei Org\u00e0nica 3\/2018, de 5 de desembre<\/span><\/span> i s\u00f3n competents per a la resoluci\u00f3 de qualsevol conflicte derivat o relacionat amb l\u2019\u00fas d\u2019aquest portal els jutjats i tribunals de Barcelona.<\/p>\n<table width=\"812\">\n<tbody>\n<tr>\n<td colspan=\"2\"><strong>Informaci\u00f3 b\u00e0sica sobre protecci\u00f3 de dades<\/strong><\/td>\n<\/tr>\n<tr>\n<td><strong>Responsable del tractament<\/strong><\/td>\n<td>Direcci\u00f3 del centre educatiu<\/td>\n<\/tr>\n<tr>\n<td><strong>Finalitat<\/strong><\/td>\n<td>Gesti\u00f3 de l\u2019acci\u00f3 educativa i orientadora<\/td>\n<\/tr>\n<tr>\n<td><strong>Legitimaci\u00f3<\/strong><\/td>\n<td>Missi\u00f3 d\u2019inter\u00e8s p\u00fablic<\/td>\n<\/tr>\n<tr>\n<td><strong>Destinataris<\/strong><\/td>\n<td>No se cediran les dades a tercers, llevat d\u2019obligaci\u00f3 legal.<\/td>\n<\/tr>\n<tr>\n<td><strong>Drets<\/strong><\/td>\n<td>Accedir a les dades, rectificar-les, suprimir-les, oposar-se al tractament i sol\u00b7licitar-ne la limitaci\u00f3. (<em>Carrer Pintor Alsamora, 3. 08016 Barcelona o b\u00e9 mitjan\u00e7ant un correu electr\u00f2nic dirigit a a8044934@xtec.cat<\/em>)<\/td>\n<\/tr>\n<tr>\n<td><strong>Informaci\u00f3 addicional<\/strong><\/td>\n<td>Es pot consultar la informaci\u00f3 addicional i detallada sobre protecci\u00f3 de dades a:<a href=\"https:\/\/educacio.gencat.cat\/ca\/actualitat\/alumnes-centres-departament\" target=\"_blank\" rel=\"noopener\">Tractament de dades Departament d&#8217;Educaci\u00f3 i Formaci\u00f3 Professional<\/a><\/td>\n<\/tr>\n<\/tbody>\n<\/table>\n","protected":false},"excerpt":{"rendered":"<p>AV\u00cdS LEGAL La utilitzaci\u00f3 del contingut i\/o serveis del portal per part de l\u2019usuari suposa l\u2019acceptaci\u00f3 expressa de les condicions seg\u00fcents: Condicions d\u2019\u00fas del portal L\u2019INS Escola d\u2019Hoteleria i Turisme de Barcelona, que dep\u00e8n del Departament d\u2019Educaci\u00f3 de la Generalitat de Catalunya, es reserva el dret d\u2019efectuar modificacions en el contingut d\u2019aquest portal sense previ [&hellip;]<\/p>\n","protected":false},"author":1,"featured_media":0,"parent":19,"menu_order":130,"comment_status":"closed","ping_status":"closed","template":"page-templates\/side-menu.php","meta":{"_bbp_topic_count":0,"_bbp_reply_count":0,"_bbp_total_topic_count":0,"_bbp_total_reply_count":0,"_bbp_voice_count":0,"_bbp_anonymous_reply_count":0,"_bbp_topic_count_hidden":0,"_bbp_reply_count_hidden":0,"_bbp_forum_subforum_count":0,"site-sidebar-layout":"default","site-content-layout":"","ast-site-content-layout":"","site-content-style":"default","site-sidebar-style":"default","ast-global-header-display":"","ast-banner-title-visibility":"","ast-main-header-display":"","ast-hfb-above-header-display":"","ast-hfb-below-header-display":"","ast-hfb-mobile-header-display":"","site-post-title":"","ast-breadcrumbs-content":"","ast-featured-img":"","footer-sml-layout":"","theme-transparent-header-meta":"","adv-header-id-meta":"","stick-header-meta":"","header-above-stick-meta":"","header-main-stick-meta":"","header-below-stick-meta":"","astra-migrate-meta-layouts":"default","ast-page-background-enabled":"default","ast-page-background-meta":{"desktop":{"background-color":"var(--ast-global-color-4)","background-image":"","background-repeat":"repeat","background-position":"center center","background-size":"auto","background-attachment":"scroll","background-type":"","background-media":"","overlay-type":"","overlay-color":"","overlay-opacity":"","overlay-gradient":""},"tablet":{"background-color":"","background-image":"","background-repeat":"repeat","background-position":"center center","background-size":"auto","background-attachment":"scroll","background-type":"","background-media":"","overlay-type":"","overlay-color":"","overlay-opacity":"","overlay-gradient":""},"mobile":{"background-color":"","background-image":"","background-repeat":"repeat","background-position":"center center","background-size":"auto","background-attachment":"scroll","background-type":"","background-media":"","overlay-type":"","overlay-color":"","overlay-opacity":"","overlay-gradient":""}},"ast-content-background-meta":{"desktop":{"background-color":"var(--ast-global-color-5)","background-image":"","background-repeat":"repeat","background-position":"center center","background-size":"auto","background-attachment":"scroll","background-type":"","background-media":"","overlay-type":"","overlay-color":"","overlay-opacity":"","overlay-gradient":""},"tablet":{"background-color":"var(--ast-global-color-5)","background-image":"","background-repeat":"repeat","background-position":"center center","background-size":"auto","background-attachment":"scroll","background-type":"","background-media":"","overlay-type":"","overlay-color":"","overlay-opacity":"","overlay-gradient":""},"mobile":{"background-color":"var(--ast-global-color-5)","background-image":"","background-repeat":"repeat","background-position":"center center","background-size":"auto","background-attachment":"scroll","background-type":"","background-media":"","overlay-type":"","overlay-color":"","overlay-opacity":"","overlay-gradient":""}},"footnotes":""},"class_list":["post-4061","page","type-page","status-publish","hentry"],"post_mailing_queue_ids":[],"_links":{"self":[{"href":"https:\/\/agora.xtec.cat\/iesehtb\/wp-json\/wp\/v2\/pages\/4061","targetHints":{"allow":["GET"]}}],"collection":[{"href":"https:\/\/agora.xtec.cat\/iesehtb\/wp-json\/wp\/v2\/pages"}],"about":[{"href":"https:\/\/agora.xtec.cat\/iesehtb\/wp-json\/wp\/v2\/types\/page"}],"author":[{"embeddable":true,"href":"https:\/\/agora.xtec.cat\/iesehtb\/wp-json\/wp\/v2\/users\/1"}],"replies":[{"embeddable":true,"href":"https:\/\/agora.xtec.cat\/iesehtb\/wp-json\/wp\/v2\/comments?post=4061"}],"version-history":[{"count":4,"href":"https:\/\/agora.xtec.cat\/iesehtb\/wp-json\/wp\/v2\/pages\/4061\/revisions"}],"predecessor-version":[{"id":9973,"href":"https:\/\/agora.xtec.cat\/iesehtb\/wp-json\/wp\/v2\/pages\/4061\/revisions\/9973"}],"up":[{"embeddable":true,"href":"https:\/\/agora.xtec.cat\/iesehtb\/wp-json\/wp\/v2\/pages\/19"}],"wp:attachment":[{"href":"https:\/\/agora.xtec.cat\/iesehtb\/wp-json\/wp\/v2\/media?parent=4061"}],"curies":[{"name":"wp","href":"https:\/\/api.w.org\/{rel}","templated":true}]}}