{"id":338,"date":"2015-02-07T17:56:22","date_gmt":"2015-02-07T16:56:22","guid":{"rendered":"http:\/\/agora.xtec.cat\/iesehtb\/?page_id=338"},"modified":"2026-01-28T18:39:13","modified_gmt":"2026-01-28T17:39:13","slug":"mobilitat-internacional","status":"publish","type":"page","link":"https:\/\/agora.xtec.cat\/iesehtb\/linstitut\/mobilitat-internacional\/","title":{"rendered":"Mobilitat Internacional"},"content":{"rendered":"<p><a href=\"https:\/\/agora.xtec.cat\/iesehtb\/wp-content\/uploads\/usu88\/2019\/10\/Erasmus-e1570718174264.jpg\"><img loading=\"lazy\" decoding=\"async\" class=\"aligncenter size-full wp-image-4768\" src=\"https:\/\/agora.xtec.cat\/iesehtb\/wp-content\/uploads\/usu88\/2019\/10\/Erasmus-e1570718174264.jpg\" alt=\"Logotip Erasmus+ i del centre EHTB\" width=\"1152\" height=\"288\" srcset=\"https:\/\/agora.xtec.cat\/iesehtb\/wp-content\/uploads\/usu88\/2019\/10\/Erasmus-e1570718174264.jpg 1152w, https:\/\/agora.xtec.cat\/iesehtb\/wp-content\/uploads\/usu88\/2019\/10\/Erasmus-e1570718174264-300x75.jpg 300w, https:\/\/agora.xtec.cat\/iesehtb\/wp-content\/uploads\/usu88\/2019\/10\/Erasmus-e1570718174264-768x192.jpg 768w, https:\/\/agora.xtec.cat\/iesehtb\/wp-content\/uploads\/usu88\/2019\/10\/Erasmus-e1570718174264-1024x256.jpg 1024w\" sizes=\"auto, (max-width: 1152px) 100vw, 1152px\" \/><\/a><\/p>\n<p>Un dels objectius de l\u2019Institut EHTB \u00e9s fomentar que el nostre alumnat pugui realitzar part de la formaci\u00f3 en centres de treball en empreses o institucions dels diferents pa\u00efsos de la Uni\u00f3 Europea. Els beneficiaris s\u00f3n els estudiants i graduats dels cicles formatius i dels PFIs que s\u2019imparteixen a l\u2019Institut. Al llarg del 1r trimestre del curs s\u2019informar\u00e0 de les diferents opcions de Beques Erasmus+ a l\u2019alumnat matriculat a 2n curs de GM i de GS i l\u2019alumnat de PFIs.<\/p>\n<p>Des de 2014\u00a0 l\u2019INS EHTB posa en marxa a trav\u00e9s de les convocat\u00f2ries anuals que proporciona el SEPIE les beques Erasmus+ amb una ajuda econ\u00f2mica per l\u2019alumnat de formaci\u00f3 professional, perqu\u00e8 facin pr\u00e0ctiques en empreses d\u2019altres pa\u00efsos de la UE.<\/p>\n<p>Tenim concedida la carta ECHE per a GS <em>(Erasmus+ Charter for Higher Education<\/em> 2021 &#8211; 2027) \u00a0amb l\u2019objectiu de poder participar en el programa ERASMUS + i aix\u00ed\u00a0 oferir beques a l\u2019alumnat de GS.<\/p>\n<p>Des del 2021 tenim;<\/p>\n<ul>\n<li>Atorgada la CARTA ECHE per a GS \u201cERASMUS CHARTER FOR HIGHER EDUCATION 2021-2027\u201d amb el n\u00famero 101012273 \u2014 INSEHTB per seguir oferint beques a l\u2019alumnat de GS.<\/li>\n<\/ul>\n<p>La convocat\u00f2ria tamb\u00e9 inclou accions de mobilitat per a personal\/ professorat de Formaci\u00f3 Professional. <em>STT\u00a0 Staff mobility for training<\/em><\/p>\n<ul>\n<li>L\u2019Acreditaci\u00f3 Erasmus+ (KA121 VET) per al per\u00edode 2021\u20102027, corresponent a la Convocat\u00f2ria d&#8217;Acreditaci\u00f3 Erasmus en els \u00e0mbits de l&#8217;educaci\u00f3 d&#8217;adults, l&#8217;educaci\u00f3 i la formaci\u00f3 professionals i l&#8217;educaci\u00f3 escolar, per seguir oferint beques a l\u2019alumnat de GM.<\/li>\n<\/ul>\n<p>L\u2019acreditaci\u00f3 tamb\u00e9 inclou accions de mobilitat per a personal\/ professorat de Formaci\u00f3 Professional STA &#8211; <em>Staff training abroad<\/em> .<\/p>\n<p>Amb l\u2019objectiu de promoure i facilitar la mobilitat dels alumnes d\u2019FP, el Centre desplega el seu pla d\u2019acci\u00f3 en projectes internacionals i la coordinaci\u00f3 de mobilitat del Centre prepara, gestiona i fa el seguiment dels projectes per alumnat i professorat del Centre.<\/p>\n<p>Per\u00a0 contactar: <a href=\"mailto:mobilitat.internacional@insehtb.cat\">mobilitat.internacional@insehtb.cat<\/a><\/p>\n<p>Portem a terme diverses accions per millorar el nostre projecte d\u2019internacionalitzaci\u00f3:<\/p>\n<p>1. <strong>Beques Erasmus+ K131 HED gestionades pel nostre Centre<\/strong>. Els beneficiaris s\u00f3n els estudiants de segon curs i graduats majors d\u2019edat dels cicles formatius de Grau Superior que s\u2019imparteixen a l\u2019institut. Durada de l\u2019estada: 2 mesos de pr\u00e0ctiques a una empresa dels nostres pa\u00efsos socis: Fran\u00e7a, It\u00e0lia, Alemanya, Irlanda, Noruega i Portugal.<\/p>\n<p>2. <strong>Beques Erasmus+ KA2 gestionades pel nostre Centre <\/strong><em>INTEGRACI\u00d3N DE CONOCIMIENTOS Y PR\u00c1CTICAS DEL SECTOR ALIMENTARIO EN UNA DIMENSI\u00d3N EUROPEA. <\/em>Els beneficiaris son els estudiants majors d\u2019edat dels cicles formatius de Grau Mitj\u00e0 d\u2019Elaboraci\u00f3 de Productes Alimentaris i de Forneria, Pastisseria i Confiteria. Durada: 12 dies a Lyon (Fran\u00e7a)+ 2 dies de viatge.<\/p>\n<p>3. Beques <strong>Erasmus + KA 121 VET. <\/strong>Els beneficiaris s\u00f3n l\u2019alumnat de GM d\u2019Hoteleria dels cicles formatius de Grau Mitj\u00e0 de CFGM Cuina i Gastronomia, CFGM de Forneria, Pastisseria i Confiteria i CFGM Serveis en Restauraci\u00f3 amb una durada de pr\u00e0ctiques de trenta dies a les destinacions de Fran\u00e7a (Lyon), Portugal (S\u00e9tubal) i It\u00e0lia (Turin).<\/p>\n<p>4. <strong>Beques Erasmus+<\/strong> <strong>KA2+ MORE FOR EUROPE <\/strong>(2018-2020) amb reconeixement acad\u00e8mic. S\u2019adre\u00e7a a l\u2019alumnat de segon curs del CFGM d\u2019Hoteleria (CFGM Cuina i Gastronomia i CFGM Serveis en Restauraci\u00f3).\u00a0 La mobilitat t\u00e9 lloc durant el curs escolar i t\u00e9 una durada de m\u00e0xim vuit setmanes distribu\u00efdes de la seg\u00fcent manera: dues setmanes de formaci\u00f3 en el centre d\u2019acollida\u00a0 i la resta realitzant pr\u00e0ctiques en una empresa del pa\u00eds soci (Marsella, Mondovi, Setubal).<\/p>\n<p>5. <strong>Beques Erasmus+ KA121 \/ KA131<\/strong> (STT <em>Staff mobility for training<\/em>). Adre\u00e7ades al personal i professorat del Centre Per\u00edode d\u2019observaci\u00f3 (<em>Job shadowing<\/em>) de cinc dies + 2 de viatge.<\/p>\n<p>6. <strong>Beques Erasmus+ KA171 HED<\/strong>. Mobilitat d\u2019Educaci\u00f3 Superior entre pa\u00efsos del programa i associats. El beneficiari ser\u00e0 professorat de l\u2019institut.<\/p>\n<p>7. El nostre Centre est\u00e0 associat al Consorci Erasmus per a pr\u00e0ctiques en empreses, coordinat per la <strong>Fundaci\u00f3 BCN Formaci\u00f3 Professional a trav\u00e9s de la Xarxa FP<\/strong>. Aquest consorci proposa i desenvolupa diferents Projectes de mobilitat i formaci\u00f3 pr\u00e0ctica a empreses de les nostres fam\u00edlies per a alumnat de grau mitj\u00e0 i grau superior tant per estudiants com per a graduats. Des del curs 2021\/22 tamb\u00e9 participem amb mobilitats pel nostre alumnat de PFI d\u2019Hoteleria al projecte de la Xarxa FP de Fundaci\u00f3 BCN:\u00a0 Formaci\u00f3n Profesional B\u00e1sica: Pr\u00e1cticas profesionales en Europa. Consisteix en estades formatives de dues setmanes durant el mes de maig a Lisboa i Toulousse. Des del curs 2021\/22 la unitat de Serveis de Programes de Qualificaci\u00f3 i Iniciaci\u00f3 Professional organitzen ESTADA FORMATIVA D&#8217;ALUMNES DEL PFI, adre\u00e7ades al nostre alumnat\u00a0 del PFI hoteleria i turisme. Consisteix en estades formatives de dues setmanes durant el mes de maig\/juny\u00a0 a It\u00e0lia.<\/p>\n<p><em>Los proyectos <strong>Erasmus+<\/strong> <strong>KA121 VET<\/strong>, <strong>KA131 HED<\/strong>, <strong>KA171 HED<\/strong> y <strong>KA2<\/strong> han sido financiados con el apoyo de la Uni\u00f3n Europea y gestionados por el SEPIE.<\/em><\/p>\n<p><strong><a href=\"http:\/\/agora.xtec.cat\/iesehtb\/wp-content\/uploads\/usu88\/2015\/02\/Declaracion-politica-Erasmus-Ins-EHTB_16_FEB.pdf\" target=\"_blank\" rel=\"noopener noreferrer\">Declaraci\u00f3 de la pol\u00edtica Erasmus de l&#8217;INS Escola d&#8217;Hoteleria i Turisme de Barcelona<\/a><\/strong><\/p>\n<p><a href=\"https:\/\/agora.xtec.cat\/iesehtb\/wp-content\/uploads\/usu88\/2021\/03\/ECHE2021_27.pdf\">Veure la carta Erasmus Charter for Higher Education 2021-2027<\/a><\/p>\n","protected":false},"excerpt":{"rendered":"<p>Un dels objectius de l\u2019Institut EHTB \u00e9s fomentar que el nostre alumnat pugui realitzar part de la formaci\u00f3 en centres de treball en empreses o institucions dels diferents pa\u00efsos de la Uni\u00f3 Europea. Els beneficiaris s\u00f3n els estudiants i graduats dels cicles formatius i dels PFIs que s\u2019imparteixen a l\u2019Institut. Al llarg del 1r trimestre [&hellip;]<\/p>\n","protected":false},"author":1,"featured_media":0,"parent":19,"menu_order":20,"comment_status":"closed","ping_status":"closed","template":"page-templates\/side-menu.php","meta":{"_bbp_topic_count":0,"_bbp_reply_count":0,"_bbp_total_topic_count":0,"_bbp_total_reply_count":0,"_bbp_voice_count":0,"_bbp_anonymous_reply_count":0,"_bbp_topic_count_hidden":0,"_bbp_reply_count_hidden":0,"_bbp_forum_subforum_count":0,"site-sidebar-layout":"default","site-content-layout":"","ast-site-content-layout":"","site-content-style":"default","site-sidebar-style":"default","ast-global-header-display":"","ast-banner-title-visibility":"","ast-main-header-display":"","ast-hfb-above-header-display":"","ast-hfb-below-header-display":"","ast-hfb-mobile-header-display":"","site-post-title":"","ast-breadcrumbs-content":"","ast-featured-img":"","footer-sml-layout":"","theme-transparent-header-meta":"","adv-header-id-meta":"","stick-header-meta":"","header-above-stick-meta":"","header-main-stick-meta":"","header-below-stick-meta":"","astra-migrate-meta-layouts":"default","ast-page-background-enabled":"default","ast-page-background-meta":{"desktop":{"background-color":"var(--ast-global-color-4)","background-image":"","background-repeat":"repeat","background-position":"center center","background-size":"auto","background-attachment":"scroll","background-type":"","background-media":"","overlay-type":"","overlay-color":"","overlay-opacity":"","overlay-gradient":""},"tablet":{"background-color":"","background-image":"","background-repeat":"repeat","background-position":"center center","background-size":"auto","background-attachment":"scroll","background-type":"","background-media":"","overlay-type":"","overlay-color":"","overlay-opacity":"","overlay-gradient":""},"mobile":{"background-color":"","background-image":"","background-repeat":"repeat","background-position":"center center","background-size":"auto","background-attachment":"scroll","background-type":"","background-media":"","overlay-type":"","overlay-color":"","overlay-opacity":"","overlay-gradient":""}},"ast-content-background-meta":{"desktop":{"background-color":"var(--ast-global-color-5)","background-image":"","background-repeat":"repeat","background-position":"center center","background-size":"auto","background-attachment":"scroll","background-type":"","background-media":"","overlay-type":"","overlay-color":"","overlay-opacity":"","overlay-gradient":""},"tablet":{"background-color":"var(--ast-global-color-5)","background-image":"","background-repeat":"repeat","background-position":"center center","background-size":"auto","background-attachment":"scroll","background-type":"","background-media":"","overlay-type":"","overlay-color":"","overlay-opacity":"","overlay-gradient":""},"mobile":{"background-color":"var(--ast-global-color-5)","background-image":"","background-repeat":"repeat","background-position":"center center","background-size":"auto","background-attachment":"scroll","background-type":"","background-media":"","overlay-type":"","overlay-color":"","overlay-opacity":"","overlay-gradient":""}},"footnotes":""},"class_list":["post-338","page","type-page","status-publish","hentry"],"post_mailing_queue_ids":[],"_links":{"self":[{"href":"https:\/\/agora.xtec.cat\/iesehtb\/wp-json\/wp\/v2\/pages\/338","targetHints":{"allow":["GET"]}}],"collection":[{"href":"https:\/\/agora.xtec.cat\/iesehtb\/wp-json\/wp\/v2\/pages"}],"about":[{"href":"https:\/\/agora.xtec.cat\/iesehtb\/wp-json\/wp\/v2\/types\/page"}],"author":[{"embeddable":true,"href":"https:\/\/agora.xtec.cat\/iesehtb\/wp-json\/wp\/v2\/users\/1"}],"replies":[{"embeddable":true,"href":"https:\/\/agora.xtec.cat\/iesehtb\/wp-json\/wp\/v2\/comments?post=338"}],"version-history":[{"count":7,"href":"https:\/\/agora.xtec.cat\/iesehtb\/wp-json\/wp\/v2\/pages\/338\/revisions"}],"predecessor-version":[{"id":10583,"href":"https:\/\/agora.xtec.cat\/iesehtb\/wp-json\/wp\/v2\/pages\/338\/revisions\/10583"}],"up":[{"embeddable":true,"href":"https:\/\/agora.xtec.cat\/iesehtb\/wp-json\/wp\/v2\/pages\/19"}],"wp:attachment":[{"href":"https:\/\/agora.xtec.cat\/iesehtb\/wp-json\/wp\/v2\/media?parent=338"}],"curies":[{"name":"wp","href":"https:\/\/api.w.org\/{rel}","templated":true}]}}