{"id":329,"date":"2015-02-07T17:41:29","date_gmt":"2015-02-07T16:41:29","guid":{"rendered":"http:\/\/agora.xtec.cat\/iesehtb\/?page_id=329"},"modified":"2025-03-18T12:09:01","modified_gmt":"2025-03-18T11:09:01","slug":"servei-dassessorament-i-reconeixement","status":"publish","type":"page","link":"https:\/\/agora.xtec.cat\/iesehtb\/serveis\/servei-dassessorament-i-reconeixement\/","title":{"rendered":"Servei d&#8217;Assessorament i Reconeixement"},"content":{"rendered":"<p>&nbsp;<\/p>\n<p><a href=\"http:\/\/agora.xtec.cat\/iesehtb\/wp-content\/uploads\/usu88\/2015\/02\/logo-assessorament.jpg\"><img loading=\"lazy\" decoding=\"async\" class=\"alignnone size-full wp-image-549\" src=\"http:\/\/agora.xtec.cat\/iesehtb\/wp-content\/uploads\/usu88\/2015\/02\/logo-assessorament.jpg\" alt=\"logo assessorament\" width=\"101\" height=\"103\" \/><\/a> <a href=\"http:\/\/agora.xtec.cat\/iesehtb\/wp-content\/uploads\/usu88\/2015\/02\/logo-reconeixement.jpg\"><img loading=\"lazy\" decoding=\"async\" class=\"alignnone size-full wp-image-548\" src=\"http:\/\/agora.xtec.cat\/iesehtb\/wp-content\/uploads\/usu88\/2015\/02\/logo-reconeixement.jpg\" alt=\"logo reconeixement\" width=\"106\" height=\"101\" \/><\/a><\/p>\n<p>El\u00a0<strong>servei de reconeixement acad\u00e8mic dels aprenentatges assolits mitjan\u00e7ant l&#8217;experi\u00e8ncia laboral o en activitats socials<\/strong>\u00a0s&#8217;adre\u00e7a a les persones que vulguin tenir un reconeixement acad\u00e8mic dels aprenentatges adquirits amb l&#8217;experi\u00e8ncia laboral o en activitats socials relacionats amb un determinat cicle formatiu.<\/p>\n<p>Una junta de reconeixement avalua l&#8217;usuari. Aquesta est\u00e0 integrada per dos professors del cicle formatiu i es constitueix en el centre educatiu.<\/p>\n<p>La junta analitza l&#8217;informe d&#8217;assessorament, obtingut en el\u00a0<strong>servei d&#8217;assessorament<\/strong>, i els altres documents que aporta la persona de les unitats formatives o cr\u00e8dits que vol que li siguin reconeguts. Tamb\u00e9 convoca la persona per fer-li una entrevista personal de contrastaci\u00f3 i valorar, de forma col\u00b7legiada, els aprenentatges assolits mitjan\u00e7ant l&#8217;experi\u00e8ncia laboral o en activitats socials.<\/p>\n<p>Si la junta reconeix acad\u00e8micament determinades unitats formatives o cr\u00e8dits, el centre emet un\u00a0<strong>certificat parcial amb valor acad\u00e8mic.<\/strong><\/p>\n<p><strong>Posteriorment, si es vol obtenir el t\u00edtol del cicle corresponent i convalidar les unitats formatives o cr\u00e8dits<\/strong>\u00a0(reconeguts) cal matricular-se, totalment o parcial, en el cicle formatiu corresponent, acreditant els requisits acad\u00e8mics d&#8217;acc\u00e9s que s&#8217;estableixen per als cicles formatius de grau mitj\u00e0 o superior, segons correspongui.<\/p>\n<p>La convalidaci\u00f3 de les unitats formatives o cr\u00e8dits certificats en els centres del Departament d&#8217;Ensenyament \u00e9s gratu\u00efta.<\/p>\n<p>Si es completa un cr\u00e8dit, una unitat formativa o un m\u00f2dul d&#8217;un cicle formatiu trav\u00e9s del reconeixement acad\u00e8mic, s&#8217;anotar\u00e0 &#8220;convalidat&#8221; en l&#8217;expedient acad\u00e8mic.<\/p>\n<p>M\u00e9s informaci\u00f3 al seg\u00fcent enlla\u00e7: <a href=\"https:\/\/triaeducativa.gencat.cat\/ca\/fp\/cataleg-serveis\/reconeixement-academic\/index.html\">Tria educativa<\/a><\/p>\n<p>&nbsp;<\/p>\n<p>&nbsp;<\/p>\n","protected":false},"excerpt":{"rendered":"<p>&nbsp; El\u00a0servei de reconeixement acad\u00e8mic dels aprenentatges assolits mitjan\u00e7ant l&#8217;experi\u00e8ncia laboral o en activitats socials\u00a0s&#8217;adre\u00e7a a les persones que vulguin tenir un reconeixement acad\u00e8mic dels aprenentatges adquirits amb l&#8217;experi\u00e8ncia laboral o en activitats socials relacionats amb un determinat cicle formatiu. Una junta de reconeixement avalua l&#8217;usuari. Aquesta est\u00e0 integrada per dos professors del cicle formatiu [&hellip;]<\/p>\n","protected":false},"author":1,"featured_media":0,"parent":63,"menu_order":0,"comment_status":"closed","ping_status":"closed","template":"page-templates\/side-menu.php","meta":{"_bbp_topic_count":0,"_bbp_reply_count":0,"_bbp_total_topic_count":0,"_bbp_total_reply_count":0,"_bbp_voice_count":0,"_bbp_anonymous_reply_count":0,"_bbp_topic_count_hidden":0,"_bbp_reply_count_hidden":0,"_bbp_forum_subforum_count":0,"site-sidebar-layout":"default","site-content-layout":"","ast-site-content-layout":"","site-content-style":"default","site-sidebar-style":"default","ast-global-header-display":"","ast-banner-title-visibility":"","ast-main-header-display":"","ast-hfb-above-header-display":"","ast-hfb-below-header-display":"","ast-hfb-mobile-header-display":"","site-post-title":"","ast-breadcrumbs-content":"","ast-featured-img":"","footer-sml-layout":"","theme-transparent-header-meta":"","adv-header-id-meta":"","stick-header-meta":"","header-above-stick-meta":"","header-main-stick-meta":"","header-below-stick-meta":"","astra-migrate-meta-layouts":"default","ast-page-background-enabled":"default","ast-page-background-meta":{"desktop":{"background-color":"var(--ast-global-color-4)","background-image":"","background-repeat":"repeat","background-position":"center center","background-size":"auto","background-attachment":"scroll","background-type":"","background-media":"","overlay-type":"","overlay-color":"","overlay-opacity":"","overlay-gradient":""},"tablet":{"background-color":"","background-image":"","background-repeat":"repeat","background-position":"center center","background-size":"auto","background-attachment":"scroll","background-type":"","background-media":"","overlay-type":"","overlay-color":"","overlay-opacity":"","overlay-gradient":""},"mobile":{"background-color":"","background-image":"","background-repeat":"repeat","background-position":"center center","background-size":"auto","background-attachment":"scroll","background-type":"","background-media":"","overlay-type":"","overlay-color":"","overlay-opacity":"","overlay-gradient":""}},"ast-content-background-meta":{"desktop":{"background-color":"var(--ast-global-color-5)","background-image":"","background-repeat":"repeat","background-position":"center center","background-size":"auto","background-attachment":"scroll","background-type":"","background-media":"","overlay-type":"","overlay-color":"","overlay-opacity":"","overlay-gradient":""},"tablet":{"background-color":"var(--ast-global-color-5)","background-image":"","background-repeat":"repeat","background-position":"center center","background-size":"auto","background-attachment":"scroll","background-type":"","background-media":"","overlay-type":"","overlay-color":"","overlay-opacity":"","overlay-gradient":""},"mobile":{"background-color":"var(--ast-global-color-5)","background-image":"","background-repeat":"repeat","background-position":"center center","background-size":"auto","background-attachment":"scroll","background-type":"","background-media":"","overlay-type":"","overlay-color":"","overlay-opacity":"","overlay-gradient":""}},"footnotes":""},"class_list":["post-329","page","type-page","status-publish","hentry"],"post_mailing_queue_ids":[],"_links":{"self":[{"href":"https:\/\/agora.xtec.cat\/iesehtb\/wp-json\/wp\/v2\/pages\/329","targetHints":{"allow":["GET"]}}],"collection":[{"href":"https:\/\/agora.xtec.cat\/iesehtb\/wp-json\/wp\/v2\/pages"}],"about":[{"href":"https:\/\/agora.xtec.cat\/iesehtb\/wp-json\/wp\/v2\/types\/page"}],"author":[{"embeddable":true,"href":"https:\/\/agora.xtec.cat\/iesehtb\/wp-json\/wp\/v2\/users\/1"}],"replies":[{"embeddable":true,"href":"https:\/\/agora.xtec.cat\/iesehtb\/wp-json\/wp\/v2\/comments?post=329"}],"version-history":[{"count":7,"href":"https:\/\/agora.xtec.cat\/iesehtb\/wp-json\/wp\/v2\/pages\/329\/revisions"}],"predecessor-version":[{"id":10099,"href":"https:\/\/agora.xtec.cat\/iesehtb\/wp-json\/wp\/v2\/pages\/329\/revisions\/10099"}],"up":[{"embeddable":true,"href":"https:\/\/agora.xtec.cat\/iesehtb\/wp-json\/wp\/v2\/pages\/63"}],"wp:attachment":[{"href":"https:\/\/agora.xtec.cat\/iesehtb\/wp-json\/wp\/v2\/media?parent=329"}],"curies":[{"name":"wp","href":"https:\/\/api.w.org\/{rel}","templated":true}]}}