{"id":323,"date":"2015-02-07T17:29:09","date_gmt":"2015-02-07T16:29:09","guid":{"rendered":"http:\/\/agora.xtec.cat\/iesehtb\/?page_id=323"},"modified":"2025-03-20T11:38:48","modified_gmt":"2025-03-20T10:38:48","slug":"biblioteca","status":"publish","type":"page","link":"https:\/\/agora.xtec.cat\/iesehtb\/serveis\/biblioteca\/","title":{"rendered":"Biblioteca"},"content":{"rendered":"<p style=\"text-align: justify;\"><span style=\"color: #ff6600; font-size: 10pt;\">\u00a0<\/span><span style=\"color: #ff6600; font-size: 10pt;\"><strong>Qu\u00e8 \u00e9s la biblioteca?<\/strong><\/span><\/p>\n<p><span class=\"italic\" style=\"font-size: 10pt;\">La Biblioteca \u00e9s un organisme intern de l\u2019INS Escola d\u2019Hoteleria i Turisme de Barcelona (EHTB) que es dedica a recol\u00b7lectar i conservar un fons documental sobre les tem\u00e0tiques que s\u00f3n d\u2019inter\u00e8s per als ensenyaments que s\u2019imparteixen al centre: turisme i hoteleria, i <\/span><span style=\"font-size: 13.3333px;\">ind\u00fastries aliment\u00e0ries.<\/span><\/p>\n<p><span class=\"italic\" style=\"font-size: 10pt;\">Tots aquests documents es conserven per tal de poder donar servei als usuaris de tota la comunitat educativa que ho necessitin. Per comunitat educativa s\u2019ent\u00e9n tant el professorat com l\u2019alumnat, i tamb\u00e9, el personal d\u2019administraci\u00f3 i serveis.<\/span><\/p>\n<p style=\"text-align: justify;\"><span class=\"italic\" style=\"font-size: 10pt;\">Per a poder consultar aquest fons us podeu dirigir a la biblioteca que trobareu a la primera planta de l\u2019institut, on estan tots els documents classificats segons la mat\u00e8ria i ordenats per tal de facilitar-ne la localitzaci\u00f3. <\/span><\/p>\n<p style=\"text-align: justify;\"><span class=\"italic\" style=\"font-size: 10pt;\">La Biblioteca es regeix per un <a title=\"Reglament General de la Biblioteca de L\u2019EHTB\" href=\"http:\/\/agora.xtec.cat\/iesehtb\/serveis\/biblioteca\/reglament-general-de-la-biblioteca-de-lehtb\/\">Reglament General de la Biblioteca<\/a><\/span><span class=\"italic\">. <span class=\"italic\" style=\"font-size: 10pt;\"><span style=\"line-height: 115%;\">La Normativa B\u00e0sica la podeu trobar a l\u2019entrada de la biblioteca o en aquest <a title=\"Normativa B\u00e0sica de la Biblioteca de l\u2019EHTB\" href=\"http:\/\/agora.xtec.cat\/iesehtb\/serveis\/biblioteca\/normativa-basica-de-la-biblioteca-de-lehtb\/\">enlla\u00e7.<\/a><\/span><\/span><br \/>\n<\/span><\/p>\n<h4 style=\"text-align: justify;\"><span style=\"color: #ff6600; font-size: 10pt;\"><strong>Quan puc anar a la biblioteca?<\/strong><\/span><\/h4>\n<p style=\"text-align: justify;\"><span class=\"italic\" style=\"font-size: 10pt;\">La biblioteca estar\u00e0 oberta als alumnes durant tot el curs escolar (setembre &#8211; juny), els dies marcats en el calendari escolar com a lectius.<\/span><\/p>\n<p style=\"text-align: justify;\"><span class=\"italic\" style=\"font-size: 10pt;\">El seu horari \u00e9s al mat\u00ed de <span style=\"color: #ff6600;\">8:00 a 14:30<\/span> i a la tarda de <span style=\"color: #ff6600;\">15:00 a 20:30<\/span>. Aquest horari es pot veure afectat per falta de professorat de gu\u00e0rdia en l\u2019hora d\u2019obertura i tancament.<\/span><\/p>\n<p style=\"text-align: justify;\"><span class=\"italic\" style=\"font-size: 8pt;\">*Els dilluns la biblioteca tanca de 13:30 a 16:00.<\/span><\/p>\n<p style=\"text-align: justify;\"><span style=\"color: #ff6600; font-size: 10pt;\"><strong>Que puc fer a la biblioteca?<\/strong><\/span><\/p>\n<p style=\"text-align: justify;\"><span class=\"italic\" style=\"font-size: 10pt;\">A part de disposar d\u2019un fons documental especialitzat dels estudis que s\u2019imparteixen al centre, la biblioteca ofereix altres serveis complementaris com:<\/span><\/p>\n<ul>\n<li style=\"text-align: justify;\"><span style=\"font-size: 10pt;\"><span class=\"italic\"><i>Servei d&#8217;Informaci\u00f3<\/i><\/span><span class=\"italic\">. Podr\u00e0s informar-te sobre la biblioteca i el seu funcionament, els temes d&#8217;especialitzaci\u00f3 (hoteleria, ind\u00fastries aliment\u00e0ries i turisme) i sobre activitats externes relacionades.<\/span><\/span><\/li>\n<li style=\"text-align: justify;\"><span style=\"font-size: 10pt;\"><span class=\"italic\"><i>Servei de consulta<\/i><\/span><span class=\"italic\">. Podeu consultar els llibres, guies, etc. de la biblioteca.<\/span><\/span><\/li>\n<\/ul>\n<p><span style=\"color: #ff6600; font-size: 10pt;\"><strong>Puc donar llibres a la Biblioteca?<\/strong><\/span><\/p>\n<p style=\"text-align: justify;\"><span class=\"italic\" style=\"font-size: 10pt;\">Si, sempre que aquests siguin d\u2019inter\u00e8s per als estudis que s\u2019imparteixin al centre. Podeu consultar el\u00a0<a title=\"Reglament Sobre els Donatius\" href=\"http:\/\/agora.xtec.cat\/iesehtb\/serveis\/biblioteca\/reglament-sobre-els-donatius\/\">Reglament sobre els donatius<\/a> per a saber-ne m\u00e9s.<\/span><\/p>\n<p style=\"text-align: justify;\"><span style=\"color: #ff6600; font-size: 10pt;\"><strong>Qui treballa a la Biblioteca?<\/strong><\/span><\/p>\n<p style=\"text-align: justify;\"><span class=\"italic\" style=\"font-size: 10pt;\">A la biblioteca hi podr\u00e0s trobar el professorat de gu\u00e0rdia sempre que no estiguin fent alguna supl\u00e8ncia o altra tasca assignada.<\/span><\/p>\n<p style=\"text-align: justify;\"><strong><span class=\"italic\" style=\"font-size: 10pt;\">\u00a0<\/span><\/strong><strong style=\"color: #ff6600; font-family: inherit; font-size: 10pt;\">Normativa d&#8217;ortografia catalana<\/strong><\/p>\n<p style=\"text-align: justify; ; font-size: 10pt;\">Tots aquells de vosaltres que estigueu interessats a consultar la normativa publicada per l\u2019Institut d&#8217;Estudis Catalans podeu fer-ho clicant al seg\u00fcent enlla\u00e7: <a href=\"http:\/\/agora.xtec.cat\/iesehtb\/wp-content\/uploads\/usu88\/2015\/02\/Ortografia-IEC-2016.pdf\" target=\"_blank\" rel=\"noopener\">Normativa<\/a><\/p>\n<p style=\"text-align: justify;\"><strong><span style=\"font-size: 10pt;\"><span class=\"italic\"><a href=\"http:\/\/agora.xtec.cat\/iesehtb\/wp-content\/uploads\/usu88\/2015\/02\/Cat\u00e0leg-de-la-biblioteca.pdf\" target=\"_blank\" rel=\"noopener\">Cat\u00e0leg de la biblioteca<\/a><br \/>\n<\/span><\/span><\/strong><\/p>\n<p style=\"text-align: justify;\"><strong><a href=\"http:\/\/agora.xtec.cat\/iesehtb\/wp-content\/uploads\/usu88\/2016\/11\/Cat\u00e0leg-revistes-opuescles-i-mapes.pdf\" target=\"_blank\" rel=\"noopener\"><span style=\"font-size: 10pt;\"><span class=\"italic\">Cat\u00e0leg de revistes, opuscles i mapes<\/span><\/span><\/a><\/strong><\/p>\n","protected":false},"excerpt":{"rendered":"<p>\u00a0Qu\u00e8 \u00e9s la biblioteca? La Biblioteca \u00e9s un organisme intern de l\u2019INS Escola d\u2019Hoteleria i Turisme de Barcelona (EHTB) que es dedica a recol\u00b7lectar i conservar un fons documental sobre les tem\u00e0tiques que s\u00f3n d\u2019inter\u00e8s per als ensenyaments que s\u2019imparteixen al centre: turisme i hoteleria, i ind\u00fastries aliment\u00e0ries. Tots aquests documents es conserven per tal [&hellip;]<\/p>\n","protected":false},"author":1,"featured_media":0,"parent":63,"menu_order":0,"comment_status":"closed","ping_status":"closed","template":"page-templates\/side-menu.php","meta":{"_bbp_topic_count":0,"_bbp_reply_count":0,"_bbp_total_topic_count":0,"_bbp_total_reply_count":0,"_bbp_voice_count":0,"_bbp_anonymous_reply_count":0,"_bbp_topic_count_hidden":0,"_bbp_reply_count_hidden":0,"_bbp_forum_subforum_count":0,"site-sidebar-layout":"default","site-content-layout":"","ast-site-content-layout":"","site-content-style":"default","site-sidebar-style":"default","ast-global-header-display":"","ast-banner-title-visibility":"","ast-main-header-display":"","ast-hfb-above-header-display":"","ast-hfb-below-header-display":"","ast-hfb-mobile-header-display":"","site-post-title":"","ast-breadcrumbs-content":"","ast-featured-img":"","footer-sml-layout":"","theme-transparent-header-meta":"","adv-header-id-meta":"","stick-header-meta":"","header-above-stick-meta":"","header-main-stick-meta":"","header-below-stick-meta":"","astra-migrate-meta-layouts":"default","ast-page-background-enabled":"default","ast-page-background-meta":{"desktop":{"background-color":"var(--ast-global-color-4)","background-image":"","background-repeat":"repeat","background-position":"center center","background-size":"auto","background-attachment":"scroll","background-type":"","background-media":"","overlay-type":"","overlay-color":"","overlay-opacity":"","overlay-gradient":""},"tablet":{"background-color":"","background-image":"","background-repeat":"repeat","background-position":"center center","background-size":"auto","background-attachment":"scroll","background-type":"","background-media":"","overlay-type":"","overlay-color":"","overlay-opacity":"","overlay-gradient":""},"mobile":{"background-color":"","background-image":"","background-repeat":"repeat","background-position":"center center","background-size":"auto","background-attachment":"scroll","background-type":"","background-media":"","overlay-type":"","overlay-color":"","overlay-opacity":"","overlay-gradient":""}},"ast-content-background-meta":{"desktop":{"background-color":"var(--ast-global-color-5)","background-image":"","background-repeat":"repeat","background-position":"center center","background-size":"auto","background-attachment":"scroll","background-type":"","background-media":"","overlay-type":"","overlay-color":"","overlay-opacity":"","overlay-gradient":""},"tablet":{"background-color":"var(--ast-global-color-5)","background-image":"","background-repeat":"repeat","background-position":"center center","background-size":"auto","background-attachment":"scroll","background-type":"","background-media":"","overlay-type":"","overlay-color":"","overlay-opacity":"","overlay-gradient":""},"mobile":{"background-color":"var(--ast-global-color-5)","background-image":"","background-repeat":"repeat","background-position":"center center","background-size":"auto","background-attachment":"scroll","background-type":"","background-media":"","overlay-type":"","overlay-color":"","overlay-opacity":"","overlay-gradient":""}},"footnotes":""},"class_list":["post-323","page","type-page","status-publish","hentry"],"post_mailing_queue_ids":[],"_links":{"self":[{"href":"https:\/\/agora.xtec.cat\/iesehtb\/wp-json\/wp\/v2\/pages\/323","targetHints":{"allow":["GET"]}}],"collection":[{"href":"https:\/\/agora.xtec.cat\/iesehtb\/wp-json\/wp\/v2\/pages"}],"about":[{"href":"https:\/\/agora.xtec.cat\/iesehtb\/wp-json\/wp\/v2\/types\/page"}],"author":[{"embeddable":true,"href":"https:\/\/agora.xtec.cat\/iesehtb\/wp-json\/wp\/v2\/users\/1"}],"replies":[{"embeddable":true,"href":"https:\/\/agora.xtec.cat\/iesehtb\/wp-json\/wp\/v2\/comments?post=323"}],"version-history":[{"count":6,"href":"https:\/\/agora.xtec.cat\/iesehtb\/wp-json\/wp\/v2\/pages\/323\/revisions"}],"predecessor-version":[{"id":10168,"href":"https:\/\/agora.xtec.cat\/iesehtb\/wp-json\/wp\/v2\/pages\/323\/revisions\/10168"}],"up":[{"embeddable":true,"href":"https:\/\/agora.xtec.cat\/iesehtb\/wp-json\/wp\/v2\/pages\/63"}],"wp:attachment":[{"href":"https:\/\/agora.xtec.cat\/iesehtb\/wp-json\/wp\/v2\/media?parent=323"}],"curies":[{"name":"wp","href":"https:\/\/api.w.org\/{rel}","templated":true}]}}