{"id":321,"date":"2015-02-07T17:27:57","date_gmt":"2015-02-07T16:27:57","guid":{"rendered":"http:\/\/agora.xtec.cat\/iesehtb\/?page_id=321"},"modified":"2025-10-08T16:31:38","modified_gmt":"2025-10-08T14:31:38","slug":"botiga-pedagogica","status":"publish","type":"page","link":"https:\/\/agora.xtec.cat\/iesehtb\/serveis\/botiga-pedagogica\/","title":{"rendered":"Botiga Pedag\u00f2gica"},"content":{"rendered":"<p class=\"titols_petit\"><span style=\"font-size: 10pt; color: #ff6600;\"><strong><span style=\"font-size: 12pt;\">Qu\u00e8 \u00e9s la botiga?<\/span> <\/strong> <\/span><\/p>\n<p>La botiga pedag\u00f2gica \u00e9s un projecte ideat per ensenyar a l&#8217;alumnat el funcionament intern d&#8217;un establiment, dins la programaci\u00f3 del curs del CFGM de Forneria, Pastisseria i Confiteria on\u00a0 s&#8217;elaboren productes per part de l&#8217;alumnat de <span class=\"titols\">fleca i pastisseria<\/span><span class=\"titols\">.<\/span><\/p>\n<p>Per donar sortida a l&#8217;estoc d&#8217;aliments produ\u00efts per l&#8217;alumnat es va crear el projecte de botiga on es donaran altres serveis, a part del pedag\u00f2gic, com servei de bar, venda de producte, etc. per tal que l&#8217;alumnat vegi totes les fases d&#8217;un proc\u00e9s productiu i una possible sortida professional.<\/p>\n<p class=\"titols_petit\"><span style=\"font-size: 12pt; color: #ff6600;\"><strong>Horari i Ubicaci\u00f3 <\/strong><\/span><\/p>\n<p class=\"titols_petit\"><span style=\"text-decoration: underline; color: #ff6600;\"><span style=\"font-size: 10pt;\"><strong>Productes Elaborats<\/strong><\/span><\/span><\/p>\n<table style=\"width: 39.6619%; height: 132px;\" border=\"0\">\n<tbody>\n<tr>\n<td class=\"titols\" style=\"width: 26.3006%;\" width=\"67\"><span style=\"color: #ff6600;\"><strong>Dilluns: <\/strong><\/span><\/td>\n<td style=\"width: 9.53757%;\"><\/td>\n<td style=\"width: 30.3468%;\">10:00 a 14:00 h<\/td>\n<td style=\"width: 30.3468%;\"><\/td>\n<\/tr>\n<tr>\n<td class=\"titols\" style=\"width: 26.3006%;\"><span style=\"color: #ff6600;\"><strong>Dimarts: <\/strong><\/span><\/td>\n<td style=\"width: 9.53757%;\"><\/td>\n<td style=\"width: 30.3468%;\">10:00 a 14:00 h<\/td>\n<td style=\"width: 30.3468%;\">15:00 a 17:00 h<\/td>\n<\/tr>\n<tr>\n<td class=\"titols\" style=\"width: 26.3006%;\"><span style=\"color: #ff6600;\"><strong>Dimecres: <\/strong><\/span><\/td>\n<td style=\"width: 9.53757%;\"><\/td>\n<td style=\"width: 30.3468%;\">10:00 a 14:00 h<\/td>\n<td style=\"width: 30.3468%;\"><\/td>\n<\/tr>\n<tr>\n<td class=\"titols\" style=\"width: 26.3006%;\"><span style=\"color: #ff6600;\"><strong>Dijous: <\/strong><\/span><\/td>\n<td style=\"width: 9.53757%;\"><\/td>\n<td style=\"width: 30.3468%;\">10:00 a 14:00 h<\/td>\n<td style=\"width: 30.3468%;\">15:00 a 17:00 h<\/td>\n<\/tr>\n<tr>\n<td class=\"titols\" style=\"width: 26.3006%;\"><span style=\"color: #ff6600;\"><strong>Divendres:<\/strong><\/span><\/td>\n<td style=\"width: 9.53757%;\"><\/td>\n<td style=\"width: 30.3468%;\">10:00 a 14:00 h<\/td>\n<td style=\"width: 30.3468%;\"><\/td>\n<\/tr>\n<\/tbody>\n<\/table>\n<p>La botiga est\u00e0 ubicada a l&#8217;entrada del centre en un espai totalment visible pel visitant del centre i amb suficient espai per assumir la circulaci\u00f3 d&#8217;alumnat i professorat.<br \/>\nPer donar suport a aquest espai, hi ha una sala adjunta a la botiga disposada de tal manera per servir als alumnes i professors de sala de menjador i consum dels productes comprats a la botiga.<\/p>\n<p class=\"titols_petit\"><span style=\"font-size: 12pt; color: #ff6600;\"><strong>Serveis<\/strong><\/span><\/p>\n<p>A la botiga es vendran els diferents productes que elaboren els nostre alumnat com per exemple:<\/p>\n<ul>\n<li>Pa<\/li>\n<li>Pastes dolces i salades<\/li>\n<li>Pastissos<\/li>\n<li>Plats preparats<\/li>\n<li>Pastes de te<\/li>\n<li>Gelats<\/li>\n<li>Melmelades<\/li>\n<li>Bombons<\/li>\n<li>Servei d&#8217;entrepans i begudes<\/li>\n<\/ul>\n","protected":false},"excerpt":{"rendered":"<p>Qu\u00e8 \u00e9s la botiga? La botiga pedag\u00f2gica \u00e9s un projecte ideat per ensenyar a l&#8217;alumnat el funcionament intern d&#8217;un establiment, dins la programaci\u00f3 del curs del CFGM de Forneria, Pastisseria i Confiteria on\u00a0 s&#8217;elaboren productes per part de l&#8217;alumnat de fleca i pastisseria. Per donar sortida a l&#8217;estoc d&#8217;aliments produ\u00efts per l&#8217;alumnat es va crear [&hellip;]<\/p>\n","protected":false},"author":1,"featured_media":0,"parent":63,"menu_order":0,"comment_status":"closed","ping_status":"closed","template":"page-templates\/side-menu.php","meta":{"_bbp_topic_count":0,"_bbp_reply_count":0,"_bbp_total_topic_count":0,"_bbp_total_reply_count":0,"_bbp_voice_count":0,"_bbp_anonymous_reply_count":0,"_bbp_topic_count_hidden":0,"_bbp_reply_count_hidden":0,"_bbp_forum_subforum_count":0,"site-sidebar-layout":"default","site-content-layout":"","ast-site-content-layout":"","site-content-style":"default","site-sidebar-style":"default","ast-global-header-display":"","ast-banner-title-visibility":"","ast-main-header-display":"","ast-hfb-above-header-display":"","ast-hfb-below-header-display":"","ast-hfb-mobile-header-display":"","site-post-title":"","ast-breadcrumbs-content":"","ast-featured-img":"","footer-sml-layout":"","theme-transparent-header-meta":"","adv-header-id-meta":"","stick-header-meta":"","header-above-stick-meta":"","header-main-stick-meta":"","header-below-stick-meta":"","astra-migrate-meta-layouts":"default","ast-page-background-enabled":"default","ast-page-background-meta":{"desktop":{"background-color":"var(--ast-global-color-4)","background-image":"","background-repeat":"repeat","background-position":"center center","background-size":"auto","background-attachment":"scroll","background-type":"","background-media":"","overlay-type":"","overlay-color":"","overlay-opacity":"","overlay-gradient":""},"tablet":{"background-color":"","background-image":"","background-repeat":"repeat","background-position":"center center","background-size":"auto","background-attachment":"scroll","background-type":"","background-media":"","overlay-type":"","overlay-color":"","overlay-opacity":"","overlay-gradient":""},"mobile":{"background-color":"","background-image":"","background-repeat":"repeat","background-position":"center center","background-size":"auto","background-attachment":"scroll","background-type":"","background-media":"","overlay-type":"","overlay-color":"","overlay-opacity":"","overlay-gradient":""}},"ast-content-background-meta":{"desktop":{"background-color":"var(--ast-global-color-5)","background-image":"","background-repeat":"repeat","background-position":"center center","background-size":"auto","background-attachment":"scroll","background-type":"","background-media":"","overlay-type":"","overlay-color":"","overlay-opacity":"","overlay-gradient":""},"tablet":{"background-color":"var(--ast-global-color-5)","background-image":"","background-repeat":"repeat","background-position":"center center","background-size":"auto","background-attachment":"scroll","background-type":"","background-media":"","overlay-type":"","overlay-color":"","overlay-opacity":"","overlay-gradient":""},"mobile":{"background-color":"var(--ast-global-color-5)","background-image":"","background-repeat":"repeat","background-position":"center center","background-size":"auto","background-attachment":"scroll","background-type":"","background-media":"","overlay-type":"","overlay-color":"","overlay-opacity":"","overlay-gradient":""}},"footnotes":""},"class_list":["post-321","page","type-page","status-publish","hentry"],"post_mailing_queue_ids":[],"_links":{"self":[{"href":"https:\/\/agora.xtec.cat\/iesehtb\/wp-json\/wp\/v2\/pages\/321","targetHints":{"allow":["GET"]}}],"collection":[{"href":"https:\/\/agora.xtec.cat\/iesehtb\/wp-json\/wp\/v2\/pages"}],"about":[{"href":"https:\/\/agora.xtec.cat\/iesehtb\/wp-json\/wp\/v2\/types\/page"}],"author":[{"embeddable":true,"href":"https:\/\/agora.xtec.cat\/iesehtb\/wp-json\/wp\/v2\/users\/1"}],"replies":[{"embeddable":true,"href":"https:\/\/agora.xtec.cat\/iesehtb\/wp-json\/wp\/v2\/comments?post=321"}],"version-history":[{"count":7,"href":"https:\/\/agora.xtec.cat\/iesehtb\/wp-json\/wp\/v2\/pages\/321\/revisions"}],"predecessor-version":[{"id":10451,"href":"https:\/\/agora.xtec.cat\/iesehtb\/wp-json\/wp\/v2\/pages\/321\/revisions\/10451"}],"up":[{"embeddable":true,"href":"https:\/\/agora.xtec.cat\/iesehtb\/wp-json\/wp\/v2\/pages\/63"}],"wp:attachment":[{"href":"https:\/\/agora.xtec.cat\/iesehtb\/wp-json\/wp\/v2\/media?parent=321"}],"curies":[{"name":"wp","href":"https:\/\/api.w.org\/{rel}","templated":true}]}}