{"id":2834,"date":"2016-10-17T13:33:38","date_gmt":"2016-10-17T12:33:38","guid":{"rendered":"http:\/\/agora.xtec.cat\/iesehtb\/?page_id=2834"},"modified":"2024-01-26T12:13:21","modified_gmt":"2024-01-26T11:13:21","slug":"acreditat","status":"publish","type":"page","link":"https:\/\/agora.xtec.cat\/iesehtb\/serveis\/acreditat\/","title":{"rendered":"Convocat\u00f2ries Acredita\u2019t"},"content":{"rendered":"<h5><a href=\"https:\/\/agora.xtec.cat\/iesehtb\/wp-content\/uploads\/usu88\/2021\/04\/Logo-MEFP_UE-e1617975873282.png\"><br \/>\n<img loading=\"lazy\" decoding=\"async\" class=\"alignright wp-image-6353 size-medium\" src=\"https:\/\/agora.xtec.cat\/iesehtb\/wp-content\/uploads\/usu88\/2021\/04\/Logo-MEFP_UE-300x69.png\" alt=\"\" width=\"300\" height=\"69\" \/><\/a><\/h5>\n<div><\/div>\n<h4><\/h4>\n<h4><b>Qu\u00e8 \u00e9s Acredita\u2019t?<\/b><\/h4>\n<p>El procediment d\u2019avaluaci\u00f3 i acreditaci\u00f3 de compet\u00e8ncies professionals adquirides mitjan\u00e7ant l\u2019experi\u00e8ncia laboral o vies no formals de formaci\u00f3 que permet a les persones que hi participen d\u2019aconseguir una certificaci\u00f3 que els pot servir per arribar a obtenir un certificat de professionalitat, un t\u00edtol de formaci\u00f3 professional o totes dues coses.<\/p>\n<p>Aquest procediment permet a la persona capacitada per desenvolupar una activitat professional en la qual ja t\u00e9 experi\u00e8ncia aconseguir una acreditaci\u00f3 oficial.<\/p>\n<p>Aquest procediment consta de les<b>\u00a0fases<\/b>:<\/p>\n<p><strong>1. Assessorament<\/strong><\/p>\n<p>En aquesta fase l\u2019aspirant t\u00e9 un assessor o assessora que l\u2019acompanya i aconsella perqu\u00e8 tingui m\u00e9s possibilitats de superar la fase d\u2019avaluaci\u00f3. L\u2019assessorament \u00e9s fonamental en el procediment, de manera que tothom hi ha de passar.<\/p>\n<p>L\u2019assessor ajuda a identificar les compet\u00e8ncies professionals i el reconeixement que s\u2019ha demanat, adquirits a trav\u00e9s de l\u2019experi\u00e8ncia laboral o mitjan\u00e7ant la formaci\u00f3 anteriorment rebuda. A partir d\u2019aquesta informaci\u00f3, l\u2019aspirant pot decidir si passar a la fase d\u2019avaluaci\u00f3 o a la formaci\u00f3 complement\u00e0ria que se suggereixi.<\/p>\n<p><strong>2. Avaluaci\u00f3<\/strong><\/p>\n<p>En aquesta fase l\u2019aspirant pot demostrar les compet\u00e8ncies professionals per a les quals demana l\u2019acreditaci\u00f3. En l\u2019avaluaci\u00f3 es tindran en compte, entre d\u2019altres, la fiabilitat, l\u2019objectivitat i la qualitat. En ess\u00e8ncia, l\u2019objectiu \u00e9s demostrar la compet\u00e8ncia professional relacionada amb les unitats de compet\u00e8ncia.<\/p>\n<h4><\/h4>\n<h4><b>M\u00e9s informaci\u00f3<\/b><\/h4>\n<p>Tota la informaci\u00f3 la trobareu disponible al web <a href=\"https:\/\/fp.gencat.cat\/ca\/acreditacio\/em-vull-acreditar\/index.html\">Acredita\u2019t<\/a><\/p>\n<h5><\/h5>\n<p>&nbsp;<\/p>\n<p><a href=\"https:\/\/agora.xtec.cat\/iesehtb\/wp-content\/uploads\/usu88\/2020\/07\/logo_acredita_t-1.jpg\"><img loading=\"lazy\" decoding=\"async\" class=\"aligncenter wp-image-5705\" src=\"https:\/\/agora.xtec.cat\/iesehtb\/wp-content\/uploads\/usu88\/2020\/07\/logo_acredita_t-1.jpg\" alt=\"Servei Acredita't\" width=\"168\" height=\"168\" \/><\/a><\/p>\n","protected":false},"excerpt":{"rendered":"<p>Qu\u00e8 \u00e9s Acredita\u2019t? El procediment d\u2019avaluaci\u00f3 i acreditaci\u00f3 de compet\u00e8ncies professionals adquirides mitjan\u00e7ant l\u2019experi\u00e8ncia laboral o vies no formals de formaci\u00f3 que permet a les persones que hi participen d\u2019aconseguir una certificaci\u00f3 que els pot servir per arribar a obtenir un certificat de professionalitat, un t\u00edtol de formaci\u00f3 professional o totes dues coses. Aquest procediment [&hellip;]<\/p>\n","protected":false},"author":1,"featured_media":0,"parent":63,"menu_order":0,"comment_status":"closed","ping_status":"closed","template":"page-templates\/side-menu.php","meta":{"_bbp_topic_count":0,"_bbp_reply_count":0,"_bbp_total_topic_count":0,"_bbp_total_reply_count":0,"_bbp_voice_count":0,"_bbp_anonymous_reply_count":0,"_bbp_topic_count_hidden":0,"_bbp_reply_count_hidden":0,"_bbp_forum_subforum_count":0,"site-sidebar-layout":"default","site-content-layout":"","ast-site-content-layout":"","site-content-style":"default","site-sidebar-style":"default","ast-global-header-display":"","ast-banner-title-visibility":"","ast-main-header-display":"","ast-hfb-above-header-display":"","ast-hfb-below-header-display":"","ast-hfb-mobile-header-display":"","site-post-title":"","ast-breadcrumbs-content":"","ast-featured-img":"","footer-sml-layout":"","theme-transparent-header-meta":"","adv-header-id-meta":"","stick-header-meta":"","header-above-stick-meta":"","header-main-stick-meta":"","header-below-stick-meta":"","astra-migrate-meta-layouts":"default","ast-page-background-enabled":"default","ast-page-background-meta":{"desktop":{"background-color":"var(--ast-global-color-4)","background-image":"","background-repeat":"repeat","background-position":"center center","background-size":"auto","background-attachment":"scroll","background-type":"","background-media":"","overlay-type":"","overlay-color":"","overlay-opacity":"","overlay-gradient":""},"tablet":{"background-color":"","background-image":"","background-repeat":"repeat","background-position":"center center","background-size":"auto","background-attachment":"scroll","background-type":"","background-media":"","overlay-type":"","overlay-color":"","overlay-opacity":"","overlay-gradient":""},"mobile":{"background-color":"","background-image":"","background-repeat":"repeat","background-position":"center center","background-size":"auto","background-attachment":"scroll","background-type":"","background-media":"","overlay-type":"","overlay-color":"","overlay-opacity":"","overlay-gradient":""}},"ast-content-background-meta":{"desktop":{"background-color":"var(--ast-global-color-5)","background-image":"","background-repeat":"repeat","background-position":"center center","background-size":"auto","background-attachment":"scroll","background-type":"","background-media":"","overlay-type":"","overlay-color":"","overlay-opacity":"","overlay-gradient":""},"tablet":{"background-color":"var(--ast-global-color-5)","background-image":"","background-repeat":"repeat","background-position":"center center","background-size":"auto","background-attachment":"scroll","background-type":"","background-media":"","overlay-type":"","overlay-color":"","overlay-opacity":"","overlay-gradient":""},"mobile":{"background-color":"var(--ast-global-color-5)","background-image":"","background-repeat":"repeat","background-position":"center center","background-size":"auto","background-attachment":"scroll","background-type":"","background-media":"","overlay-type":"","overlay-color":"","overlay-opacity":"","overlay-gradient":""}},"footnotes":""},"class_list":["post-2834","page","type-page","status-publish","hentry"],"post_mailing_queue_ids":[],"_links":{"self":[{"href":"https:\/\/agora.xtec.cat\/iesehtb\/wp-json\/wp\/v2\/pages\/2834","targetHints":{"allow":["GET"]}}],"collection":[{"href":"https:\/\/agora.xtec.cat\/iesehtb\/wp-json\/wp\/v2\/pages"}],"about":[{"href":"https:\/\/agora.xtec.cat\/iesehtb\/wp-json\/wp\/v2\/types\/page"}],"author":[{"embeddable":true,"href":"https:\/\/agora.xtec.cat\/iesehtb\/wp-json\/wp\/v2\/users\/1"}],"replies":[{"embeddable":true,"href":"https:\/\/agora.xtec.cat\/iesehtb\/wp-json\/wp\/v2\/comments?post=2834"}],"version-history":[{"count":5,"href":"https:\/\/agora.xtec.cat\/iesehtb\/wp-json\/wp\/v2\/pages\/2834\/revisions"}],"predecessor-version":[{"id":9257,"href":"https:\/\/agora.xtec.cat\/iesehtb\/wp-json\/wp\/v2\/pages\/2834\/revisions\/9257"}],"up":[{"embeddable":true,"href":"https:\/\/agora.xtec.cat\/iesehtb\/wp-json\/wp\/v2\/pages\/63"}],"wp:attachment":[{"href":"https:\/\/agora.xtec.cat\/iesehtb\/wp-json\/wp\/v2\/media?parent=2834"}],"curies":[{"name":"wp","href":"https:\/\/api.w.org\/{rel}","templated":true}]}}