{"id":2651,"date":"2016-04-29T11:10:01","date_gmt":"2016-04-29T10:10:01","guid":{"rendered":"http:\/\/agora.xtec.cat\/iesehtb\/?page_id=2651"},"modified":"2025-04-29T10:44:43","modified_gmt":"2025-04-29T08:44:43","slug":"preus-aportacions-i-taxes","status":"publish","type":"page","link":"https:\/\/agora.xtec.cat\/iesehtb\/secretaria\/preinscripcio-cfgs\/preus-aportacions-i-taxes\/","title":{"rendered":"Preus, aportacions i taxes CFGS"},"content":{"rendered":"<table>\n<tbody>\n<tr>\n<td style=\"width: 115px;\"><strong>29\/04\/2025<\/strong><\/td>\n<td style=\"text-align: center; width: 638px;\" colspan=\"10\"><strong>Grau Superior<\/strong><\/p>\n<p>&nbsp;<\/td>\n<\/tr>\n<tr>\n<td style=\"background-color: #9b2948; width: 115px;\"><span style=\"color: #ffffff;\"><strong>Cicle Formatiu<\/strong><\/span><\/td>\n<td style=\"text-align: center; background-color: #9b2948; width: 138px;\" colspan=\"2\"><span style=\"color: #ffffff;\"><strong>Direcci\u00f3 de Cuina<\/strong><\/span><\/td>\n<td style=\"text-align: center; background-color: #9b2948; width: 138px;\" colspan=\"2\"><span style=\"color: #ffffff;\"><strong>Direcci\u00f3 en Serveis de Restauraci\u00f3<\/strong><\/span><\/td>\n<td style=\"text-align: center; background-color: #9b2948; width: 118px;\" colspan=\"2\"><span style=\"color: #ffffff;\"><strong>Ag\u00e8ncies de Viatges i Gesti\u00f3 d&#8217;Esdev.<\/strong><\/span><\/td>\n<td style=\"text-align: center; background-color: #9b2948; width: 118px;\" colspan=\"2\"><span style=\"color: #ffffff;\"><strong>Gesti\u00f3 Allotjaments Tur\u00edstics<\/strong><\/span><\/td>\n<td style=\"text-align: center; background-color: #9b2948; width: 118px;\" colspan=\"2\"><span style=\"color: #ffffff;\"><strong>Guia, Informaci\u00f3 i Assist. Tur\u00edstica<\/strong><\/span><\/td>\n<\/tr>\n<tr>\n<td style=\"background-color: #9b2948; width: 115px;\"><strong><span style=\"color: #ffffff;\">Nivell<\/span><\/strong><\/td>\n<td style=\"text-align: center; width: 72px; background-color: #f79f00;\"><strong>1r curs<\/strong><\/td>\n<td style=\"text-align: center; width: 64px; background-color: #f79f00;\"><strong>2n curs<\/strong><\/td>\n<td style=\"text-align: center; width: 72px; background-color: #f79f00;\"><strong>1r curs<\/strong><\/td>\n<td style=\"text-align: center; width: 64px; background-color: #f79f00;\"><strong>2n curs<\/strong><\/td>\n<td style=\"text-align: center; width: 58px; background-color: #f79f00;\"><strong>1r curs<\/strong><\/td>\n<td style=\"text-align: center; width: 58px; background-color: #f79f00;\"><strong>2n curs<\/strong><\/td>\n<td style=\"text-align: center; width: 58px; background-color: #f79f00;\"><strong>1r curs<\/strong><\/td>\n<td style=\"text-align: center; width: 58px; background-color: #f79f00;\"><strong>2n curs<\/strong><\/td>\n<td style=\"text-align: center; width: 58px; background-color: #f79f00;\"><strong>1r curs<\/strong><\/td>\n<td style=\"text-align: center; width: 58px; background-color: #f79f00;\"><strong>2n curs<\/strong><\/td>\n<\/tr>\n<tr>\n<td style=\"background-color: #9b2948; width: 115px;\"><strong><span style=\"color: #ffffff;\">Matr\u00edcula Preu P\u00fablic <sub>(1)<\/sub><\/span><\/strong><\/td>\n<td style=\"text-align: center; width: 72px;\">360<\/td>\n<td style=\"text-align: center; width: 64px;\">360<\/td>\n<td style=\"text-align: center; width: 72px;\">360<\/td>\n<td style=\"text-align: center; width: 64px;\">360<\/td>\n<td style=\"text-align: center; width: 58px;\">360<\/td>\n<td style=\"text-align: center; width: 58px;\">360<\/td>\n<td style=\"text-align: center; width: 58px;\">360<\/td>\n<td style=\"text-align: center; width: 58px;\">360<\/td>\n<td style=\"text-align: center; width: 58px;\">360<\/td>\n<td style=\"text-align: center; width: 58px;\">360<\/td>\n<\/tr>\n<tr>\n<td style=\"background-color: #9b2948; width: 115px;\"><strong><span style=\"color: #ffffff;\">Aportacions de Material<\/span><\/strong><\/td>\n<td style=\"text-align: center; width: 72px;\">550<\/td>\n<td style=\"text-align: center; width: 64px;\">550<\/td>\n<td style=\"text-align: center; width: 72px;\">550<\/td>\n<td style=\"text-align: center; width: 64px;\">550<\/td>\n<td style=\"text-align: center; width: 58px;\">160<\/td>\n<td style=\"text-align: center; width: 58px;\">160<\/td>\n<td style=\"text-align: center; width: 58px;\">160<\/td>\n<td style=\"text-align: center; width: 58px;\">160<\/td>\n<td style=\"text-align: center; width: 58px;\">160<\/td>\n<td style=\"text-align: center; width: 58px;\">160<\/td>\n<\/tr>\n<tr>\n<td style=\"background-color: #9b2948; width: 115px; text-align: left;\"><strong><span style=\"color: #ffffff;\">Uniformes (*)<br \/>\n<\/span><\/strong><\/td>\n<td style=\"text-align: center; width: 72px;\">226,47<\/td>\n<td style=\"text-align: center; width: 64px;\">6,40<\/td>\n<td style=\"text-align: center; width: 72px;\">180,36<\/td>\n<td style=\"text-align: center; width: 64px;\">19,20<\/td>\n<td style=\"text-align: center; width: 58px;\">125<\/td>\n<td style=\"text-align: center; width: 58px;\"><\/td>\n<td style=\"text-align: center; width: 58px;\">125<\/td>\n<td style=\"text-align: center; width: 58px;\"><\/td>\n<td style=\"text-align: center; width: 58px;\">125<\/td>\n<td style=\"text-align: center; width: 58px;\"><\/td>\n<\/tr>\n<tr>\n<td style=\"background-color: #9b2948; width: 115px;\"><strong><span style=\"color: #ffffff;\">Malet\u00ed d\u2019Eines (*)<\/span><\/strong><\/td>\n<td style=\"text-align: center; width: 72px;\">270,68<\/td>\n<td style=\"text-align: center; width: 64px;\"><\/td>\n<td style=\"text-align: center; width: 72px;\"><\/td>\n<td style=\"text-align: center; width: 64px;\"><\/td>\n<td style=\"text-align: center; width: 58px;\"><\/td>\n<td style=\"text-align: center; width: 58px;\"><\/td>\n<td style=\"text-align: center; width: 58px;\"><\/td>\n<td style=\"text-align: center; width: 58px;\"><\/td>\n<td style=\"text-align: center; width: 58px;\"><\/td>\n<td style=\"text-align: center; width: 58px;\"><\/td>\n<\/tr>\n<tr>\n<td style=\"background-color: #9b2948; width: 115px;\"><strong><span style=\"color: #ffffff;\">Asseguran\u00e7a Escolar<\/span><\/strong><\/td>\n<td style=\"text-align: center; width: 72px;\">1,12<\/td>\n<td style=\"text-align: center; width: 64px;\">1,12<\/td>\n<td style=\"text-align: center; width: 72px;\">1,12<\/td>\n<td style=\"text-align: center; width: 64px;\">1,12<\/td>\n<td style=\"text-align: center; width: 58px;\">1,12<\/td>\n<td style=\"text-align: center; width: 58px;\">1,12<\/td>\n<td style=\"text-align: center; width: 58px;\">1,12<\/td>\n<td style=\"text-align: center; width: 58px;\">1,12<\/td>\n<td style=\"text-align: center; width: 58px;\">1,12<\/td>\n<td style=\"text-align: center; width: 58px;\">1,12<\/td>\n<\/tr>\n<tr>\n<td style=\"background-color: #9b2948; width: 115px;\"><strong><span style=\"color: #ffffff;\">Total<\/span><\/strong><\/p>\n<p>&nbsp;<\/td>\n<td style=\"text-align: center; width: 72px;\"><strong>1408,27\u20ac<\/strong><\/td>\n<td style=\"text-align: center; width: 64px;\"><strong>917,52\u20ac<\/strong><\/td>\n<td style=\"text-align: center; width: 72px;\"><strong>1091,48\u20ac<\/strong><\/td>\n<td style=\"text-align: center; width: 64px;\"><strong>930<\/strong><strong>,32\u20ac<\/strong><\/td>\n<td style=\"text-align: center; width: 58px;\"><strong>646,2\u20ac<\/strong><\/td>\n<td style=\"text-align: center; width: 58px;\"><strong>521,2\u20ac<\/strong><\/td>\n<td style=\"text-align: center; width: 58px;\"><strong>646,2\u20ac<\/strong><\/td>\n<td style=\"text-align: center; width: 58px;\"><strong>521,12\u20ac<\/strong><\/td>\n<td style=\"text-align: center; width: 58px;\"><strong>646,2\u20ac<\/strong><\/td>\n<td style=\"text-align: center; width: 58px;\"><strong>521,12\u20ac<\/strong><\/td>\n<\/tr>\n<\/tbody>\n<\/table>\n<p>(1) <a href=\"http:\/\/ensenyament.gencat.cat\/ca\/departament\/normativa\/taxes-preus-publics\/preu-public\/\" target=\"_blank\" rel=\"noopener noreferrer\">Preu P\u00fablic<\/a><\/p>\n<p>(*) Preus orientatius<\/p>\n<p>El preu de les aportacions de material es far\u00e0 en <strong>pagament \u00fanic al mes de juliol.<\/strong><\/p>\n<p><span lang=\"CA\">Alumnat major de 28 anys, NO est\u00e0 cobert per l\u2019asseguran\u00e7a escolar obligat\u00f2ria. Les persones m\u00e9s grans de 28 anys han de contractar una asseguran\u00e7a equivalent a la cobertura de l&#8217;asseguran\u00e7a escolar obligat\u00f2ria amb un import de 11\u20ac a sumar als imports anteriorment detallats.<\/span><\/p>\n<p>&nbsp;<\/p>\n<p>&nbsp;<\/p>\n","protected":false},"excerpt":{"rendered":"<p>29\/04\/2025 Grau Superior &nbsp; Cicle Formatiu Direcci\u00f3 de Cuina Direcci\u00f3 en Serveis de Restauraci\u00f3 Ag\u00e8ncies de Viatges i Gesti\u00f3 d&#8217;Esdev. Gesti\u00f3 Allotjaments Tur\u00edstics Guia, Informaci\u00f3 i Assist. Tur\u00edstica Nivell 1r curs 2n curs 1r curs 2n curs 1r curs 2n curs 1r curs 2n curs 1r curs 2n curs Matr\u00edcula Preu P\u00fablic (1) 360 360 [&hellip;]<\/p>\n","protected":false},"author":1,"featured_media":0,"parent":799,"menu_order":130,"comment_status":"closed","ping_status":"closed","template":"page-templates\/side-menu.php","meta":{"_bbp_topic_count":0,"_bbp_reply_count":0,"_bbp_total_topic_count":0,"_bbp_total_reply_count":0,"_bbp_voice_count":0,"_bbp_anonymous_reply_count":0,"_bbp_topic_count_hidden":0,"_bbp_reply_count_hidden":0,"_bbp_forum_subforum_count":0,"site-sidebar-layout":"default","site-content-layout":"","ast-site-content-layout":"","site-content-style":"default","site-sidebar-style":"default","ast-global-header-display":"","ast-banner-title-visibility":"","ast-main-header-display":"","ast-hfb-above-header-display":"","ast-hfb-below-header-display":"","ast-hfb-mobile-header-display":"","site-post-title":"","ast-breadcrumbs-content":"","ast-featured-img":"","footer-sml-layout":"","theme-transparent-header-meta":"","adv-header-id-meta":"","stick-header-meta":"","header-above-stick-meta":"","header-main-stick-meta":"","header-below-stick-meta":"","astra-migrate-meta-layouts":"default","ast-page-background-enabled":"default","ast-page-background-meta":{"desktop":{"background-color":"var(--ast-global-color-4)","background-image":"","background-repeat":"repeat","background-position":"center center","background-size":"auto","background-attachment":"scroll","background-type":"","background-media":"","overlay-type":"","overlay-color":"","overlay-opacity":"","overlay-gradient":""},"tablet":{"background-color":"","background-image":"","background-repeat":"repeat","background-position":"center center","background-size":"auto","background-attachment":"scroll","background-type":"","background-media":"","overlay-type":"","overlay-color":"","overlay-opacity":"","overlay-gradient":""},"mobile":{"background-color":"","background-image":"","background-repeat":"repeat","background-position":"center center","background-size":"auto","background-attachment":"scroll","background-type":"","background-media":"","overlay-type":"","overlay-color":"","overlay-opacity":"","overlay-gradient":""}},"ast-content-background-meta":{"desktop":{"background-color":"var(--ast-global-color-5)","background-image":"","background-repeat":"repeat","background-position":"center center","background-size":"auto","background-attachment":"scroll","background-type":"","background-media":"","overlay-type":"","overlay-color":"","overlay-opacity":"","overlay-gradient":""},"tablet":{"background-color":"var(--ast-global-color-5)","background-image":"","background-repeat":"repeat","background-position":"center center","background-size":"auto","background-attachment":"scroll","background-type":"","background-media":"","overlay-type":"","overlay-color":"","overlay-opacity":"","overlay-gradient":""},"mobile":{"background-color":"var(--ast-global-color-5)","background-image":"","background-repeat":"repeat","background-position":"center center","background-size":"auto","background-attachment":"scroll","background-type":"","background-media":"","overlay-type":"","overlay-color":"","overlay-opacity":"","overlay-gradient":""}},"footnotes":""},"class_list":["post-2651","page","type-page","status-publish","hentry"],"post_mailing_queue_ids":[],"_links":{"self":[{"href":"https:\/\/agora.xtec.cat\/iesehtb\/wp-json\/wp\/v2\/pages\/2651","targetHints":{"allow":["GET"]}}],"collection":[{"href":"https:\/\/agora.xtec.cat\/iesehtb\/wp-json\/wp\/v2\/pages"}],"about":[{"href":"https:\/\/agora.xtec.cat\/iesehtb\/wp-json\/wp\/v2\/types\/page"}],"author":[{"embeddable":true,"href":"https:\/\/agora.xtec.cat\/iesehtb\/wp-json\/wp\/v2\/users\/1"}],"replies":[{"embeddable":true,"href":"https:\/\/agora.xtec.cat\/iesehtb\/wp-json\/wp\/v2\/comments?post=2651"}],"version-history":[{"count":5,"href":"https:\/\/agora.xtec.cat\/iesehtb\/wp-json\/wp\/v2\/pages\/2651\/revisions"}],"predecessor-version":[{"id":10223,"href":"https:\/\/agora.xtec.cat\/iesehtb\/wp-json\/wp\/v2\/pages\/2651\/revisions\/10223"}],"up":[{"embeddable":true,"href":"https:\/\/agora.xtec.cat\/iesehtb\/wp-json\/wp\/v2\/pages\/799"}],"wp:attachment":[{"href":"https:\/\/agora.xtec.cat\/iesehtb\/wp-json\/wp\/v2\/media?parent=2651"}],"curies":[{"name":"wp","href":"https:\/\/api.w.org\/{rel}","templated":true}]}}