{"id":2644,"date":"2016-04-29T08:35:32","date_gmt":"2016-04-29T07:35:32","guid":{"rendered":"http:\/\/agora.xtec.cat\/iesehtb\/?page_id=2644"},"modified":"2026-04-15T11:37:21","modified_gmt":"2026-04-15T09:37:21","slug":"aportacions-cfgm","status":"publish","type":"page","link":"https:\/\/agora.xtec.cat\/iesehtb\/secretaria\/preinscripcio-cfgm\/aportacions-cfgm\/","title":{"rendered":"Preus i Aportacions CFGM"},"content":{"rendered":"<table style=\"width: 64%; height: 344px;\">\n<tbody>\n<tr style=\"height: 33px;\">\n<td style=\"text-align: center; width: 19.5971%; height: 33px;\"><strong>29\/04\/2025<\/strong><\/td>\n<td style=\"background-color: #9b2948; text-align: center; height: 33px; width: 70.5128%;\" colspan=\"6\"><span style=\"color: #ffffff;\"><strong>Grau Mitj\u00e0<\/strong><\/span><\/td>\n<td style=\"background-color: #9b2948; width: 76.9231%; text-align: center;\"><span style=\"color: #ffffff;\"><strong>\u00a0<\/strong><\/span><\/td>\n<\/tr>\n<tr style=\"height: 65px;\">\n<td style=\"text-align: center; background-color: #ffa500; width: 19.5971%; height: 65px;\"><strong>Cicle Formatiu<\/strong><\/td>\n<td style=\"text-align: center; background-color: #ffa500; width: 25.641%; height: 65px;\" colspan=\"2\"><strong>Cuina i Gastronomia<\/strong><\/td>\n<td style=\"text-align: center; background-color: #ffa500; width: 25.641%; height: 65px;\" colspan=\"2\"><strong>Serveis de Restauraci\u00f3<\/strong><\/td>\n<td style=\"text-align: center; background-color: #ffa500; height: 65px; width: 19.2308%;\" colspan=\"2\"><strong>Forneria, Pastisseria i Confiteria<\/strong><\/td>\n<td style=\"text-align: center; background-color: #ffa500; width: 76.9231%;\"><strong>Curs Especialitzaci\u00f3<\/strong><\/td>\n<\/tr>\n<tr style=\"height: 33px;\">\n<td style=\"text-align: center; background-color: #9b2948; width: 19.5971%; height: 33px;\"><span style=\"color: #ffffff;\"><strong>Nivell<\/strong><\/span><\/td>\n<td style=\"text-align: center; width: 12.8205%; height: 33px;\"><strong>1r curs<\/strong><\/td>\n<td style=\"text-align: center; width: 12.8205%; height: 33px;\"><strong>2n curs<\/strong><\/td>\n<td style=\"text-align: center; width: 12.8205%; height: 33px;\"><strong>1r curs<\/strong><\/td>\n<td style=\"text-align: center; width: 12.8205%; height: 33px;\"><strong>2n curs<\/strong><\/td>\n<td style=\"text-align: center; width: 6.41025%; height: 33px;\"><strong>1r curs<\/strong><\/td>\n<td style=\"text-align: center; width: 12.8205%; height: 33px;\"><strong>2n curs<\/strong><\/td>\n<td style=\"text-align: center; width: 76.9231%;\"><strong>&#8212;<\/strong><\/td>\n<\/tr>\n<tr style=\"height: 49px;\">\n<td style=\"text-align: center; background-color: #9b2948; width: 19.5971%; height: 49px;\"><span style=\"color: #ffffff;\"><strong>Aportacions de Material<\/strong><\/span><\/td>\n<td style=\"text-align: center; width: 12.8205%; height: 49px;\">550 \u20ac<\/td>\n<td style=\"text-align: center; width: 12.8205%; height: 49px;\">550\u00a0 \u20ac<\/td>\n<td style=\"text-align: center; width: 12.8205%; height: 49px;\">550 \u20ac<\/td>\n<td style=\"text-align: center; width: 12.8205%; height: 49px;\">550\u00a0 \u20ac<\/td>\n<td style=\"text-align: center; width: 6.41025%; height: 49px;\">550 \u20ac<\/td>\n<td style=\"width: 12.8205%; text-align: center; height: 49px;\">550\u00a0 \u20ac<\/td>\n<td style=\"text-align: center; width: 76.9231%;\">100 \u20ac<\/td>\n<\/tr>\n<tr style=\"height: 33px;\">\n<td style=\"text-align: center; background-color: #9b2948; width: 19.5971%; height: 33px;\"><span style=\"color: #ffffff;\"><strong>Uniformes (*)<\/strong><\/span><\/td>\n<td style=\"text-align: center; width: 12.8205%; height: 33px;\">226,47 \u20ac<\/td>\n<td style=\"text-align: center; width: 12.8205%; height: 33px;\">6,40 \u20ac<\/td>\n<td style=\"width: 12.8205%; text-align: center; height: 33px;\">180,36 \u20ac<\/td>\n<td style=\"text-align: center; width: 12.8205%; height: 33px;\">19,20 \u20ac<\/td>\n<td style=\"text-align: center; width: 6.41025%; height: 33px;\">226,47\u20ac<\/td>\n<td style=\"width: 12.8205%; text-align: center; height: 33px;\">_<\/td>\n<td style=\"text-align: center; width: 76.9231%;\">&#8212;<\/td>\n<\/tr>\n<tr style=\"height: 49px;\">\n<td style=\"text-align: center; background-color: #9b2948; width: 19.5971%; height: 49px;\"><span style=\"color: #ffffff;\"><strong>Malet\u00ed d\u2019Eines (*)<\/strong><\/span><\/td>\n<td style=\"text-align: center; width: 12.8205%; height: 49px;\">270,68 \u20ac<\/td>\n<td style=\"text-align: center; width: 12.8205%; height: 49px;\">_<\/td>\n<td style=\"text-align: center; width: 12.8205%; height: 49px;\">_<\/td>\n<td style=\"text-align: center; width: 12.8205%; height: 49px;\">_<\/td>\n<td style=\"text-align: center; width: 6.41025%; height: 49px;\">253,41 \u20ac<\/td>\n<td style=\"width: 12.8205%; text-align: center; height: 49px;\">_<\/td>\n<td style=\"text-align: center; width: 76.9231%;\">&#8212;<\/td>\n<\/tr>\n<tr style=\"height: 49px;\">\n<td style=\"text-align: center; background-color: #9b2948; width: 19.5971%; height: 49px;\"><span style=\"color: #ffffff;\"><strong>Asseguran\u00e7a Escolar<\/strong><\/span><\/td>\n<td style=\"text-align: center; width: 12.8205%; height: 49px;\">1,12 \u20ac<\/td>\n<td style=\"text-align: center; width: 12.8205%; height: 49px;\">1,12 \u20ac<\/td>\n<td style=\"text-align: center; width: 12.8205%; height: 49px;\">1,12 \u20ac<\/td>\n<td style=\"text-align: center; width: 12.8205%; height: 49px;\">1,12 \u20ac<\/td>\n<td style=\"text-align: center; width: 6.41025%; height: 49px;\">1,12 \u20ac<\/td>\n<td style=\"width: 12.8205%; text-align: center; height: 49px;\">1,12 \u20ac<\/td>\n<td style=\"text-align: center; width: 76.9231%;\">1,12 \u20ac<\/td>\n<\/tr>\n<tr style=\"height: 33px;\">\n<td style=\"text-align: center; background-color: #9b2948; width: 19.5971%; height: 33px;\"><span style=\"color: #ffffff;\"><strong>Total<\/strong><\/span><\/td>\n<td style=\"text-align: center; width: 12.8205%; height: 33px;\"><strong>1048,27\u20ac<br \/>\n<\/strong><\/td>\n<td style=\"text-align: center; width: 12.8205%; height: 33px;\"><strong>557,52\u20ac<br \/>\n<\/strong><\/td>\n<td style=\"text-align: center; width: 12.8205%; height: 33px;\"><strong>731,48\u20ac<br \/>\n<\/strong><\/td>\n<td style=\"text-align: center; width: 12.8205%; height: 33px;\"><strong>570,32\u20ac<\/strong><\/td>\n<td style=\"text-align: center; width: 6.41025%; height: 33px;\"><strong>1031\u20ac<\/strong><\/td>\n<td style=\"width: 12.8205%; text-align: center; height: 33px;\"><strong>551,12\u20ac<br \/>\n<\/strong><\/td>\n<td style=\"text-align: center; width: 76.9231%;\"><strong>101,12\u20ac<\/strong><\/td>\n<\/tr>\n<\/tbody>\n<\/table>\n<p>(*) Preus orientatius<\/p>\n<p style=\"text-align: justify;\">Alumnat major de 28 anys: NO est\u00e0 cobert per l\u2019asseguran\u00e7a escolar obligat\u00f2ria. <span lang=\"CA\">Les persones m\u00e9s grans de 28 anys han de contractar una asseguran\u00e7a equivalent a la cobertura de l&#8217;asseguran\u00e7a escolar obligat\u00f2ria amb un import de 11\u20ac a sumar als imports anteriorment detallats.<\/span><\/p>\n","protected":false},"excerpt":{"rendered":"<p>29\/04\/2025 Grau Mitj\u00e0 \u00a0 Cicle Formatiu Cuina i Gastronomia Serveis de Restauraci\u00f3 Forneria, Pastisseria i Confiteria Curs Especialitzaci\u00f3 Nivell 1r curs 2n curs 1r curs 2n curs 1r curs 2n curs &#8212; Aportacions de Material 550 \u20ac 550\u00a0 \u20ac 550 \u20ac 550\u00a0 \u20ac 550 \u20ac 550\u00a0 \u20ac 100 \u20ac Uniformes (*) 226,47 \u20ac 6,40 \u20ac [&hellip;]<\/p>\n","protected":false},"author":1,"featured_media":0,"parent":735,"menu_order":120,"comment_status":"closed","ping_status":"closed","template":"","meta":{"_bbp_topic_count":0,"_bbp_reply_count":0,"_bbp_total_topic_count":0,"_bbp_total_reply_count":0,"_bbp_voice_count":0,"_bbp_anonymous_reply_count":0,"_bbp_topic_count_hidden":0,"_bbp_reply_count_hidden":0,"_bbp_forum_subforum_count":0,"site-sidebar-layout":"default","site-content-layout":"","ast-site-content-layout":"default","site-content-style":"default","site-sidebar-style":"default","ast-global-header-display":"","ast-banner-title-visibility":"","ast-main-header-display":"","ast-hfb-above-header-display":"","ast-hfb-below-header-display":"","ast-hfb-mobile-header-display":"","site-post-title":"","ast-breadcrumbs-content":"","ast-featured-img":"","footer-sml-layout":"","theme-transparent-header-meta":"default","adv-header-id-meta":"","stick-header-meta":"","header-above-stick-meta":"","header-main-stick-meta":"","header-below-stick-meta":"","astra-migrate-meta-layouts":"set","ast-page-background-enabled":"default","ast-page-background-meta":{"desktop":{"background-color":"var(--ast-global-color-4)","background-image":"","background-repeat":"repeat","background-position":"center center","background-size":"auto","background-attachment":"scroll","background-type":"","background-media":"","overlay-type":"","overlay-color":"","overlay-opacity":"","overlay-gradient":""},"tablet":{"background-color":"","background-image":"","background-repeat":"repeat","background-position":"center center","background-size":"auto","background-attachment":"scroll","background-type":"","background-media":"","overlay-type":"","overlay-color":"","overlay-opacity":"","overlay-gradient":""},"mobile":{"background-color":"","background-image":"","background-repeat":"repeat","background-position":"center center","background-size":"auto","background-attachment":"scroll","background-type":"","background-media":"","overlay-type":"","overlay-color":"","overlay-opacity":"","overlay-gradient":""}},"ast-content-background-meta":{"desktop":{"background-color":"var(--ast-global-color-5)","background-image":"","background-repeat":"repeat","background-position":"center center","background-size":"auto","background-attachment":"scroll","background-type":"","background-media":"","overlay-type":"","overlay-color":"","overlay-opacity":"","overlay-gradient":""},"tablet":{"background-color":"var(--ast-global-color-5)","background-image":"","background-repeat":"repeat","background-position":"center center","background-size":"auto","background-attachment":"scroll","background-type":"","background-media":"","overlay-type":"","overlay-color":"","overlay-opacity":"","overlay-gradient":""},"mobile":{"background-color":"var(--ast-global-color-5)","background-image":"","background-repeat":"repeat","background-position":"center center","background-size":"auto","background-attachment":"scroll","background-type":"","background-media":"","overlay-type":"","overlay-color":"","overlay-opacity":"","overlay-gradient":""}},"footnotes":""},"class_list":["post-2644","page","type-page","status-publish","hentry"],"post_mailing_queue_ids":[],"_links":{"self":[{"href":"https:\/\/agora.xtec.cat\/iesehtb\/wp-json\/wp\/v2\/pages\/2644","targetHints":{"allow":["GET"]}}],"collection":[{"href":"https:\/\/agora.xtec.cat\/iesehtb\/wp-json\/wp\/v2\/pages"}],"about":[{"href":"https:\/\/agora.xtec.cat\/iesehtb\/wp-json\/wp\/v2\/types\/page"}],"author":[{"embeddable":true,"href":"https:\/\/agora.xtec.cat\/iesehtb\/wp-json\/wp\/v2\/users\/1"}],"replies":[{"embeddable":true,"href":"https:\/\/agora.xtec.cat\/iesehtb\/wp-json\/wp\/v2\/comments?post=2644"}],"version-history":[{"count":6,"href":"https:\/\/agora.xtec.cat\/iesehtb\/wp-json\/wp\/v2\/pages\/2644\/revisions"}],"predecessor-version":[{"id":10923,"href":"https:\/\/agora.xtec.cat\/iesehtb\/wp-json\/wp\/v2\/pages\/2644\/revisions\/10923"}],"up":[{"embeddable":true,"href":"https:\/\/agora.xtec.cat\/iesehtb\/wp-json\/wp\/v2\/pages\/735"}],"wp:attachment":[{"href":"https:\/\/agora.xtec.cat\/iesehtb\/wp-json\/wp\/v2\/media?parent=2644"}],"curies":[{"name":"wp","href":"https:\/\/api.w.org\/{rel}","templated":true}]}}