{"id":2361,"date":"2016-01-20T11:23:04","date_gmt":"2016-01-20T10:23:04","guid":{"rendered":"http:\/\/agora.xtec.cat\/iesehtb\/?page_id=2361"},"modified":"2025-03-20T09:46:46","modified_gmt":"2025-03-20T08:46:46","slug":"homologacions","status":"publish","type":"page","link":"https:\/\/agora.xtec.cat\/iesehtb\/linstitut\/homologacions\/","title":{"rendered":"Homologacions"},"content":{"rendered":"<p>&nbsp;<\/p>\n<p><em><strong>AMADEUS<\/strong><\/em><\/p>\n<p>Amadeus Espa\u00f1a, \u00e9s el distribu\u00efdor de reserves tur\u00edstiques i prove\u00efdor de tecnologia de refer\u00e8ncia pel sector del Viatge a nivell nacional.<\/p>\n<p>La seva activitat principal \u00e9s el seu sistema de reserves de viatges, conegut com Amadeus.<\/p>\n<p>El Sistema de Distribuci\u00f3 Global de Viatges Amadeus \u00e9s el sistema de reserves inform\u00e0tic m\u00e9s extens del m\u00f3n per repartiment de mercat. L&#8217;utilitzen companyies a\u00e8ries , hotels, ag\u00e8ncies de viatges i altres negocis relacionats amb la ind\u00fastria del turisme.<\/p>\n<p>Amadeus presta servei en m\u00e9s de 195 pa\u00efsos i \u00e9s utilitzat per 711 companyies a\u00e8ries, m\u00e9s de 90.000 titulars d&#8217;ag\u00e8ncia de viatges accedeixen al sistema. A m\u00e9s a m\u00e9s, es connecta amb m\u00e9s de 60.000 punts de venda de companyies a\u00e8ries, el que representa m\u00e9s del 95% de les places programades a les l\u00ednies a\u00e8ries de tot el m\u00f3n.<\/p>\n<p>L\u2019INS Escola d\u2019Hoteleria i Turisme de Barcelona est\u00e0 homologat per Amadeus per impartir formaci\u00f3 presencial del seu GDS en les nostres instal\u2022lacions.<\/p>\n<p>Amadeus s\u2019imparteix al CFGS d\u2019Ag\u00e8ncies de Viatges i Gesti\u00f3 d\u2019Esdeveniments al M\u00f2dul 3 Venda de Serveis tur\u00edstics, UF2.<\/p>\n<p>A la Unitat Formativa d\u2019Amadeus s\u2019apr\u00e8n a:<\/p>\n<p>\u2022 Recerca dels codis de ciutats i companyies a\u00e8ries.<br \/>\n\u2022 Realitzar consultes de vols, horaris i disponibilitat.<br \/>\n\u2022 Crear una reserva amb els elements obligatoris.<br \/>\n\u2022 Utilitzar els elements opcionals d\u2019una reserva, i la seva funcionalitat.<br \/>\n\u2022 Utilitzar els serveis especials.<br \/>\n\u2022 Procedir a la cancel\u2022laci\u00f3 d\u2019una reserva.<br \/>\n\u2022 Procedir a la recuperaci\u00f3 d\u2019una reserva.<br \/>\n\u2022 Consultar tarifes.<br \/>\n\u2022 Cotitzar tarifes sense reserva.<br \/>\n\u2022 Emetre bitllets.<\/p>\n<p>Un cop aprovada la Unitat Formativa, l\u2019Institut expedir\u00e0 la titulaci\u00f3 oficial del Curs de Amadeus Espa\u00f1a.<\/p>\n<p>&nbsp;<\/p>\n","protected":false},"excerpt":{"rendered":"<p>&nbsp; AMADEUS Amadeus Espa\u00f1a, \u00e9s el distribu\u00efdor de reserves tur\u00edstiques i prove\u00efdor de tecnologia de refer\u00e8ncia pel sector del Viatge a nivell nacional. La seva activitat principal \u00e9s el seu sistema de reserves de viatges, conegut com Amadeus. El Sistema de Distribuci\u00f3 Global de Viatges Amadeus \u00e9s el sistema de reserves inform\u00e0tic m\u00e9s extens del [&hellip;]<\/p>\n","protected":false},"author":1,"featured_media":0,"parent":19,"menu_order":120,"comment_status":"closed","ping_status":"closed","template":"page-templates\/side-menu.php","meta":{"_bbp_topic_count":0,"_bbp_reply_count":0,"_bbp_total_topic_count":0,"_bbp_total_reply_count":0,"_bbp_voice_count":0,"_bbp_anonymous_reply_count":0,"_bbp_topic_count_hidden":0,"_bbp_reply_count_hidden":0,"_bbp_forum_subforum_count":0,"site-sidebar-layout":"default","site-content-layout":"","ast-site-content-layout":"","site-content-style":"default","site-sidebar-style":"default","ast-global-header-display":"","ast-banner-title-visibility":"","ast-main-header-display":"","ast-hfb-above-header-display":"","ast-hfb-below-header-display":"","ast-hfb-mobile-header-display":"","site-post-title":"","ast-breadcrumbs-content":"","ast-featured-img":"","footer-sml-layout":"","theme-transparent-header-meta":"","adv-header-id-meta":"","stick-header-meta":"","header-above-stick-meta":"","header-main-stick-meta":"","header-below-stick-meta":"","astra-migrate-meta-layouts":"default","ast-page-background-enabled":"default","ast-page-background-meta":{"desktop":{"background-color":"var(--ast-global-color-4)","background-image":"","background-repeat":"repeat","background-position":"center center","background-size":"auto","background-attachment":"scroll","background-type":"","background-media":"","overlay-type":"","overlay-color":"","overlay-opacity":"","overlay-gradient":""},"tablet":{"background-color":"","background-image":"","background-repeat":"repeat","background-position":"center center","background-size":"auto","background-attachment":"scroll","background-type":"","background-media":"","overlay-type":"","overlay-color":"","overlay-opacity":"","overlay-gradient":""},"mobile":{"background-color":"","background-image":"","background-repeat":"repeat","background-position":"center center","background-size":"auto","background-attachment":"scroll","background-type":"","background-media":"","overlay-type":"","overlay-color":"","overlay-opacity":"","overlay-gradient":""}},"ast-content-background-meta":{"desktop":{"background-color":"var(--ast-global-color-5)","background-image":"","background-repeat":"repeat","background-position":"center center","background-size":"auto","background-attachment":"scroll","background-type":"","background-media":"","overlay-type":"","overlay-color":"","overlay-opacity":"","overlay-gradient":""},"tablet":{"background-color":"var(--ast-global-color-5)","background-image":"","background-repeat":"repeat","background-position":"center center","background-size":"auto","background-attachment":"scroll","background-type":"","background-media":"","overlay-type":"","overlay-color":"","overlay-opacity":"","overlay-gradient":""},"mobile":{"background-color":"var(--ast-global-color-5)","background-image":"","background-repeat":"repeat","background-position":"center center","background-size":"auto","background-attachment":"scroll","background-type":"","background-media":"","overlay-type":"","overlay-color":"","overlay-opacity":"","overlay-gradient":""}},"footnotes":""},"class_list":["post-2361","page","type-page","status-publish","hentry"],"post_mailing_queue_ids":[],"_links":{"self":[{"href":"https:\/\/agora.xtec.cat\/iesehtb\/wp-json\/wp\/v2\/pages\/2361","targetHints":{"allow":["GET"]}}],"collection":[{"href":"https:\/\/agora.xtec.cat\/iesehtb\/wp-json\/wp\/v2\/pages"}],"about":[{"href":"https:\/\/agora.xtec.cat\/iesehtb\/wp-json\/wp\/v2\/types\/page"}],"author":[{"embeddable":true,"href":"https:\/\/agora.xtec.cat\/iesehtb\/wp-json\/wp\/v2\/users\/1"}],"replies":[{"embeddable":true,"href":"https:\/\/agora.xtec.cat\/iesehtb\/wp-json\/wp\/v2\/comments?post=2361"}],"version-history":[{"count":4,"href":"https:\/\/agora.xtec.cat\/iesehtb\/wp-json\/wp\/v2\/pages\/2361\/revisions"}],"predecessor-version":[{"id":10160,"href":"https:\/\/agora.xtec.cat\/iesehtb\/wp-json\/wp\/v2\/pages\/2361\/revisions\/10160"}],"up":[{"embeddable":true,"href":"https:\/\/agora.xtec.cat\/iesehtb\/wp-json\/wp\/v2\/pages\/19"}],"wp:attachment":[{"href":"https:\/\/agora.xtec.cat\/iesehtb\/wp-json\/wp\/v2\/media?parent=2361"}],"curies":[{"name":"wp","href":"https:\/\/api.w.org\/{rel}","templated":true}]}}