{"id":19,"date":"2014-09-17T14:56:56","date_gmt":"2014-09-17T14:56:56","guid":{"rendered":"http:\/\/agora.xtec.cat\/iesehtb\/?page_id=19"},"modified":"2024-12-05T10:24:53","modified_gmt":"2024-12-05T09:24:53","slug":"linstitut","status":"publish","type":"page","link":"https:\/\/agora.xtec.cat\/iesehtb\/linstitut\/","title":{"rendered":"L&#8217;institut"},"content":{"rendered":"<p>Benvingut al web de l&#8217;EHTB.<\/p>\n<p>Som una escola p\u00fablica que treballa per formar persones, en sentit ample i de manera integral, formant-los perqu\u00e8 puguin desenvolupar el seu potencial, amb una adient inserci\u00f3 al m\u00f3n laboral i donant resposta a les necessitats formatives i professionals dels alumnes, les seves fam\u00edlies i les empreses dels sectors d\u2019Hoteleria i Turisme.<\/p>\n<p>Oferim els diferents subsistemes de la FP: inicial, per a l\u2019ocupaci\u00f3 i al llarg de la vida i ens caracteritzem per participar en els moviments d\u2019innovaci\u00f3 i de renovaci\u00f3 pedag\u00f2gica i per a la formaci\u00f3 permanent de les persones que hi treballen.<\/p>\n<p>Des del curs 2005-2006 i gr\u00e0cies a la dedicaci\u00f3 i col\u00b7laboraci\u00f3 d\u2019alumnat, professorat, empreses i institucions que ens han recolzat disposem de la certificaci\u00f3 ISO 9001-2008.<\/p>\n<p>Trobar\u00e0s tota la informaci\u00f3 relativa al funcionament general del Centre\u00a0clicant als enlla\u00e7os situats a la barra lateral d&#8217;aquesta p\u00e0gina.<\/p>\n","protected":false},"excerpt":{"rendered":"<p>Benvingut al web de l&#8217;EHTB. Som una escola p\u00fablica que treballa per formar persones, en sentit ample i de manera integral, formant-los perqu\u00e8 puguin desenvolupar el seu potencial, amb una adient inserci\u00f3 al m\u00f3n laboral i donant resposta a les necessitats formatives i professionals dels alumnes, les seves fam\u00edlies i les empreses dels sectors d\u2019Hoteleria [&hellip;]<\/p>\n","protected":false},"author":1,"featured_media":0,"parent":0,"menu_order":0,"comment_status":"closed","ping_status":"closed","template":"page-templates\/side-menu.php","meta":{"_bbp_topic_count":0,"_bbp_reply_count":0,"_bbp_total_topic_count":0,"_bbp_total_reply_count":0,"_bbp_voice_count":0,"_bbp_anonymous_reply_count":0,"_bbp_topic_count_hidden":0,"_bbp_reply_count_hidden":0,"_bbp_forum_subforum_count":0,"site-sidebar-layout":"default","site-content-layout":"","ast-site-content-layout":"","site-content-style":"default","site-sidebar-style":"default","ast-global-header-display":"","ast-banner-title-visibility":"","ast-main-header-display":"","ast-hfb-above-header-display":"","ast-hfb-below-header-display":"","ast-hfb-mobile-header-display":"","site-post-title":"","ast-breadcrumbs-content":"","ast-featured-img":"","footer-sml-layout":"","theme-transparent-header-meta":"","adv-header-id-meta":"","stick-header-meta":"","header-above-stick-meta":"","header-main-stick-meta":"","header-below-stick-meta":"","astra-migrate-meta-layouts":"default","ast-page-background-enabled":"default","ast-page-background-meta":{"desktop":{"background-color":"var(--ast-global-color-4)","background-image":"","background-repeat":"repeat","background-position":"center center","background-size":"auto","background-attachment":"scroll","background-type":"","background-media":"","overlay-type":"","overlay-color":"","overlay-opacity":"","overlay-gradient":""},"tablet":{"background-color":"","background-image":"","background-repeat":"repeat","background-position":"center center","background-size":"auto","background-attachment":"scroll","background-type":"","background-media":"","overlay-type":"","overlay-color":"","overlay-opacity":"","overlay-gradient":""},"mobile":{"background-color":"","background-image":"","background-repeat":"repeat","background-position":"center center","background-size":"auto","background-attachment":"scroll","background-type":"","background-media":"","overlay-type":"","overlay-color":"","overlay-opacity":"","overlay-gradient":""}},"ast-content-background-meta":{"desktop":{"background-color":"var(--ast-global-color-5)","background-image":"","background-repeat":"repeat","background-position":"center center","background-size":"auto","background-attachment":"scroll","background-type":"","background-media":"","overlay-type":"","overlay-color":"","overlay-opacity":"","overlay-gradient":""},"tablet":{"background-color":"var(--ast-global-color-5)","background-image":"","background-repeat":"repeat","background-position":"center center","background-size":"auto","background-attachment":"scroll","background-type":"","background-media":"","overlay-type":"","overlay-color":"","overlay-opacity":"","overlay-gradient":""},"mobile":{"background-color":"var(--ast-global-color-5)","background-image":"","background-repeat":"repeat","background-position":"center center","background-size":"auto","background-attachment":"scroll","background-type":"","background-media":"","overlay-type":"","overlay-color":"","overlay-opacity":"","overlay-gradient":""}},"footnotes":""},"class_list":["post-19","page","type-page","status-publish","hentry"],"post_mailing_queue_ids":[],"_links":{"self":[{"href":"https:\/\/agora.xtec.cat\/iesehtb\/wp-json\/wp\/v2\/pages\/19","targetHints":{"allow":["GET"]}}],"collection":[{"href":"https:\/\/agora.xtec.cat\/iesehtb\/wp-json\/wp\/v2\/pages"}],"about":[{"href":"https:\/\/agora.xtec.cat\/iesehtb\/wp-json\/wp\/v2\/types\/page"}],"author":[{"embeddable":true,"href":"https:\/\/agora.xtec.cat\/iesehtb\/wp-json\/wp\/v2\/users\/1"}],"replies":[{"embeddable":true,"href":"https:\/\/agora.xtec.cat\/iesehtb\/wp-json\/wp\/v2\/comments?post=19"}],"version-history":[{"count":5,"href":"https:\/\/agora.xtec.cat\/iesehtb\/wp-json\/wp\/v2\/pages\/19\/revisions"}],"predecessor-version":[{"id":9974,"href":"https:\/\/agora.xtec.cat\/iesehtb\/wp-json\/wp\/v2\/pages\/19\/revisions\/9974"}],"wp:attachment":[{"href":"https:\/\/agora.xtec.cat\/iesehtb\/wp-json\/wp\/v2\/media?parent=19"}],"curies":[{"name":"wp","href":"https:\/\/api.w.org\/{rel}","templated":true}]}}