{"id":1740,"date":"2015-03-25T10:29:12","date_gmt":"2015-03-25T09:29:12","guid":{"rendered":"http:\/\/agora.xtec.cat\/iesehtb\/?page_id=1740"},"modified":"2026-03-18T19:17:02","modified_gmt":"2026-03-18T18:17:02","slug":"notels-de-tall-cfgs-201415","status":"publish","type":"page","link":"https:\/\/agora.xtec.cat\/iesehtb\/secretaria\/preinscripcio-cfgs\/notels-de-tall-cfgs-201415\/","title":{"rendered":"Notes de tall -CFGS-"},"content":{"rendered":"<table style=\"width: 101.141%; height: 357px;\">\n<tbody>\n<tr style=\"height: 47px;\">\n<td style=\"background-color: #800040; height: 94px; width: 41.0828%; text-align: center;\" rowspan=\"2\" width=\"423\"><strong><span style=\"color: #ffffff;\">\u00a0Curs 2025 &#8211; 2026<\/span><\/strong><\/td>\n<td style=\"text-align: center; background-color: #800040; height: 94px; width: 12.5265%;\" rowspan=\"2\" width=\"123\"><strong><span style=\"color: #ffffff;\">GRUPS<\/span><\/strong><\/td>\n<td style=\"text-align: center; background-color: #800040; height: 94px; width: 11.0403%;\" rowspan=\"2\" width=\"85\"><strong><span style=\"color: #ffffff;\">OFERTA<\/span><\/strong><\/td>\n<td style=\"text-align: center; background-color: #800040; height: 94px; width: 13.2696%;\" rowspan=\"2\" width=\"85\"><strong><span style=\"color: #ffffff;\">DEMANDA<\/span><\/strong><\/p>\n<p><strong><span style=\"color: #ffffff;\">1ra.OPCI\u00d3<\/span><\/strong><\/td>\n<td style=\"text-align: center; background-color: #800040; height: 47px; width: 67.8344%;\" colspan=\"3\" width=\"208\"><strong><span style=\"color: #ffffff;\">NOTES DE TALL<\/span><\/strong><\/td>\n<\/tr>\n<tr style=\"height: 47px;\">\n<td style=\"text-align: center; background-color: #800040; height: 47px; width: 7.85563%;\" width=\"76\"><strong><span style=\"color: #ffffff;\">VIA 1<\/span><\/strong><\/td>\n<td style=\"text-align: center; background-color: #800040; height: 47px; width: 7.00637%;\" width=\"66\"><strong><span style=\"color: #ffffff;\">VIA 2<\/span><\/strong><\/td>\n<td style=\"text-align: center; background-color: #800040; height: 47px; width: 52.9724%;\" width=\"66\"><strong><span style=\"color: #ffffff;\">VIA 3<\/span><\/strong><\/td>\n<\/tr>\n<tr style=\"height: 33px;\">\n<td style=\"text-align: center; background-color: #800040; height: 33px; width: 145.754%;\" colspan=\"7\" width=\"924\"><strong><span style=\"color: #ffffff;\">CFGS<\/span><\/strong><\/td>\n<\/tr>\n<tr style=\"height: 49px;\">\n<td style=\"background-color: #ffa500; height: 49px; width: 41.0828%;\" width=\"423\"><strong>1r.- AG\u00c8NCIES DE VIATGES I GESTI\u00d3 D\u2019ESDEVENIMENTS \u2013 MAT\u00cd \u2013 HTA0<\/strong><\/td>\n<td style=\"text-align: center; height: 49px; width: 12.5265%;\" width=\"123\"><strong>2<\/strong><\/td>\n<td style=\"text-align: center; height: 49px; width: 11.0403%;\" width=\"85\"><strong>62<\/strong><\/td>\n<td style=\"text-align: center; height: 49px; width: 13.2696%;\" width=\"85\"><strong>102<\/strong><\/td>\n<td style=\"text-align: center; height: 49px; width: 7.85563%;\" width=\"76\"><strong>5,23 \/ <span style=\"color: #ff0000;\">6.49<\/span><\/strong><\/td>\n<td style=\"text-align: center; height: 49px; width: 7.00637%;\" width=\"66\"><strong>5<\/strong><\/td>\n<td style=\"text-align: center; height: 49px; width: 52.9724%;\" width=\"66\"><strong>6,53<\/strong><\/td>\n<\/tr>\n<tr style=\"height: 33px;\">\n<td style=\"background-color: #ffa500; height: 33px; width: 41.0828%;\" width=\"423\"><strong>1r.- GESTI\u00d3 D\u2019ALLOTJAMENTS TUR\u00cdSTICS \u2013 MAT\u00cd \u2013 HTB0<\/strong><\/td>\n<td style=\"text-align: center; height: 33px; width: 12.5265%;\" width=\"123\"><strong>2<\/strong><\/td>\n<td style=\"text-align: center; height: 33px; width: 11.0403%;\" width=\"85\"><strong>62<\/strong><\/td>\n<td style=\"text-align: center; height: 33px; width: 13.2696%;\" width=\"85\"><strong>62<\/strong><\/td>\n<td style=\"text-align: center; height: 33px; width: 7.85563%;\" width=\"76\"><strong>5<\/strong><\/td>\n<td style=\"text-align: center; height: 33px; width: 7.00637%;\" width=\"66\"><strong>5<\/strong><\/td>\n<td style=\"text-align: center; height: 33px; width: 52.9724%;\" width=\"66\"><strong>5<\/strong><\/td>\n<\/tr>\n<tr style=\"height: 49px;\">\n<td style=\"background-color: #ffa500; height: 49px; width: 41.0828%;\" width=\"423\"><strong>1r.- GUIA, INFORMACI\u00d3 I ASSIST\u00c8NCIES TUR\u00cdSTIQUES \u2013 MAT\u00cd \u2013 HTF0<\/strong><\/td>\n<td style=\"text-align: center; height: 49px; width: 12.5265%;\" width=\"123\"><strong>1<\/strong><\/td>\n<td style=\"text-align: center; height: 49px; width: 11.0403%;\" width=\"85\"><strong>31<\/strong><\/td>\n<td style=\"text-align: center; height: 49px; width: 13.2696%;\" width=\"85\"><strong>39<\/strong><\/td>\n<td style=\"text-align: center; height: 49px; width: 7.85563%;\" width=\"76\"><strong>5<\/strong><\/td>\n<td style=\"text-align: center; height: 49px; width: 7.00637%;\" width=\"66\"><strong>5<\/strong><\/td>\n<td style=\"text-align: center; height: 49px; width: 52.9724%;\" width=\"66\"><strong>5<\/strong><\/td>\n<\/tr>\n<tr style=\"height: 33px;\">\n<td style=\"background-color: #ffa500; height: 33px; width: 41.0828%;\" width=\"423\"><strong>1r.- DIRECCI\u00d3 DE CUINA \u2013 HTD0 \u2013 MAT\u00cd<\/strong><\/td>\n<td style=\"text-align: center; height: 33px; width: 12.5265%;\" width=\"123\"><strong>2<\/strong><\/td>\n<td style=\"text-align: center; height: 33px; width: 11.0403%;\" width=\"85\"><strong>62<\/strong><\/td>\n<td style=\"text-align: center; height: 33px; width: 13.2696%;\" width=\"85\"><strong>133<\/strong><\/td>\n<td style=\"text-align: center; height: 33px; width: 7.85563%;\" width=\"76\"><strong>5 \/<span style=\"color: #ff0000;\">10,01<\/span><\/strong><\/td>\n<td style=\"text-align: center; height: 33px; width: 7.00637%;\" width=\"66\"><strong>5<\/strong><\/td>\n<td style=\"text-align: center; height: 33px; width: 52.9724%;\" width=\"66\"><strong>5<\/strong><\/td>\n<\/tr>\n<tr style=\"height: 33px;\">\n<td style=\"background-color: #ffa500; height: 33px; width: 41.0828%;\" width=\"423\"><strong>1r.- DIRECCI\u00d3 DE SERVEIS EN RESTAURACI\u00d3 \u2013 HTE0<\/strong><\/td>\n<td style=\"text-align: center; height: 33px; width: 12.5265%;\" width=\"123\"><strong>1<\/strong><\/td>\n<td style=\"text-align: center; height: 33px; width: 11.0403%;\" width=\"85\"><strong>31<\/strong><\/td>\n<td style=\"text-align: center; height: 33px; width: 13.2696%;\" width=\"85\"><strong>22<\/strong><\/td>\n<td style=\"text-align: center; height: 33px; width: 7.85563%;\" width=\"76\"><strong>5<\/strong><\/td>\n<td style=\"text-align: center; height: 33px; width: 7.00637%;\" width=\"66\"><strong>5<\/strong><\/td>\n<td style=\"text-align: center; height: 33px; width: 52.9724%;\" width=\"66\"><strong>5<\/strong><\/td>\n<\/tr>\n<tr style=\"height: 33px;\">\n<td style=\"background-color: #800040; height: 33px; width: 145.754%;\" colspan=\"7\"><strong>\u00a0<\/strong><\/td>\n<\/tr>\n<\/tbody>\n<\/table>\n<p><strong>Via 1<\/strong><strong>: <\/strong>Si has superat el batxillerat els anys 2024, 2025 o 2026 &#8211;\u00a0 <span style=\"color: #ff0000;\">si has superat un grau mitj\u00e0 els anys 2024, 2025 o 2026<\/span><\/p>\n<p><strong>Via 2<\/strong><strong>: <\/strong>Si has superat un curs espec\u00edfic d&#8217;acc\u00e9s, prova d&#8217;acc\u00e9s o altres.<\/p>\n<p><strong>Via 3<\/strong><strong>: <\/strong>Si tens un t\u00edtol de grau superior.<\/p>\n","protected":false},"excerpt":{"rendered":"<p>\u00a0Curs 2025 &#8211; 2026 GRUPS OFERTA DEMANDA 1ra.OPCI\u00d3 NOTES DE TALL VIA 1 VIA 2 VIA 3 CFGS 1r.- AG\u00c8NCIES DE VIATGES I GESTI\u00d3 D\u2019ESDEVENIMENTS \u2013 MAT\u00cd \u2013 HTA0 2 62 102 5,23 \/ 6.49 5 6,53 1r.- GESTI\u00d3 D\u2019ALLOTJAMENTS TUR\u00cdSTICS \u2013 MAT\u00cd \u2013 HTB0 2 62 62 5 5 5 1r.- GUIA, INFORMACI\u00d3 I [&hellip;]<\/p>\n","protected":false},"author":1,"featured_media":0,"parent":799,"menu_order":80,"comment_status":"closed","ping_status":"closed","template":"","meta":{"_bbp_topic_count":0,"_bbp_reply_count":0,"_bbp_total_topic_count":0,"_bbp_total_reply_count":0,"_bbp_voice_count":0,"_bbp_anonymous_reply_count":0,"_bbp_topic_count_hidden":0,"_bbp_reply_count_hidden":0,"_bbp_forum_subforum_count":0,"site-sidebar-layout":"default","site-content-layout":"","ast-site-content-layout":"default","site-content-style":"default","site-sidebar-style":"default","ast-global-header-display":"","ast-banner-title-visibility":"","ast-main-header-display":"","ast-hfb-above-header-display":"","ast-hfb-below-header-display":"","ast-hfb-mobile-header-display":"","site-post-title":"","ast-breadcrumbs-content":"","ast-featured-img":"","footer-sml-layout":"","theme-transparent-header-meta":"default","adv-header-id-meta":"","stick-header-meta":"","header-above-stick-meta":"","header-main-stick-meta":"","header-below-stick-meta":"","astra-migrate-meta-layouts":"set","ast-page-background-enabled":"default","ast-page-background-meta":{"desktop":{"background-color":"var(--ast-global-color-4)","background-image":"","background-repeat":"repeat","background-position":"center center","background-size":"auto","background-attachment":"scroll","background-type":"","background-media":"","overlay-type":"","overlay-color":"","overlay-opacity":"","overlay-gradient":""},"tablet":{"background-color":"","background-image":"","background-repeat":"repeat","background-position":"center center","background-size":"auto","background-attachment":"scroll","background-type":"","background-media":"","overlay-type":"","overlay-color":"","overlay-opacity":"","overlay-gradient":""},"mobile":{"background-color":"","background-image":"","background-repeat":"repeat","background-position":"center center","background-size":"auto","background-attachment":"scroll","background-type":"","background-media":"","overlay-type":"","overlay-color":"","overlay-opacity":"","overlay-gradient":""}},"ast-content-background-meta":{"desktop":{"background-color":"var(--ast-global-color-5)","background-image":"","background-repeat":"repeat","background-position":"center center","background-size":"auto","background-attachment":"scroll","background-type":"","background-media":"","overlay-type":"","overlay-color":"","overlay-opacity":"","overlay-gradient":""},"tablet":{"background-color":"var(--ast-global-color-5)","background-image":"","background-repeat":"repeat","background-position":"center center","background-size":"auto","background-attachment":"scroll","background-type":"","background-media":"","overlay-type":"","overlay-color":"","overlay-opacity":"","overlay-gradient":""},"mobile":{"background-color":"var(--ast-global-color-5)","background-image":"","background-repeat":"repeat","background-position":"center center","background-size":"auto","background-attachment":"scroll","background-type":"","background-media":"","overlay-type":"","overlay-color":"","overlay-opacity":"","overlay-gradient":""}},"footnotes":""},"class_list":["post-1740","page","type-page","status-publish","hentry"],"post_mailing_queue_ids":[],"_links":{"self":[{"href":"https:\/\/agora.xtec.cat\/iesehtb\/wp-json\/wp\/v2\/pages\/1740","targetHints":{"allow":["GET"]}}],"collection":[{"href":"https:\/\/agora.xtec.cat\/iesehtb\/wp-json\/wp\/v2\/pages"}],"about":[{"href":"https:\/\/agora.xtec.cat\/iesehtb\/wp-json\/wp\/v2\/types\/page"}],"author":[{"embeddable":true,"href":"https:\/\/agora.xtec.cat\/iesehtb\/wp-json\/wp\/v2\/users\/1"}],"replies":[{"embeddable":true,"href":"https:\/\/agora.xtec.cat\/iesehtb\/wp-json\/wp\/v2\/comments?post=1740"}],"version-history":[{"count":6,"href":"https:\/\/agora.xtec.cat\/iesehtb\/wp-json\/wp\/v2\/pages\/1740\/revisions"}],"predecessor-version":[{"id":10777,"href":"https:\/\/agora.xtec.cat\/iesehtb\/wp-json\/wp\/v2\/pages\/1740\/revisions\/10777"}],"up":[{"embeddable":true,"href":"https:\/\/agora.xtec.cat\/iesehtb\/wp-json\/wp\/v2\/pages\/799"}],"wp:attachment":[{"href":"https:\/\/agora.xtec.cat\/iesehtb\/wp-json\/wp\/v2\/media?parent=1740"}],"curies":[{"name":"wp","href":"https:\/\/api.w.org\/{rel}","templated":true}]}}