{"id":1709,"date":"2015-03-11T20:27:13","date_gmt":"2015-03-11T19:27:13","guid":{"rendered":"http:\/\/agora.xtec.cat\/iesehtb\/?page_id=1709"},"modified":"2026-03-24T10:49:28","modified_gmt":"2026-03-24T09:49:28","slug":"documentacio-i-criteris-pfi","status":"publish","type":"page","link":"https:\/\/agora.xtec.cat\/iesehtb\/secretaria\/preinscripcio-pfi\/documentacio-i-criteris-pfi\/","title":{"rendered":"Documentaci\u00f3 i Criteris &#8211; PFI"},"content":{"rendered":"<div class=\"FW_sPregunta FW_sImpacte\">\n<div class=\"FW_sArticleFoto\">\n<div class=\"FW_sEditPro\">\n<p style=\"text-align: justify;\">La documentaci\u00f3 que calgui presentar s&#8217;ha d&#8217;adjuntar, escanejada o fotografiada, a la sol\u00b7licitud de preinscripci\u00f3, que ser\u00e0 accessible mitjan\u00e7ant un enlla\u00e7 al <a href=\"https:\/\/preinscripcio.gencat.cat\/ca\/estudis\/pfi\/inici\/\" target=\"_blank\" rel=\"noopener\">web de preinscripci\u00f3<\/a>, durant el termini establer.<\/p>\n<h5 style=\"text-align: justify;\"><strong>A) Documentaci\u00f3 identificativa<\/strong><\/h5>\n<\/div>\n<ul style=\"text-align: justify;\">\n<li style=\"text-align: justify;\">Si s&#8217;ha presentat la sol\u00b7licitud<strong> mitjan\u00e7ant el formulari electr\u00f2nic<\/strong> i s&#8217;ha indicat el n\u00famero identificador de RALC de l&#8217;alumne\/a, no cal presentar cap documentaci\u00f3 identificativa.\n<ul style=\"list-style-type: circle;\">\n<li>Si l&#8217;alumne\/a <strong>no t\u00e9 n\u00famero identificador del RALC<\/strong>, perqu\u00e8 no ha estat escolaritzat a Catalunya a partir del curs 2015-2016, cal adjuntar, en el cas que l&#8217;alumne sigui menor d&#8217;edat el certificat electr\u00f2nic de la inscripci\u00f3 de naixement o el llibre de fam\u00edlia o altres documents relatius a la filiaci\u00f3 o, si est\u00e0 en situaci\u00f3 d&#8217;acolliment en fam\u00edlia o instituci\u00f3, la resoluci\u00f3 d&#8217;acolliment del Departament de Drets Socials i Inclusi\u00f3.<\/li>\n<li>Tamb\u00e9 cal adjuntar el document d&#8217;identitat de l&#8217;alumne\/a i\/o dels progenitors o tutor, si s&#8217;han identificat amb el passaport o el document d&#8217;identitat d&#8217;un pa\u00eds membre de la Uni\u00f3 Europea. Si s&#8217;han identificat amb el DNI o el NIE nom\u00e9s cal adjuntar-lo si no s&#8217;han pogut validar les dades per consulta interadministrativa i aix\u00ed ho indica el resguard de presentaci\u00f3 de la sol\u00b7licitud.<\/li>\n<li>Si l&#8217;alumne \u00e9s major d&#8217;edat nom\u00e9s cal aportar la documentaci\u00f3 acreditativa de la identitat de l&#8217;alumne\/a en els mateixos casos establerts en el par\u00e0graf anterior.<\/li>\n<\/ul>\n<\/li>\n<\/ul>\n<\/div>\n<\/div>\n<div class=\"page\" style=\"text-align: justify;\" title=\"Page 59\">\n<div class=\"section\">\n<div class=\"layoutArea\">\n<div class=\"column\">\n<ul>\n<li style=\"text-align: justify;\">Si s&#8217;ha presentat la sol\u00b7licitud <strong>mitjan\u00e7ant el formulari en suport inform\u00e0tic<\/strong>, cal adjuntar-hi la documentaci\u00f3 seg\u00fcent:\n<ul style=\"list-style-type: circle;\">\n<li>Si l&#8217;alumne\/a \u00e9s <strong>major d&#8217;edat o compleix els 18 anys<\/strong> durant l&#8217;any en qu\u00e8 es presenta la sol\u00b7licitud:\n<ul style=\"list-style-type: square;\">\n<li>El DNI, el NIE, el passaport o el document d&#8217;identitat d&#8217;un pa\u00eds membre de la Uni\u00f3 Europea de l&#8217;alumne\/a, a l&#8217;efecte de validar-ne la identitat.<\/li>\n<\/ul>\n<\/li>\n<li>Si l&#8217;alumne\/a \u00e9s<strong> menor d&#8217;edat<\/strong> i no fa els 18 anys durant l&#8217;any en qu\u00e8 es presenta la sol\u00b7licitud:\n<ul style=\"list-style-type: square;\">\n<li>El DNI, el NIE, el passaport o el document d&#8217;identitat d&#8217;un pa\u00eds membre de la Uni\u00f3 Europea de la persona sol\u00b7licitant (pare, mare o tutor\/a legal), a l&#8217;efecte de validar-ne la identitat.<\/li>\n<li>El document d&#8217;identitat de l&#8217;alumne\/a si s&#8217;ha identificat amb el passaport o el document d&#8217;identitat d&#8217;un pa\u00eds membre de la Uni\u00f3 Europea. Si s&#8217;ha identificat amb el DNI o el NIE nom\u00e9s cal adjuntar-lo si no s&#8217;han pogut validar les dades per consulta interadministrativa i aix\u00ed ho indica el resguard de presentaci\u00f3 de la sol\u00b7licitud.<\/li>\n<li>El certificat electr\u00f2nic de la inscripci\u00f3 de naixement o el llibre de fam\u00edlia o altres documents relatius a la filiaci\u00f3. Si est\u00e0 en situaci\u00f3 d&#8217;acolliment en fam\u00edlia o instituci\u00f3, la resoluci\u00f3 d&#8217;acolliment del Departament de Drets Socials i Inclusi\u00f3.<\/li>\n<\/ul>\n<\/li>\n<\/ul>\n<\/li>\n<\/ul>\n<\/div>\n<\/div>\n<\/div>\n<\/div>\n<div class=\"FW_sPregunta FW_sImpacte\">\n<div class=\"FW_sArticleFoto\">\n<div class=\"FW_sEditPro\">\n<h5 style=\"text-align: justify;\"><strong>B)\u00a0Documentaci\u00f3 acreditativa dels criteris de prioritat i barem que s&#8217;aplica:<\/strong><\/h5>\n<div class=\"page\" style=\"text-align: justify;\" title=\"Page 58\">\n<div class=\"section\">\n<div class=\"layoutArea\">\n<div class=\"column\">\n<p style=\"text-align: justify;\"><span style=\"text-decoration: underline;\"><strong>P<\/strong><strong>roximitat del domicili al lloc on es fa el programa<\/strong><\/span>, d&#8217;acord amb les zones educatives que es determinen per resoluci\u00f3 de la direcci\u00f3 dels serveis territorials o de la ger\u00e8ncia del Consorci d&#8217;Educaci\u00f3 de Barcelona:<\/p>\n<ul>\n<li>Quan el domicili es troba dins la zona educativa 1 del centre: <strong>30 punts.<\/strong><\/li>\n<li style=\"text-align: justify;\">Quan el domicili es troba dins la zona educativa 2 del centre, per\u00f2 no en la zona educativa 1: <strong>15 punts.<\/strong><\/li>\n<\/ul>\n<\/div>\n<\/div>\n<\/div>\n<\/div>\n<p style=\"text-align: justify;\">Documentaci\u00f3 acreditativa:<\/p>\n<ul style=\"text-align: justify;\">\n<li style=\"text-align: justify;\">Les dades de resid\u00e8ncia s&#8217;obtenen electr\u00f2nicament del padr\u00f3 municipal. En el resguard de la sol\u00b7licitud s&#8217;informa si no s&#8217;han pogut obtenir les dades del padr\u00f3, cas en qu\u00e8 el domicili s&#8217;ha d&#8217;acreditar adjuntant el volant municipal de conviv\u00e8ncia de l&#8217;alumne\/a, on ha de constar que conviu amb la persona sol\u00b7licitant, abans de finalitzar el per\u00edode de reclamaci\u00f3 a la llista de sol\u00b7licituds de preinscripci\u00f3 al centre amb la puntuaci\u00f3 provisional.<\/li>\n<\/ul>\n<p style=\"text-align: justify;\"><span style=\"text-decoration: underline;\"><strong>Participaci\u00f3 per primera vegada en programes de formaci\u00f3 i inserci\u00f3 o altres d&#8217;equivalents<\/strong><\/span>.<\/p>\n<div class=\"page\" style=\"text-align: justify;\" title=\"Page 59\">\n<div class=\"section\">\n<div class=\"layoutArea\">\n<div class=\"column\">\n<ul>\n<li>Quan la persona sol\u00b7licitant no ha cursat cap programa de formaci\u00f3 i inserci\u00f3 ni cap cicle de formaci\u00f3 professional: <strong>20 punts.<\/strong><\/li>\n<\/ul>\n<p>Documentaci\u00f3 acreditativa:<\/p>\n<ul>\n<li style=\"text-align: justify;\">L&#8217;acreditaci\u00f3 de no haver cursat un programa de formaci\u00f3 i inserci\u00f3 ni un cicle formatiu, es formalitza marcant la casella corresponent en la sol\u00b7licitud de preinscripci\u00f3.<\/li>\n<\/ul>\n<\/div>\n<\/div>\n<\/div>\n<\/div>\n<p style=\"text-align: justify;\"><span style=\"text-decoration: underline;\"><strong>Anys d&#8217;escolaritzaci\u00f3 a l&#8217;ESO.<\/strong><\/span><\/p>\n<ul style=\"text-align: justify;\">\n<li>Per cada any escolaritzat a l&#8217;ESO: <strong>5 punts.<\/strong><\/li>\n<li>Per a alumnat que no ha estat escolaritzat a l&#8217;ESO, cas que el jove hagi estat matriculat en un centre de <strong>formaci\u00f3 per a persones adultes<\/strong> i presenti el document acreditatiu, se li comptaran <strong>10 punts<\/strong> si ha estat escolaritzat <strong>tot el curs i 5 punts si ho ha estat parcialment<\/strong>.<\/li>\n<\/ul>\n<p style=\"text-align: justify;\">Documentaci\u00f3 acreditativa:<\/p>\n<ul style=\"text-align: justify;\">\n<li>Certificat d&#8217;estudis o altra documentaci\u00f3 que acredita el nombre d&#8217;anys escolaritzats a l&#8217;ESO o a l&#8217;ESO per a persones adultes i l&#8217;\u00faltim curs que s&#8217;ha fet o que s&#8217;est\u00e0 fent.<\/li>\n<\/ul>\n<div class=\"page\" style=\"text-align: justify;\" title=\"Page 42\">\n<div class=\"section\"><\/div>\n<\/div>\n<p style=\"text-align: justify;\"><span style=\"text-decoration: underline;\">\u00daltim curs fet a l&#8217;ESO:<\/span><\/p>\n<ul style=\"text-align: justify;\">\n<li>Si l&#8217;\u00faltim curs \u00e9s quart: <strong>20 punts<\/strong>.<\/li>\n<li>Si l&#8217;\u00faltim curs \u00e9s tercer: <strong>10 punts<\/strong>.<\/li>\n<li>Si l&#8217;\u00faltim curs \u00e9s segon: <strong>5 punts<\/strong>.<\/li>\n<\/ul>\n<p style=\"text-align: justify;\">Documentaci\u00f3 acreditativa:<\/p>\n<div class=\"page\" style=\"text-align: justify;\" title=\"Page 59\">\n<div class=\"section\">\n<div class=\"layoutArea\">\n<div class=\"column\">\n<ul>\n<li>Per a alumnat que no ha estat escolaritzat a l&#8217;ESO, cas que el jove hagi estat matriculat en un centre de formaci\u00f3 per a persones adultes i acrediti el nivell I del curr\u00edculum de l&#8217;ESO per a persones adultes, se li comptaran <strong>5 punts<\/strong>.<\/li>\n<li>Certificat d&#8217;estudis o altra documentaci\u00f3 que acredita el nombre d&#8217;anys escolaritzats a l&#8217;ESO o l&#8217;ESO per a persones adultes i l&#8217;\u00faltim curs que s&#8217;ha fet o que s&#8217;est\u00e0 fent.<\/li>\n<\/ul>\n<div class=\"page\" title=\"Page 60\">\n<div class=\"section\">\n<div class=\"layoutArea\">\n<p style=\"text-align: justify;\">Els alumnes que han cursat l&#8217;ESO a Catalunya en un centre ordinari a partir del curs 2017-2018, o que actualment estan cursant l&#8217;ESO a Catalunya, no han d&#8217;adjuntar cap certificat del seu expedient acad\u00e8mic ja que s&#8217;obt\u00e9 de les bases de dades del Departament d&#8217;Educaci\u00f3 i Formaci\u00f3 Professional i es mostra les puntuacions obtingudes a la llista de sol\u00b7licituds de preinscripci\u00f3 al centre amb la puntuaci\u00f3 provisional. Si no s&#8217;ha pogut obtenir, cal adjuntar el certificat d&#8217;aquesta qualificaci\u00f3 mitjana abans de finalitzar el per\u00edode per presentar una reclamaci\u00f3 a la llista de sol\u00b7licituds de preinscripci\u00f3 al centre amb la puntuaci\u00f3 provisional.<\/p>\n<p style=\"text-align: justify;\"><span style=\"text-decoration: underline;\"><strong>Entrevista per valorar l&#8217;adequaci\u00f3 del programa a la situaci\u00f3, els interessos, la motivaci\u00f3 i les aptituds de l&#8217;alumne\/a, aix\u00ed com la seva manca d&#8217;experi\u00e8ncia laboral:<\/strong><\/span><\/p>\n<\/div>\n<\/div>\n<\/div>\n<div class=\"page\" title=\"Page 59\">\n<div class=\"section\">\n<div class=\"layoutArea\">\n<div class=\"column\">\n<ul>\n<li>Pel resultat de l&#8217;entrevista que valora l&#8217;adequaci\u00f3 del programa a la situaci\u00f3, interessos, motivaci\u00f3 i aptituds de l&#8217;alumne\/a i a la manca d&#8217;experi\u00e8ncia laboral: <strong>0, 10, 20 o 30 punts.<\/strong><\/li>\n<\/ul>\n<\/div>\n<\/div>\n<\/div>\n<\/div>\n<\/div>\n<\/div>\n<\/div>\n<\/div>\n<h3 style=\"text-align: justify;\"><strong>Assignaci\u00f3<\/strong><\/h3>\n<p style=\"text-align: justify;\">Als alumnes amb necessitats educatives especials \u00fanicament se&#8217;ls podr\u00e0 assignar les places pr\u00e8viament reservades a tal efecte.<\/p>\n<ul style=\"text-align: justify;\">\n<li>Per assignar les places quan el nombre de sol\u00b7licituds \u00e9s superior a l&#8217;oferta, s&#8217;ordenen les sol\u00b7licituds segons la puntuaci\u00f3 atorgada en funci\u00f3 dels criteris de prioritat, per ordre decreixent.<\/li>\n<li>Per desfer les situacions d&#8217;empat que es produeixen despr\u00e9s d&#8217;aplicar els criteris de prioritat, s&#8217;aplica el procediment de desempat.<\/li>\n<li>La falsedat o frau en les dades al\u00b7legades comporta la invalidaci\u00f3 dels drets de prioritat que poden correspondre.<\/li>\n<\/ul>\n<h3 style=\"text-align: justify;\"><strong>Ampliaci\u00f3 de peticions<\/strong><\/h3>\n<p style=\"text-align: justify;\">El Departament d&#8217;Educaci\u00f3 i Formaci\u00f3 Professional comunica per correu electr\u00f2nic, si \u00e9s el cas, que no es pot assignar cap de les peticions formulades en el per\u00edode de presentaci\u00f3 de sol\u00b7licituds. En aquest cas, es poden ampliar les peticions de la sol\u00b7licitud de preinscripci\u00f3 dins el termini establert en el calendari, en el marc de les vacants existents.<\/p>\n<p style=\"text-align: justify;\">El proc\u00e9s d&#8217;assignaci\u00f3 de places t\u00e9 en compte les prefer\u00e8ncies explicitades en la sol\u00b7licitud, en el cas que s&#8217;hagin ampliat.<\/p>\n<\/div>\n<\/div>\n<\/div>\n","protected":false},"excerpt":{"rendered":"<p>La documentaci\u00f3 que calgui presentar s&#8217;ha d&#8217;adjuntar, escanejada o fotografiada, a la sol\u00b7licitud de preinscripci\u00f3, que ser\u00e0 accessible mitjan\u00e7ant un enlla\u00e7 al web de preinscripci\u00f3, durant el termini establer. A) Documentaci\u00f3 identificativa Si s&#8217;ha presentat la sol\u00b7licitud mitjan\u00e7ant el formulari electr\u00f2nic i s&#8217;ha indicat el n\u00famero identificador de RALC de l&#8217;alumne\/a, no cal presentar cap [&hellip;]<\/p>\n","protected":false},"author":1,"featured_media":0,"parent":1704,"menu_order":20,"comment_status":"closed","ping_status":"open","template":"","meta":{"_bbp_topic_count":0,"_bbp_reply_count":0,"_bbp_total_topic_count":0,"_bbp_total_reply_count":0,"_bbp_voice_count":0,"_bbp_anonymous_reply_count":0,"_bbp_topic_count_hidden":0,"_bbp_reply_count_hidden":0,"_bbp_forum_subforum_count":0,"site-sidebar-layout":"default","site-content-layout":"","ast-site-content-layout":"default","site-content-style":"default","site-sidebar-style":"default","ast-global-header-display":"","ast-banner-title-visibility":"","ast-main-header-display":"","ast-hfb-above-header-display":"","ast-hfb-below-header-display":"","ast-hfb-mobile-header-display":"","site-post-title":"","ast-breadcrumbs-content":"","ast-featured-img":"","footer-sml-layout":"","theme-transparent-header-meta":"default","adv-header-id-meta":"","stick-header-meta":"","header-above-stick-meta":"","header-main-stick-meta":"","header-below-stick-meta":"","astra-migrate-meta-layouts":"set","ast-page-background-enabled":"default","ast-page-background-meta":{"desktop":{"background-color":"var(--ast-global-color-4)","background-image":"","background-repeat":"repeat","background-position":"center center","background-size":"auto","background-attachment":"scroll","background-type":"","background-media":"","overlay-type":"","overlay-color":"","overlay-opacity":"","overlay-gradient":""},"tablet":{"background-color":"","background-image":"","background-repeat":"repeat","background-position":"center center","background-size":"auto","background-attachment":"scroll","background-type":"","background-media":"","overlay-type":"","overlay-color":"","overlay-opacity":"","overlay-gradient":""},"mobile":{"background-color":"","background-image":"","background-repeat":"repeat","background-position":"center center","background-size":"auto","background-attachment":"scroll","background-type":"","background-media":"","overlay-type":"","overlay-color":"","overlay-opacity":"","overlay-gradient":""}},"ast-content-background-meta":{"desktop":{"background-color":"var(--ast-global-color-5)","background-image":"","background-repeat":"repeat","background-position":"center center","background-size":"auto","background-attachment":"scroll","background-type":"","background-media":"","overlay-type":"","overlay-color":"","overlay-opacity":"","overlay-gradient":""},"tablet":{"background-color":"var(--ast-global-color-5)","background-image":"","background-repeat":"repeat","background-position":"center center","background-size":"auto","background-attachment":"scroll","background-type":"","background-media":"","overlay-type":"","overlay-color":"","overlay-opacity":"","overlay-gradient":""},"mobile":{"background-color":"var(--ast-global-color-5)","background-image":"","background-repeat":"repeat","background-position":"center center","background-size":"auto","background-attachment":"scroll","background-type":"","background-media":"","overlay-type":"","overlay-color":"","overlay-opacity":"","overlay-gradient":""}},"footnotes":""},"class_list":["post-1709","page","type-page","status-publish","hentry"],"post_mailing_queue_ids":[],"_links":{"self":[{"href":"https:\/\/agora.xtec.cat\/iesehtb\/wp-json\/wp\/v2\/pages\/1709","targetHints":{"allow":["GET"]}}],"collection":[{"href":"https:\/\/agora.xtec.cat\/iesehtb\/wp-json\/wp\/v2\/pages"}],"about":[{"href":"https:\/\/agora.xtec.cat\/iesehtb\/wp-json\/wp\/v2\/types\/page"}],"author":[{"embeddable":true,"href":"https:\/\/agora.xtec.cat\/iesehtb\/wp-json\/wp\/v2\/users\/1"}],"replies":[{"embeddable":true,"href":"https:\/\/agora.xtec.cat\/iesehtb\/wp-json\/wp\/v2\/comments?post=1709"}],"version-history":[{"count":6,"href":"https:\/\/agora.xtec.cat\/iesehtb\/wp-json\/wp\/v2\/pages\/1709\/revisions"}],"predecessor-version":[{"id":10814,"href":"https:\/\/agora.xtec.cat\/iesehtb\/wp-json\/wp\/v2\/pages\/1709\/revisions\/10814"}],"up":[{"embeddable":true,"href":"https:\/\/agora.xtec.cat\/iesehtb\/wp-json\/wp\/v2\/pages\/1704"}],"wp:attachment":[{"href":"https:\/\/agora.xtec.cat\/iesehtb\/wp-json\/wp\/v2\/media?parent=1709"}],"curies":[{"name":"wp","href":"https:\/\/api.w.org\/{rel}","templated":true}]}}