{"id":1704,"date":"2015-03-11T19:55:15","date_gmt":"2015-03-11T18:55:15","guid":{"rendered":"http:\/\/agora.xtec.cat\/iesehtb\/?page_id=1704"},"modified":"2026-03-24T11:05:44","modified_gmt":"2026-03-24T10:05:44","slug":"preinscripcio-pfi","status":"publish","type":"page","link":"https:\/\/agora.xtec.cat\/iesehtb\/secretaria\/preinscripcio-pfi\/","title":{"rendered":"Preinscripci\u00f3 PFI"},"content":{"rendered":"<p style=\"text-align: justify;\">Cal que presentin la sol\u00b7licitud de preinscripcio\u0301 les persones que volen accedir a programes de formacio\u0301 i insercio\u0301.<\/p>\n<p style=\"text-align: justify;\">Per poder cursar <strong>programes de formacio\u0301 i insercio\u0301<\/strong>, cal complir els requisits que estableix la normativa corresponent.<\/p>\n<p style=\"text-align: justify;\">Per accedir a un <strong>programa de formaci\u00f3 i inserci\u00f3<\/strong> cal formalitzar la sol\u00b7licitud de preinscripci\u00f3 corresponent encara que s&#8217;estiguin cursant altres ensenyaments al mateix centre.<\/p>\n<p style=\"text-align: justify;\"><span style=\"font-family: inherit; font-size: 1em;\">Poden participar-hi joves no ocupats que compleixen com a m\u00ednim 16 anys d&#8217;edat i com a m\u00e0xim 21 l&#8217;any d&#8217;inici del programa, que han deixat l&#8217;ESO sense obtenir-ne el t\u00edtol i que en el moment d&#8217;iniciar els programes no segueixen estudis en el sistema educatiu ni participen en altres accions de formaci\u00f3.<\/span><\/p>\n<p style=\"text-align: justify;\"><span style=\"font-family: inherit; font-size: 1em;\">Nom\u00e9s es pot presentar una sol\u00b7licitud de preinscripci\u00f3 per persona, per\u00f2 s&#8217;hi poden indicar peticions d&#8217;admissi\u00f3 en diversos centres, modalitats i especialitats, sempre ordenats per ordre de prefer\u00e8ncia. La presentaci\u00f3 de m\u00e9s d&#8217;una sol\u00b7licitud comporta la invalidaci\u00f3 dels drets de prioritat que poden correspondre.<\/span><\/p>\n<p style=\"text-align: justify;\">Nom\u00e9s es pot presentar una sol\u00b7licitud de preinscripci\u00f3 per persona, per\u00f2 s&#8217;hi poden indicar peticions d&#8217;admissi\u00f3 en diversos centres, modalitats i especialitats, sempre ordenats per ordre de prefer\u00e8ncia. La presentaci\u00f3 de m\u00e9s d&#8217;una sol\u00b7licitud comporta la invalidaci\u00f3 dels drets de prioritat que poden<\/p>\n<p style=\"text-align: justify;\">La sol\u00b7licitud s&#8217;ha de presentar al registre electr\u00f2nic de la Generalitat mitjan\u00e7ant el formulari electr\u00f2nic disponible al <a href=\"https:\/\/preinscripcio.gencat.cat\/ca\/estudis\/pfi\/inici\/\" target=\"_blank\" rel=\"noopener\">web de preinscripci\u00f3<\/a> en el termini de presentaci\u00f3 de sol\u00b7licituds establert.<\/p>\n<p style=\"text-align: justify;\">Per poder utilitzar el formulari, el tutor\/a legal (si l&#8217;alumne\/a \u00e9s menor d&#8217;edat o no compleix els 18 anys durant l&#8217;any en qu\u00e8 es presenta la sol\u00b7licitud) o l&#8217;alumne\/a (major d&#8217;edat o que compleix els 18 anys durant aquest any) s&#8217;ha d&#8217;identificar mitjan\u00e7ant un certificat digital, com ara el DNI electr\u00f2nic o el sistema alternatiu d&#8217;identificaci\u00f3 IdCAT M\u00f2bil.<\/p>\n<p style=\"text-align: justify;\">Les persones que no puguin utilitzar la sol\u00b7licitud electr\u00f2nica esmentada, poden utilitzar el formulari en suport inform\u00e0tic disponible al <a href=\"https:\/\/preinscripcio.gencat.cat\/ca\/estudis\/pfi\/inici\/\" target=\"_blank\" rel=\"noopener\">web de preinscripci\u00f3<\/a>. En aquest cas, cal adjuntar al formulari el document identificatiu escanejat o fotografiat de la persona que presenta la sol\u00b7licitud per acreditar la seva identitat.<\/p>\n<p style=\"text-align: justify;\">Per fer la preinscripci\u00f3 cal:<\/p>\n<ul>\n<li style=\"text-align: justify;\">con\u00e8ixer el\u00a0<a href=\"https:\/\/agora.xtec.cat\/iesehtb\/secretaria\/preinscripcio-pfi\/calendari-departament-deducacio-pfi\/\"><strong>calend<\/strong><strong>ari<\/strong>\u00a0<\/a>de tot el proc\u00e9s,<\/li>\n<li style=\"text-align: justify;\">consultar\u00a0<strong>els centres<\/strong>,<\/li>\n<li style=\"text-align: justify;\">con\u00e8ixer i reunir la\u00a0<a title=\"Documentaci\u00f3 i Criteris \u2013 PFI\" href=\"http:\/\/agora.xtec.cat\/iesehtb\/secretaria\/preinscripcio-pfi\/documentacio-i-criteris-pfi\/\"><strong>documentaci\u00f3 i els criteris de prioritat<\/strong><\/a>\u00a0amb qu\u00e8 s&#8217;ordenen les sol\u00b7licituds,<\/li>\n<li style=\"text-align: justify;\">presentar la\u00a0<strong>sol\u00b7licitud<\/strong>\u00a0i la documentaci\u00f3,<\/li>\n<li style=\"text-align: justify;\">consultar els\u00a0<strong>resultats<\/strong>\u00a0de la preinscripci\u00f3 quan es publiquen les llistes provisionals i quan es publiquen les llistes definitives, despr\u00e9s del per\u00edode per presentar reclamacions,<\/li>\n<li style=\"text-align: justify;\">consultar el\u00a0<strong>centre assignat<\/strong>\u00a0i\u00a0fer la\u00a0<strong>matr\u00edcula<\/strong>.<\/li>\n<\/ul>\n","protected":false},"excerpt":{"rendered":"<p>Cal que presentin la sol\u00b7licitud de preinscripcio\u0301 les persones que volen accedir a programes de formacio\u0301 i insercio\u0301. Per poder cursar programes de formacio\u0301 i insercio\u0301, cal complir els requisits que estableix la normativa corresponent. Per accedir a un programa de formaci\u00f3 i inserci\u00f3 cal formalitzar la sol\u00b7licitud de preinscripci\u00f3 corresponent encara que s&#8217;estiguin cursant [&hellip;]<\/p>\n","protected":false},"author":1,"featured_media":0,"parent":81,"menu_order":1,"comment_status":"closed","ping_status":"open","template":"","meta":{"_bbp_topic_count":0,"_bbp_reply_count":0,"_bbp_total_topic_count":0,"_bbp_total_reply_count":0,"_bbp_voice_count":0,"_bbp_anonymous_reply_count":0,"_bbp_topic_count_hidden":0,"_bbp_reply_count_hidden":0,"_bbp_forum_subforum_count":0,"site-sidebar-layout":"default","site-content-layout":"","ast-site-content-layout":"default","site-content-style":"default","site-sidebar-style":"default","ast-global-header-display":"","ast-banner-title-visibility":"","ast-main-header-display":"","ast-hfb-above-header-display":"","ast-hfb-below-header-display":"","ast-hfb-mobile-header-display":"","site-post-title":"","ast-breadcrumbs-content":"","ast-featured-img":"","footer-sml-layout":"","theme-transparent-header-meta":"default","adv-header-id-meta":"","stick-header-meta":"","header-above-stick-meta":"","header-main-stick-meta":"","header-below-stick-meta":"","astra-migrate-meta-layouts":"set","ast-page-background-enabled":"default","ast-page-background-meta":{"desktop":{"background-color":"var(--ast-global-color-4)","background-image":"","background-repeat":"repeat","background-position":"center center","background-size":"auto","background-attachment":"scroll","background-type":"","background-media":"","overlay-type":"","overlay-color":"","overlay-opacity":"","overlay-gradient":""},"tablet":{"background-color":"","background-image":"","background-repeat":"repeat","background-position":"center center","background-size":"auto","background-attachment":"scroll","background-type":"","background-media":"","overlay-type":"","overlay-color":"","overlay-opacity":"","overlay-gradient":""},"mobile":{"background-color":"","background-image":"","background-repeat":"repeat","background-position":"center center","background-size":"auto","background-attachment":"scroll","background-type":"","background-media":"","overlay-type":"","overlay-color":"","overlay-opacity":"","overlay-gradient":""}},"ast-content-background-meta":{"desktop":{"background-color":"var(--ast-global-color-5)","background-image":"","background-repeat":"repeat","background-position":"center center","background-size":"auto","background-attachment":"scroll","background-type":"","background-media":"","overlay-type":"","overlay-color":"","overlay-opacity":"","overlay-gradient":""},"tablet":{"background-color":"var(--ast-global-color-5)","background-image":"","background-repeat":"repeat","background-position":"center center","background-size":"auto","background-attachment":"scroll","background-type":"","background-media":"","overlay-type":"","overlay-color":"","overlay-opacity":"","overlay-gradient":""},"mobile":{"background-color":"var(--ast-global-color-5)","background-image":"","background-repeat":"repeat","background-position":"center center","background-size":"auto","background-attachment":"scroll","background-type":"","background-media":"","overlay-type":"","overlay-color":"","overlay-opacity":"","overlay-gradient":""}},"footnotes":""},"class_list":["post-1704","page","type-page","status-publish","hentry"],"post_mailing_queue_ids":[],"_links":{"self":[{"href":"https:\/\/agora.xtec.cat\/iesehtb\/wp-json\/wp\/v2\/pages\/1704","targetHints":{"allow":["GET"]}}],"collection":[{"href":"https:\/\/agora.xtec.cat\/iesehtb\/wp-json\/wp\/v2\/pages"}],"about":[{"href":"https:\/\/agora.xtec.cat\/iesehtb\/wp-json\/wp\/v2\/types\/page"}],"author":[{"embeddable":true,"href":"https:\/\/agora.xtec.cat\/iesehtb\/wp-json\/wp\/v2\/users\/1"}],"replies":[{"embeddable":true,"href":"https:\/\/agora.xtec.cat\/iesehtb\/wp-json\/wp\/v2\/comments?post=1704"}],"version-history":[{"count":6,"href":"https:\/\/agora.xtec.cat\/iesehtb\/wp-json\/wp\/v2\/pages\/1704\/revisions"}],"predecessor-version":[{"id":10818,"href":"https:\/\/agora.xtec.cat\/iesehtb\/wp-json\/wp\/v2\/pages\/1704\/revisions\/10818"}],"up":[{"embeddable":true,"href":"https:\/\/agora.xtec.cat\/iesehtb\/wp-json\/wp\/v2\/pages\/81"}],"wp:attachment":[{"href":"https:\/\/agora.xtec.cat\/iesehtb\/wp-json\/wp\/v2\/media?parent=1704"}],"curies":[{"name":"wp","href":"https:\/\/api.w.org\/{rel}","templated":true}]}}