{"id":10902,"date":"2026-04-13T14:19:47","date_gmt":"2026-04-13T12:19:47","guid":{"rendered":"https:\/\/agora.xtec.cat\/iesehtb\/?page_id=10902"},"modified":"2026-04-14T08:40:07","modified_gmt":"2026-04-14T06:40:07","slug":"assignacio-i-matricula-curs-despecialitzacio","status":"publish","type":"page","link":"https:\/\/agora.xtec.cat\/iesehtb\/secretaria\/curs-despecialitzacio-en-coordinacio-desdeveniments-i-congressos\/assignacio-i-matricula-curs-despecialitzacio\/","title":{"rendered":"Assignaci\u00f3 i matr\u00edcula &#8211; Curs d&#8217;especialitzaci\u00f3"},"content":{"rendered":"<h2 style=\"text-align: justify;\">Assignaci\u00f3<\/h2>\n<p style=\"text-align: justify;\">Per ordenar les sol\u00b7licituds d&#8217;admissi\u00f3 als cursos d&#8217;especialitzaci\u00f3 de formaci\u00f3 professional i per assignar les places quan el nombre de sol\u00b7licituds \u00e9s superior a l&#8217;oferta, aquestes s&#8217;ordenaran en ordre descendent segons la qualificaci\u00f3 mitjana del cicle de formaci\u00f3 professional que s&#8217;al\u00b7legui per accedir al curs. Les sol\u00b7licituds que al\u00b7leguen la situaci\u00f3 de discapacitat, si no s&#8217;assignen a les places reservades, s&#8217;intenten assignar en l&#8217;ordre que els correspon a la resta de places.<\/p>\n<p style=\"text-align: justify;\">En cas d&#8217;empat en les qualificacions s&#8217;aplica el sorteig. El resultat del sorteig es publica en el taulell del centre.<\/p>\n<h2 style=\"text-align: justify;\">Llista d&#8217;espera<\/h2>\n<p style=\"text-align: justify;\">En cas que la demanda sigui superior a l&#8217;oferta de places, les sol\u00b7licituds que no s&#8217;assignin al centre i curs d&#8217;especialitzaci\u00f3 restaran en la llista d&#8217;espera en l&#8217;ordre que es segueix per fer l&#8217;assignaci\u00f3.<\/p>\n<h2 style=\"text-align: justify;\">Matr\u00edcula<\/h2>\n<p style=\"text-align: justify;\">Els alumnes admesos han de formalitzar la matr\u00edcula en les dates que consten al calendari.<\/p>\n<p style=\"text-align: justify;\">Els alumnes que no formalitzin la matr\u00edcula en el per\u00edode establert es considera que renuncien a la pla\u00e7a adjudicada, llevat que es produeixi un endarreriment per causes justificades i aix\u00ed ho hagin comunicat al centre.<\/p>\n<p style=\"text-align: justify;\">Quan, despr\u00e9s del proc\u00e9s ordinari de matr\u00edcula, queden places vacants, el centre ofereix aquestes places als participants que en el proc\u00e9s de preinscripci\u00f3 no se&#8217;ls hagi assignat pla\u00e7a, tot respectant l&#8217;ordre de la llista d&#8217;espera. I si, acabada aquesta assignaci\u00f3 a les persones de la llista d&#8217;espera encara queden vacants, les places es poden assignar a les persones que acrediten estar en possessi\u00f3 dels requisits establerts.<\/p>\n","protected":false},"excerpt":{"rendered":"<p>Assignaci\u00f3 Per ordenar les sol\u00b7licituds d&#8217;admissi\u00f3 als cursos d&#8217;especialitzaci\u00f3 de formaci\u00f3 professional i per assignar les places quan el nombre de sol\u00b7licituds \u00e9s superior a l&#8217;oferta, aquestes s&#8217;ordenaran en ordre descendent segons la qualificaci\u00f3 mitjana del cicle de formaci\u00f3 professional que s&#8217;al\u00b7legui per accedir al curs. Les sol\u00b7licituds que al\u00b7leguen la situaci\u00f3 de discapacitat, si [&hellip;]<\/p>\n","protected":false},"author":1,"featured_media":0,"parent":10859,"menu_order":20,"comment_status":"closed","ping_status":"closed","template":"","meta":{"_bbp_topic_count":0,"_bbp_reply_count":0,"_bbp_total_topic_count":0,"_bbp_total_reply_count":0,"_bbp_voice_count":0,"_bbp_anonymous_reply_count":0,"_bbp_topic_count_hidden":0,"_bbp_reply_count_hidden":0,"_bbp_forum_subforum_count":0,"site-sidebar-layout":"default","site-content-layout":"","ast-site-content-layout":"default","site-content-style":"default","site-sidebar-style":"default","ast-global-header-display":"","ast-banner-title-visibility":"","ast-main-header-display":"","ast-hfb-above-header-display":"","ast-hfb-below-header-display":"","ast-hfb-mobile-header-display":"","site-post-title":"","ast-breadcrumbs-content":"","ast-featured-img":"","footer-sml-layout":"","theme-transparent-header-meta":"default","adv-header-id-meta":"","stick-header-meta":"","header-above-stick-meta":"","header-main-stick-meta":"","header-below-stick-meta":"","astra-migrate-meta-layouts":"set","ast-page-background-enabled":"default","ast-page-background-meta":{"desktop":{"background-color":"var(--ast-global-color-4)","background-image":"","background-repeat":"repeat","background-position":"center center","background-size":"auto","background-attachment":"scroll","background-type":"","background-media":"","overlay-type":"","overlay-color":"","overlay-opacity":"","overlay-gradient":""},"tablet":{"background-color":"","background-image":"","background-repeat":"repeat","background-position":"center center","background-size":"auto","background-attachment":"scroll","background-type":"","background-media":"","overlay-type":"","overlay-color":"","overlay-opacity":"","overlay-gradient":""},"mobile":{"background-color":"","background-image":"","background-repeat":"repeat","background-position":"center center","background-size":"auto","background-attachment":"scroll","background-type":"","background-media":"","overlay-type":"","overlay-color":"","overlay-opacity":"","overlay-gradient":""}},"ast-content-background-meta":{"desktop":{"background-color":"var(--ast-global-color-5)","background-image":"","background-repeat":"repeat","background-position":"center center","background-size":"auto","background-attachment":"scroll","background-type":"","background-media":"","overlay-type":"","overlay-color":"","overlay-opacity":"","overlay-gradient":""},"tablet":{"background-color":"var(--ast-global-color-5)","background-image":"","background-repeat":"repeat","background-position":"center center","background-size":"auto","background-attachment":"scroll","background-type":"","background-media":"","overlay-type":"","overlay-color":"","overlay-opacity":"","overlay-gradient":""},"mobile":{"background-color":"var(--ast-global-color-5)","background-image":"","background-repeat":"repeat","background-position":"center center","background-size":"auto","background-attachment":"scroll","background-type":"","background-media":"","overlay-type":"","overlay-color":"","overlay-opacity":"","overlay-gradient":""}},"footnotes":""},"class_list":["post-10902","page","type-page","status-publish","hentry"],"post_mailing_queue_ids":[],"_links":{"self":[{"href":"https:\/\/agora.xtec.cat\/iesehtb\/wp-json\/wp\/v2\/pages\/10902","targetHints":{"allow":["GET"]}}],"collection":[{"href":"https:\/\/agora.xtec.cat\/iesehtb\/wp-json\/wp\/v2\/pages"}],"about":[{"href":"https:\/\/agora.xtec.cat\/iesehtb\/wp-json\/wp\/v2\/types\/page"}],"author":[{"embeddable":true,"href":"https:\/\/agora.xtec.cat\/iesehtb\/wp-json\/wp\/v2\/users\/1"}],"replies":[{"embeddable":true,"href":"https:\/\/agora.xtec.cat\/iesehtb\/wp-json\/wp\/v2\/comments?post=10902"}],"version-history":[{"count":4,"href":"https:\/\/agora.xtec.cat\/iesehtb\/wp-json\/wp\/v2\/pages\/10902\/revisions"}],"predecessor-version":[{"id":10907,"href":"https:\/\/agora.xtec.cat\/iesehtb\/wp-json\/wp\/v2\/pages\/10902\/revisions\/10907"}],"up":[{"embeddable":true,"href":"https:\/\/agora.xtec.cat\/iesehtb\/wp-json\/wp\/v2\/pages\/10859"}],"wp:attachment":[{"href":"https:\/\/agora.xtec.cat\/iesehtb\/wp-json\/wp\/v2\/media?parent=10902"}],"curies":[{"name":"wp","href":"https:\/\/api.w.org\/{rel}","templated":true}]}}