{"id":10900,"date":"2026-04-13T14:16:17","date_gmt":"2026-04-13T12:16:17","guid":{"rendered":"https:\/\/agora.xtec.cat\/iesehtb\/?page_id=10900"},"modified":"2026-04-14T08:43:49","modified_gmt":"2026-04-14T06:43:49","slug":"criteris-de-prioritat-i-documentacio-a-presentar-curs-especialitzacio","status":"publish","type":"page","link":"https:\/\/agora.xtec.cat\/iesehtb\/secretaria\/curs-despecialitzacio-en-coordinacio-desdeveniments-i-congressos\/criteris-de-prioritat-i-documentacio-a-presentar-curs-especialitzacio\/","title":{"rendered":"Criteris de prioritat i documentaci\u00f3 &#8211; Curs d&#8217;especialitzaci\u00f3"},"content":{"rendered":"<p>&nbsp;<\/p>\n<h2 class=\"basic_title col-sm-12 pd-10\">Documentaci\u00f3 identificativa<\/h2>\n<div class=\"col-xs-12 columna_esquerra\">\n<div class=\"cos_bloc basic_text_peq pd-15 link-dotted\">\n<p>En tots els casos, cal presentar en el termini establert la <strong>documentaci\u00f3<\/strong> seg\u00fcent:<\/p>\n<\/div>\n<\/div>\n<ul>\n<li>Original i fotoc\u00f2pia del DNI, NIE o passaport vigent. Si es tracta d&#8217;estrangers comunitaris, el document d&#8217;identitat del pa\u00eds membre de la Uni\u00f3 Europea.<\/li>\n<\/ul>\n<h2>Criteris de prioritat i documentaci\u00f3 acreditativa<\/h2>\n<ul>\n<li style=\"text-align: justify;\"><strong>Qualificaci\u00f3 mitjana del cicle de formaci\u00f3 professional<\/strong> que permet l&#8217;acc\u00e9s. Documentaci\u00f3 acreditativa: certificaci\u00f3 de la qualificaci\u00f3 mitjana del cicle de formaci\u00f3 professional que permet l&#8217;acc\u00e9s.<\/li>\n<li style=\"text-align: justify;\">Alumnat que opta a les places reservades per a <strong>alumnat amb discapacitat. <\/strong>Per poder optar a aquestes places, s&#8217;ha d&#8217;acreditar una <strong>discapacitat de grau igual o superior al 33 %. <\/strong>Documentaci\u00f3 acreditativa: Targeta acreditativa de la discapacitat vigent. En el cas que la tramitaci\u00f3 del reconeixement d&#8217;aquesta situaci\u00f3 no hagi finalitzat, es pot annexar un certificat de discapacitat, un informe m\u00e8dic espec\u00edfic de lesi\u00f3 o malaltia permanent, o un informe de l&#8217;EAP, que ser\u00e0 valorat per la direcci\u00f3 del centre i la comissi\u00f3 de garanties d&#8217;admissi\u00f3.<\/li>\n<\/ul>\n","protected":false},"excerpt":{"rendered":"<p>&nbsp; Documentaci\u00f3 identificativa En tots els casos, cal presentar en el termini establert la documentaci\u00f3 seg\u00fcent: Original i fotoc\u00f2pia del DNI, NIE o passaport vigent. Si es tracta d&#8217;estrangers comunitaris, el document d&#8217;identitat del pa\u00eds membre de la Uni\u00f3 Europea. Criteris de prioritat i documentaci\u00f3 acreditativa Qualificaci\u00f3 mitjana del cicle de formaci\u00f3 professional que permet [&hellip;]<\/p>\n","protected":false},"author":1,"featured_media":0,"parent":10859,"menu_order":10,"comment_status":"closed","ping_status":"closed","template":"","meta":{"_bbp_topic_count":0,"_bbp_reply_count":0,"_bbp_total_topic_count":0,"_bbp_total_reply_count":0,"_bbp_voice_count":0,"_bbp_anonymous_reply_count":0,"_bbp_topic_count_hidden":0,"_bbp_reply_count_hidden":0,"_bbp_forum_subforum_count":0,"site-sidebar-layout":"default","site-content-layout":"","ast-site-content-layout":"default","site-content-style":"default","site-sidebar-style":"default","ast-global-header-display":"","ast-banner-title-visibility":"","ast-main-header-display":"","ast-hfb-above-header-display":"","ast-hfb-below-header-display":"","ast-hfb-mobile-header-display":"","site-post-title":"","ast-breadcrumbs-content":"","ast-featured-img":"","footer-sml-layout":"","theme-transparent-header-meta":"default","adv-header-id-meta":"","stick-header-meta":"","header-above-stick-meta":"","header-main-stick-meta":"","header-below-stick-meta":"","astra-migrate-meta-layouts":"set","ast-page-background-enabled":"default","ast-page-background-meta":{"desktop":{"background-color":"var(--ast-global-color-4)","background-image":"","background-repeat":"repeat","background-position":"center center","background-size":"auto","background-attachment":"scroll","background-type":"","background-media":"","overlay-type":"","overlay-color":"","overlay-opacity":"","overlay-gradient":""},"tablet":{"background-color":"","background-image":"","background-repeat":"repeat","background-position":"center center","background-size":"auto","background-attachment":"scroll","background-type":"","background-media":"","overlay-type":"","overlay-color":"","overlay-opacity":"","overlay-gradient":""},"mobile":{"background-color":"","background-image":"","background-repeat":"repeat","background-position":"center center","background-size":"auto","background-attachment":"scroll","background-type":"","background-media":"","overlay-type":"","overlay-color":"","overlay-opacity":"","overlay-gradient":""}},"ast-content-background-meta":{"desktop":{"background-color":"var(--ast-global-color-5)","background-image":"","background-repeat":"repeat","background-position":"center center","background-size":"auto","background-attachment":"scroll","background-type":"","background-media":"","overlay-type":"","overlay-color":"","overlay-opacity":"","overlay-gradient":""},"tablet":{"background-color":"var(--ast-global-color-5)","background-image":"","background-repeat":"repeat","background-position":"center center","background-size":"auto","background-attachment":"scroll","background-type":"","background-media":"","overlay-type":"","overlay-color":"","overlay-opacity":"","overlay-gradient":""},"mobile":{"background-color":"var(--ast-global-color-5)","background-image":"","background-repeat":"repeat","background-position":"center center","background-size":"auto","background-attachment":"scroll","background-type":"","background-media":"","overlay-type":"","overlay-color":"","overlay-opacity":"","overlay-gradient":""}},"footnotes":""},"class_list":["post-10900","page","type-page","status-publish","hentry"],"post_mailing_queue_ids":[],"_links":{"self":[{"href":"https:\/\/agora.xtec.cat\/iesehtb\/wp-json\/wp\/v2\/pages\/10900","targetHints":{"allow":["GET"]}}],"collection":[{"href":"https:\/\/agora.xtec.cat\/iesehtb\/wp-json\/wp\/v2\/pages"}],"about":[{"href":"https:\/\/agora.xtec.cat\/iesehtb\/wp-json\/wp\/v2\/types\/page"}],"author":[{"embeddable":true,"href":"https:\/\/agora.xtec.cat\/iesehtb\/wp-json\/wp\/v2\/users\/1"}],"replies":[{"embeddable":true,"href":"https:\/\/agora.xtec.cat\/iesehtb\/wp-json\/wp\/v2\/comments?post=10900"}],"version-history":[{"count":3,"href":"https:\/\/agora.xtec.cat\/iesehtb\/wp-json\/wp\/v2\/pages\/10900\/revisions"}],"predecessor-version":[{"id":10910,"href":"https:\/\/agora.xtec.cat\/iesehtb\/wp-json\/wp\/v2\/pages\/10900\/revisions\/10910"}],"up":[{"embeddable":true,"href":"https:\/\/agora.xtec.cat\/iesehtb\/wp-json\/wp\/v2\/pages\/10859"}],"wp:attachment":[{"href":"https:\/\/agora.xtec.cat\/iesehtb\/wp-json\/wp\/v2\/media?parent=10900"}],"curies":[{"name":"wp","href":"https:\/\/api.w.org\/{rel}","templated":true}]}}