{"id":10898,"date":"2026-04-13T13:59:04","date_gmt":"2026-04-13T11:59:04","guid":{"rendered":"https:\/\/agora.xtec.cat\/iesehtb\/?page_id=10898"},"modified":"2026-04-14T09:35:42","modified_gmt":"2026-04-14T07:35:42","slug":"calendari-curs-despecilitzacio","status":"publish","type":"page","link":"https:\/\/agora.xtec.cat\/iesehtb\/secretaria\/curs-despecialitzacio-en-coordinacio-desdeveniments-i-congressos\/calendari-curs-despecilitzacio\/","title":{"rendered":"Calendari \u2013 Curs d&#8217;especilitzaci\u00f3"},"content":{"rendered":"<p><!--more--><\/p>\n<div class=\"entry-content clear\">\n<section class=\"padding-xs padding-sm padding-md colorSectionOdd\">\n<article class=\"container fullcontainer-xs\">\n<div class=\"row\">\n<div>\n<div id=\"center_2R\">\n<div id=\"llista_42b0f505-5c0f-11eb-9783-005056924a59_14fa6813-af3e-11eb-ab1b-005056924a59\" class=\"fpca_llista_enllacIcones formatter_body\">\n<div class=\"wrapper_llista_enllacIcones\">\n<section class=\"padding-xs padding-sm padding-md colorSectionOdd\">\n<article class=\"container fullcontainer-xs\">\n<div class=\"row\">\n<div>\n<div id=\"center_2R\">\n<div id=\"llista_42b0f505-5c0f-11eb-9783-005056924a59_14fa6813-af3e-11eb-ab1b-005056924a59\" class=\"fpca_llista_enllacIcones formatter_body\">\n<div class=\"wrapper_llista_enllacIcones\">\n<h1 class=\"header2 pd-15 pd-30\">Abans de la preinscripci\u00f3<\/h1>\n<div class=\"list-item-wrapper\">\n<div class=\"col icon-col\">\n<h5 class=\"icon\"><img decoding=\"async\" src=\"https:\/\/preinscripcio.gencat.cat\/web\/.content\/icones\/calendari-on.png_2044584825.png\" alt=\"\" \/>\u00a0 22 d\u2019abril de 2026: jornada de portes obertes i xerrades informatives<\/h5>\n<\/div>\n<div class=\"col content-col\">\n<div class=\"bloc-mobil\">\n<div class=\"descripcio link-dotted\">\n<p style=\"text-align: justify;\">Aquestes trobades, que poden ser presencials o virtuals, s\u00f3n molt interessants, perqu\u00e8 permeten con\u00e8ixer de prop les caracter\u00edstiques de cada centre i la seva oferta educativa. Tamb\u00e9 s\u00f3n una oportunitat per plantejar preguntes i resoldre dubtes. Aix\u00ed podreu acabar de perfilar les vostres prefer\u00e8ncies i recollir-les a la sol\u00b7licitud de preinscripci\u00f3.<\/p>\n<\/div>\n<\/div>\n<\/div>\n<\/div>\n<div class=\"list-item-wrapper\">\n<div class=\"col icon-col\">\n<h5 class=\"icon\"><img decoding=\"async\" src=\"https:\/\/preinscripcio.gencat.cat\/web\/.content\/icones\/cerca-off.png_2044584825.png\" alt=\"\" \/> <strong>1 de juny de 2026: oferta inicial de places escolars<\/strong><\/h5>\n<\/div>\n<div class=\"col content-col\">\n<div class=\"bloc-mobil\">\n<div class=\"descripcio link-dotted\">\n<p>Publicaci\u00f3 del nombre de places per centre i curs.<\/p>\n<\/div>\n<\/div>\n<\/div>\n<\/div>\n<\/div>\n<\/div>\n<\/div>\n<\/div>\n<\/div>\n<\/article>\n<\/section>\n<section class=\"padding-xs padding-sm padding-md colorSectionOdd\">\n<article class=\"container fullcontainer-xs\">\n<div class=\"row\">\n<div>\n<div id=\"center_3R\">\n<div id=\"llista_458019c8-5c0f-11eb-9783-005056924a59_1ae28caa-af3e-11eb-ab1b-005056924a59\" class=\"fpca_llista_enllacIcones formatter_body\">\n<div class=\"wrapper_llista_enllacIcones\">\n<h1 class=\"header2 pd-15 pd-30\">Durant la preparaci\u00f3, presentaci\u00f3 i seguiment de la sol\u00b7licitud de preinscripci\u00f3<\/h1>\n<div class=\"list-item-wrapper\">\n<div class=\"col icon-col\">\n<h5 class=\"icon\"><img decoding=\"async\" src=\"https:\/\/preinscripcio.gencat.cat\/web\/.content\/icones\/sollicitud-off.png_2044584825.png\" alt=\"\" \/>\u00a0 Del 25 de juny al 3 de juliol de 2026: presentaci\u00f3 de sol\u00b7licituds<\/h5>\n<\/div>\n<div class=\"col content-col\">\n<div class=\"bloc-mobil\">\n<div class=\"descripcio link-dotted\">\n<p>\u00c9s molt important respectar les dates, perqu\u00e8 les sol\u00b7licituds que es presentin fora d\u2019aquest termini perdran totes les prioritats que haurien pogut tenir a l\u2019hora d\u2019obtenir la pla\u00e7a. Els criteris de prioritat serveixen per donar una puntuaci\u00f3 a cada sol\u00b7licitud. D\u2019aquesta manera s\u2019estableix l\u2019ordre d\u2019acc\u00e9s a les places de cada centre. Cal presentar la sol\u00b7licitud i adjuntar-hi la documentaci\u00f3 d\u2019identificaci\u00f3 o de criteris que correspongui.<\/p>\n<\/div>\n<\/div>\n<\/div>\n<\/div>\n<div class=\"list-item-wrapper\">\n<div class=\"col icon-col\">\n<h5 class=\"icon\"><img decoding=\"async\" src=\"https:\/\/preinscripcio.gencat.cat\/web\/.content\/icones\/consulta-revisa1-off.png_2044584825.png\" alt=\"\" \/>\u00a0 7 de juliol de 2026: llista de sol\u00b7licituds amb la puntuaci\u00f3 provisional<\/h5>\n<\/div>\n<div class=\"col content-col\">\n<div class=\"bloc-mobil\">\n<div class=\"descripcio link-dotted\">\n<p style=\"text-align: justify;\">Un cop acabat el per\u00edode de presentaci\u00f3 de sol\u00b7licituds, els centres educatius estudien cadascuna de les peticions que han rebut: n\u2019analitzen les dades, els criteris de prioritat que les fam\u00edlies demanen que es tinguin en compte, i tamb\u00e9 els documents justificatius. Tot seguit, publiquen la llista de sol\u00b7licituds amb els barems provisionals. En aquesta llista hi ha les sol\u00b7licituds ordenades alfab\u00e8ticament amb la puntuaci\u00f3 que ha rebut cada sol\u00b7licitud en aplicar-hi el barem.<\/p>\n<\/div>\n<\/div>\n<\/div>\n<\/div>\n<div class=\"list-item-wrapper\">\n<div class=\"col icon-col\">\n<h5 class=\"icon\"><img decoding=\"async\" src=\"https:\/\/preinscripcio.gencat.cat\/web\/.content\/icones\/campaneta-off.png_2044584825.png\" alt=\"\" \/>\u00a0 7 de juliol de 2026: sorteig per resoldre les sol\u00b7licituds de preinscripci\u00f3 empatades en punts<\/h5>\n<\/div>\n<div class=\"col content-col\">\n<div class=\"bloc-mobil\">\n<div class=\"descripcio link-dotted\">\n<p>El nombre de places a cada centre educatiu \u00e9s limitat. Si el nombre de peticions supera el d\u2019alumnes que l\u2019escola pot acollir, cal aplicar un sistema de desempat entre les sol\u00b7licituds que tenen la mateixa puntuaci\u00f3. Per fer-ho, s\u2019obt\u00e9 un n\u00famero per sorteig a partir del qual s\u2019ordenen totes les peticions empatades en punts, tenint en compte el n\u00famero de desempat que s\u2019ha assignat a cada sol\u00b7licitud. El sorteig tindr\u00e0 lloc en el mateix centre.<\/p>\n<\/div>\n<\/div>\n<\/div>\n<\/div>\n<div class=\"list-item-wrapper\">\n<div class=\"col icon-col\">\n<h5 class=\"icon\"><img decoding=\"async\" src=\"https:\/\/preinscripcio.gencat.cat\/web\/.content\/icones\/llapis-off.png_2044584825.png\" alt=\"\" \/> \u00a0Del 7 al 13 de juliol de 2026, ambd\u00f3s inclosos: presentaci\u00f3 de reclamacions<\/h5>\n<\/div>\n<div class=\"col content-col\">\n<div class=\"bloc-mobil\">\n<div class=\"descripcio link-dotted\">\n<p>Durant aquest per\u00edode, si detectes alguna errada o anomalia en el barem assignat, pots presentar una reclamaci\u00f3.<\/p>\n<\/div>\n<\/div>\n<\/div>\n<\/div>\n<div class=\"list-item-wrapper\">\n<div class=\"col icon-col\">\n<h5 class=\"icon\"><img decoding=\"async\" src=\"https:\/\/preinscripcio.gencat.cat\/web\/.content\/icones\/consulta-revisa1-off.png_2044584825.png\" alt=\"\" \/>\u00a0 14 de juliol de 2026: llista d\u2019alumnes admesos<\/h5>\n<\/div>\n<div class=\"col content-col\">\n<div class=\"bloc-mobil\">\n<div class=\"descripcio link-dotted\">\n<p>Finalment, es publica la llista d\u2019alumnes admesos al centre.<\/p>\n<\/div>\n<\/div>\n<\/div>\n<\/div>\n<\/div>\n<\/div>\n<\/div>\n<\/div>\n<\/div>\n<\/article>\n<\/section>\n<section class=\"padding-xs padding-sm padding-md colorSectionOdd\">\n<article class=\"container fullcontainer-xs\">\n<div class=\"row\">\n<div>\n<div id=\"center_4R\">\n<div id=\"llista_437ef274-5c0f-11eb-9783-005056924a59_17440a12-af3e-11eb-ab1b-005056924a59\" class=\"fpca_llista_enllacIcones formatter_body\">\n<div class=\"wrapper_llista_enllacIcones\">\n<h1 class=\"header2 pd-15 pd-30\">A l\u2019hora de formalitzar la matriculaci\u00f3<\/h1>\n<div class=\"list-item-wrapper\">\n<div class=\"col icon-col\">\n<h5 class=\"icon\"><img decoding=\"async\" src=\"https:\/\/preinscripcio.gencat.cat\/web\/.content\/icones\/matricula-off.png_2044584825.png\" alt=\"\" \/>\u00a0 Del 16 al 22 de juliol de 2026: matriculaci\u00f3<\/h5>\n<\/div>\n<div class=\"col content-col\">\n<div class=\"bloc-mobil\">\n<div class=\"descripcio link-dotted\">\n<p>Un cop s\u2019ha publicat la llista final d\u2019alumnes admesos en cada centre, comen\u00e7a el per\u00edode de matriculaci\u00f3 dels preinscrits amb pla\u00e7a assignada.<\/p>\n<\/div>\n<\/div>\n<\/div>\n<\/div>\n<\/div>\n<\/div>\n<\/div>\n<\/div>\n<\/div>\n<\/article>\n<\/section>\n<\/div>\n<\/div>\n<\/div>\n<\/div>\n<\/div>\n<\/article>\n<\/section>\n<\/div>\n","protected":false},"excerpt":{"rendered":"","protected":false},"author":1,"featured_media":0,"parent":10859,"menu_order":1,"comment_status":"closed","ping_status":"closed","template":"","meta":{"_bbp_topic_count":0,"_bbp_reply_count":0,"_bbp_total_topic_count":0,"_bbp_total_reply_count":0,"_bbp_voice_count":0,"_bbp_anonymous_reply_count":0,"_bbp_topic_count_hidden":0,"_bbp_reply_count_hidden":0,"_bbp_forum_subforum_count":0,"site-sidebar-layout":"default","site-content-layout":"","ast-site-content-layout":"default","site-content-style":"default","site-sidebar-style":"default","ast-global-header-display":"","ast-banner-title-visibility":"","ast-main-header-display":"","ast-hfb-above-header-display":"","ast-hfb-below-header-display":"","ast-hfb-mobile-header-display":"","site-post-title":"","ast-breadcrumbs-content":"","ast-featured-img":"","footer-sml-layout":"","theme-transparent-header-meta":"default","adv-header-id-meta":"","stick-header-meta":"","header-above-stick-meta":"","header-main-stick-meta":"","header-below-stick-meta":"","astra-migrate-meta-layouts":"set","ast-page-background-enabled":"default","ast-page-background-meta":{"desktop":{"background-color":"var(--ast-global-color-4)","background-image":"","background-repeat":"repeat","background-position":"center center","background-size":"auto","background-attachment":"scroll","background-type":"","background-media":"","overlay-type":"","overlay-color":"","overlay-opacity":"","overlay-gradient":""},"tablet":{"background-color":"","background-image":"","background-repeat":"repeat","background-position":"center center","background-size":"auto","background-attachment":"scroll","background-type":"","background-media":"","overlay-type":"","overlay-color":"","overlay-opacity":"","overlay-gradient":""},"mobile":{"background-color":"","background-image":"","background-repeat":"repeat","background-position":"center center","background-size":"auto","background-attachment":"scroll","background-type":"","background-media":"","overlay-type":"","overlay-color":"","overlay-opacity":"","overlay-gradient":""}},"ast-content-background-meta":{"desktop":{"background-color":"var(--ast-global-color-5)","background-image":"","background-repeat":"repeat","background-position":"center center","background-size":"auto","background-attachment":"scroll","background-type":"","background-media":"","overlay-type":"","overlay-color":"","overlay-opacity":"","overlay-gradient":""},"tablet":{"background-color":"var(--ast-global-color-5)","background-image":"","background-repeat":"repeat","background-position":"center center","background-size":"auto","background-attachment":"scroll","background-type":"","background-media":"","overlay-type":"","overlay-color":"","overlay-opacity":"","overlay-gradient":""},"mobile":{"background-color":"var(--ast-global-color-5)","background-image":"","background-repeat":"repeat","background-position":"center center","background-size":"auto","background-attachment":"scroll","background-type":"","background-media":"","overlay-type":"","overlay-color":"","overlay-opacity":"","overlay-gradient":""}},"footnotes":""},"class_list":["post-10898","page","type-page","status-publish","hentry"],"post_mailing_queue_ids":[],"_links":{"self":[{"href":"https:\/\/agora.xtec.cat\/iesehtb\/wp-json\/wp\/v2\/pages\/10898","targetHints":{"allow":["GET"]}}],"collection":[{"href":"https:\/\/agora.xtec.cat\/iesehtb\/wp-json\/wp\/v2\/pages"}],"about":[{"href":"https:\/\/agora.xtec.cat\/iesehtb\/wp-json\/wp\/v2\/types\/page"}],"author":[{"embeddable":true,"href":"https:\/\/agora.xtec.cat\/iesehtb\/wp-json\/wp\/v2\/users\/1"}],"replies":[{"embeddable":true,"href":"https:\/\/agora.xtec.cat\/iesehtb\/wp-json\/wp\/v2\/comments?post=10898"}],"version-history":[{"count":4,"href":"https:\/\/agora.xtec.cat\/iesehtb\/wp-json\/wp\/v2\/pages\/10898\/revisions"}],"predecessor-version":[{"id":10919,"href":"https:\/\/agora.xtec.cat\/iesehtb\/wp-json\/wp\/v2\/pages\/10898\/revisions\/10919"}],"up":[{"embeddable":true,"href":"https:\/\/agora.xtec.cat\/iesehtb\/wp-json\/wp\/v2\/pages\/10859"}],"wp:attachment":[{"href":"https:\/\/agora.xtec.cat\/iesehtb\/wp-json\/wp\/v2\/media?parent=10898"}],"curies":[{"name":"wp","href":"https:\/\/api.w.org\/{rel}","templated":true}]}}