{"id":10859,"date":"2026-04-10T15:47:30","date_gmt":"2026-04-10T13:47:30","guid":{"rendered":"https:\/\/agora.xtec.cat\/iesehtb\/?page_id=10859"},"modified":"2026-04-14T08:44:59","modified_gmt":"2026-04-14T06:44:59","slug":"curs-despecialitzacio-en-coordinacio-desdeveniments-i-congressos","status":"publish","type":"page","link":"https:\/\/agora.xtec.cat\/iesehtb\/secretaria\/curs-despecialitzacio-en-coordinacio-desdeveniments-i-congressos\/","title":{"rendered":"Preinscripci\u00f3 &#8211; Curs d&#8217;Especialitzaci\u00f3 MICE"},"content":{"rendered":"<div>\n<div class=\"component text without-padding-bottom \">\n<div class=\"container\">\n<div class=\"row\">\n<div class=\"col-12\">\n<h2 class=\"fs-36responsive28\">\ud83c\udfaf Especialitza&#8217;t en la creaci\u00f3 d&#8217;esdeveniments<\/h2>\n<\/div>\n<\/div>\n<\/div>\n<\/div>\n<\/div>\n<div>\n<div class=\"component texto-con-media \">\n<div class=\"container \">\n<div class=\"background-landing\">\n<div class=\"row left-text-right-media\">\n<div class=\"col-12 col-md-6 image-video-text\">\n<p class=\"isSelectedEnd\">Fes el salt professional amb el Curs d\u2019Especialitzaci\u00f3 en Coordinaci\u00f3 d\u2019Esdeveniments i Congressos i converteix-te en un perfil clau dins del sector MICE.<\/p>\n<p class=\"isSelectedEnd\">\u2728 Apr\u00e8n a gestionar protocol, atenci\u00f3 al client i serveis d\u2019acolliment<br \/>\n\ud83c\udf0d Impulsa la teva carrera amb una visi\u00f3 internacional i angl\u00e8s especialitzat<br \/>\n\ud83d\udca1 Domina eines digitals i estrat\u00e8gies de m\u00e0rqueting<br \/>\n\ud83e\udd1d Viu una experi\u00e8ncia real amb pr\u00e0ctiques en empreses del sector<\/p>\n<p>\ud83d\ude80 Prepara\u2019t per dissenyar experi\u00e8ncies \u00faniques i memorables!<\/p>\n<div class=\"image-video-text-inner\">\n<p class=\"isSelectedEnd\" style=\"text-align: justify;\">El Curs d\u2019Especialitzaci\u00f3 en Coordinaci\u00f3 d\u2019Esdeveniments i Congressos \u00e9s una formaci\u00f3 oficial i intensiva pensada per capacitar professionals en l\u2019organitzaci\u00f3 de serveis d\u2019acolliment, protocol i atenci\u00f3 al client dins del sector MICE (Meetings, Incentives, Conventions and Exhibitions).<\/p>\n<p class=\"isSelectedEnd\" style=\"text-align: justify;\">Est\u00e0 adre\u00e7at a persones amb formaci\u00f3 professional de grau mitj\u00e0 o superior que volen potenciar les seves compet\u00e8ncies professionals mitjan\u00e7ant una perspectiva sostenible, aix\u00ed com incorporar eines digitals i estrat\u00e8gies de m\u00e0rqueting per optimitzar processos. A m\u00e9s, el programa posa \u00e8mfasi en el domini de l\u2019angl\u00e8s especialitzat per facilitar el desenvolupament d\u2019una carrera internacional.<\/p>\n<p style=\"text-align: justify;\">La formaci\u00f3 combina continguts teoricopr\u00e0ctics amb un per\u00edode de pr\u00e0ctiques en empreses capdavanteres del sector, afavorint aix\u00ed una experi\u00e8ncia d\u2019aprenentatge completa i orientada al m\u00f3n laboral.<\/p>\n<\/div>\n<\/div>\n<\/div>\n<\/div>\n<\/div>\n<\/div>\n<\/div>\n","protected":false},"excerpt":{"rendered":"<p>\ud83c\udfaf Especialitza&#8217;t en la creaci\u00f3 d&#8217;esdeveniments Fes el salt professional amb el Curs d\u2019Especialitzaci\u00f3 en Coordinaci\u00f3 d\u2019Esdeveniments i Congressos i converteix-te en un perfil clau dins del sector MICE. \u2728 Apr\u00e8n a gestionar protocol, atenci\u00f3 al client i serveis d\u2019acolliment \ud83c\udf0d Impulsa la teva carrera amb una visi\u00f3 internacional i angl\u00e8s especialitzat \ud83d\udca1 Domina eines [&hellip;]<\/p>\n","protected":false},"author":1,"featured_media":0,"parent":81,"menu_order":10,"comment_status":"closed","ping_status":"closed","template":"","meta":{"_bbp_topic_count":0,"_bbp_reply_count":0,"_bbp_total_topic_count":0,"_bbp_total_reply_count":0,"_bbp_voice_count":0,"_bbp_anonymous_reply_count":0,"_bbp_topic_count_hidden":0,"_bbp_reply_count_hidden":0,"_bbp_forum_subforum_count":0,"site-sidebar-layout":"default","site-content-layout":"","ast-site-content-layout":"default","site-content-style":"default","site-sidebar-style":"default","ast-global-header-display":"","ast-banner-title-visibility":"","ast-main-header-display":"","ast-hfb-above-header-display":"","ast-hfb-below-header-display":"","ast-hfb-mobile-header-display":"","site-post-title":"","ast-breadcrumbs-content":"","ast-featured-img":"","footer-sml-layout":"","theme-transparent-header-meta":"default","adv-header-id-meta":"","stick-header-meta":"","header-above-stick-meta":"","header-main-stick-meta":"","header-below-stick-meta":"","astra-migrate-meta-layouts":"set","ast-page-background-enabled":"default","ast-page-background-meta":{"desktop":{"background-color":"var(--ast-global-color-4)","background-image":"","background-repeat":"repeat","background-position":"center center","background-size":"auto","background-attachment":"scroll","background-type":"","background-media":"","overlay-type":"","overlay-color":"","overlay-opacity":"","overlay-gradient":""},"tablet":{"background-color":"","background-image":"","background-repeat":"repeat","background-position":"center center","background-size":"auto","background-attachment":"scroll","background-type":"","background-media":"","overlay-type":"","overlay-color":"","overlay-opacity":"","overlay-gradient":""},"mobile":{"background-color":"","background-image":"","background-repeat":"repeat","background-position":"center center","background-size":"auto","background-attachment":"scroll","background-type":"","background-media":"","overlay-type":"","overlay-color":"","overlay-opacity":"","overlay-gradient":""}},"ast-content-background-meta":{"desktop":{"background-color":"var(--ast-global-color-5)","background-image":"","background-repeat":"repeat","background-position":"center center","background-size":"auto","background-attachment":"scroll","background-type":"","background-media":"","overlay-type":"","overlay-color":"","overlay-opacity":"","overlay-gradient":""},"tablet":{"background-color":"var(--ast-global-color-5)","background-image":"","background-repeat":"repeat","background-position":"center center","background-size":"auto","background-attachment":"scroll","background-type":"","background-media":"","overlay-type":"","overlay-color":"","overlay-opacity":"","overlay-gradient":""},"mobile":{"background-color":"var(--ast-global-color-5)","background-image":"","background-repeat":"repeat","background-position":"center center","background-size":"auto","background-attachment":"scroll","background-type":"","background-media":"","overlay-type":"","overlay-color":"","overlay-opacity":"","overlay-gradient":""}},"footnotes":""},"class_list":["post-10859","page","type-page","status-publish","hentry"],"post_mailing_queue_ids":[],"_links":{"self":[{"href":"https:\/\/agora.xtec.cat\/iesehtb\/wp-json\/wp\/v2\/pages\/10859","targetHints":{"allow":["GET"]}}],"collection":[{"href":"https:\/\/agora.xtec.cat\/iesehtb\/wp-json\/wp\/v2\/pages"}],"about":[{"href":"https:\/\/agora.xtec.cat\/iesehtb\/wp-json\/wp\/v2\/types\/page"}],"author":[{"embeddable":true,"href":"https:\/\/agora.xtec.cat\/iesehtb\/wp-json\/wp\/v2\/users\/1"}],"replies":[{"embeddable":true,"href":"https:\/\/agora.xtec.cat\/iesehtb\/wp-json\/wp\/v2\/comments?post=10859"}],"version-history":[{"count":6,"href":"https:\/\/agora.xtec.cat\/iesehtb\/wp-json\/wp\/v2\/pages\/10859\/revisions"}],"predecessor-version":[{"id":10911,"href":"https:\/\/agora.xtec.cat\/iesehtb\/wp-json\/wp\/v2\/pages\/10859\/revisions\/10911"}],"up":[{"embeddable":true,"href":"https:\/\/agora.xtec.cat\/iesehtb\/wp-json\/wp\/v2\/pages\/81"}],"wp:attachment":[{"href":"https:\/\/agora.xtec.cat\/iesehtb\/wp-json\/wp\/v2\/media?parent=10859"}],"curies":[{"name":"wp","href":"https:\/\/api.w.org\/{rel}","templated":true}]}}