{"id":10464,"date":"2025-10-20T16:50:07","date_gmt":"2025-10-20T14:50:07","guid":{"rendered":"https:\/\/agora.xtec.cat\/iesehtb\/?page_id=10464"},"modified":"2025-10-20T16:55:43","modified_gmt":"2025-10-20T14:55:43","slug":"convalidacio-modul-catala-aranes-professional","status":"publish","type":"page","link":"https:\/\/agora.xtec.cat\/iesehtb\/convalidacio-modul-catala-aranes-professional\/","title":{"rendered":"Convalidaci\u00f3 modul catal\u00e0 &#8211; aran\u00e8s professional"},"content":{"rendered":"<table style=\"border-collapse: collapse; width: 100%;\">\n<tbody>\n<tr>\n<td style=\"width: 100%; background-color: #ffa500;\"><strong>MP Catal\u00e0 \/ Aran\u00e8s professional<\/strong><\/td>\n<\/tr>\n<\/tbody>\n<\/table>\n<p>Aquest MP nom\u00e9s <strong>es pot convalidar si s&#8217;ha estudiat <\/strong>i superat en <strong>un cicle formatiu del mateix nivell<\/strong> (de grau mitj\u00e0 a grau mitj\u00e0 o de grau superior a grau superior)<strong> i de la mateixa fam\u00edlia professional <\/strong>o af\u00ed.<\/p>\n<p dir=\"ltr\">Afinitats entre fam\u00edlies professionals:<\/p>\n<ul>\n<li>Entre &#8220;Administraci\u00f3 i Gesti\u00f3&#8221; i &#8220;Comer\u00e7 i m\u00e0rqueting&#8221;<\/li>\n<li>Entre &#8220;Comer\u00e7 i m\u00e0rqueting&#8221; i &#8220;Hoteleria i turisme&#8221;<\/li>\n<li>Entre &#8220;Sanitat&#8221; i &#8220;Serveis socioculturals i a la comunitat&#8221;<\/li>\n<\/ul>\n<p>&nbsp;<\/p>\n","protected":false},"excerpt":{"rendered":"<p>MP Catal\u00e0 \/ Aran\u00e8s professional Aquest MP nom\u00e9s es pot convalidar si s&#8217;ha estudiat i superat en un cicle formatiu del mateix nivell (de grau mitj\u00e0 a grau mitj\u00e0 o de grau superior a grau superior) i de la mateixa fam\u00edlia professional o af\u00ed. Afinitats entre fam\u00edlies professionals: Entre &#8220;Administraci\u00f3 i Gesti\u00f3&#8221; i &#8220;Comer\u00e7 i [&hellip;]<\/p>\n","protected":false},"author":1,"featured_media":0,"parent":0,"menu_order":0,"comment_status":"closed","ping_status":"closed","template":"page-templates\/side-menu.php","meta":{"_bbp_topic_count":0,"_bbp_reply_count":0,"_bbp_total_topic_count":0,"_bbp_total_reply_count":0,"_bbp_voice_count":0,"_bbp_anonymous_reply_count":0,"_bbp_topic_count_hidden":0,"_bbp_reply_count_hidden":0,"_bbp_forum_subforum_count":0,"site-sidebar-layout":"default","site-content-layout":"","ast-site-content-layout":"","site-content-style":"default","site-sidebar-style":"default","ast-global-header-display":"","ast-banner-title-visibility":"","ast-main-header-display":"","ast-hfb-above-header-display":"","ast-hfb-below-header-display":"","ast-hfb-mobile-header-display":"","site-post-title":"","ast-breadcrumbs-content":"","ast-featured-img":"","footer-sml-layout":"","theme-transparent-header-meta":"","adv-header-id-meta":"","stick-header-meta":"","header-above-stick-meta":"","header-main-stick-meta":"","header-below-stick-meta":"","astra-migrate-meta-layouts":"default","ast-page-background-enabled":"default","ast-page-background-meta":{"desktop":{"background-color":"var(--ast-global-color-4)","background-image":"","background-repeat":"repeat","background-position":"center center","background-size":"auto","background-attachment":"scroll","background-type":"","background-media":"","overlay-type":"","overlay-color":"","overlay-opacity":"","overlay-gradient":""},"tablet":{"background-color":"","background-image":"","background-repeat":"repeat","background-position":"center center","background-size":"auto","background-attachment":"scroll","background-type":"","background-media":"","overlay-type":"","overlay-color":"","overlay-opacity":"","overlay-gradient":""},"mobile":{"background-color":"","background-image":"","background-repeat":"repeat","background-position":"center center","background-size":"auto","background-attachment":"scroll","background-type":"","background-media":"","overlay-type":"","overlay-color":"","overlay-opacity":"","overlay-gradient":""}},"ast-content-background-meta":{"desktop":{"background-color":"var(--ast-global-color-5)","background-image":"","background-repeat":"repeat","background-position":"center center","background-size":"auto","background-attachment":"scroll","background-type":"","background-media":"","overlay-type":"","overlay-color":"","overlay-opacity":"","overlay-gradient":""},"tablet":{"background-color":"var(--ast-global-color-5)","background-image":"","background-repeat":"repeat","background-position":"center center","background-size":"auto","background-attachment":"scroll","background-type":"","background-media":"","overlay-type":"","overlay-color":"","overlay-opacity":"","overlay-gradient":""},"mobile":{"background-color":"var(--ast-global-color-5)","background-image":"","background-repeat":"repeat","background-position":"center center","background-size":"auto","background-attachment":"scroll","background-type":"","background-media":"","overlay-type":"","overlay-color":"","overlay-opacity":"","overlay-gradient":""}},"footnotes":""},"class_list":["post-10464","page","type-page","status-publish","hentry"],"post_mailing_queue_ids":[],"_links":{"self":[{"href":"https:\/\/agora.xtec.cat\/iesehtb\/wp-json\/wp\/v2\/pages\/10464","targetHints":{"allow":["GET"]}}],"collection":[{"href":"https:\/\/agora.xtec.cat\/iesehtb\/wp-json\/wp\/v2\/pages"}],"about":[{"href":"https:\/\/agora.xtec.cat\/iesehtb\/wp-json\/wp\/v2\/types\/page"}],"author":[{"embeddable":true,"href":"https:\/\/agora.xtec.cat\/iesehtb\/wp-json\/wp\/v2\/users\/1"}],"replies":[{"embeddable":true,"href":"https:\/\/agora.xtec.cat\/iesehtb\/wp-json\/wp\/v2\/comments?post=10464"}],"version-history":[{"count":1,"href":"https:\/\/agora.xtec.cat\/iesehtb\/wp-json\/wp\/v2\/pages\/10464\/revisions"}],"predecessor-version":[{"id":10465,"href":"https:\/\/agora.xtec.cat\/iesehtb\/wp-json\/wp\/v2\/pages\/10464\/revisions\/10465"}],"wp:attachment":[{"href":"https:\/\/agora.xtec.cat\/iesehtb\/wp-json\/wp\/v2\/media?parent=10464"}],"curies":[{"name":"wp","href":"https:\/\/api.w.org\/{rel}","templated":true}]}}