{"id":9227,"date":"2019-01-11T09:08:53","date_gmt":"2019-01-11T08:08:53","guid":{"rendered":"http:\/\/agora.xtec.cat\/iesegara\/?page_id=9227"},"modified":"2019-01-11T09:08:53","modified_gmt":"2019-01-11T08:08:53","slug":"projecte-linguistic-institut-egara","status":"publish","type":"page","link":"https:\/\/agora.xtec.cat\/iesegara\/projecte-linguistic-institut-egara\/","title":{"rendered":"Projecte Ling\u00fc\u00edstic Institut \u00c8gara"},"content":{"rendered":"<p>El curs 2016-17 vam renovar el nostre projecte ling\u00fc\u00edstic amb la voluntat de donar cabuda al Programa Batxibac. Actualment portem dos cursos amb aquest programa. <\/p>\n<p><a href=\"https:\/\/agora.xtec.cat\/iesegara\/wp-content\/uploads\/usu419\/2019\/01\/projecte_ling_1617.pdf\">projecte_ling_1617<\/a><\/p>\n","protected":false},"excerpt":{"rendered":"<p>El curs 2016-17 vam renovar el nostre projecte ling\u00fc\u00edstic amb la voluntat de donar cabuda al Programa Batxibac. Actualment portem dos cursos amb aquest programa.<br \/>\n<a href=\"https:\/\/agora.xtec.cat\/iesegara\/wp-content\/uploads\/usu419\/2019\/01\/projecte_ling_1617.pdf\">projecte_ling_1617<\/a><\/p>\n","protected":false},"author":3,"featured_media":0,"parent":0,"menu_order":0,"comment_status":"closed","ping_status":"closed","template":"","meta":{"_bbp_topic_count":0,"_bbp_reply_count":0,"_bbp_total_topic_count":0,"_bbp_total_reply_count":0,"_bbp_voice_count":0,"_bbp_anonymous_reply_count":0,"_bbp_topic_count_hidden":0,"_bbp_reply_count_hidden":0,"_bbp_forum_subforum_count":0,"footnotes":""},"class_list":["post-9227","page","type-page","status-publish","hentry"],"post_mailing_queue_ids":[],"_links":{"self":[{"href":"https:\/\/agora.xtec.cat\/iesegara\/wp-json\/wp\/v2\/pages\/9227","targetHints":{"allow":["GET"]}}],"collection":[{"href":"https:\/\/agora.xtec.cat\/iesegara\/wp-json\/wp\/v2\/pages"}],"about":[{"href":"https:\/\/agora.xtec.cat\/iesegara\/wp-json\/wp\/v2\/types\/page"}],"author":[{"embeddable":true,"href":"https:\/\/agora.xtec.cat\/iesegara\/wp-json\/wp\/v2\/users\/3"}],"replies":[{"embeddable":true,"href":"https:\/\/agora.xtec.cat\/iesegara\/wp-json\/wp\/v2\/comments?post=9227"}],"version-history":[{"count":2,"href":"https:\/\/agora.xtec.cat\/iesegara\/wp-json\/wp\/v2\/pages\/9227\/revisions"}],"predecessor-version":[{"id":9230,"href":"https:\/\/agora.xtec.cat\/iesegara\/wp-json\/wp\/v2\/pages\/9227\/revisions\/9230"}],"wp:attachment":[{"href":"https:\/\/agora.xtec.cat\/iesegara\/wp-json\/wp\/v2\/media?parent=9227"}],"curies":[{"name":"wp","href":"https:\/\/api.w.org\/{rel}","templated":true}]}}