{"id":900,"date":"2015-08-18T18:18:51","date_gmt":"2015-08-18T17:18:51","guid":{"rendered":"http:\/\/agora.xtec.cat\/iesegara\/?page_id=900"},"modified":"2015-08-18T18:18:51","modified_gmt":"2015-08-18T17:18:51","slug":"que-es-la-xarxa-nodes","status":"publish","type":"page","link":"https:\/\/agora.xtec.cat\/iesegara\/que-es-la-xarxa-nodes\/","title":{"rendered":"Qu\u00e8 \u00e9s la xarxa nodes?"},"content":{"rendered":"<header class=\"entry-header\">\n<h1 class=\"entry-title\">Benvinguts a la XARXA NODES!<\/h1>\n<\/header>\n<div class=\"entry-content\">\n<h2>Qu\u00e8 \u00e9s la xarxa NODES?<\/h2>\n<p>La xarxa NODES \u00e9s la xarxa social educativa de l\u2019Institut \u00c8gara. \u00c9s un espai on con\u00e8ixer-nos millor i compartir tot all\u00f2 que ens sembli interessant i divertit.<\/p>\n<\/div>\n<p>Podeu entrar tots els alumnes de l&#8217;Institut, de totes maneres s&#8217;anir\u00e0 completant l&#8217;acc\u00e9s i les possibilitats dels diferents recursos de xarxa a mida que es vagin formant els moderadors de cada node.<\/p>\n<h2><strong>Com comen\u00e7o?\u00a0<\/strong><\/h2>\n<p>Primer de tot, personalitza el teu avatar. Per fer-ho, has de fer clic sobre el teu nom per carregar el teu espai personal. Dins del teu espai veur\u00e0s una pestanya on posa <strong>Perfil.<\/strong>\u00a0Fes clic a <strong>Perfil<\/strong> i despr\u00e9s a l\u2019opci\u00f3 <strong>Canvia el teu avatar.\u00a0<\/strong><\/p>\n<p><a href=\"http:\/\/ies-sabadell.cat\/nodes\/wp-content\/uploads\/2014\/03\/Selecci%C3%B3_358.png\"><img loading=\"lazy\" decoding=\"async\" class=\"alignnone  wp-image-1425\" src=\"http:\/\/ies-sabadell.cat\/nodes\/wp-content\/uploads\/2014\/03\/Selecci%C3%B3_358.png\" alt=\"Selecci\u00f3_358\" width=\"341\" height=\"214\" \/><\/a><\/p>\n<p>Despr\u00e9s t\u2019has d\u2019<a href=\"http:\/\/ies-sabadell.cat\/nodes\/groups\/\">unir als nodes<\/a> que vulguis. Alguns s\u00f3n <strong>p\u00fablics<\/strong> (podr\u00e0s entrar directament) i altres <strong>privats<\/strong> (haur\u00e0s d\u2019esperar que el guardi\u00e0 del node t\u2019accepti).<\/p>\n<p>I ara nom\u00e9s falta que ens expliquis el que vulguis! Per\u00f2\u2026 on?\u00a0A la xarxa trobar\u00e0s diferents llocs on pots enviar missatges i comentar els missatges dels altres.<\/p>\n<h2><strong>El tetris de converses<\/strong><\/h2>\n<p>El que pengis all\u00e0 ho llegeix tot l\u2019institut immediatament.\u00a0\u00c9s el lloc adequat per compartir tot el que et sembli interessant \u201cen general\u201d.<\/p>\n<p>All\u00e0, per exemple, pots penjar els teus primers missatges de presentaci\u00f3. Et donem algunes idees:<\/p>\n<ul>\n<li>Pots fer una salutaci\u00f3 en un idioma ex\u00f2tic d\u2019un pa\u00eds lluny\u00e0 (Namaste!)<\/li>\n<li>Dir a quina classe est\u00e0s<\/li>\n<li>Penjar una foto bonica que hagis fet<\/li>\n<li>Compartir un relat, un poema o un dibuix teu o d\u2019un altre (fam\u00f3s o no)<\/li>\n<li>Defensar als gats o als gossos, l\u2019etern dilema<\/li>\n<li>Quin \u00e9s el teu menjar preferit i el m\u00e9s odiat<\/li>\n<li>Penjar alguna foto divertida d\u2019alg\u00fa saludant<\/li>\n<li>Compartir coses xules i interessants que vagis trobant per internet<\/li>\n<\/ul>\n<h2><strong>Nodes<\/strong><\/h2>\n<p>Els nodes s\u00f3n grups on els membres del grup comparteixen un projecte o una afici\u00f3. Hi ha dos tipus de nodes: <strong>p\u00fablics<\/strong> i <strong>privats<\/strong>. Cada <strong>node<\/strong> t\u00e9 un <strong>mur<\/strong>\u00a0de converses associat.<\/p>\n<p>En els nodes <strong>p\u00fablics<\/strong>\u00a0hi pot entrar tothom directament i qualsevol (sigui membre o no) pot llegir el contingut dels missatges del mur.<\/p>\n<p><a href=\"http:\/\/ies-sabadell.cat\/nodes\/wp-content\/uploads\/2014\/03\/nodes2.png\"><img loading=\"lazy\" decoding=\"async\" class=\"alignnone size-full wp-image-1403\" src=\"http:\/\/ies-sabadell.cat\/nodes\/wp-content\/uploads\/2014\/03\/nodes2.png\" alt=\"nodes2\" width=\"223\" height=\"166\" \/><\/a><\/p>\n<p>Per entrar en un node <strong>privat<\/strong>\u00a0primer has de demanar-ho i despr\u00e9s que t\u2019ho accepti el guardi\u00e0 d\u2019un node. Els missatges dins del grup <strong>s\u00f3n totalment privats<\/strong>, nom\u00e9s els poden llegir els membres del grup.<\/p>\n<p>Podeu demanar la creaci\u00f3 de nodes p\u00fablics i privats, poseu-vos en contacte amb el gestor del domini a jcabanes@institutegara.cat<\/p>\n<p>Com a m\u00ednim hauries d\u2019afegir-te al node de la teva classe. Per fer aix\u00f2 has d\u2019anar desplegant els diferents nodes Alumnes-&gt;ESO-&gt;ESO 1 o Alumnes-&gt;ESO-&gt;ESO 2 i despr\u00e9s unir-te al node de la teva classe.<\/p>\n<p>Els nodes Alumnes, ESO i ESO1 o ESO2 no accepten membres, nom\u00e9s s\u00f3n nodes contenidors.<\/p>\n<h2>Els f\u00f2rums<\/h2>\n<p>Els murs s\u00f3n ideals per parlar de coses r\u00e0pides, que en principi no tinguin moltes respostes, per\u00f2 si voleu parlar molt d\u2019un tema (que potser tindr\u00e0 moltes respostes), \u00e9s millor fer-ho en un f\u00f2rum, ja que la informaci\u00f3 est\u00e0 m\u00e9s ordenada.<\/p>\n<h2>Privacitat i continguts inadequats<\/h2>\n<p><a href=\"http:\/\/ies-sabadell.cat\/nodes\/wp-content\/uploads\/2014\/03\/inadequat.png\"><img loading=\"lazy\" decoding=\"async\" class=\"alignnone size-full wp-image-1402\" src=\"http:\/\/ies-sabadell.cat\/nodes\/wp-content\/uploads\/2014\/03\/inadequat.png\" alt=\"inadequat\" width=\"102\" height=\"28\" \/><\/a><\/p>\n<p><strong>El nodes privats s\u00f3n totalment privats<\/strong>. CAP professor\/a o alumne\/a pot llegir CAP missatge si no forma part del node. Tot i aix\u00ed, si algun usuari fa clic sobre el bot\u00f3 <strong>Inadequat<\/strong>, un usuari <a href=\"http:\/\/ies-sabadell.cat\/nodes\/lindens\/kerberos-4\/\"><strong>Kerberos<\/strong><\/a> rep l\u2019av\u00eds i comprova si el missatge \u00e9s correcte o inadequat. S\u2019ent\u00e9n per comentari inadequat aquells missatges que puguin ofendre a un company\/a o professor\/a.<\/p>\n","protected":false},"excerpt":{"rendered":"<p>Benvinguts a la XARXA NODES!<\/p>\n<p>Qu\u00e8 \u00e9s la xarxa NODES?<br \/>\nLa xarxa NODES \u00e9s la xarxa social educativa de l\u2019Institut \u00c8gara. \u00c9s un espai on con\u00e8ixer-nos millor i compartir tot all\u00f2 que ens sembli interessant i divertit.<\/p>\n<p>Podeu entrar tots els alumnes de l&#8217;Institut, de totes maneres s&#8217;anir\u00e0&hellip;  <a href=\"https:\/\/agora.xtec.cat\/iesegara\/que-es-la-xarxa-nodes\/\" title=\"Read Qu\u00e8 \u00e9s la xarxa nodes?\">Llegeix m\u00e9s\u00bb<\/a><\/p>\n","protected":false},"author":3,"featured_media":0,"parent":0,"menu_order":0,"comment_status":"closed","ping_status":"closed","template":"","meta":{"_bbp_topic_count":0,"_bbp_reply_count":0,"_bbp_total_topic_count":0,"_bbp_total_reply_count":0,"_bbp_voice_count":0,"_bbp_anonymous_reply_count":0,"_bbp_topic_count_hidden":0,"_bbp_reply_count_hidden":0,"_bbp_forum_subforum_count":0,"footnotes":""},"class_list":["post-900","page","type-page","status-publish","hentry"],"post_mailing_queue_ids":[],"_links":{"self":[{"href":"https:\/\/agora.xtec.cat\/iesegara\/wp-json\/wp\/v2\/pages\/900","targetHints":{"allow":["GET"]}}],"collection":[{"href":"https:\/\/agora.xtec.cat\/iesegara\/wp-json\/wp\/v2\/pages"}],"about":[{"href":"https:\/\/agora.xtec.cat\/iesegara\/wp-json\/wp\/v2\/types\/page"}],"author":[{"embeddable":true,"href":"https:\/\/agora.xtec.cat\/iesegara\/wp-json\/wp\/v2\/users\/3"}],"replies":[{"embeddable":true,"href":"https:\/\/agora.xtec.cat\/iesegara\/wp-json\/wp\/v2\/comments?post=900"}],"version-history":[{"count":2,"href":"https:\/\/agora.xtec.cat\/iesegara\/wp-json\/wp\/v2\/pages\/900\/revisions"}],"predecessor-version":[{"id":902,"href":"https:\/\/agora.xtec.cat\/iesegara\/wp-json\/wp\/v2\/pages\/900\/revisions\/902"}],"wp:attachment":[{"href":"https:\/\/agora.xtec.cat\/iesegara\/wp-json\/wp\/v2\/media?parent=900"}],"curies":[{"name":"wp","href":"https:\/\/api.w.org\/{rel}","templated":true}]}}