{"id":869,"date":"2015-07-26T21:08:49","date_gmt":"2015-07-26T20:08:49","guid":{"rendered":"http:\/\/agora.xtec.cat\/iesegara\/?page_id=869"},"modified":"2026-04-15T12:03:35","modified_gmt":"2026-04-15T10:03:35","slug":"preinscripcio-i-matricula","status":"publish","type":"page","link":"https:\/\/agora.xtec.cat\/iesegara\/secretaria\/preinscripcio-i-matricula\/","title":{"rendered":"Preinscripci\u00f3 i matr\u00edcula"},"content":{"rendered":"<h1>INFORMACI\u00d3 CORRESPONENT PREINSCRIPCI\u00d3 CURS 2026-27<\/h1>\n<table style=\"border-collapse: collapse; width: 91.2256%;\">\n<tbody>\n<tr>\n<td style=\"width: 100%;\">\n<div style=\"font-size: 16px;\">TOTA LA INFORMACI\u00d3 SOBRE PREINSCRIPCIONS AL WEB: <strong>\u00a0<a href=\"https:\/\/preinscripcio.gencat.cat\/ca\/inici\/\" target=\"_blank\" rel=\"noopener\" data-saferedirecturl=\"https:\/\/www.google.com\/url?q=https:\/\/preinscripcio.gencat.cat\/ca\/inici\/&amp;source=gmail&amp;ust=1709752978713000&amp;usg=AOvVaw3widZpKCmgIZe4OG9wvHmS\">https:\/\/preinscripcio.<wbr \/>gencat.cat\/ca\/inici\/<\/a><\/strong><\/div>\n<div><\/div>\n<div><\/div>\n<div style=\"font-size: 16px;\">Drecera a ESO:<strong>\u00a0<a href=\"https:\/\/preinscripcio.gencat.cat\/ca\/estudis\/eso\/inici\/\" target=\"_blank\" rel=\"noopener\" data-saferedirecturl=\"https:\/\/www.google.com\/url?q=https:\/\/preinscripcio.gencat.cat\/ca\/estudis\/eso\/inici\/&amp;source=gmail&amp;ust=1709752978713000&amp;usg=AOvVaw28bcuMpD8tc1peoPqvjo-C\">https:\/\/preinscripcio.<wbr \/>gencat.cat\/ca\/estudis\/eso\/<wbr \/>inici\/<\/a><\/strong><\/div>\n<\/td>\n<\/tr>\n<tr>\n<td style=\"width: 100%;\">\n<div>\n<div><\/div>\n<div class=\"gmail_default\"><strong>Per poder demanar cita pr\u00e8via presencial a secretaria per l&#8217;assist\u00e8ncia en preinscripci\u00f3:\u00a0 \u00a0 <a href=\"https:\/\/docs.google.com\/forms\/d\/1Rp4a1mZWwr-HLhsV65--6-p2qaYkbum1N6XJRWiq_AM\/edit?ts=697c7dc7\" target=\"_blank\" rel=\"noopener\" data-saferedirecturl=\"https:\/\/www.google.com\/url?q=https:\/\/forms.gle\/8d3Nx919uPj5JDXK7&amp;source=gmail&amp;ust=1709900247427000&amp;usg=AOvVaw3fsEbEWbAjfB6dGFQXU0M8\">Formulari per demanar cita pr\u00e8via<\/a><\/strong><\/div>\n<\/div>\n<div><\/div>\n<\/td>\n<\/tr>\n<tr>\n<td style=\"width: 100%;\">\n<div style=\"font-size: 16px;\">SUPORT\u00a0 i AJUT des de l&#8217;institut:<\/div>\n<div><\/div>\n<div style=\"font-size: 16px;\"><b>Des del centre habilitarem un espai amb ordinadors, espai per escanejar documents i suport personalitzat per fer les gestions.<\/b><\/div>\n<\/td>\n<\/tr>\n<tr>\n<td style=\"width: 100%;\">\n<div style=\"font-size: 16px;\">Secretaria: si alg\u00fa necessita ajuda per a la preinscripci\u00f3 podeu escriure a <a href=\"mailto:secretaria@institutegara.cat\" target=\"_blank\" rel=\"noopener\">secretaria@institutegara.cat<\/a>\u00a0o trucar 93 7361670<\/div>\n<\/td>\n<\/tr>\n<\/tbody>\n<\/table>\n<table style=\"border-collapse: collapse; width: 100%; height: 205px;\">\n<tbody>\n<tr style=\"height: 32px;\">\n<td style=\"width: 100%; height: 32px;\"><strong>INFORMACIONS ESO (S&#8217;ANIR\u00c0 AFEGINT ENLLA\u00c7 TAL COM ES VAGIN PUBLICANT ELS LLISTATS. SI NO HI HA ENLLA\u00c7 EN QU\u00c8 ENCARA NO S&#8217;HA PUBLICAT).<\/strong><\/td>\n<\/tr>\n<tr style=\"height: 32px;\">\n<td style=\"width: 100%; height: 32px;\"><a href=\"https:\/\/drive.google.com\/file\/d\/1P1TuVi1lEtzth8-hm6oQVchhflRwmz5t\/view?usp=sharing\">ESO- Obligat\u00f2ria 26-27- PUBLICACI\u00d3 DE L&#8217;OFERTA INICIAL<\/a><\/td>\n<\/tr>\n<tr style=\"height: 47px;\">\n<td style=\"width: 100%; height: 47px;\">Obligat\u00f2ria 2026\/27<br \/>\n<a href=\"https:\/\/drive.google.com\/file\/d\/1rdjct3Cxa84ianLhuoUK0Jt7WANSkd1Y\/view?usp=drive_link\">Publicaci\u00f3 de la llista de sol\u00b7licituds que han demanat el centre i l&#8217;ensenyament en primera petici\u00f3 amb la puntuaci\u00f3 provisional a 15\/04\/2026<\/a><\/td>\n<\/tr>\n<tr style=\"height: 47px;\">\n<td style=\"width: 100%; height: 47px;\">Obligat\u00f2ria 2026\/27<br \/>\nPublicaci\u00f3 de la llista de sol\u00b7licituds que han demanat el centre i l&#8217;ensenyament en primera petici\u00f3 amb la puntuaci\u00f3 resoltes les reclamacions a<\/td>\n<\/tr>\n<tr style=\"height: 47px;\">\n<td style=\"width: 100%; height: 47px;\">Obligat\u00f2ria 2025\/26<br \/>\nPublicaci\u00f3 de la llista de sol\u00b7licituds que han demanat el centre i l&#8217;ensenyament en primera petici\u00f3 ordenada a<\/td>\n<\/tr>\n<\/tbody>\n<\/table>\n<table style=\"border-collapse: collapse; width: 100%;\">\n<tbody>\n<tr>\n<td style=\"width: 100%;\"><strong>INFORMACIONS BATXILLERAT<\/strong><\/td>\n<\/tr>\n<tr>\n<td style=\"width: 100%;\"><a href=\"https:\/\/drive.google.com\/file\/d\/1zSpdaT87j897tm1WLkB92tsu2wsTLv3h\/view?usp=sharing\">Batxillerat 26-27. PUBLICACI\u00d3 DE L&#8217;OFERTA INICIAL<\/a><\/td>\n<\/tr>\n<tr>\n<td style=\"width: 100%;\">Batxillerat 26-27. PUBLICACI\u00d3 LLISTAT AMB PUNTUACI\u00d3 RESOLTES LES RECLAMACIONS a<\/td>\n<\/tr>\n<tr>\n<td style=\"width: 100%;\">Batxillerat &#8211; 2026-2027 Publicaci\u00f3 de la llista de sol\u00b7licituds que han demanat el centre i l&#8217;ensenyament en primera petici\u00f3 ordenada a<\/td>\n<\/tr>\n<tr>\n<td style=\"width: 100%;\">Publicaci\u00f3 de l&#8217;oferta definitiva de places a<\/td>\n<\/tr>\n<tr>\n<td style=\"width: 100%;\">Alumnes preinscrits al centre<\/td>\n<\/tr>\n<tr>\n<td style=\"width: 100%;\">Alumnes assignats al centre amb indicaci\u00f3 de la primera petici\u00f3 a<\/td>\n<\/tr>\n<\/tbody>\n<\/table>\n<p><strong style=\"font-family: inherit; font-size: 1em;\">\u00a0 \u00a0 \u00a0 \u00a0 \u00a0 \u00a0 \u00a0 \u00a0<\/strong><strong style=\"font-family: inherit; font-size: 1em;\">\u00a0 \u00a0 \u00a0 \u00a0 \u00a0 \u00a0<\/strong><\/p>\n<h3>Informaci\u00f3 general<\/h3>\n<p><strong>Dates:\u00a0<\/strong><\/p>\n<table style=\"border-collapse: collapse; width: 49.2246%;\">\n<tbody>\n<tr>\n<td style=\"width: 29.3614%;\">&#8211; PRESENTACI\u00d3 DE SOL\u00b7LICITUDS:<\/td>\n<td style=\"width: 13.4202%;\">del 6 al 18 de mar\u00e7 de 2026<\/td>\n<\/tr>\n<tr>\n<td style=\"width: 29.3614%;\">&#8211; LLISTA DE SOL\u00b7LICITUDS AMB LA PUNTUACI\u00d3 PROVISIONAL:<\/td>\n<td style=\"width: 13.4202%;\"><\/td>\n<\/tr>\n<tr>\n<td style=\"width: 29.3614%;\">&#8211; TERMINI PER PRESENTAR UNA RECLAMACI\u00d3:<\/td>\n<td style=\"width: 13.4202%;\"><\/td>\n<\/tr>\n<tr>\n<td style=\"width: 29.3614%;\">&#8211; SORTEIG DEL N\u00daMERO DE DESEMPAT:<\/td>\n<td style=\"width: 13.4202%;\"><\/td>\n<\/tr>\n<tr>\n<td style=\"width: 29.3614%;\">&#8211; PUBLICACI\u00d3 DE LA LLISTA ORDENADA:<\/td>\n<td style=\"width: 13.4202%;\"><\/td>\n<\/tr>\n<tr>\n<td style=\"width: 29.3614%;\">&#8211; LLISTES D&#8217;ALUMNES AMB LA PLA\u00c7A ASSIGNADA:<\/td>\n<td style=\"width: 13.4202%;\"><\/td>\n<\/tr>\n<\/tbody>\n<\/table>\n<p><strong>Enlla\u00e7:\u00a0<\/strong><a href=\"https:\/\/preinscripcio.gencat.cat\/ca\/inici\/\">https:\/\/preinscripcio.gencat.cat\/ca\/inici\/<\/a><\/p>\n<ul>\n<li>Totes les sol\u00b7licituds s\u00f3n en format telem\u00e0tic, per tant, no hi ha la possibilitat de full de preinscripci\u00f3 en paper (aix\u00ed i tot, si alguna fam\u00edlia t\u00e9 un problema particular que vingui a l&#8217;institut o truqui i busquem una soluci\u00f3).<\/li>\n<li>No cal lliurar cap documentaci\u00f3 presencialment al centre educatiu que indiqueu en primera opci\u00f3.<\/li>\n<li>Hi ha dos tipus de sol\u00b7licitud:\n<ul>\n<li>\u00a0<strong>Electr\u00f2nica<\/strong>: cal identificaci\u00f3 digital<\/li>\n<li>\u00a0<strong>Suport inform\u00e0tic<\/strong>: sense identificaci\u00f3 digital<\/li>\n<\/ul>\n<\/li>\n<\/ul>\n<h3>Sol\u00b7licitud electr\u00f2nica<\/h3>\n<p>Mitjan\u00e7ant certificat digital, com DNI electr\u00f2nic, Cl<span class=\"\">@<\/span>ve, idCat, etc. Si no es disposa de cap certificat, se\u2019n pot generar un de forma f\u00e0cil, l\u2019idCat M\u00f2bil. Us expliquem com fer-ho:<\/p>\n<p><strong>Requisits<\/strong>:<\/p>\n<ul>\n<li>Ser major de 16 anys.<\/li>\n<li>Disposar de DNI\/NIE\/Passaport\/Doc. identificador d\u2019un pa\u00eds de la UE o targeta de resid\u00e8ncia comunit\u00e0ria.<\/li>\n<li>Disposar d\u2019adre\u00e7a de correu electr\u00f2nic i un tel\u00e8fon m\u00f2bil a efectes d\u2019identificaci\u00f3 i contacte.<\/li>\n<li>Disposar de targeta sanit\u00e0ria per a la identificaci\u00f3.<\/li>\n<\/ul>\n<p><strong>Instruccions<\/strong>:<\/p>\n<ol>\n<li>Accedir a l\u2019adre\u00e7a\u00a0<a href=\"https:\/\/idcatmobil.seu.cat\/\">https:\/\/idcatmobil.seu.cat\/<\/a>\u00a0i seguir les instruccions per donar-se d\u2019alta.<\/li>\n<li>Per utilitzar l\u2019idCat M\u00f2bil nom\u00e9s cal introduir el n\u00famero de document d\u2019identitat i el n\u00famero de tel\u00e8fon m\u00f2bil al web on calgui identificar-se electr\u00f2nicament per fer un tr\u00e0mit (en aquest cas, la sol\u00b7licitud de preinscripci\u00f3). Tot seguit, es rep un missatge al tel\u00e8fon, que cont\u00e9 una clau per validar el tr\u00e0mit.<\/li>\n<\/ol>\n<p>Una vegada identificats, cal entrar el n\u00famero d\u2019identificaci\u00f3 de l\u2019alumne\/a a RALC que proporcionar\u00e0 l\u2019escola on est\u00e0 matriculat\/da per poder recuperar les seves dades personals i acad\u00e8miques, omplir les prefer\u00e8ncies i enviar la sol\u00b7licitud. En la majoria dels casos, no caldr\u00e0 fer res m\u00e9s, ni adjuntar cap tipus de documentaci\u00f3, ja que s\u2019haur\u00e0 fet l\u2019intercanvi de dades amb totes les administracions implicades.<\/p>\n<h3><\/h3>\n<h3>Sol\u00b7licitud en suport inform\u00e0tic<\/h3>\n<p><strong>Instruccions<\/strong>:<\/p>\n<ol>\n<li>Identificar l\u2019alumne\/a amb el seu n\u00famero d\u2019identificaci\u00f3 d\u2019alumne\/a i omplir el formulari. Quan s\u2019envi\u00ef, es far\u00e0 intercanvi de dades amb les administracions implicades.<\/li>\n<li>Adjuntar escanejada o fotografiada la documentaci\u00f3 d\u2019identificaci\u00f3 i filiaci\u00f3 (DNI, llibre de fam\u00edlia, etc.), juntament amb la que s\u2019al\u00b7legui a efectes de barems i que no s\u2019hagi pogut validar.<\/li>\n<\/ol>\n<p>&nbsp;<\/p>\n<h3>En cas de dubte<\/h3>\n<p>En cas de dubte a l\u2019hora d\u2019omplir la sol\u00b7licitud, us podeu posar en contacte amb la secretaria del centre per correu electr\u00f2nic (secretaria<span class=\"\">@institutegara.cat<\/span>) o per tel\u00e8fon (93 736 16 70).<\/p>\n<p><strong>Horari d\u2019atenci\u00f3 al p\u00fablic<\/strong>: de dilluns a divendres de 8:00 a 14:30 h.<\/p>\n<p>Tamb\u00e9 podeu consultar la p\u00e0gina web\u00a0<a href=\"https:\/\/preinscripcio.gencat.cat\/\">preinscripcio.gencat.cat<\/a>\u00a0o escoltar els podcasts de la preinscripci\u00f3 a\u00a0<a href=\"https:\/\/open.spotify.com\/episode\/2aIFfEgCgnM5NsRVyIZaH3?si=a78583ab9ff34053&amp;nd=1\">Introducci\u00f3 a la preinscripci\u00f3<\/a>.<\/p>\n<p>&nbsp;<\/p>\n<h3>Informacions i\/o recomanacions<\/h3>\n<ul>\n<li>Tenir fotografiada o escanejada la documentaci\u00f3 en el mateix dispositiu des d\u2019on es fa sol\u00b7licitud.<\/li>\n<li>El codi del centre \u00e9s el 08024777; es necessita per indicar a quin centre vol fer-se la preinscripci\u00f3.<\/li>\n<li>Demanar al centre actual el n\u00famero d\u2019identificaci\u00f3 de l\u2019alumne\/a a RALC per poder lligar la sol\u00b7licitud a l\u2019expedient acad\u00e8mic i personal.<\/li>\n<li>La persona sol\u00b7licitant SEMPRE \u00e9s l\u2019alumne\/a, malgrat la identificaci\u00f3 sigui amb un certificat digital d\u2019un dels progenitors o tutors.<\/li>\n<li>Cenyir-se al calendari establert. Lliurar la sol\u00b7licitud o la documentaci\u00f3 fora de termini fa perdre tots els drets d\u2019adscripci\u00f3, i aix\u00f2 comporta el risc de quedar-se sense pla\u00e7a al centre.<\/li>\n<li>A l\u2019inici de la presentaci\u00f3 de sol\u00b7licituds, trobareu una pantalla sobre protecci\u00f3 de dades. \u00c9s important marcar el \u201cxec\u201d del padr\u00f3 perqu\u00e8 es puguin recuperar les dades de resid\u00e8ncia per a la puntuaci\u00f3 de proximitat. Si, per error, no es marca, caldr\u00e0 presentar el volant de conviv\u00e8ncia. Igualment, si es vol al\u00b7legar la discapacitat, tamb\u00e9 cal marcar el \u201cxec\u201d.<\/li>\n<\/ul>\n<h4><\/h4>\n<h4>Criteris de baremaci\u00f3<\/h4>\n<ul>\n<li><strong>Criteris espec\u00edfics<\/strong>: adscripci\u00f3 al centre. T\u00e9 prefer\u00e8ncia l\u2019alumnat que procedeix de les escoles de prim\u00e0ria adscrites a l\u2019Institut \u00c8gara: Cesc Aldea, Pilar\u00edn Bay\u00e9s i Josep Ventall\u00f3. <strong>Per al\u00b7legar el criteri espec\u00edfic no s\u2019ha de presentar documentaci\u00f3<\/strong>.<\/li>\n<li><a href=\"https:\/\/agora.xtec.cat\/insgurb\/wp-content\/uploads\/usu1744\/2023\/02\/Criteris-generals-de-baremacio-2023-24.pdf\"><strong>Criteris prioritaris<\/strong><\/a><\/li>\n<\/ul>\n<p>&nbsp;<\/p>\n<p>&nbsp;<\/p>\n<p>&nbsp;<\/p>\n<p>&nbsp;<\/p>\n<h2><\/h2>\n<div><\/div>\n<p><!----comment node----><!--a=1--><\/p>\n<p><!----comment node----><!--a=1--><\/p>\n<p><!----comment node----><!--a=1--><\/p>\n<p><!----comment node----><!--a=1--><!--a=1--><\/p>\n","protected":false},"excerpt":{"rendered":"<p>INFORMACI\u00d3 CORRESPONENT PREINSCRIPCI\u00d3 CURS 2026-27<\/p>\n<p>TOTA LA INFORMACI\u00d3 SOBRE PREINSCRIPCIONS AL WEB: \u00a0<a href=\"https:\/\/preinscripcio.gencat.cat\/ca\/inici\/\" target=\"_blank\" rel=\"noopener\" data-saferedirecturl=\"https:\/\/www.google.com\/url?q=https:\/\/preinscripcio.gencat.cat\/ca\/inici\/&amp;source=gmail&amp;ust=1709752978713000&amp;usg=AOvVaw3widZpKCmgIZe4OG9wvHmS\">https:\/\/preinscripcio.gencat.cat\/ca\/inici\/<\/a><\/p>\n<p>Drecera a ESO:\u00a0<a href=\"https:\/\/preinscripcio.gencat.cat\/ca\/estudis\/eso\/inici\/\" target=\"_blank\" rel=\"noopener\" data-saferedirecturl=\"https:\/\/www.google.com\/url?q=https:\/\/preinscripcio.gencat.cat\/ca\/estudis\/eso\/inici\/&amp;source=gmail&amp;ust=1709752978713000&amp;usg=AOvVaw28bcuMpD8tc1peoPqvjo-C\">https:\/\/preinscripcio.gencat.cat\/ca\/estudis\/eso\/inici\/<\/a><\/p>\n<p>Per poder demanar cita pr\u00e8via presencial a secretaria per l&#8217;assist\u00e8ncia en preinscripci\u00f3:\u00a0 \u00a0 <a href=\"https:\/\/docs.google.com\/forms\/d\/1Rp4a1mZWwr-HLhsV65--6-p2qaYkbum1N6XJRWiq_AM\/edit?ts=697c7dc7\" target=\"_blank\" rel=\"noopener\" data-saferedirecturl=\"https:\/\/www.google.com\/url?q=https:\/\/forms.gle\/8d3Nx919uPj5JDXK7&amp;source=gmail&amp;ust=1709900247427000&amp;usg=AOvVaw3fsEbEWbAjfB6dGFQXU0M8\">Formulari per demanar cita pr\u00e8via<\/a><\/p>\n<p>SUPORT\u00a0 i AJUT&hellip;  <a href=\"https:\/\/agora.xtec.cat\/iesegara\/secretaria\/preinscripcio-i-matricula\/\" title=\"Read Preinscripci\u00f3 i matr\u00edcula\">Llegeix m\u00e9s\u00bb<\/a><\/p>\n","protected":false},"author":3,"featured_media":0,"parent":81,"menu_order":0,"comment_status":"closed","ping_status":"closed","template":"","meta":{"_bbp_topic_count":0,"_bbp_reply_count":0,"_bbp_total_topic_count":0,"_bbp_total_reply_count":0,"_bbp_voice_count":0,"_bbp_anonymous_reply_count":0,"_bbp_topic_count_hidden":0,"_bbp_reply_count_hidden":0,"_bbp_forum_subforum_count":0,"footnotes":""},"class_list":["post-869","page","type-page","status-publish","hentry"],"post_mailing_queue_ids":[],"_links":{"self":[{"href":"https:\/\/agora.xtec.cat\/iesegara\/wp-json\/wp\/v2\/pages\/869","targetHints":{"allow":["GET"]}}],"collection":[{"href":"https:\/\/agora.xtec.cat\/iesegara\/wp-json\/wp\/v2\/pages"}],"about":[{"href":"https:\/\/agora.xtec.cat\/iesegara\/wp-json\/wp\/v2\/types\/page"}],"author":[{"embeddable":true,"href":"https:\/\/agora.xtec.cat\/iesegara\/wp-json\/wp\/v2\/users\/3"}],"replies":[{"embeddable":true,"href":"https:\/\/agora.xtec.cat\/iesegara\/wp-json\/wp\/v2\/comments?post=869"}],"version-history":[{"count":9,"href":"https:\/\/agora.xtec.cat\/iesegara\/wp-json\/wp\/v2\/pages\/869\/revisions"}],"predecessor-version":[{"id":12649,"href":"https:\/\/agora.xtec.cat\/iesegara\/wp-json\/wp\/v2\/pages\/869\/revisions\/12649"}],"up":[{"embeddable":true,"href":"https:\/\/agora.xtec.cat\/iesegara\/wp-json\/wp\/v2\/pages\/81"}],"wp:attachment":[{"href":"https:\/\/agora.xtec.cat\/iesegara\/wp-json\/wp\/v2\/media?parent=869"}],"curies":[{"name":"wp","href":"https:\/\/api.w.org\/{rel}","templated":true}]}}