{"id":77,"date":"2014-09-18T10:29:25","date_gmt":"2014-09-18T10:29:25","guid":{"rendered":"http:\/\/agora.xtec.cat\/iesegara\/?page_id=77"},"modified":"2015-09-13T12:25:29","modified_gmt":"2015-09-13T11:25:29","slug":"transport-escolar","status":"publish","type":"page","link":"https:\/\/agora.xtec.cat\/iesegara\/serveis\/transport-escolar\/","title":{"rendered":"Transport escolar"},"content":{"rendered":"<p class=\"Estilo23\">Qualsevol incid\u00e8ncia o not\u00edcia relacionada amb aquest tema la trobar\u00e0s aqu\u00ed.<\/p>\n<p><span style=\"color: #ff0000;\"><strong>El dilluns 14 de setembre l&#8217;horari de transport ser\u00e0 el seg\u00fcent:<\/strong><\/span><\/p>\n<p><strong>Arribada a l&#8217;Institut: 10 h <\/strong><\/p>\n<p><strong>Sortida de l&#8217;Institut: 13 h<\/strong><\/p>\n<p class=\"Estilo23\">Transport Escolar Consell ComarcalCorreu: ensenyament@ccvoc.cat<\/p>\n<p><span class=\"Estilo23\">Tel: 937273534 &#8211; Fax. 937271969<\/span><\/p>\n","protected":false},"excerpt":{"rendered":"<p>Qualsevol incid\u00e8ncia o not\u00edcia relacionada amb aquest tema la trobar\u00e0s aqu\u00ed.<br \/>\nEl dilluns 14 de setembre l&#8217;horari de transport ser\u00e0 el seg\u00fcent:<br \/>\nArribada a l&#8217;Institut: 10 h<br \/>\nSortida de l&#8217;Institut: 13 h<br \/>\nTransport Escolar Consell ComarcalCorreu: ensenyament@ccvoc.cat<br \/>\nTel: 937273534 &#8211; Fax. 937271969<\/p>\n","protected":false},"author":2,"featured_media":0,"parent":63,"menu_order":50,"comment_status":"closed","ping_status":"closed","template":"page-templates\/side-menu.php","meta":{"_bbp_topic_count":0,"_bbp_reply_count":0,"_bbp_total_topic_count":0,"_bbp_total_reply_count":0,"_bbp_voice_count":0,"_bbp_anonymous_reply_count":0,"_bbp_topic_count_hidden":0,"_bbp_reply_count_hidden":0,"_bbp_forum_subforum_count":0,"footnotes":""},"class_list":["post-77","page","type-page","status-publish","hentry"],"post_mailing_queue_ids":[],"_links":{"self":[{"href":"https:\/\/agora.xtec.cat\/iesegara\/wp-json\/wp\/v2\/pages\/77","targetHints":{"allow":["GET"]}}],"collection":[{"href":"https:\/\/agora.xtec.cat\/iesegara\/wp-json\/wp\/v2\/pages"}],"about":[{"href":"https:\/\/agora.xtec.cat\/iesegara\/wp-json\/wp\/v2\/types\/page"}],"author":[{"embeddable":true,"href":"https:\/\/agora.xtec.cat\/iesegara\/wp-json\/wp\/v2\/users\/2"}],"replies":[{"embeddable":true,"href":"https:\/\/agora.xtec.cat\/iesegara\/wp-json\/wp\/v2\/comments?post=77"}],"version-history":[{"count":3,"href":"https:\/\/agora.xtec.cat\/iesegara\/wp-json\/wp\/v2\/pages\/77\/revisions"}],"predecessor-version":[{"id":938,"href":"https:\/\/agora.xtec.cat\/iesegara\/wp-json\/wp\/v2\/pages\/77\/revisions\/938"}],"up":[{"embeddable":true,"href":"https:\/\/agora.xtec.cat\/iesegara\/wp-json\/wp\/v2\/pages\/63"}],"wp:attachment":[{"href":"https:\/\/agora.xtec.cat\/iesegara\/wp-json\/wp\/v2\/media?parent=77"}],"curies":[{"name":"wp","href":"https:\/\/api.w.org\/{rel}","templated":true}]}}