{"id":75,"date":"2014-09-18T10:21:02","date_gmt":"2014-09-18T10:21:02","guid":{"rendered":"http:\/\/agora.xtec.cat\/iesegara\/?page_id=75"},"modified":"2015-10-04T21:53:06","modified_gmt":"2015-10-04T20:53:06","slug":"activitats-extraescolars","status":"publish","type":"page","link":"https:\/\/agora.xtec.cat\/iesegara\/serveis\/activitats-extraescolars\/","title":{"rendered":"Activitats extraescolars"},"content":{"rendered":"<p><span style=\"color: #ff3300;\"><span style=\"font-family: Arial, sans-serif;\"><span style=\"font-size: large;\"><b>LA AEE INSTITUT EGARA INFORMA:<\/b><\/span><\/span><\/span><\/p>\n<p><span style=\"font-family: Arial, sans-serif;\"><b>El termini per inscriure&#8217;s a les diferents activitats extraescolars esportives finalitza el proper dilluns 28 de Setembre 2015.<\/b><\/span><\/p>\n<p><span style=\"font-family: Arial, sans-serif;\">Per ara, hi ha inscrit l&#8217;equip de voleibol cadet. <\/span><\/p>\n<p><span style=\"font-family: Arial, sans-serif;\">Consulteu els horaris llegint l&#8217;article sencer:<\/span><\/p>\n<table border=\"1\" width=\"100%\" cellspacing=\"0\" cellpadding=\"4\">\n<colgroup>\n<col width=\"87*\" \/>\n<col width=\"126*\" \/>\n<col width=\"43*\" \/> <\/colgroup>\n<tbody>\n<tr valign=\"TOP\">\n<th bgcolor=\"#ffcc99\" width=\"34%\"><span style=\"font-family: Arial, sans-serif;\"><span style=\"font-size: small;\">ACTIVITAT<\/span><\/span><\/th>\n<th bgcolor=\"#ffcc99\" width=\"49%\"><span style=\"font-family: Arial, sans-serif;\"><span style=\"font-size: small;\">HORARI<\/span><\/span><\/th>\n<th bgcolor=\"#ffcc99\" width=\"17%\"><span style=\"font-family: Arial, sans-serif;\"><span style=\"font-size: small;\">LLOC<\/span><\/span><\/th>\n<\/tr>\n<tr valign=\"TOP\">\n<td bgcolor=\"#ffcc99\" width=\"34%\">\n<p align=\"CENTER\"><span style=\"font-family: Arial, sans-serif;\"><span style=\"font-size: small;\">FUTBOL SALA<\/span><\/span><\/p>\n<\/td>\n<td bgcolor=\"#ffcc99\" width=\"49%\"><span style=\"font-family: Arial, sans-serif;\"><span style=\"font-size: small;\">1r i 2n ESO: Dimarts i Dijous 16:30 a 17:30<\/span><\/span><span style=\"font-family: Arial, sans-serif;\"><span style=\"font-size: small;\">3r i 4art ESO: Dimarts i Dijous 17:30 a 18:30<\/span><\/span><\/td>\n<td bgcolor=\"#ffcc99\" width=\"17%\">\n<p align=\"CENTER\"><span style=\"font-family: Arial, sans-serif;\"><span style=\"font-size: small;\">Pista<\/span><\/span><\/p>\n<\/td>\n<\/tr>\n<tr valign=\"TOP\">\n<td bgcolor=\"#ffcc99\" width=\"34%\">\n<p align=\"CENTER\"><span style=\"font-family: Arial, sans-serif;\"><span style=\"font-size: small;\">B\u00c0SQUET<\/span><\/span><\/p>\n<\/td>\n<td bgcolor=\"#ffcc99\" width=\"49%\"><span style=\"font-family: Arial, sans-serif;\"><span style=\"font-size: small;\">Dilluns i Dimecres 16:30 a 17:30<\/span><\/span><\/td>\n<td bgcolor=\"#ffcc99\" width=\"17%\">\n<p align=\"CENTER\"><span style=\"font-family: Arial, sans-serif;\"><span style=\"font-size: small;\">Pista<\/span><\/span><\/p>\n<\/td>\n<\/tr>\n<tr valign=\"TOP\">\n<td bgcolor=\"#ffcc99\" width=\"34%\">\n<p align=\"CENTER\"><span style=\"font-family: Arial, sans-serif;\"><span style=\"font-size: small;\">VOLEIBOL<\/span><\/span><\/p>\n<\/td>\n<td bgcolor=\"#ffcc99\" width=\"49%\"><span style=\"font-family: Arial, sans-serif;\"><span style=\"font-size: small;\">Dilluns i Dimecres 16:30 a 17:30<\/span><\/span><\/td>\n<td bgcolor=\"#ffcc99\" width=\"17%\">\n<p align=\"CENTER\"><span style=\"font-family: Arial, sans-serif;\"><span style=\"font-size: small;\">Gimn\u00e0s<\/span><\/span><\/p>\n<\/td>\n<\/tr>\n<tr valign=\"TOP\">\n<td bgcolor=\"#ffcc99\" width=\"34%\">\n<p align=\"CENTER\"><span style=\"font-family: Arial, sans-serif;\"><span style=\"font-size: small;\">DANCE (Zumba \u2013 Aerobic \u2013 Llatins)<\/span><\/span><\/p>\n<\/td>\n<td bgcolor=\"#ffcc99\" width=\"49%\"><span style=\"font-family: Arial, sans-serif;\"><span style=\"font-size: small;\">Dimarts i Dijous 16:30 a 17:30<\/span><\/span><\/td>\n<td bgcolor=\"#ffcc99\" width=\"17%\">\n<p align=\"CENTER\"><span style=\"font-family: Arial, sans-serif;\"><span style=\"font-size: small;\">Gimn\u00e0s<\/span><\/span><\/p>\n<\/td>\n<\/tr>\n<tr valign=\"TOP\">\n<td bgcolor=\"#ffcc99\" width=\"34%\">\n<p align=\"CENTER\"><span style=\"font-family: Arial, sans-serif;\"><span style=\"font-size: small;\">TENNIS TAULA<\/span><\/span><\/p>\n<\/td>\n<td bgcolor=\"#ffcc99\" width=\"49%\"><span style=\"font-family: Arial, sans-serif;\"><span style=\"font-size: small;\">Dimecres 16:30 a 17:30<\/span><\/span><\/td>\n<td bgcolor=\"#ffcc99\" width=\"17%\">\n<p align=\"CENTER\"><span style=\"font-family: Arial, sans-serif;\"><span style=\"font-size: small;\">Gimn\u00e0s<\/span><\/span><\/p>\n<\/td>\n<\/tr>\n<\/tbody>\n<\/table>\n<p><span style=\"font-family: Arial, sans-serif;\"><i>Nota: segons la disponibilitat dels alumnes els horaris podrien ser modificats, segons acord previ.<\/i><\/span><\/p>\n<p><span style=\"font-family: Arial, sans-serif;\"><span style=\"font-size: large;\"><b>Animeu-vos! <\/b><\/span><\/span><\/p>\n<h3><span style=\"color: #ff9900;\">Teatre 2015-16<\/span><\/h3>\n<p>Dia d&#8217;assaig: dimecres de 14&#8217;30 a 16 h<\/p>\n<p>&nbsp;<\/p>\n<h3><span style=\"color: #ff9900;\">Esports<\/span><\/h3>\n<p style=\"text-align: center;\"><strong>B\u00e0squet\u00a0\u00a0\u00a0 Voleibol \u00a0 Futbol sala<br \/>\n<a href=\"https:\/\/educaciofisicaegara.wordpress.com\/extraescolars\/\">Informaci\u00f3 relativa al curs passat<\/a><\/strong><br \/>\n<embed width=\"400\" height=\"267\" type=\"application\/x-shockwave-flash\" src=\"https:\/\/photos.gstatic.com\/media\/slideshow.swf\" flashvars=\"host=picasaweb.google.com&amp;hl=ca&amp;feat=flashalbum&amp;RGB=0x000000&amp;feed=https%3A%2F%2Fpicasaweb.google.com%2Fdata%2Ffeed%2Fapi%2Fuser%2F100689908909272648434%2Falbumid%2F6176951871611029457%3Falt%3Drss%26kind%3Dphoto%26hl%3Dca\" pluginspage=\"http:\/\/www.macromedia.com\/go\/getflashplayer\"><\/embed><\/p>\n<p style=\"text-align: center;\"><strong>Participaci\u00f3 en trobades d&#8217;Instituts Korfball\u00a0\u00a0\u00a0 Participaci\u00f3 Cross Escolar<\/strong><br \/>\n<embed width=\"400\" height=\"267\" type=\"application\/x-shockwave-flash\" src=\"https:\/\/photos.gstatic.com\/media\/slideshow.swf\" flashvars=\"host=picasaweb.google.com&amp;hl=ca&amp;feat=flashalbum&amp;RGB=0x000000&amp;feed=https%3A%2F%2Fpicasaweb.google.com%2Fdata%2Ffeed%2Fapi%2Fuser%2F100689908909272648434%2Falbumid%2F6176953041833078209%3Falt%3Drss%26kind%3Dphoto%26hl%3Dca\" pluginspage=\"http:\/\/www.macromedia.com\/go\/getflashplayer\"><\/embed><\/p>\n<p>&nbsp;<\/p>\n<h3><span style=\"color: #ff9900;\">Teatre<\/span><\/h3>\n<p>Curs 2009-10 \u00a0 Aqu\u00ed no paga ni D\u00e9u<br \/>\nCurs\u00a0 2010-11\u00a0 Hamlet<br \/>\nCurs 2013-14\u00a0 El criat de dos amos<br \/>\nCurs 2014-15\u00a0 <a href=\"http:\/\/agora.xtec.cat\/iesegara\/not\/estrenem-el-gabinet-del-dr-caligari\/\">El gabinet del Dr. Caligari<\/a><br \/>\nCurs 2015-16\u00a0 <a href=\"http:\/\/agora.xtec.cat\/iesegara\/portada\/el-rei-lleo\/\">El rei Lle\u00f3<\/a><\/p>\n<p>L&#8217;activitat \u00e9s oberta a tot l&#8217;alumnat de l&#8217;Institut. Es fa quan s&#8217;acaben les classes del mat\u00ed, un cop per setmana, de 2\/4 de 3 a 4 de la tarda.<\/p>\n<h3><span style=\"color: #ff9900;\">Activitats de tarda<\/span><\/h3>\n<p>Activitat oberta de car\u00e0cter mensual. Organitza equip de Volunt\u00e0ries de l&#8217;Institut (\u00e9s obert a voluntaris)<br \/>\nActivitats curs 2014-15<br \/>\nNovembre: Mural &#8220;Aprendre \u00e9s volar&#8221;<br \/>\nDesembre: Concert grup Albercocks<br \/>\nGener: Animaci\u00f3 lectora<br \/>\nFebrer: il\u00b7lustraci\u00f3 de contes<br \/>\nMar\u00e7: Taller de logos<br \/>\nAbril: Taller de micro-relats<br \/>\nMaig: Impro teatral<br \/>\nJuny: Col\u00b7laboraci\u00f3 obra teatral &#8220;El rei Lle\u00f3&#8221;<\/p>\n<h3><span style=\"color: #ff9900;\">Coral<\/span><\/h3>\n<p>Activitat oberta a tots els alumnes i professors de l&#8217;institut. Es realitza a l&#8217;hora del pati.<\/p>\n<p><iframe loading=\"lazy\" title=\"Nadal 2014 Coral de l&#039;Institut \u00c8gara\" width=\"500\" height=\"281\" src=\"https:\/\/www.youtube.com\/embed\/9KfdRcfSBEY?feature=oembed\" frameborder=\"0\" allow=\"accelerometer; autoplay; clipboard-write; encrypted-media; gyroscope; picture-in-picture; web-share\" referrerpolicy=\"strict-origin-when-cross-origin\" allowfullscreen><\/iframe><\/p>\n<h3><span style=\"color: #ff9900;\">Filmclub<\/span><\/h3>\n<p><img loading=\"lazy\" decoding=\"async\" class=\" aligncenter\" src=\"http:\/\/www.saintpauls.fsnet.co.uk\/filmclublogo.jpg\" alt=\"\" width=\"196\" height=\"64\" \/><\/p>\n<p style=\"text-align: center;\"><strong><span style=\"color: #ff0000;\">Nova activitat per al curs 2015-16 Us anirem informant.<\/span><\/strong><\/p>\n","protected":false},"excerpt":{"rendered":"<p>LA AEE INSTITUT EGARA INFORMA:<br \/>\nEl termini per inscriure&#8217;s a les diferents activitats extraescolars esportives finalitza el proper dilluns 28 de Setembre 2015.<br \/>\nPer ara, hi ha inscrit l&#8217;equip de voleibol cadet.<br \/>\nConsulteu els horaris llegint l&#8217;article sencer:<\/p>\n<p>ACTIVITAT<br \/>\nHORARI<br \/>\nLLOC<\/p>\n<p>FUTBOL SALA<\/p>\n<p>1r i 2n ESO: Dimarts i Dijous 16:30&hellip;  <a href=\"https:\/\/agora.xtec.cat\/iesegara\/serveis\/activitats-extraescolars\/\" title=\"Read Activitats extraescolars\">Llegeix m\u00e9s\u00bb<\/a><\/p>\n","protected":false},"author":2,"featured_media":0,"parent":63,"menu_order":40,"comment_status":"closed","ping_status":"closed","template":"page-templates\/side-menu.php","meta":{"_bbp_topic_count":0,"_bbp_reply_count":0,"_bbp_total_topic_count":0,"_bbp_total_reply_count":0,"_bbp_voice_count":0,"_bbp_anonymous_reply_count":0,"_bbp_topic_count_hidden":0,"_bbp_reply_count_hidden":0,"_bbp_forum_subforum_count":0,"footnotes":""},"class_list":["post-75","page","type-page","status-publish","hentry"],"post_mailing_queue_ids":[],"_links":{"self":[{"href":"https:\/\/agora.xtec.cat\/iesegara\/wp-json\/wp\/v2\/pages\/75","targetHints":{"allow":["GET"]}}],"collection":[{"href":"https:\/\/agora.xtec.cat\/iesegara\/wp-json\/wp\/v2\/pages"}],"about":[{"href":"https:\/\/agora.xtec.cat\/iesegara\/wp-json\/wp\/v2\/types\/page"}],"author":[{"embeddable":true,"href":"https:\/\/agora.xtec.cat\/iesegara\/wp-json\/wp\/v2\/users\/2"}],"replies":[{"embeddable":true,"href":"https:\/\/agora.xtec.cat\/iesegara\/wp-json\/wp\/v2\/comments?post=75"}],"version-history":[{"count":4,"href":"https:\/\/agora.xtec.cat\/iesegara\/wp-json\/wp\/v2\/pages\/75\/revisions"}],"predecessor-version":[{"id":983,"href":"https:\/\/agora.xtec.cat\/iesegara\/wp-json\/wp\/v2\/pages\/75\/revisions\/983"}],"up":[{"embeddable":true,"href":"https:\/\/agora.xtec.cat\/iesegara\/wp-json\/wp\/v2\/pages\/63"}],"wp:attachment":[{"href":"https:\/\/agora.xtec.cat\/iesegara\/wp-json\/wp\/v2\/media?parent=75"}],"curies":[{"name":"wp","href":"https:\/\/api.w.org\/{rel}","templated":true}]}}