{"id":67,"date":"2014-09-18T10:14:18","date_gmt":"2014-09-18T10:14:18","guid":{"rendered":"http:\/\/agora.xtec.cat\/iesegara\/?page_id=67"},"modified":"2024-01-23T16:53:34","modified_gmt":"2024-01-23T15:53:34","slug":"acollida","status":"publish","type":"page","link":"https:\/\/agora.xtec.cat\/iesegara\/serveis\/acollida\/","title":{"rendered":"Acollida"},"content":{"rendered":"<p><iframe loading=\"lazy\" src=\"https:\/\/app.emaze.com\/@AOCCOTRLT\/el-nostre-institutins-gara\" width=\"960px\" height=\"540px\" seamless=\"\" allowfullscreen=\"allowfullscreen\"><\/iframe><a href=\"https:\/\/www.emaze.com\" target=\"_blank\" rel=\"noopener\"><img decoding=\"async\" style=\"margin: 5px; border: none;\" src=\"\/\/resources.emaze.com\/mypres\/css\/images\/embed.png\" alt=\"Powered by emaze\" \/><\/a><\/p>\n<h3><span style=\"color: #ff9900;\"><strong>Alumnat<\/strong><\/span><\/h3>\n<p><span style=\"color: #ff9900;\"><strong>Alumnes de nova incorporaci\u00f3 a primer<\/strong><\/span><\/p>\n<p>El Pla d&#8217;Acci\u00f3 Tutorial (PAT) de 1r ESO, d&#8217;acord amb els Plans d&#8217;Acci\u00f3 Tutorial dels altres nivells, intenta orientar i fixar les tasques de l&#8217;Equip Docent de 1r amb els grups classe de 1r.La programaci\u00f3 de l&#8217;acci\u00f3 tutorial s&#8217;ha fet d&#8217;acord amb els principis del Projecte Educatiu de Centre i \u00e9s assumida pel conjunt de professors que interv\u00e9 en un grup d&#8217;alumnes. D&#8217;aquesta manera, tot i que cada grup t\u00e9 assignat un tutor\/a que constitueix el referent per a l&#8217;alumnat i per a les seves fam\u00edlies, el qual t\u00e9 atribu\u00efdes les funcions inherents al tutor, marcades per la normativa vigent, tots els professors de l&#8217;equip hi col\u00b7laboraren. El Pla d&#8217;Acci\u00f3 Tutorial (PAT) de 1r ESO \u00e9s un document obert, que conv\u00e9 revisar i actualitzar cada any per tal d&#8217;incloure-hi les modificacions necess\u00e0ries per al bon funcionament de la tutoria.<\/p>\n<p><strong>Abans de comen\u00e7ar el curs escolar.<\/strong><br \/>\nEs realitzen una s\u00e8rie d\u2019activitats per tal que les fam\u00edlies que s\u2019incorporen per primer cop a l\u2019institut el coneguin b\u00e9, resolguin dubtes, s\u00e0piguen a grans trets com treballem i qu\u00e8 els oferim.<br \/>\n<em><strong>Jornada portes obertes<\/strong><\/em>.\u00a0<strong><em>Reuni\u00f3 informativa de l\u2019equip directiu<\/em> <\/strong>a les fam\u00edlies dels alumnes que entraran a 1r d\u2019ESO dels CEIPs ( Cesc Aldea, Ventall\u00f3 i P.Bay\u00e8s) (Febrer, Mar\u00e7)<br \/>\n<em><strong>Visita de les escoles adscrites<\/strong><\/em>: els alumnes de 6\u00e8 passen unes hores a l\u2019institut on s\u00f3n rebuts pels seus companys de 1r d\u2019ESO.<br \/>\n<em><strong>Intercanvi de tallers<\/strong><\/em>, (musicals, teatre, cantades&#8230;.) Compartim esmorzar i esbarjo.<br \/>\n<em><strong>Activitats organitzades a l\u2019institut, dirigides al nostre alumnat, i on es convida a l\u2019alumnat de 6\u00e8<\/strong><\/em>. Com ara, els concursos organitzats pel grup de treball de matem\u00e0tiques i tamb\u00e9 l\u2019observaci\u00f3 astron\u00f2mica inclosa dins el Projecte Natura, on v\u00e9nen amb les fam\u00edlies.<br \/>\n<em><strong>Reuni\u00f3 informativa als alumnes i a les fam\u00edlies ja admeses al centre<\/strong><\/em>. Durant el mes de juny, es fa una xerrada explicativa de com treballem, les tutories, els treballs de s\u00edntesi, el projecte 1&#215;1&#8230; Demanem que vinguin pares i fills per comen\u00e7ar a con\u00e8ixer l\u2019entorn, els professors i anar familiaritzant-se amb el centre.<br \/>\n<em><strong>Trasp\u00e0s d\u2019informaci\u00f3 amb els CEIP\u2019S adscrits<\/strong><\/em>. Tot i que mantenim una relaci\u00f3 constant, quan acaba el curs de 6\u00e8 ens trobem amb cada una de les escoles (coordinaci\u00f3 de 1r, tutors de 1r i 6\u00e8 i professionals del departament de diversitat) i prenem nota de tota la informaci\u00f3 de cada alumne.<br \/>\n<em><strong>Entrevistes personals<\/strong><\/em>.Abans de comen\u00e7ar el curs. Sobretot en casos rellevants, amb dict\u00e0mens i a demanda de les fam\u00edlies o EAP. Un cop s\u00f3n alumnes de l\u2019IES fem un m\u00ednim de 1 o 2 entrevistes amb les fam\u00edlies i tenen a la disposici\u00f3 una adre\u00e7a de correu per avisos, comentaris&#8230;<br \/>\n<em><strong>Elaboraci\u00f3 dels nous grups de 1r d\u2019ESO.<\/strong><\/em> Tenint en compte que el grup ha de ser el m\u00e9s heterogeni possible i prioritzant les informacions de les escoles de prim\u00e0ria. Algun cop, en cas de dubte, hem tornat a revisar aquests agrupaments amb els tutors de 6\u00e8.<\/p>\n<p><span style=\"color: #ff9900;\"><strong>Alumnes de nova incorporaci\u00f3 altres cursos<br \/>\n<\/strong><\/span><\/p>\n<p>Atenci\u00f3 per part de la direcci\u00f3 del centre.<br \/>\nEntrevista amb el coordinador de nivell.<br \/>\nCoordinaci\u00f3 amb el centre de proced\u00e8ncia.<br \/>\nEntrevista amb el tutor assignat.Acompanyament de la incorporaci\u00f3.<\/p>\n<h3><span style=\"color: #ff9900;\"><strong>Profesorat<\/strong><\/span><\/h3>\n<p id=\"sites-page-title-header\" align=\"left\"><span id=\"sites-page-title\" dir=\"ltr\" tabindex=\"-1\">Benvinguda a l&#8217;Institut \u00c8gara<\/span><\/p>\n<p align=\"left\">Hola companya, company, quan arribis a l&#8217;institut identifica&#8217;t a consergeria. T&#8217;acompanyaran fins la secretaria on podr\u00e0s presentar les teves credencials i omplir la fitxa corresponent. Rebr\u00e0s la salutaci\u00f3 de l&#8217;equip directiu i se&#8217;t lliuraran els horaris i documentaci\u00f3 necess\u00e0ria i les claus que necessitis. Posteriorment et presentaran el coordinador del teu equip docent i el Cap del teu departament.<\/p>\n<p align=\"left\">A principi de curs hi ha prevista una xerrada i una ruta per tot el centre a c\u00e0rrec de l&#8217;equip directiu.<\/p>\n<p align=\"left\">Posa&#8217;t en contacte amb:<br \/>\n<strong>Coordinador d&#8217;inform\u00e0tica<\/strong> (Ferran Garcia) que et lliurar\u00e0 un ordinador port\u00e0til.<br \/>\n<strong>Coordinador del n\u00favolegara<\/strong> (V\u00edctor Lacruz\u00a0 victor.lacruz@institutegara.cat) et donar\u00e0 d&#8217;alta a l&#8217;espai virtual, et proporcionar\u00e0 el correu corporatiu i l&#8217;acc\u00e9s al calendari Espai Virtual.<br \/>\n<strong>Cap de departament<\/strong>: et proporcionar\u00e0 les programacions, models, llibres i tot el que et faci falta per desenvolupar la teva mat\u00e8ria.<br \/>\n<strong>Coordinador de nivell<\/strong> que et facilitar\u00e0 les llistes de classe, la documentaci\u00f3 relativa al curs, normatives&#8230;<\/p>\n<p align=\"left\">Et desitgem una bona estada al centre i tot l&#8217;equip queda a la teva disposici\u00f3 per a aclarir qualsevol dubte que et pugui sorgir.<\/p>\n","protected":false},"excerpt":{"rendered":"<p><a href=\"https:\/\/www.emaze.com\" target=\"_blank\" rel=\"noopener\"><\/a><br \/>\nAlumnat<br \/>\nAlumnes de nova incorporaci\u00f3 a primer<br \/>\nEl Pla d&#8217;Acci\u00f3 Tutorial (PAT) de 1r ESO, d&#8217;acord amb els Plans d&#8217;Acci\u00f3 Tutorial dels altres nivells, intenta orientar i fixar les tasques de l&#8217;Equip Docent de 1r amb els grups classe de 1r.La programaci\u00f3 de l&#8217;acci\u00f3&hellip;  <a href=\"https:\/\/agora.xtec.cat\/iesegara\/serveis\/acollida\/\" title=\"Read Acollida\">Llegeix m\u00e9s\u00bb<\/a><\/p>\n","protected":false},"author":2,"featured_media":0,"parent":63,"menu_order":20,"comment_status":"closed","ping_status":"closed","template":"page-templates\/side-menu.php","meta":{"_bbp_topic_count":0,"_bbp_reply_count":0,"_bbp_total_topic_count":0,"_bbp_total_reply_count":0,"_bbp_voice_count":0,"_bbp_anonymous_reply_count":0,"_bbp_topic_count_hidden":0,"_bbp_reply_count_hidden":0,"_bbp_forum_subforum_count":0,"footnotes":""},"class_list":["post-67","page","type-page","status-publish","hentry"],"post_mailing_queue_ids":[],"_links":{"self":[{"href":"https:\/\/agora.xtec.cat\/iesegara\/wp-json\/wp\/v2\/pages\/67","targetHints":{"allow":["GET"]}}],"collection":[{"href":"https:\/\/agora.xtec.cat\/iesegara\/wp-json\/wp\/v2\/pages"}],"about":[{"href":"https:\/\/agora.xtec.cat\/iesegara\/wp-json\/wp\/v2\/types\/page"}],"author":[{"embeddable":true,"href":"https:\/\/agora.xtec.cat\/iesegara\/wp-json\/wp\/v2\/users\/2"}],"replies":[{"embeddable":true,"href":"https:\/\/agora.xtec.cat\/iesegara\/wp-json\/wp\/v2\/comments?post=67"}],"version-history":[{"count":5,"href":"https:\/\/agora.xtec.cat\/iesegara\/wp-json\/wp\/v2\/pages\/67\/revisions"}],"predecessor-version":[{"id":11793,"href":"https:\/\/agora.xtec.cat\/iesegara\/wp-json\/wp\/v2\/pages\/67\/revisions\/11793"}],"up":[{"embeddable":true,"href":"https:\/\/agora.xtec.cat\/iesegara\/wp-json\/wp\/v2\/pages\/63"}],"wp:attachment":[{"href":"https:\/\/agora.xtec.cat\/iesegara\/wp-json\/wp\/v2\/media?parent=67"}],"curies":[{"name":"wp","href":"https:\/\/api.w.org\/{rel}","templated":true}]}}