{"id":43,"date":"2014-09-17T16:45:07","date_gmt":"2014-09-17T16:45:07","guid":{"rendered":"http:\/\/agora.xtec.cat\/iesegara\/?page_id=43"},"modified":"2024-03-05T20:47:46","modified_gmt":"2024-03-05T19:47:46","slug":"consell-escolar","status":"publish","type":"page","link":"https:\/\/agora.xtec.cat\/iesegara\/linstitut\/consell-escolar\/","title":{"rendered":"Consell escolar"},"content":{"rendered":"<p>&nbsp;<\/p>\n<p><a href=\"https:\/\/agora.xtec.cat\/iesegara\/wp-content\/uploads\/usu419\/2023\/03\/consell_escolar.jpg\"><img loading=\"lazy\" decoding=\"async\" class=\"size-full wp-image-11353 aligncenter\" src=\"https:\/\/agora.xtec.cat\/iesegara\/wp-content\/uploads\/usu419\/2023\/03\/consell_escolar.jpg\" alt=\"\" width=\"514\" height=\"410\" srcset=\"https:\/\/agora.xtec.cat\/iesegara\/wp-content\/uploads\/usu419\/2023\/03\/consell_escolar.jpg 514w, https:\/\/agora.xtec.cat\/iesegara\/wp-content\/uploads\/usu419\/2023\/03\/consell_escolar-300x239.jpg 300w\" sizes=\"auto, (max-width: 514px) 100vw, 514px\" \/><\/a><\/p>\n<p style=\"text-align: center;\">Participaci\u00f3 i corresponsabilitzaci\u00f3 <a title=\"Definici\u00f3 de consell escolar (gencat)\" href=\"http:\/\/familiaiescola.gencat.cat\/ca\/escolaritat\/participacio_i_compromis\/participacio_coresponsabilitzacio\/\" target=\"_blank\" rel=\"noopener noreferrer\">enlla\u00e7<\/a>.<\/p>\n<h2 style=\"text-align: center;\"><span style=\"color: #ff9900;\"><strong>Consell Escolar<\/strong><\/span><\/h2>\n<p style=\"text-align: center;\"><strong>Direcci\u00f3<\/strong><br \/>\n<strong>Presidenta<\/strong>\u00a0 Mont Busquets<br \/>\n<strong>Secret\u00e0ri<\/strong> Fran Esparza\u00a0 <strong>Cap d&#8217;Estudis<\/strong> Ana Pe\u00f1a<\/p>\n<p style=\"text-align: center;\"><strong>Representants professorat<\/strong><br \/>\nJaume Estrada<br \/>\nLaura Sarri\u00f3<br \/>\nAida Arias<br \/>\nBea Mart\u00edn<br \/>\nMerche Salcedo<br \/>\nCristina Mata<\/p>\n<p style=\"text-align: center;\"><strong>Representants alumnat: <\/strong>N\u00faria Viladrosa, Dani Romero, A. Thomas Villaquiran<\/p>\n<p style=\"text-align: center;\"><strong>Representants pares i mares: <\/strong>Merc\u00e8 Sala, Isabel Osuna, Eug\u00e8nia Garz\u00f3n<\/p>\n<p style=\"text-align: center;\"><strong>Representant PAS: <\/strong>Eli Torrent<\/p>\n<p style=\"text-align: center;\"><strong>Representant Ajuntament de Terrassa:\u00a0<\/strong>Carles Caballero<\/p>\n<hr \/>\n<p><strong>ACTES DEL CONSELL ESCOLAR. CURS 23-24\u00a0<\/strong><\/p>\n<table style=\"width: 73.8368%; border-collapse: collapse; border-style: solid; border-color: #000000;\">\n<tbody>\n<tr>\n<td style=\"width: 17.7006%;\"><strong>DATA<\/strong><\/td>\n<td style=\"width: 56.1362%;\"><strong>ACTA<\/strong><\/td>\n<\/tr>\n<tr>\n<td style=\"width: 17.7006%;\"><\/td>\n<td style=\"width: 56.1362%;\"><\/td>\n<\/tr>\n<tr>\n<td style=\"width: 17.7006%;\"><\/td>\n<td style=\"width: 56.1362%;\"><\/td>\n<\/tr>\n<tr>\n<td style=\"width: 17.7006%;\"><\/td>\n<td style=\"width: 56.1362%;\"><\/td>\n<\/tr>\n<tr>\n<td style=\"width: 17.7006%;\"><\/td>\n<td style=\"width: 56.1362%;\"><\/td>\n<\/tr>\n<tr>\n<td style=\"width: 17.7006%;\"><\/td>\n<td style=\"width: 56.1362%;\"><\/td>\n<\/tr>\n<\/tbody>\n<\/table>\n","protected":false},"excerpt":{"rendered":"<p>&nbsp;<br \/>\n<a href=\"https:\/\/agora.xtec.cat\/iesegara\/wp-content\/uploads\/usu419\/2023\/03\/consell_escolar.jpg\"><\/a><br \/>\nParticipaci\u00f3 i corresponsabilitzaci\u00f3 <a title=\"Definici\u00f3 de consell escolar (gencat)\" href=\"http:\/\/familiaiescola.gencat.cat\/ca\/escolaritat\/participacio_i_compromis\/participacio_coresponsabilitzacio\/\" target=\"_blank\" rel=\"noopener noreferrer\">enlla\u00e7<\/a>.<br \/>\nConsell Escolar<br \/>\nDirecci\u00f3<br \/>\nPresidenta\u00a0 Mont Busquets<br \/>\nSecret\u00e0ri Fran Esparza\u00a0 Cap d&#8217;Estudis Ana Pe\u00f1a<br \/>\nRepresentants professorat<br \/>\nJaume Estrada<br \/>\nLaura Sarri\u00f3<br \/>\nAida Arias<br \/>\nBea Mart\u00edn<br \/>\nMerche Salcedo<br \/>\nCristina Mata<br \/>\nRepresentants alumnat: N\u00faria Viladrosa, Dani Romero, A. Thomas Villaquiran<br \/>\nRepresentants pares i mares: Merc\u00e8 Sala, Isabel Osuna,&hellip;  <a href=\"https:\/\/agora.xtec.cat\/iesegara\/linstitut\/consell-escolar\/\" title=\"Read Consell escolar\">Llegeix m\u00e9s\u00bb<\/a><\/p>\n","protected":false},"author":1,"featured_media":0,"parent":19,"menu_order":40,"comment_status":"closed","ping_status":"closed","template":"page-templates\/side-menu.php","meta":{"_bbp_topic_count":0,"_bbp_reply_count":0,"_bbp_total_topic_count":0,"_bbp_total_reply_count":0,"_bbp_voice_count":0,"_bbp_anonymous_reply_count":0,"_bbp_topic_count_hidden":0,"_bbp_reply_count_hidden":0,"_bbp_forum_subforum_count":0,"footnotes":""},"class_list":["post-43","page","type-page","status-publish","hentry"],"post_mailing_queue_ids":[],"_links":{"self":[{"href":"https:\/\/agora.xtec.cat\/iesegara\/wp-json\/wp\/v2\/pages\/43","targetHints":{"allow":["GET"]}}],"collection":[{"href":"https:\/\/agora.xtec.cat\/iesegara\/wp-json\/wp\/v2\/pages"}],"about":[{"href":"https:\/\/agora.xtec.cat\/iesegara\/wp-json\/wp\/v2\/types\/page"}],"author":[{"embeddable":true,"href":"https:\/\/agora.xtec.cat\/iesegara\/wp-json\/wp\/v2\/users\/1"}],"replies":[{"embeddable":true,"href":"https:\/\/agora.xtec.cat\/iesegara\/wp-json\/wp\/v2\/comments?post=43"}],"version-history":[{"count":8,"href":"https:\/\/agora.xtec.cat\/iesegara\/wp-json\/wp\/v2\/pages\/43\/revisions"}],"predecessor-version":[{"id":11903,"href":"https:\/\/agora.xtec.cat\/iesegara\/wp-json\/wp\/v2\/pages\/43\/revisions\/11903"}],"up":[{"embeddable":true,"href":"https:\/\/agora.xtec.cat\/iesegara\/wp-json\/wp\/v2\/pages\/19"}],"wp:attachment":[{"href":"https:\/\/agora.xtec.cat\/iesegara\/wp-json\/wp\/v2\/media?parent=43"}],"curies":[{"name":"wp","href":"https:\/\/api.w.org\/{rel}","templated":true}]}}