{"id":3618,"date":"2017-09-06T09:01:15","date_gmt":"2017-09-06T07:01:15","guid":{"rendered":"http:\/\/agora.xtec.cat\/iesegara\/?page_id=3618"},"modified":"2023-11-18T10:09:54","modified_gmt":"2023-11-18T09:09:54","slug":"projecte-educatiu-de-centre-pec","status":"publish","type":"page","link":"https:\/\/agora.xtec.cat\/iesegara\/projecte-educatiu\/projecte-educatiu-de-centre-pec\/","title":{"rendered":"Projecte Educatiu de Centre (PEC)"},"content":{"rendered":"<p>Finalitzant el 13 d&#8217;abril del 23 el Consell Escolar va aprovar el Projecte Educatiu de Centre. Despr\u00e8s d&#8217;un llarg per\u00edode de revisi\u00f3 i de debat us deixem el document actualment vigent.<\/p>\n<p>&nbsp;<\/p>\n<p><a href=\"https:\/\/drive.google.com\/file\/d\/1Tt-A6a4Mqqz4hx5KHo7IxYljIMRwuBZ0\/view?usp=sharing\">PEC EGARA-aprovat 13 d&#8217;abril del 2023<\/a><\/p>\n","protected":false},"excerpt":{"rendered":"<p>Finalitzant el 13 d&#8217;abril del 23 el Consell Escolar va aprovar el Projecte Educatiu de Centre. Despr\u00e8s d&#8217;un llarg per\u00edode de revisi\u00f3 i de debat us deixem el document actualment vigent.<br \/>\n&nbsp;<br \/>\n<a href=\"https:\/\/drive.google.com\/file\/d\/1Tt-A6a4Mqqz4hx5KHo7IxYljIMRwuBZ0\/view?usp=sharing\">PEC EGARA-aprovat 13 d&#8217;abril del 2023<\/a><\/p>\n","protected":false},"author":3,"featured_media":0,"parent":57,"menu_order":0,"comment_status":"closed","ping_status":"closed","template":"","meta":{"_bbp_topic_count":0,"_bbp_reply_count":0,"_bbp_total_topic_count":0,"_bbp_total_reply_count":0,"_bbp_voice_count":0,"_bbp_anonymous_reply_count":0,"_bbp_topic_count_hidden":0,"_bbp_reply_count_hidden":0,"_bbp_forum_subforum_count":0,"footnotes":""},"class_list":["post-3618","page","type-page","status-publish","hentry"],"post_mailing_queue_ids":[],"_links":{"self":[{"href":"https:\/\/agora.xtec.cat\/iesegara\/wp-json\/wp\/v2\/pages\/3618","targetHints":{"allow":["GET"]}}],"collection":[{"href":"https:\/\/agora.xtec.cat\/iesegara\/wp-json\/wp\/v2\/pages"}],"about":[{"href":"https:\/\/agora.xtec.cat\/iesegara\/wp-json\/wp\/v2\/types\/page"}],"author":[{"embeddable":true,"href":"https:\/\/agora.xtec.cat\/iesegara\/wp-json\/wp\/v2\/users\/3"}],"replies":[{"embeddable":true,"href":"https:\/\/agora.xtec.cat\/iesegara\/wp-json\/wp\/v2\/comments?post=3618"}],"version-history":[{"count":2,"href":"https:\/\/agora.xtec.cat\/iesegara\/wp-json\/wp\/v2\/pages\/3618\/revisions"}],"predecessor-version":[{"id":11716,"href":"https:\/\/agora.xtec.cat\/iesegara\/wp-json\/wp\/v2\/pages\/3618\/revisions\/11716"}],"up":[{"embeddable":true,"href":"https:\/\/agora.xtec.cat\/iesegara\/wp-json\/wp\/v2\/pages\/57"}],"wp:attachment":[{"href":"https:\/\/agora.xtec.cat\/iesegara\/wp-json\/wp\/v2\/media?parent=3618"}],"curies":[{"name":"wp","href":"https:\/\/api.w.org\/{rel}","templated":true}]}}