{"id":3377,"date":"2017-06-02T08:57:25","date_gmt":"2017-06-02T06:57:25","guid":{"rendered":"http:\/\/agora.xtec.cat\/iesegara\/?page_id=3377"},"modified":"2019-03-25T14:07:12","modified_gmt":"2019-03-25T13:07:12","slug":"projecte-una-volta-al-mon","status":"publish","type":"page","link":"https:\/\/agora.xtec.cat\/iesegara\/projecte-educatiu\/projecte-una-volta-al-mon\/","title":{"rendered":"Projecte una Volta al m\u00f3n"},"content":{"rendered":"<p>Una volta al m\u00f3n \u00e9s un dels tres projectes anuals que realitzem a l&#8217;Insitut. El projecte s&#8217;ha consolidat i fa una proposta gen\u00e8rica de treball per a tots els alumnes del centre que concreten els seus projectes en el marc de la tem\u00e0tica proposada. Per saber-ne m\u00e9s visiteu la p\u00e0gina del projecte i els articles relacionats.<\/p>\n<p>Enlla\u00e7 a la p\u00e0gina del projecte <a href=\"https:\/\/sites.google.com\/institutegara.cat\/insgaraprojectes\/inici\">Una volta al m\u00f3n<\/a><\/p>\n","protected":false},"excerpt":{"rendered":"<p>Una volta al m\u00f3n \u00e9s un dels tres projectes anuals que realitzem a l&#8217;Insitut. El projecte s&#8217;ha consolidat i fa una proposta gen\u00e8rica de treball per a tots els alumnes del centre que concreten els seus projectes en el marc de la tem\u00e0tica proposada. Per&hellip;  <a href=\"https:\/\/agora.xtec.cat\/iesegara\/projecte-educatiu\/projecte-una-volta-al-mon\/\" title=\"Read Projecte una Volta al m\u00f3n\">Llegeix m\u00e9s\u00bb<\/a><\/p>\n","protected":false},"author":3,"featured_media":0,"parent":57,"menu_order":0,"comment_status":"closed","ping_status":"closed","template":"","meta":{"_bbp_topic_count":0,"_bbp_reply_count":0,"_bbp_total_topic_count":0,"_bbp_total_reply_count":0,"_bbp_voice_count":0,"_bbp_anonymous_reply_count":0,"_bbp_topic_count_hidden":0,"_bbp_reply_count_hidden":0,"_bbp_forum_subforum_count":0,"footnotes":""},"class_list":["post-3377","page","type-page","status-publish","hentry"],"post_mailing_queue_ids":[],"_links":{"self":[{"href":"https:\/\/agora.xtec.cat\/iesegara\/wp-json\/wp\/v2\/pages\/3377","targetHints":{"allow":["GET"]}}],"collection":[{"href":"https:\/\/agora.xtec.cat\/iesegara\/wp-json\/wp\/v2\/pages"}],"about":[{"href":"https:\/\/agora.xtec.cat\/iesegara\/wp-json\/wp\/v2\/types\/page"}],"author":[{"embeddable":true,"href":"https:\/\/agora.xtec.cat\/iesegara\/wp-json\/wp\/v2\/users\/3"}],"replies":[{"embeddable":true,"href":"https:\/\/agora.xtec.cat\/iesegara\/wp-json\/wp\/v2\/comments?post=3377"}],"version-history":[{"count":2,"href":"https:\/\/agora.xtec.cat\/iesegara\/wp-json\/wp\/v2\/pages\/3377\/revisions"}],"predecessor-version":[{"id":9492,"href":"https:\/\/agora.xtec.cat\/iesegara\/wp-json\/wp\/v2\/pages\/3377\/revisions\/9492"}],"up":[{"embeddable":true,"href":"https:\/\/agora.xtec.cat\/iesegara\/wp-json\/wp\/v2\/pages\/57"}],"wp:attachment":[{"href":"https:\/\/agora.xtec.cat\/iesegara\/wp-json\/wp\/v2\/media?parent=3377"}],"curies":[{"name":"wp","href":"https:\/\/api.w.org\/{rel}","templated":true}]}}