{"id":27,"date":"2014-09-17T16:24:03","date_gmt":"2014-09-17T16:24:03","guid":{"rendered":"http:\/\/agora.xtec.cat\/iesegara\/?page_id=27"},"modified":"2020-06-15T12:32:08","modified_gmt":"2020-06-15T10:32:08","slug":"historia","status":"publish","type":"page","link":"https:\/\/agora.xtec.cat\/iesegara\/linstitut\/historia\/","title":{"rendered":"Hist\u00f2ria"},"content":{"rendered":"<p><iframe loading=\"lazy\" src=\"https:\/\/drive.google.com\/file\/d\/1qRn9z8I-sb09r2qXZYtjgaCRw6QW1z6a\/preview\" width=\"900\" height=\"1000\"><span data-mce-type=\"bookmark\" style=\"display: inline-block; width: 0px; overflow: hidden; line-height: 0;\" class=\"mce_SELRES_start\">\ufeff<\/span><\/iframe><\/p>\n<table>\n<tbody>\n<tr>\n<td><a href=\"http:\/\/agora.xtec.cat\/iesegara\/wp-content\/uploads\/usu419\/2014\/09\/edificis.jpg\"><img loading=\"lazy\" decoding=\"async\" class=\"alignnone wp-image-764\" src=\"http:\/\/agora.xtec.cat\/iesegara\/wp-content\/uploads\/usu419\/2014\/09\/edificis-101x300.jpg\" alt=\"edificis\" width=\"139\" height=\"421\" \/><\/a><\/td>\n<td>\n<p style=\"text-align: justify;\">L\u2019Egara t\u00e9 40 anys d\u2019hist\u00f2ria com a instituci\u00f3, per\u00f2 repartida en 2 edificis, el primer situat entre Terrassa i Sabadell, en els terrenys de la Mancomunitat, i l\u2019actual situat al barri de Can Parellada.<\/p>\n<p>L\u2019institut es va inaugurar al 1967, va ser el primer centre oficial d\u2019educaci\u00f3 secund\u00e0ria de la comarca, juntament amb l&#8217;Arraona, que era de nois, mentre que l\u2019Egara era de noies fins al curs 77-78 que es va convertir en un centre mixt. Els noms d\u2019aquests dos nous centres es van decidir despr\u00e8s d\u2019algunes discussions, en les que es tenia clar que volien uns noms que no fossin conflictius en un futur, al final es va decidir\u00a0 pels dos noms amb que es coneixien les ciutats de Terrassa i Sabadell en temps dels romans, es a dir, Egara i Arraona.<\/p>\n<p>En els primers anys l\u2019Egara es va omplir de noies de moltes poblacions properes a Terrassa i Sabadell, no es estrany doncs que sigues conegut amb el sobrenom \u201cOxford del Vall\u00e8s\u201d.<\/p>\n<p>Antigament, abans de la inauguraci\u00f3 del centre, els alumnes que volien estudiar batxillerat havien d\u2019anar a centres privats, per despr\u00e8s fer un examen final de cada assignatura a Manresa, aix\u00ed podr\u00edem dir que feien una mena de selectivitat al finalitzar cada curs.<\/td>\n<\/tr>\n<tr>\n<td colspan=\"2\">A m\u00e9s d\u2019haver-hi estudis di\u00fcrns, al curs 68-69, un any despr\u00e8s de l\u2019inauguraci\u00f3, es van crear els estudis nocturns, ambd\u00f3s eren l\u2019institut Egara per\u00f2 cadascun d\u2019ells tenia la seva din\u00e0mica i estil.<\/p>\n<p>Aquesta estructura va continuar aix\u00ed fins al curs 96-97, que es va canviar el pla d\u2019estudis cap a l\u2019E.S.O i posteriorment al batxillerat, aix\u00f2 va suposar un gran canvi en la din\u00e0mica de l\u2019institut, ja que els alumnes no estudien perqu\u00e8 volen si no que es una ensenyan\u00e7a obligat\u00f2ria, llavors es van instaurar una s\u00e8rie de normes per controlar-los.<\/p>\n<p>A l\u2019any 1999, despr\u00e8s d\u2019un gran nombre de manifestacions, es va produir el canvi d\u2019edifici al barri de Can Parellada. Malgrat el canvi, la din\u00e0mica de l\u2019institut no va canviar ja que el quadre de professors i l\u2019estructura d\u2019ensenyament van ser els mateixos. Des d\u2019aquest moment i fins l\u2019actualitat s\u2019ha continuat fent l\u2019E.S.O i el posterior batxillerat.<\/p>\n<p>Aix\u00ed doncs en podem estar orgullosos de pert\u00e0nyer a l\u2019historia de l\u2019ensenyament p\u00fablic de la comarca del Vall\u00e8s Occidental. Per aquest motiu els professors i alumnes treballem cada dia per tal de tirar en davant el nostre centre l\u2019I.E.S Egara.<\/td>\n<\/tr>\n<\/tbody>\n<\/table>\n<p>&nbsp;<\/p>\n","protected":false},"excerpt":{"rendered":"<p>\ufeff<\/p>\n<p><a href=\"http:\/\/agora.xtec.cat\/iesegara\/wp-content\/uploads\/usu419\/2014\/09\/edificis.jpg\"><\/a><\/p>\n<p>L\u2019Egara t\u00e9 40 anys d\u2019hist\u00f2ria com a instituci\u00f3, per\u00f2 repartida en 2 edificis, el primer situat entre Terrassa i Sabadell, en els terrenys de la Mancomunitat, i l\u2019actual situat al barri de Can Parellada.<br \/>\nL\u2019institut es va inaugurar al 1967, va ser el primer centre&hellip;  <a href=\"https:\/\/agora.xtec.cat\/iesegara\/linstitut\/historia\/\" title=\"Read Hist\u00f2ria\">Llegeix m\u00e9s\u00bb<\/a><\/p>\n","protected":false},"author":1,"featured_media":764,"parent":19,"menu_order":20,"comment_status":"closed","ping_status":"closed","template":"page-templates\/side-menu.php","meta":{"_bbp_topic_count":0,"_bbp_reply_count":0,"_bbp_total_topic_count":0,"_bbp_total_reply_count":0,"_bbp_voice_count":0,"_bbp_anonymous_reply_count":0,"_bbp_topic_count_hidden":0,"_bbp_reply_count_hidden":0,"_bbp_forum_subforum_count":0,"footnotes":""},"class_list":["post-27","page","type-page","status-publish","has-post-thumbnail","hentry"],"post_mailing_queue_ids":[],"_links":{"self":[{"href":"https:\/\/agora.xtec.cat\/iesegara\/wp-json\/wp\/v2\/pages\/27","targetHints":{"allow":["GET"]}}],"collection":[{"href":"https:\/\/agora.xtec.cat\/iesegara\/wp-json\/wp\/v2\/pages"}],"about":[{"href":"https:\/\/agora.xtec.cat\/iesegara\/wp-json\/wp\/v2\/types\/page"}],"author":[{"embeddable":true,"href":"https:\/\/agora.xtec.cat\/iesegara\/wp-json\/wp\/v2\/users\/1"}],"replies":[{"embeddable":true,"href":"https:\/\/agora.xtec.cat\/iesegara\/wp-json\/wp\/v2\/comments?post=27"}],"version-history":[{"count":4,"href":"https:\/\/agora.xtec.cat\/iesegara\/wp-json\/wp\/v2\/pages\/27\/revisions"}],"predecessor-version":[{"id":10447,"href":"https:\/\/agora.xtec.cat\/iesegara\/wp-json\/wp\/v2\/pages\/27\/revisions\/10447"}],"up":[{"embeddable":true,"href":"https:\/\/agora.xtec.cat\/iesegara\/wp-json\/wp\/v2\/pages\/19"}],"wp:featuredmedia":[{"embeddable":true,"href":"https:\/\/agora.xtec.cat\/iesegara\/wp-json\/wp\/v2\/media\/764"}],"wp:attachment":[{"href":"https:\/\/agora.xtec.cat\/iesegara\/wp-json\/wp\/v2\/media?parent=27"}],"curies":[{"name":"wp","href":"https:\/\/api.w.org\/{rel}","templated":true}]}}