{"id":21,"date":"2014-09-17T16:14:14","date_gmt":"2014-09-17T16:14:14","guid":{"rendered":"http:\/\/agora.xtec.cat\/iesegara\/?page_id=21"},"modified":"2025-09-09T16:06:24","modified_gmt":"2025-09-09T14:06:24","slug":"on-som","status":"publish","type":"page","link":"https:\/\/agora.xtec.cat\/iesegara\/linstitut\/on-som\/","title":{"rendered":"On som"},"content":{"rendered":"<p style=\"color: #666666;\"><strong>Institut \u00c8gara<\/strong><\/p>\n<p id=\"yui_3_17_2_2_1436893850771_12\"><span id=\"yui_3_17_2_2_1436893850771_11\">Carrer Am\u00e8rica 55<\/span><br \/>\n08228 Terrassa<br \/>\nTel\u00e8fon 93 736 16 70<\/p>\n<p><iframe loading=\"lazy\" src=\"https:\/\/www.google.com\/maps\/embed?pb=!1m14!1m12!1m3!1d1693.5768952978783!2d2.041384354231902!3d41.53446735908535!2m3!1f0!2f0!3f0!3m2!1i1024!2i768!4f13.1!5e1!3m2!1sca!2ses!4v1436894344186\" width=\"600\" height=\"450\" frameborder=\"0\"><\/iframe><\/p>\n<p><strong>Com arribar-hi:<br \/>\n<\/strong><\/p>\n<ul>\n<li>Per tren: Estaci\u00f3 Les Fonts<\/li>\n<li>Per bus: L\u00ednies L4 i L10<\/li>\n<\/ul>\n<p><strong>Escoles adscrites a l&#8217;institut:<br \/>\n<\/strong>Escola Josep Ventall\u00f3, Escola Cesc Aldea, Escola Pilar\u00edn Bay\u00e9s<\/p>\n<p><strong>Emails de contacte<\/strong><\/p>\n<p><strong style=\"font-size: medium; font-family: inherit; line-height: 1.6;\">Centre<\/strong><\/p>\n<ul>\n<li><span style=\"font-size: medium;\">Bustia General: iesegara@xtec.cat<\/span><\/li>\n<li><span style=\"font-size: medium;\">Directora: <span class=\"gI\"><span data-hovercard-id=\"mont.busquets@institutegara.cat\" data-hovercard-owner-id=\"120\">mont.busquets@institutegara.cat<\/span><\/span><\/span><\/li>\n<li>Cap d&#8217;Estudis ESO i Batxillerat: <span class=\"gI\"><span data-hovercard-id=\"ana.pena@institutegara.cat\" data-hovercard-owner-id=\"120\">ana.pena@institutegara.cat<\/span><\/span><\/li>\n<li>Coordinador Pedag\u00f2gic: <span class=\"gI\"><span data-hovercard-id=\"victor.lacruz@institutegara.cat\" data-hovercard-owner-id=\"120\">victor.lacruz@institutegara.cat<\/span><\/span><\/li>\n<li>Secretari: fran.esparza<span class=\"atwho-query\">@institutegara.cat<\/span><\/li>\n<\/ul>\n<p>&nbsp;<\/p>\n<p>&nbsp;<\/p>\n","protected":false},"excerpt":{"rendered":"<p>Institut \u00c8gara<br \/>\nCarrer Am\u00e8rica 55<br \/>\n08228 Terrassa<br \/>\nTel\u00e8fon 93 736 16 70<\/p>\n<p>Com arribar-hi:<\/p>\n<ul>\n<li>Per tren: Estaci\u00f3 Les Fonts<\/li>\n<li>Per bus: L\u00ednies L4 i L10<\/li>\n<\/ul>\n<p>Escoles adscrites a l&#8217;institut:<br \/>\nEscola Josep Ventall\u00f3, Escola Cesc Aldea, Escola Pilar\u00edn Bay\u00e9s<br \/>\nEmails de contacte<br \/>\nCentre<\/p>\n<ul>\n<li>Bustia General: iesegara@xtec.cat<\/li>\n<li>Directora: mont.busquets@institutegara.cat<\/li>\n<li>Cap d&#8217;Estudis ESO i Batxillerat: ana.pena@institutegara.cat<\/li>\n<li>Coordinador Pedag\u00f2gic: victor.lacruz@institutegara.cat<\/li>\n<li>Secretari: fran.esparza@institutegara.cat<\/li>\n<\/ul>\n<p>&nbsp;<br \/>\n&nbsp;<\/p>\n","protected":false},"author":1,"featured_media":0,"parent":19,"menu_order":10,"comment_status":"closed","ping_status":"closed","template":"page-templates\/side-menu.php","meta":{"_bbp_topic_count":0,"_bbp_reply_count":0,"_bbp_total_topic_count":0,"_bbp_total_reply_count":0,"_bbp_voice_count":0,"_bbp_anonymous_reply_count":0,"_bbp_topic_count_hidden":0,"_bbp_reply_count_hidden":0,"_bbp_forum_subforum_count":0,"footnotes":""},"class_list":["post-21","page","type-page","status-publish","hentry"],"post_mailing_queue_ids":[],"_links":{"self":[{"href":"https:\/\/agora.xtec.cat\/iesegara\/wp-json\/wp\/v2\/pages\/21","targetHints":{"allow":["GET"]}}],"collection":[{"href":"https:\/\/agora.xtec.cat\/iesegara\/wp-json\/wp\/v2\/pages"}],"about":[{"href":"https:\/\/agora.xtec.cat\/iesegara\/wp-json\/wp\/v2\/types\/page"}],"author":[{"embeddable":true,"href":"https:\/\/agora.xtec.cat\/iesegara\/wp-json\/wp\/v2\/users\/1"}],"replies":[{"embeddable":true,"href":"https:\/\/agora.xtec.cat\/iesegara\/wp-json\/wp\/v2\/comments?post=21"}],"version-history":[{"count":5,"href":"https:\/\/agora.xtec.cat\/iesegara\/wp-json\/wp\/v2\/pages\/21\/revisions"}],"predecessor-version":[{"id":12409,"href":"https:\/\/agora.xtec.cat\/iesegara\/wp-json\/wp\/v2\/pages\/21\/revisions\/12409"}],"up":[{"embeddable":true,"href":"https:\/\/agora.xtec.cat\/iesegara\/wp-json\/wp\/v2\/pages\/19"}],"wp:attachment":[{"href":"https:\/\/agora.xtec.cat\/iesegara\/wp-json\/wp\/v2\/media?parent=21"}],"curies":[{"name":"wp","href":"https:\/\/api.w.org\/{rel}","templated":true}]}}