{"id":10647,"date":"2020-12-20T12:12:05","date_gmt":"2020-12-20T11:12:05","guid":{"rendered":"http:\/\/agora.xtec.cat\/iesegara\/?page_id=10647"},"modified":"2021-11-24T12:02:03","modified_gmt":"2021-11-24T11:02:03","slug":"la-filmoteca","status":"publish","type":"page","link":"https:\/\/agora.xtec.cat\/iesegara\/la-filmoteca\/","title":{"rendered":"La filmoteca"},"content":{"rendered":"<p>Mostra de cinema i produccions audiovisuals de l&#8217;Institut \u00c8gara<\/p>\n<table style=\"height: 1873px; width: 1252px;\">\n<tbody>\n<tr style=\"height: 335px;\">\n<td style=\"height: 335px; width: 666px;\"><iframe loading=\"lazy\" src=\"https:\/\/drive.google.com\/file\/d\/1ecsHOVT_6MjfuS9R1iALz15JR5s8Bgzs\/preview\" width=\"640\" height=\"480\"><\/iframe><\/td>\n<td style=\"height: 335px; width: 666px;\"><iframe loading=\"lazy\" src=\"https:\/\/www.youtube.com\/embed\/ZbRnNxIbDIo\" width=\"560\" height=\"315\" frameborder=\"0\"><\/iframe><\/td>\n<\/tr>\n<tr style=\"height: 78px;\">\n<td style=\"height: 78px; width: 666px;\"><span class=\"il\">Bowling<\/span> for \u00c8gara. Curtmetratge de l&#8217;estil \u201cSchool Shooting\u201d. Guardonat amb el primer premi del segon Certamen del Festival One Shot Film Festival. Producci\u00f3 Cultura Audiovisual 2n Batxillerat.<\/td>\n<td style=\"height: 78px; width: 666px;\">Egaracups. Un projecte col\u00b7lectiu de 2014. Producci\u00f3 Audiovisual.<\/td>\n<\/tr>\n<tr style=\"height: 440px;\">\n<td style=\"height: 440px; width: 666px;\"><iframe loading=\"lazy\" src=\"https:\/\/www.youtube.com\/embed\/TDbqAPHGh7Y\" width=\"560\" height=\"315\" frameborder=\"0\"><\/iframe><\/p>\n<p>&nbsp;<\/td>\n<td style=\"height: 440px; width: 666px;\"><iframe loading=\"lazy\" src=\"https:\/\/player.vimeo.com\/video\/309064339\" width=\"640\" height=\"360\" frameborder=\"0\"><\/iframe><\/td>\n<\/tr>\n<tr style=\"height: 46px;\">\n<td style=\"height: 46px; width: 666px;\">Detr\u00e1s de la lente. Primer Premi categoria Batxillerat al Festival Terrassa<br \/>\nCity of film. Producci\u00f3 Cultura Audiovisual 2019.<\/td>\n<td style=\"height: 46px; width: 666px;\">Transbord. Pel\u00b7l\u00edcula presentada al Concurs Participa Meli\u00e9s, La participaci\u00f3 va suposar el premi d&#8217;una c\u00e0mara 4k. Producci\u00f3 Cultura Audiovisual 2019.<\/td>\n<\/tr>\n<tr style=\"height: 500px;\">\n<td style=\"height: 500px; width: 666px;\"><iframe loading=\"lazy\" src=\"https:\/\/www.youtube.com\/embed\/9O-RJ2qTNhA\" width=\"560\" height=\"315\" frameborder=\"0\"><\/iframe><\/td>\n<td style=\"height: 500px; width: 666px;\"><iframe loading=\"lazy\" src=\"https:\/\/www.youtube.com\/embed\/0OA6yM4VuwY\" width=\"560\" height=\"315\" frameborder=\"0\"><\/iframe><\/td>\n<\/tr>\n<tr style=\"height: 31px;\">\n<td style=\"height: 31px; width: 666px;\">Projecte audiovisual per donar a con\u00e8ixer el Servei Comunitari que s&#8217;est\u00e0 fent a l&#8217;Institut.<\/td>\n<td style=\"height: 31px; width: 666px;\">Video-clip fet amb imatges de la xarxa amb llic\u00e8ncia Creative Commons. Can\u00e7\u00f3 La Vall del Grup Sense Sal. Producci\u00f3 Cultura Audiovisual 2020.<\/td>\n<\/tr>\n<tr style=\"height: 31px;\">\n<td style=\"height: 31px; width: 666px;\"><iframe loading=\"lazy\" src=\"https:\/\/drive.google.com\/file\/d\/19QN96WbD-5jGrHP4Hc29jzYJhJBOo3JN\/preview\" width=\"640\" height=\"480\"><\/iframe><\/td>\n<td style=\"height: 31px; width: 666px;\"><iframe loading=\"lazy\" src=\"https:\/\/drive.google.com\/file\/d\/12X0dUl6_oitTiDDarhSlxlQTzNWwwhOr\/preview\" width=\"640\" height=\"480\"><\/iframe><\/td>\n<\/tr>\n<tr style=\"height: 46px;\">\n<td style=\"width: 666px; height: 46px;\">Trinxeres, una producci\u00f3 de quart d&#8217;ESO del curs 18-19, col\u00b7laboraci\u00f3 del Departament d&#8217;Humanitats i d&#8217;Expressi\u00f3.<\/td>\n<td style=\"width: 666px; height: 46px;\">Producci\u00f3 dels alumnes de 2n de Batxillerat, curs 2019-2020 per al concurs Participa Meli\u00e9s.<\/td>\n<\/tr>\n<tr style=\"height: 335px;\">\n<td style=\"width: 666px; height: 335px;\"><iframe loading=\"lazy\" src=\"https:\/\/www.youtube.com\/embed\/dO50Smmlly8\" width=\"560\" height=\"315\" frameborder=\"0\"><\/iframe><\/td>\n<td style=\"width: 666px; height: 335px;\"><\/td>\n<\/tr>\n<tr style=\"height: 31px;\">\n<td style=\"width: 666px; height: 31px;\">Curs 2018-19, les classes de primer d&#8217;ESO van obtenir un premi \u00a0en l\u2018activitat creativa\u00a0<i>Classe sense fum.<\/i><\/td>\n<td style=\"width: 666px; height: 31px;\"><\/td>\n<\/tr>\n<\/tbody>\n<\/table>\n","protected":false},"excerpt":{"rendered":"<p>Mostra de cinema i produccions audiovisuals de l&#8217;Institut \u00c8gara<\/p>\n<p>Bowling for \u00c8gara. Curtmetratge de l&#8217;estil \u201cSchool Shooting\u201d. Guardonat amb el primer premi del segon Certamen del Festival One Shot Film Festival. Producci\u00f3 Cultura Audiovisual 2n Batxillerat.<br \/>\nEgaracups. Un projecte col\u00b7lectiu de 2014. Producci\u00f3 Audiovisual.<\/p>\n<p>&nbsp;<\/p>\n<p>Detr\u00e1s de la lente.&hellip;  <a href=\"https:\/\/agora.xtec.cat\/iesegara\/la-filmoteca\/\" title=\"Read La filmoteca\">Llegeix m\u00e9s\u00bb<\/a><\/p>\n","protected":false},"author":3,"featured_media":0,"parent":0,"menu_order":0,"comment_status":"closed","ping_status":"closed","template":"","meta":{"_bbp_topic_count":0,"_bbp_reply_count":0,"_bbp_total_topic_count":0,"_bbp_total_reply_count":0,"_bbp_voice_count":0,"_bbp_anonymous_reply_count":0,"_bbp_topic_count_hidden":0,"_bbp_reply_count_hidden":0,"_bbp_forum_subforum_count":0,"footnotes":""},"class_list":["post-10647","page","type-page","status-publish","hentry"],"post_mailing_queue_ids":[],"_links":{"self":[{"href":"https:\/\/agora.xtec.cat\/iesegara\/wp-json\/wp\/v2\/pages\/10647","targetHints":{"allow":["GET"]}}],"collection":[{"href":"https:\/\/agora.xtec.cat\/iesegara\/wp-json\/wp\/v2\/pages"}],"about":[{"href":"https:\/\/agora.xtec.cat\/iesegara\/wp-json\/wp\/v2\/types\/page"}],"author":[{"embeddable":true,"href":"https:\/\/agora.xtec.cat\/iesegara\/wp-json\/wp\/v2\/users\/3"}],"replies":[{"embeddable":true,"href":"https:\/\/agora.xtec.cat\/iesegara\/wp-json\/wp\/v2\/comments?post=10647"}],"version-history":[{"count":4,"href":"https:\/\/agora.xtec.cat\/iesegara\/wp-json\/wp\/v2\/pages\/10647\/revisions"}],"predecessor-version":[{"id":11030,"href":"https:\/\/agora.xtec.cat\/iesegara\/wp-json\/wp\/v2\/pages\/10647\/revisions\/11030"}],"wp:attachment":[{"href":"https:\/\/agora.xtec.cat\/iesegara\/wp-json\/wp\/v2\/media?parent=10647"}],"curies":[{"name":"wp","href":"https:\/\/api.w.org\/{rel}","templated":true}]}}